{"id":16012,"date":"2025-01-04T20:51:59","date_gmt":"2025-01-04T15:51:59","guid":{"rendered":"https:\/\/uzdjtsunf.uz\/?page_id=16012"},"modified":"2025-02-07T16:30:11","modified_gmt":"2025-02-07T11:30:11","slug":"dxsh-asosida-amalga-oshiriladigan-loyihalar-yuzasidan-jamoatchilik-muhokamasi-eloni","status":"publish","type":"page","link":"https:\/\/uzdjtsunf.uz\/en\/dxsh-asosida-amalga-oshiriladigan-loyihalar-yuzasidan-jamoatchilik-muhokamasi-eloni\/","title":{"rendered":"ISBILERMENLER H\u00c1M INVESTORLAR D\u00cdQQAT\u00cdNA!"},"content":{"rendered":"<p class=\"qtranxs-available-languages-message qtranxs-available-languages-message-en\">Sorry, this entry is only available in <a href=\"https:\/\/uzdjtsunf.uz\/qq\/wp-json\/wp\/v2\/pages\/16012\" class=\"qtranxs-available-language-link qtranxs-available-language-link-qq\" title=\"Qaraqalpaqsha\">Qaraqalpaqsha<\/a> and <a href=\"https:\/\/uzdjtsunf.uz\/uz\/wp-json\/wp\/v2\/pages\/16012\" class=\"qtranxs-available-language-link qtranxs-available-language-link-uz\" title=\"O'zbekcha\">O'zbekcha<\/a>.<\/p>","protected":false},"excerpt":{"rendered":"<p>Sorry, this entry is only available in Qaraqalpaqsha and O&#8217;zbekcha.<\/p>\n","protected":false},"author":4,"featured_media":0,"parent":0,"menu_order":0,"comment_status":"closed","ping_status":"closed","template":"","meta":{"footnotes":""},"class_list":["post-16012","page","type-page","status-publish","hentry"],"_links":{"self":[{"href":"https:\/\/uzdjtsunf.uz\/en\/wp-json\/wp\/v2\/pages\/16012","targetHints":{"allow":["GET"]}}],"collection":[{"href":"https:\/\/uzdjtsunf.uz\/en\/wp-json\/wp\/v2\/pages"}],"about":[{"href":"https:\/\/uzdjtsunf.uz\/en\/wp-json\/wp\/v2\/types\/page"}],"author":[{"embeddable":true,"href":"https:\/\/uzdjtsunf.uz\/en\/wp-json\/wp\/v2\/users\/4"}],"replies":[{"embeddable":true,"href":"https:\/\/uzdjtsunf.uz\/en\/wp-json\/wp\/v2\/comments?post=16012"}],"version-history":[{"count":0,"href":"https:\/\/uzdjtsunf.uz\/en\/wp-json\/wp\/v2\/pages\/16012\/revisions"}],"wp:attachment":[{"href":"https:\/\/uzdjtsunf.uz\/en\/wp-json\/wp\/v2\/media?parent=16012"}],"curies":[{"name":"wp","href":"https:\/\/api.w.org\/{rel}","templated":true}]}}