{"id":20950,"date":"2025-12-25T17:42:15","date_gmt":"2025-12-25T12:42:15","guid":{"rendered":"https:\/\/uzdjtsunf.uz\/?page_id=20950"},"modified":"2025-12-25T17:44:37","modified_gmt":"2025-12-25T12:44:37","slug":"2025-2026-oquv-yili-davlat-grantlarini-qayta-taqsimlash","status":"publish","type":"page","link":"https:\/\/uzdjtsunf.uz\/en\/2025-2026-oqiw-jili-mamleketlik-grantlardi-qayta-bolistiriw\/","title":{"rendered":"2025-2026-oq\u0131w j\u0131l\u0131 m\u00e1mleketlik grantlard\u0131 qayta b\u00f3listiriw"},"content":{"rendered":"<p class=\"qtranxs-available-languages-message qtranxs-available-languages-message-en\">Sorry, this entry is only available in <a href=\"https:\/\/uzdjtsunf.uz\/qq\/wp-json\/wp\/v2\/pages\/20950\" class=\"qtranxs-available-language-link qtranxs-available-language-link-qq\" title=\"Qaraqalpaqsha\">Qaraqalpaqsha<\/a> and <a href=\"https:\/\/uzdjtsunf.uz\/uz\/wp-json\/wp\/v2\/pages\/20950\" class=\"qtranxs-available-language-link qtranxs-available-language-link-uz\" title=\"O'zbekcha\">O'zbekcha<\/a>.<\/p>","protected":false},"excerpt":{"rendered":"<p>Sorry, this entry is only available in Qaraqalpaqsha and O&#8217;zbekcha.<\/p>\n","protected":false},"author":87,"featured_media":0,"parent":0,"menu_order":0,"comment_status":"closed","ping_status":"closed","template":"","meta":{"footnotes":""},"class_list":["post-20950","page","type-page","status-publish","hentry"],"_links":{"self":[{"href":"https:\/\/uzdjtsunf.uz\/en\/wp-json\/wp\/v2\/pages\/20950","targetHints":{"allow":["GET"]}}],"collection":[{"href":"https:\/\/uzdjtsunf.uz\/en\/wp-json\/wp\/v2\/pages"}],"about":[{"href":"https:\/\/uzdjtsunf.uz\/en\/wp-json\/wp\/v2\/types\/page"}],"author":[{"embeddable":true,"href":"https:\/\/uzdjtsunf.uz\/en\/wp-json\/wp\/v2\/users\/87"}],"replies":[{"embeddable":true,"href":"https:\/\/uzdjtsunf.uz\/en\/wp-json\/wp\/v2\/comments?post=20950"}],"version-history":[{"count":0,"href":"https:\/\/uzdjtsunf.uz\/en\/wp-json\/wp\/v2\/pages\/20950\/revisions"}],"wp:attachment":[{"href":"https:\/\/uzdjtsunf.uz\/en\/wp-json\/wp\/v2\/media?parent=20950"}],"curies":[{"name":"wp","href":"https:\/\/api.w.org\/{rel}","templated":true}]}}