{"id":6377,"date":"2022-02-18T10:15:23","date_gmt":"2022-02-18T05:15:23","guid":{"rendered":"https:\/\/uzdjtsunf.uz\/?page_id=6377"},"modified":"2026-05-05T17:33:29","modified_gmt":"2026-05-05T12:33:29","slug":"tyutor","status":"publish","type":"page","link":"https:\/\/uzdjtsunf.uz\/en\/tutor\/","title":{"rendered":"Tutor"},"content":{"rendered":"<p><\/p>\n<table style=\"border-collapse: collapse; width: 87.8084%;\">\n<tbody>\n<tr>\n<td style=\"width: 36.5385%;\"><img loading=\"lazy\" decoding=\"async\" class=\"aligncenter wp-image-21432\" src=\"https:\/\/uzdjtsunf.uz\/wp-content\/uploads\/2026\/02\/11.jpg\" alt=\"\" width=\"148\" height=\"200\" \/><\/td>\n<td style=\"width: 51.2699%;\">\n<p style=\"text-align: center;\"><span style=\"font-family: 'times new roman', times, serif; font-size: 14pt;\"><strong>Tyutor\u00a0<\/strong><\/span><\/p>\n<p style=\"text-align: center;\"><span style=\"font-family: 'times new roman', times, serif; font-size: 14pt;\">Oraz\u0131mbetov Baxad\u0131r Jolmurzaevich<\/span><\/p>\n<p style=\"text-align: center;\"><span style=\"font-family: 'times new roman', times, serif; font-size: 14pt;\"><strong>Telefon:(<\/strong>+99899) 355-23-70<\/span><\/p>\n<p style=\"text-align: center;\"><span style=\"font-family: 'times new roman', times, serif; font-size: 14pt;\">Baxadir.orazimbetov@bk.ru<\/span><\/p>\n<\/td>\n<\/tr>\n<\/tbody>\n<\/table>\n<p>&nbsp;<\/p>\n<table style=\"border-collapse: collapse; width: 87.9524%;\">\n<tbody>\n<tr>\n<td style=\"width: 36.89%;\"><img loading=\"lazy\" decoding=\"async\" class=\"aligncenter wp-image-12519\" src=\"https:\/\/uzdjtsunf.uz\/wp-content\/uploads\/2024\/03\/photo_2022-02-18_10-38-36-109x150-1.jpg\" alt=\"\" width=\"145\" height=\"200\" \/><\/td>\n<td style=\"width: 51.0636%;\">\n<p style=\"text-align: center;\"><span style=\"font-family: 'times new roman', times, serif; font-size: 14pt;\"><strong>Tyutor\u00a0<\/strong><\/span><\/p>\n<p style=\"text-align: center;\"><span style=\"font-family: 'times new roman', times, serif; font-size: 14pt;\">Yuldasheva Maxsuda Norimmatovna<\/span><\/p>\n<p style=\"text-align: center;\"><span style=\"font-family: 'times new roman', times, serif; font-size: 14pt;\"><strong>Telefon:<\/strong> (+99890) 652-73-07<\/span><\/p>\n<p style=\"text-align: center;\"><span style=\"font-family: 'times new roman', times, serif; font-size: 14pt;\">Yuldoshevamaxsuda1983@g mail.com<\/span><\/p>\n<p>&nbsp;<\/p>\n<\/td>\n<\/tr>\n<\/tbody>\n<\/table>\n<p>&nbsp;<\/p>\n<table style=\"border-collapse: collapse; width: 87.9524%;\">\n<tbody>\n<tr>\n<td style=\"width: 37.3727%;\"><img loading=\"lazy\" decoding=\"async\" class=\"aligncenter wp-image-12518\" src=\"https:\/\/uzdjtsunf.uz\/wp-content\/uploads\/2024\/03\/photo_2022-02-18_10-38-27-127x150-1.jpg\" alt=\"\" width=\"169\" height=\"200\" \/><\/td>\n<td style=\"width: 50.5809%;\">\n<p style=\"text-align: center;\"><span style=\"font-family: 'times new roman', times, serif; font-size: 14pt;\"><strong>Tyutor <\/strong><\/span><\/p>\n<p style=\"text-align: center;\"><span style=\"font-family: 'times new roman', times, serif; font-size: 14pt;\">Kosnazarov Al\u0131mbergen Kudaybergenovich<\/span><\/p>\n<p style=\"text-align: center;\"><span style=\"font-family: 'times new roman', times, serif; font-size: 14pt;\"><strong>Telefon<\/strong>: (+99893) 488-42-41<\/span><\/p>\n<p style=\"text-align: center;\"><span style=\"font-family: 'times new roman', times, serif; font-size: 14pt;\">Kosnazarov92@ inbox.ru<\/span><\/p>\n<\/td>\n<\/tr>\n<\/tbody>\n<\/table>\n<p>&nbsp;<\/p>\n<table style=\"border-collapse: collapse; width: 87.881%; height: 186px;\">\n<tbody>\n<tr style=\"height: 186px;\">\n<td style=\"width: 38.8244%; height: 186px;\"><img loading=\"lazy\" decoding=\"async\" class=\"aligncenter wp-image-12523\" src=\"https:\/\/uzdjtsunf.uz\/wp-content\/uploads\/2024\/03\/daulet.jpg\" alt=\"\" width=\"173\" height=\"232\" \/><\/td>\n<td style=\"width: 49.0566%; height: 186px;\">\n<p style=\"text-align: center;\"><span style=\"font-family: 'times new roman', times, serif; font-size: 14pt;\"><strong>Tyutor\u00a0<\/strong><\/span><\/p>\n<p style=\"text-align: center;\"><span style=\"font-family: 'times new roman', times, serif; font-size: 14pt;\">Urazxanov Daulet Muratovich<\/span><\/p>\n<p style=\"text-align: center;\"><span style=\"font-family: 'times new roman', times, serif; font-size: 14pt;\"><strong>Telefon:<\/strong> (+99891) 381-70-42 <br \/>\ndurazxanov@bk.ru<\/span><\/p>\n<\/td>\n<\/tr>\n<\/tbody>\n<\/table>\n<p>&nbsp;<\/p>\n<table style=\"border-collapse: collapse; width: 88.0261%;\">\n<tbody>\n<tr>\n<td style=\"width: 39.2598%;\"><img loading=\"lazy\" decoding=\"async\" class=\"aligncenter wp-image-19444\" src=\"https:\/\/uzdjtsunf.uz\/wp-content\/uploads\/2025\/10\/123-1.jpg\" alt=\"\" width=\"179\" height=\"223\" \/><\/td>\n<td style=\"width: 48.7663%;\">\n<p style=\"text-align: center;\"><span style=\"font-family: 'times new roman', times, serif; font-size: 14pt;\"><strong>Tyutor\u00a0<\/strong><\/span><\/p>\n<p style=\"text-align: center;\"><span style=\"font-family: 'times new roman', times, serif; font-size: 14pt;\">Art\u0131qbaeva Nargiza Baxt\u0131bay q\u0131z\u0131<\/span><\/p>\n<p style=\"text-align: center;\"><span style=\"font-family: 'times new roman', times, serif; font-size: 14pt;\"><strong>Telefon:<\/strong> (+998 93) 714-18-18<\/span><\/p>\n<\/td>\n<\/tr>\n<\/tbody>\n<\/table>\n<p>&nbsp;<\/p>\n<table style=\"border-collapse: collapse; width: 88.2427%;\">\n<tbody>\n<tr>\n<td style=\"width: 39.4775%;\"><img loading=\"lazy\" decoding=\"async\" class=\"aligncenter wp-image-21434\" src=\"https:\/\/uzdjtsunf.uz\/wp-content\/uploads\/2026\/02\/222-5.jpg\" alt=\"\" width=\"172\" height=\"221\" srcset=\"https:\/\/uzdjtsunf.uz\/wp-content\/uploads\/2026\/02\/222-5.jpg 827w, https:\/\/uzdjtsunf.uz\/wp-content\/uploads\/2026\/02\/222-5-233x300.jpg 233w, https:\/\/uzdjtsunf.uz\/wp-content\/uploads\/2026\/02\/222-5-797x1024.jpg 797w, https:\/\/uzdjtsunf.uz\/wp-content\/uploads\/2026\/02\/222-5-768x987.jpg 768w\" sizes=\"auto, (max-width: 172px) 100vw, 172px\" \/><\/td>\n<td style=\"width: 48.7379%;\">\n<p style=\"text-align: center;\"><span style=\"font-family: 'times new roman', times, serif; font-size: 14pt;\"><strong>Tyutor\u00a0<\/strong><\/span><\/p>\n<p style=\"text-align: center;\">Baymuratov Berdimurat Jar\u0131lkapovich<\/p>\n<p style=\"text-align: center;\"><span style=\"font-family: 'times new roman', times, serif; font-size: 14pt;\"><strong>Telefon:<\/strong> (+998 99) 734-20-55<\/span><\/p>\n<\/td>\n<\/tr>\n<\/tbody>\n<\/table>\n<p>&nbsp;<\/p>\n<table style=\"border-collapse: collapse; width: 88.7415%;\">\n<tbody>\n<tr>\n<td style=\"width: 40.4403%;\"><img loading=\"lazy\" decoding=\"async\" class=\"wp-image-22652 aligncenter\" src=\"https:\/\/uzdjtsunf.uz\/wp-content\/uploads\/2026\/05\/26.jpg\" alt=\"\" width=\"150\" height=\"200\" srcset=\"https:\/\/uzdjtsunf.uz\/wp-content\/uploads\/2026\/05\/26.jpg 960w, https:\/\/uzdjtsunf.uz\/wp-content\/uploads\/2026\/05\/26-225x300.jpg 225w, https:\/\/uzdjtsunf.uz\/wp-content\/uploads\/2026\/05\/26-768x1024.jpg 768w\" sizes=\"auto, (max-width: 150px) 100vw, 150px\" \/><\/td>\n<td style=\"width: 48.3018%;\">\n<p style=\"text-align: center;\"><span style=\"font-family: 'times new roman', times, serif; font-size: 14pt;\"><strong>Tyutor\u00a0<\/strong><\/span><\/p>\n<p style=\"text-align: center;\">Nietbaev Kubil Kudaybergenovich<\/p>\n<p style=\"text-align: center;\"><span style=\"font-family: 'times new roman', times, serif; font-size: 14pt;\"><strong>Telefon: <\/strong>(+99888) 220-81-67<\/span><\/p>\n<\/td>\n<\/tr>\n<\/tbody>\n<\/table>\n<p style=\"text-align: center;\"><span style=\"font-family: 'times new roman', times, serif; font-size: 14pt;\"><strong>The main purpose of the tutor<\/strong><\/span><\/p>\n<p><span style=\"font-family: 'times new roman', times, serif; font-size: 14pt;\">effective organization of the process of education and upbringing;<\/span><\/p>\n<p><span style=\"font-family: 'times new roman', times, serif; font-size: 14pt;\">regulation of student relations;<\/span><\/p>\n<p><span style=\"font-family: 'times new roman', times, serif; font-size: 14pt;\">providing students with socio-emotional and psychological support to better understand themselves, study and make the right decisions in life, increase their love for their chosen profession;<\/span><\/p>\n<p><span style=\"font-family: 'times new roman', times, serif; font-size: 14pt;\">increase the effectiveness of the educational process in educational institutions, strengthen the role of the Public Council and the community in issues related to improving student attendance.<\/span><\/p>\n<p><span style=\"font-family: 'times new roman', times, serif; font-size: 14pt;\">analyze students&#8217; mastery of the lesson<\/span><\/p>\n<p><span style=\"font-family: 'times new roman', times, serif; font-size: 14pt;\">and ensure that they spend their free time meaningfully;<\/span><\/p>\n<p><span style=\"font-family: 'times new roman', times, serif; font-size: 14pt;\">is to be constantly aware of their social (family) status.<\/span><\/p>\n<p style=\"text-align: center;\"><span style=\"font-family: 'times new roman', times, serif; font-size: 14pt;\"><strong>The main functions of the tutor<\/strong><\/span><\/p>\n<p><span style=\"font-family: 'times new roman', times, serif; font-size: 14pt;\">the role, responsibilities and responsibilities of parents in the upbringing of children<\/span><\/p>\n<p><span style=\"font-family: 'times new roman', times, serif; font-size: 14pt;\">and helping to strengthen relationships with children;<\/span><\/p>\n<p><span style=\"font-family: 'times new roman', times, serif; font-size: 14pt;\">to study the quality of education in educational institutions and take measures to further improve them;<\/span><\/p>\n<p><span style=\"font-family: 'times new roman', times, serif; font-size: 14pt;\">to create a methodological framework for further strengthening the cooperation of the family, community, educational institution;<\/span><\/p>\n<p><span style=\"font-family: 'times new roman', times, serif; font-size: 14pt;\">to form in students the spirit of respect for national and universal values, to propagate and propagate high moral qualities, to bring them up in the spirit of love for the Motherland, respect for our national legislation;<\/span><\/p>\n<p><span style=\"font-family: 'times new roman', times, serif; font-size: 14pt;\">to involve students in clubs and circles organized within the framework of five important initiatives and to ensure their active participation in these circles in practice;<\/span><\/p>\n<p><span style=\"font-family: 'times new roman', times, serif; font-size: 14pt;\">promote a healthy lifestyle by engaging students in competitions and sports clubs in their spare time;<\/span><\/p>\n<p><span style=\"font-family: 'times new roman', times, serif; font-size: 14pt;\">to take special care of students with disabilities, orphans and children deprived of parental care, and to provide them with appropriate social, moral and psychological support;<\/span><\/p>\n<p><span style=\"font-family: 'times new roman', times, serif; font-size: 14pt;\">to recommend talented students to the President of the Republic of Uzbekistan and prestigious state scholarships;<\/span><\/p>\n<p><span style=\"font-family: 'times new roman', times, serif; font-size: 14pt;\">regular monitoring of student ethics, behavioral culture, behavior;<\/span><\/p>\n<p><span style=\"font-family: 'times new roman', times, serif; font-size: 14pt;\">Systematic work with low-achieving and difficult students;<\/span><\/p>\n<p><span style=\"font-family: 'times new roman', times, serif; font-size: 14pt;\">maintain a daily attendance of students;<\/span><\/p>\n<p><span style=\"font-family: 'times new roman', times, serif; font-size: 14pt;\">to monitor the level of mastery of students, to provide them with innovative educational technologies and teaching materials, information resources, and to facilitate the widespread and effective use of these resources;<\/span><\/p>\n<p><span style=\"font-family: 'times new roman', times, serif; font-size: 14pt;\">advise and assist gifted students in writing and publishing research papers;<\/span><\/p>\n<p><\/p>","protected":false},"excerpt":{"rendered":"<p>Tyutor\u00a0 Oraz\u0131mbetov Baxad\u0131r Jolmurzaevich Telefon:(+99899) 355-23-70 Baxadir.orazimbetov@bk.ru &nbsp; Tyutor\u00a0 Yuldasheva Maxsuda Norimmatovna Telefon: (+99890) 652-73-07 Yuldoshevamaxsuda1983@g mail.com &nbsp; &nbsp; Tyutor Kosnazarov Al\u0131mbergen Kudaybergenovich Telefon: (+99893) 488-42-41 Kosnazarov92@ inbox.ru &nbsp; Tyutor\u00a0 Urazxanov Daulet Muratovich Telefon: (+99891) 381-70-42 durazxanov@bk.ru &nbsp; Tyutor\u00a0 Art\u0131qbaeva Nargiza Baxt\u0131bay q\u0131z\u0131 Telefon: (+998 93) 714-18-18 &nbsp; Tyutor\u00a0 Baymuratov Berdimurat Jar\u0131lkapovich Telefon: (+998 99) [&hellip;]<\/p>\n","protected":false},"author":82,"featured_media":0,"parent":0,"menu_order":0,"comment_status":"closed","ping_status":"closed","template":"","meta":{"footnotes":""},"class_list":["post-6377","page","type-page","status-publish","hentry"],"_links":{"self":[{"href":"https:\/\/uzdjtsunf.uz\/en\/wp-json\/wp\/v2\/pages\/6377","targetHints":{"allow":["GET"]}}],"collection":[{"href":"https:\/\/uzdjtsunf.uz\/en\/wp-json\/wp\/v2\/pages"}],"about":[{"href":"https:\/\/uzdjtsunf.uz\/en\/wp-json\/wp\/v2\/types\/page"}],"author":[{"embeddable":true,"href":"https:\/\/uzdjtsunf.uz\/en\/wp-json\/wp\/v2\/users\/82"}],"replies":[{"embeddable":true,"href":"https:\/\/uzdjtsunf.uz\/en\/wp-json\/wp\/v2\/comments?post=6377"}],"version-history":[{"count":21,"href":"https:\/\/uzdjtsunf.uz\/en\/wp-json\/wp\/v2\/pages\/6377\/revisions"}],"predecessor-version":[{"id":22658,"href":"https:\/\/uzdjtsunf.uz\/en\/wp-json\/wp\/v2\/pages\/6377\/revisions\/22658"}],"wp:attachment":[{"href":"https:\/\/uzdjtsunf.uz\/en\/wp-json\/wp\/v2\/media?parent=6377"}],"curies":[{"name":"wp","href":"https:\/\/api.w.org\/{rel}","templated":true}]}}