{"id":115,"date":"2019-05-02T15:40:58","date_gmt":"2019-05-02T10:40:58","guid":{"rendered":"http:\/\/uzdjtsunf.uz\/?page_id=115"},"modified":"2025-11-04T10:44:28","modified_gmt":"2025-11-04T05:44:28","slug":"ilmiy-tadqiqotga-oid-hujjatlar-toplami","status":"publish","type":"page","link":"https:\/\/uzdjtsunf.uz\/qq\/ilmiy-tadqiqotga-oid-hujjatlar-toplami\/","title":{"rendered":"Ilmiy tadqiqotga oid hujjatlar to\u2019plami"},"content":{"rendered":"<p><\/p>\n<p style=\"text-align: justify;\"><a href=\"https:\/\/uzdjtsunf.uz\/wp-content\/uploads\/2025\/11\/ilmiy-daraja.pdf\"><span style=\"font-family: 'times new roman', times, serif; font-size: 14pt;\">\u00d3zbekstan Respublikas\u0131 Ministrler Kabineti Joqar\u0131 Attestaciya komissiyas\u0131 Rayosatining qarar\u0131<\/span><\/a><\/p>\n<p><\/p>","protected":false},"excerpt":{"rendered":"<p>\u00d3zbekstan Respublikas\u0131 Ministrler Kabineti Joqar\u0131 Attestaciya komissiyas\u0131 Rayosatining qarar\u0131<\/p>\n","protected":false},"author":4,"featured_media":0,"parent":0,"menu_order":0,"comment_status":"closed","ping_status":"closed","template":"","meta":{"footnotes":""},"class_list":["post-115","page","type-page","status-publish","hentry"],"_links":{"self":[{"href":"https:\/\/uzdjtsunf.uz\/qq\/wp-json\/wp\/v2\/pages\/115","targetHints":{"allow":["GET"]}}],"collection":[{"href":"https:\/\/uzdjtsunf.uz\/qq\/wp-json\/wp\/v2\/pages"}],"about":[{"href":"https:\/\/uzdjtsunf.uz\/qq\/wp-json\/wp\/v2\/types\/page"}],"author":[{"embeddable":true,"href":"https:\/\/uzdjtsunf.uz\/qq\/wp-json\/wp\/v2\/users\/4"}],"replies":[{"embeddable":true,"href":"https:\/\/uzdjtsunf.uz\/qq\/wp-json\/wp\/v2\/comments?post=115"}],"version-history":[{"count":2,"href":"https:\/\/uzdjtsunf.uz\/qq\/wp-json\/wp\/v2\/pages\/115\/revisions"}],"predecessor-version":[{"id":20055,"href":"https:\/\/uzdjtsunf.uz\/qq\/wp-json\/wp\/v2\/pages\/115\/revisions\/20055"}],"wp:attachment":[{"href":"https:\/\/uzdjtsunf.uz\/qq\/wp-json\/wp\/v2\/media?parent=115"}],"curies":[{"name":"wp","href":"https:\/\/api.w.org\/{rel}","templated":true}]}}