{"id":11833,"date":"2024-01-09T10:56:53","date_gmt":"2024-01-09T05:56:53","guid":{"rendered":"https:\/\/uzdjtsunf.uz\/?page_id=11833"},"modified":"2026-03-02T12:21:31","modified_gmt":"2026-03-02T07:21:31","slug":"konferenciya","status":"publish","type":"page","link":"https:\/\/uzdjtsunf.uz\/qq\/konferenciya-toplami\/","title":{"rendered":"Konferenciya toplam\u0131"},"content":{"rendered":"<p><\/p>\n<p data-pm-slice=\"1 1 []\"><strong><span style=\"font-family: 'times new roman', times, serif; font-size: 14pt;\">\u00abJaz\u01f5\u0131 olimpiyada h\u00e1m paralimpiyada oy\u0131nlar\u0131na sportsh\u0131lard\u0131 tayarlawd\u0131\u0144 \u00e1hmiyetli mashqalalar\u0131 h\u00e1m sheshimleri\u00bb <\/span><\/strong><strong><span style=\"font-family: 'times new roman', times, serif; font-size: 14pt;\">atamas\u0131nda\u01f5\u0131 xal\u0131qaral\u0131q ilimiy-\u00e1meliy konferenciyas\u0131<\/span><\/strong><\/p>\n<p data-pm-slice=\"1 1 []\">\u00a0<\/p>\n<p style=\"text-align: justify;\" data-pm-slice=\"1 1 []\"><span style=\"font-family: 'times new roman', times, serif; font-size: 14pt;\"><strong>\u00abDene t\u00e1rbiyas\u0131 h\u00e1m sportt\u0131 \u01f5alabal\u0131q rawajland\u0131r\u0131w perispetivalar\u0131: mashqala h\u00e1m sheshimler\u00bb atamas\u0131nda Respublikal\u0131q ilimiy-\u00e1meliy konferenciya<\/strong><\/span><\/p>\n<p data-pm-slice=\"1 1 []\"><span style=\"font-family: 'times new roman', times, serif; font-size: 14pt;\">\ud83d\udc49 <a href=\"https:\/\/uzdjtsunf.uz\/wp-content\/uploads\/2025\/10\/anzhuman-tuplami-2020.pdf\">Respublikal\u0131q ilimiy-\u00e1meliy konferenciya(2020-j\u0131l),<\/a><\/span><\/p>\n<p><strong><span style=\"font-family: 'times new roman', times, serif; font-size: 14pt;\">\u00abZamanag\u00f3y sharayatta dene t\u00e1rbiyas\u0131 h\u00e1m sportt\u0131 \u01f5alabalq rawajland\u0131r\u0131wd\u0131\u0144 innovaciyalq ba\u01f5darlar\u0131\u00bb atamas\u0131nda xal\u0131qaral\u0131q ilimiy-\u00e1meliy konferenciya<\/span><\/strong><\/p>\n<p style=\"text-align: justify;\"><span style=\"font-family: 'times new roman', times, serif; font-size: 14pt;\">\ud83d\udc49<a href=\"https:\/\/uzdjtsunf.uz\/wp-content\/uploads\/2025\/10\/haly\u049baraly\u049b-ilimij-\u04d9melij-konferencziya-materiallary-toplamy-2021-zhyl-27-28-maj.pdf\">\u00a0Xal\u0131qaral\u0131q ilimiy-\u00e1meliy konferenciya materiallar\u0131 toplam\u0131\u00a0(2021-j\u0131l 27-28-may)<\/a><\/span><\/p>\n<p style=\"text-align: justify;\"><span style=\"font-family: 'times new roman', times, serif; font-size: 14pt;\"><strong>\u00abSalamat turm\u0131s t\u00e1rizin \u00fagit-n\u00e1siyatlawda dene t\u00e1rbiyas\u0131 h\u00e1m sportt\u0131\u0144 orn\u0131\u00bb atamas\u0131nda Respublikal\u0131q ilimiy-\u00e1meliy konferenciya<\/strong><\/span><\/p>\n<p><span style=\"font-family: 'times new roman', times, serif; font-size: 14pt;\"> \ud83d\udc49<a href=\"https:\/\/uzdjtsunf.uz\/wp-content\/uploads\/2025\/10\/2021-respublika-konferencziya.pdf\"> Respublikal\u0131q ilimiy<strong>&#8211;<\/strong>\u00e1meliy konferenciya<\/a> (2021-j\u0131l 4-dekabr)<\/span><\/p>\n<p><span style=\"font-family: 'times new roman', times, serif; font-size: 14pt;\"><strong>\u00abZamanag\u00f3y sharayatta dene t\u00e1rbiyas\u0131 h\u00e1m sport taraw\u0131 boy\u0131nsha joqar\u0131 ma\u01f5l\u0131wmatl\u0131 q\u00e1nigeler tayarlaw teoriyas\u0131 h\u00e1m \u00e1meliyat\u0131\u00bb atamas\u0131nda Xal\u0131qaral\u0131q ilimiy-teoriyal\u0131q konferenciya <\/strong><\/span><\/p>\n<p><span style=\"font-family: 'times new roman', times, serif; font-size: 14pt;\">\ud83d\udc49<a href=\"https:\/\/uzdjtsunf.uz\/wp-content\/uploads\/2025\/10\/nukus_2022_halkaro-anzhuman-tuplami.pdf\">Xal\u0131qaral\u0131q ilimiy-teoriyal\u0131q konferenciya materiallar\u0131 toplam\u0131 (2022-j\u0131l),<\/a><\/span><\/p>\n<p><strong><span style=\"font-family: 'times new roman', times, serif; font-size: 14pt;\">\u00abDene t\u00e1rbiyas\u0131 h\u00e1m sport taraw\u0131 arqal\u0131 salamat turm\u0131s t\u00e1rizin \u00fagit-n\u00e1siyatlaw: mashqala h\u00e1m sheshimler\u00bb atamas\u0131nda\u01f5\u0131 Respublikal\u0131q ilimiy-\u00e1meliy konferenciya\u00a0<\/span><\/strong><\/p>\n<p><span style=\"font-family: 'times new roman', times, serif; font-size: 14pt;\">\ud83d\udc49<a href=\"https:\/\/uzdjtsunf.uz\/wp-content\/uploads\/2025\/10\/respublika-anzhumani-2022.pdf\">Respublikal\u0131q ilimiy-\u00e1meliy konferenciya materiallar\u0131 toplam\u0131 (2022-j\u0131l),<\/a><\/span><\/p>\n<p style=\"text-align: justify;\"><strong><span style=\"font-family: 'times new roman', times, serif; font-size: 14pt;\">\u00abZamanag\u00f3y sharayatta joqar\u0131 ma\u01f5l\u0131wmatl\u0131 q\u00e1nigelerdi tayarlawd\u0131\u0144 aktual mashqalalar\u0131\u00bb atamas\u0131nda Xal\u0131qaral\u0131q ilimiy-teoriyal\u0131q konferenciya<\/span><\/strong><\/p>\n<p style=\"text-align: justify;\"><span style=\"font-family: 'times new roman', times, serif; font-size: 14pt;\">\ud83d\udc49<a href=\"https:\/\/uzdjtsunf.uz\/wp-content\/uploads\/2025\/10\/xaliqaraliq-konferentsiya-16-17.05.23.pdf\">Xal\u0131qaral\u0131q ilimiy-teoriyal\u0131q konferenciya materiallar\u0131 toplam\u0131 (2023-j\u0131l),<\/a><\/span><\/p>\n<p><strong><span style=\"font-family: 'times new roman', times, serif; font-size: 14pt;\">\u00abMilliy sport t\u00farleri h\u00e1m xal\u0131q oy\u0131nlar\u0131n \u01f5alabal\u0131q rawajland\u0131r\u0131wd\u0131\u0144 ilimiy-metodikal\u0131q tiykarlar\u0131n jetilistiriw\u00bb atamas\u0131da\u01f5\u0131 respublikal\u0131q ilimiy-\u00e1meliy konferenciya<\/span><\/strong><\/p>\n<p><span style=\"font-family: 'times new roman', times, serif; font-size: 14pt;\">\ud83d\udc49 <a href=\"https:\/\/uzdjtsunf.uz\/wp-content\/uploads\/2025\/10\/toplam-2023.-2-3.pdf\">Respublikal\u0131q ilimiy-\u00e1meliy konferenciya (2023-j\u0131l),<\/a><\/span><\/p>\n<p><span style=\"font-family: 'times new roman', times, serif; font-size: 14pt;\"><strong>\u00abSport oy\u0131nlar\u0131n\u0131\u0144 t\u00farleri: teoriya h\u00e1m \u00e1meliyatta\u01f5\u0131 aktual mashqalalar\u00bb atamas\u0131nda\u01f5\u0131 Respublikal\u0131q ilimiy-\u00e1meliy konferenciya<\/strong><\/span><\/p>\n<p><span style=\"font-family: 'times new roman', times, serif; font-size: 14pt;\"> \ud83d\udc49<a href=\"https:\/\/uzdjtsunf.uz\/wp-content\/uploads\/2025\/10\/sport_oyinlari_kafedrasi-06.12.24.pdf\">Respublikal\u0131q ilimiy-\u00e1meliy konferenciya materiallar\u0131 toplam\u0131 (2024-j\u0131l),<\/a><\/span><\/p>\n<p style=\"text-align: justify;\"><span style=\"font-family: 'times new roman', times, serif; font-size: 14pt;\"><strong>\u00abDene t\u00e1rbiyas\u0131 h\u00e1m sport taraw\u0131nda jetik q\u00e1nigelerdi tayarlawda sport psixologiyas\u0131 h\u00e1m innovaciyal\u0131q bilimlendiriw texnologiyalar\u0131n\u0131\u0144 \u00e1hmiyeti\u00bb atamas\u0131nda Xal\u0131qaral\u0131q ilimiy-\u00e1meliy konferenciya<\/strong><\/span><\/p>\n<p><span style=\"font-family: 'times new roman', times, serif; font-size: 14pt;\">\ud83d\udc49<a href=\"https:\/\/uzdjtsunf.uz\/wp-content\/uploads\/2025\/10\/xaliqaraliq-konferentsiya-16-17.05.24.pdf\">Xal\u0131qaral\u0131q ilimiy-\u00e1meliy konferenciya materiallar\u0131 toplam\u0131 (2024-j\u0131l),<\/a><\/span><\/p>\n<p style=\"text-align: justify;\"><span style=\"font-family: 'times new roman', times, serif; font-size: 14pt;\"><strong>\u00abTeoriya h\u00e1m \u00e1meliyatta\u01f5\u0131 aktual mashqalalar\u00bb atamas\u0131da\u01f5\u0131 respublikal\u0131q ilimiy-\u00e1meliy konferenciya<\/strong><\/span><\/p>\n<p><span style=\"font-family: 'times new roman', times, serif; font-size: 14pt;\"><strong>\ud83d\udc49<\/strong><a href=\"https:\/\/uzdjtsunf.uz\/wp-content\/uploads\/2025\/10\/123.pdf\">Respublikal\u0131q ilimiy-\u00e1meliy konferenciya (2024-j\u0131l),<\/a><\/span><\/p>\n<p style=\"text-align: justify;\"><strong><span style=\"font-family: 'times new roman', times, serif; font-size: 14pt;\">\u00abJas \u00e1wladt\u0131\u0144 t\u00e1rbiyas\u0131nda milliy sport oy\u0131nlar\u0131n\u0131\u0144 \u00e1hmiyeti mashqala h\u00e1m sheshimleri\u00bb atamas\u0131da\u01f5\u0131 respublikal\u0131q ilimiy-\u00e1meliy konferenciya<\/span><\/strong><\/p>\n<p><span style=\"font-family: 'times new roman', times, serif; font-size: 14pt;\">\ud83d\udc49<a href=\"https:\/\/uzdjtsunf.uz\/wp-content\/uploads\/2025\/10\/12.pdf\">Respublikal\u0131q ilimiy-\u00e1meliy konferenciya (2024-j\u0131l),<\/a><\/span><\/p>\n<p><strong><span style=\"font-size: 14pt; font-family: 'times new roman', times, serif;\">\u00abSport t\u00farleri teoriyas\u0131 h\u00e1m \u00e1meliyat\u0131: mashqala h\u00e1m sheshimleri\u00bb atamas\u0131da\u01f5\u0131 respublikal\u0131q ilimiy-\u00e1meliy konferenciya<\/span><\/strong><\/p>\n<p data-pm-slice=\"1 1 []\"><strong><span style=\"font-size: 14pt; font-family: 'times new roman', times, serif;\">\ud83d\udc49<\/span><\/strong><a href=\"https:\/\/uzdjtsunf.uz\/wp-content\/uploads\/2025\/10\/12-1.pdf\"><span style=\"font-size: 14pt; font-family: 'times new roman', times, serif;\">Respublikal\u0131q ilimiy-\u00e1meliy konferenciya (2025-j\u0131l),<\/span><\/a><\/p>\n<p data-pm-slice=\"1 1 []\">\u00a0<\/p>\n<p><\/p>","protected":false},"excerpt":{"rendered":"<p>\u00abJaz\u01f5\u0131 olimpiyada h\u00e1m paralimpiyada oy\u0131nlar\u0131na sportsh\u0131lard\u0131 tayarlawd\u0131\u0144 \u00e1hmiyetli mashqalalar\u0131 h\u00e1m sheshimleri\u00bb atamas\u0131nda\u01f5\u0131 xal\u0131qaral\u0131q ilimiy-\u00e1meliy konferenciyas\u0131 \u00a0 \u00abDene t\u00e1rbiyas\u0131 h\u00e1m sportt\u0131 \u01f5alabal\u0131q rawajland\u0131r\u0131w perispetivalar\u0131: mashqala h\u00e1m sheshimler\u00bb atamas\u0131nda Respublikal\u0131q ilimiy-\u00e1meliy konferenciya \ud83d\udc49 Respublikal\u0131q ilimiy-\u00e1meliy konferenciya(2020-j\u0131l), \u00abZamanag\u00f3y sharayatta dene t\u00e1rbiyas\u0131 h\u00e1m sportt\u0131 \u01f5alabalq rawajland\u0131r\u0131wd\u0131\u0144 innovaciyalq ba\u01f5darlar\u0131\u00bb atamas\u0131nda xal\u0131qaral\u0131q ilimiy-\u00e1meliy konferenciya \ud83d\udc49\u00a0Xal\u0131qaral\u0131q ilimiy-\u00e1meliy konferenciya materiallar\u0131 toplam\u0131\u00a0(2021-j\u0131l 27-28-may) \u00abSalamat [&hellip;]<\/p>\n","protected":false},"author":87,"featured_media":0,"parent":0,"menu_order":0,"comment_status":"closed","ping_status":"closed","template":"","meta":{"footnotes":""},"class_list":["post-11833","page","type-page","status-publish","hentry"],"_links":{"self":[{"href":"https:\/\/uzdjtsunf.uz\/qq\/wp-json\/wp\/v2\/pages\/11833","targetHints":{"allow":["GET"]}}],"collection":[{"href":"https:\/\/uzdjtsunf.uz\/qq\/wp-json\/wp\/v2\/pages"}],"about":[{"href":"https:\/\/uzdjtsunf.uz\/qq\/wp-json\/wp\/v2\/types\/page"}],"author":[{"embeddable":true,"href":"https:\/\/uzdjtsunf.uz\/qq\/wp-json\/wp\/v2\/users\/87"}],"replies":[{"embeddable":true,"href":"https:\/\/uzdjtsunf.uz\/qq\/wp-json\/wp\/v2\/comments?post=11833"}],"version-history":[{"count":37,"href":"https:\/\/uzdjtsunf.uz\/qq\/wp-json\/wp\/v2\/pages\/11833\/revisions"}],"predecessor-version":[{"id":21731,"href":"https:\/\/uzdjtsunf.uz\/qq\/wp-json\/wp\/v2\/pages\/11833\/revisions\/21731"}],"wp:attachment":[{"href":"https:\/\/uzdjtsunf.uz\/qq\/wp-json\/wp\/v2\/media?parent=11833"}],"curies":[{"name":"wp","href":"https:\/\/api.w.org\/{rel}","templated":true}]}}