{"id":130,"date":"2019-05-02T15:53:57","date_gmt":"2019-05-02T10:53:57","guid":{"rendered":"http:\/\/uzdjtsunf.uz\/?page_id=130"},"modified":"2025-10-29T10:35:28","modified_gmt":"2025-10-29T05:35:28","slug":"marketing","status":"publish","type":"page","link":"https:\/\/uzdjtsunf.uz\/qq\/marketing\/","title":{"rendered":"Marketing"},"content":{"rendered":"<p><\/p>\n<table style=\"border-collapse: collapse; width: 100%;\">\n<tbody>\n<tr>\n<td style=\"width: 35.8648%;\"><span style=\"font-family: 'times new roman', times, serif;\"><img loading=\"lazy\" decoding=\"async\" class=\"aligncenter wp-image-19911\" src=\"https:\/\/uzdjtsunf.uz\/wp-content\/uploads\/2025\/10\/34-e1761715585639.jpg\" alt=\"\" width=\"180\" height=\"250\" srcset=\"https:\/\/uzdjtsunf.uz\/wp-content\/uploads\/2025\/10\/34-e1761715585639.jpg 730w, https:\/\/uzdjtsunf.uz\/wp-content\/uploads\/2025\/10\/34-e1761715585639-216x300.jpg 216w\" sizes=\"auto, (max-width: 180px) 100vw, 180px\" \/><\/span><\/td>\n<td style=\"width: 64.1352%;\">\n<p style=\"text-align: center;\"><span style=\"font-size: 14pt; font-family: 'times new roman', times, serif;\">Orazboyeva Marhabo Tozaboy q\u0131z\u0131<\/span><br \/>\n<span style=\"font-size: 14pt; font-family: 'times new roman', times, serif;\"><strong>Telefon:<\/strong> (+99890) 592-96-04<\/span><br \/>\n<span style=\"font-size: 14pt; font-family: 'times new roman', times, serif;\"><strong>Elektron pochta<\/strong>: <a href=\"mailto:marhabourazbayeva@gmail.com\">marhabourazbayeva@gmail.com<\/a><\/span><\/p>\n<\/td>\n<\/tr>\n<\/tbody>\n<\/table>\n<p style=\"text-align: justify;\">\u00a0<\/p>\n<p style=\"text-align: center;\"><span style=\"font-family: 'times new roman', times, serif; font-size: 14pt;\"><strong>Marketing h\u00e1m talabalar \u00e1melyati\u00a0 b\u00f3limini\u0144 iskerligi<\/strong><\/span><\/p>\n<p>&nbsp;<\/p>\n<ul style=\"list-style-type: disc;\">\n<li style=\"text-align: justify;\"><span style=\"font-family: 'times new roman', times, serif; font-size: 14pt;\">B\u00f3limni\u0144 tiykar\u01f5\u0131 waz\u0131ypalar\u0131nan biri, studentlerdi qab\u0131llaw k\u00f3rsetkishlerin an\u0131qlaw m\u00e1qsetinde jum\u0131s beriwshiler (k\u00e1rxana h\u00e1m m\u00e1kemeler)di\u0144 barl\u0131q t\u00e1lim ba\u01f5darlar\u0131 yamasa q\u00e1nigeliklerge bol\u01f5an talaplar\u0131n (buy\u0131rtpalar) itibir\u01f5a al\u01f5an halda m\u00e1mleketlik grantlar h\u00e1m t\u00f3lemli-kontrakt tiykar\u0131nda \u00abbuy\u0131rtpalar portfelin\u00bb q\u00e1liplestiriw. <\/span><\/li>\n<li style=\"text-align: justify;\"><span style=\"font-family: 'times new roman', times, serif; font-size: 14pt;\">Filial\u00a0 pitkeriwshilerin jum\u0131s or\u0131nlar\u0131na b\u00f3listiriw boy\u0131nsha komissiya d\u00faziw, b\u00f3listiriw komissiyas\u0131 t\u00e1repinen jum\u0131s beriwshi m\u00e1keme, k\u00e1rxana h\u00e1m sh\u00f3lkemlerdi\u0144 kadrlar\u01f5a bol\u01f5an real talab\u0131na muwap\u0131q pitkeriwshilerdi jum\u0131sqa b\u00f3listiriw jobas\u0131n (d\u00e1slepki, an\u0131qlan\u01f5an) islep sh\u0131\u01f5\u0131w h\u00e1m juwmaqlawsh\u0131 b\u00f3listiriwdi \u00f3tkeriw, olard\u0131\u0144 n\u00e1tiyjesi boy\u0131nsha pitkeriwshilerdi\u0144 jeke b\u00f3listiriw dizimin d\u00faziw h\u00e1m ul\u0131wmalast\u0131r\u0131w. <\/span><\/li>\n<li style=\"text-align: justify;\"><span style=\"font-family: 'times new roman', times, serif; font-size: 14pt;\">Ja\u0144a oq\u0131w j\u0131l\u0131na qab\u0131llaw boy\u0131nsha rejeni\u0144 or\u0131nlan\u0131w\u0131 (m\u00e1mleketlik grant h\u00e1m t\u00f3lemli-kontrakt tiykar\u0131nda qab\u0131lllaw rejesi, kelip t\u00fasken arzalar, konkurs, qab\u0131l etilgen studentler san\u0131, olard\u0131\u0144 kurslar\u0131, t\u00e1lim ba\u01f5darlar\u0131 (q\u00e1nigelikler) boy\u0131nsha b\u00f3listiriliwi, oq\u0131t\u0131w tilleri h\u00e1m t.b.) haqq\u0131nda ma\u01f5l\u0131wmatlar bankin jarat\u0131w. <\/span><\/li>\n<li style=\"text-align: justify;\"><span style=\"font-family: 'times new roman', times, serif; font-size: 14pt;\">Bakalavriat ba\u01f5darlar\u0131 h\u00e1m magistratura q\u00e1nigelikleri boy\u0131nsha studentlerdi\u0144 k\u00e1siplik sheberligin artt\u0131r\u0131w h\u00e1m pitkeriwshilerdi jum\u0131sqa b\u00f3listiriwde universitetti\u0144 tiyisli b\u00f3limleri (ilimiy, metodikal\u0131q ke\u0144esler, oq\u0131w-metodikal\u0131q b\u00f3limler, fakul\u2019tetler, kafedralar h t.b.) menen islesiw, olar t\u00e1repinen \u00e1melge as\u0131r\u0131l\u01f5an is-il\u00e1jlar sapas\u0131n analizlew h\u00e1m bahalawda qatnas\u0131w, marketing siyasat\u0131n \u00e1melge as\u0131r\u0131wda tiyisli b\u00f3limler x\u0131zmetin muwap\u0131qlast\u0131r\u0131w.<\/span><\/li>\n<li style=\"text-align: justify;\"><span style=\"font-family: 'times new roman', times, serif; font-size: 14pt;\">\u00d3zbekstan Respublikas\u0131 Prezidentini\u0144 \u201c2005-2006-oq\u0131w j\u0131l\u0131nda \u00d3zbekstan Respublikas\u0131 joqar\u0131 oq\u0131w or\u0131nlar\u0131na qab\u0131l etiw boy\u0131nsha 2005-j\u0131l 2-iyunda\u01f5\u0131 PQ-92 sanl\u0131 qarar\u0131na muwap\u0131q barl\u0131q bakalavr t\u00e1lim ba\u01f5dar\u0131 h\u00e1m magistratura q\u00e1nigelikleri boy\u0131nsha m\u00e1mleketlik grant tiykar\u0131nda bilim al\u01f5an JOO pitkeriwshilerin e\u0144 keminde \u00fash j\u0131l jum\u0131s islep beriw sh\u00e1rti menen oq\u0131w or\u0131n\u0131na, q\u00e1rxana h\u00e1m sh\u00f3lkemlerge jum\u0131sqa b\u00f3listiriw boy\u0131nsha waz\u0131ypalard\u0131 \u00f3z waqt\u0131nda or\u0131nlaw h\u00e1m qada\u01f5alaw, universitette tayarlan\u0131p at\u0131r\u01f5an joqar\u0131 q\u00e1nigeli kadrlar\u01f5a k\u00e1rxana, m\u00e1keme h\u00e1m sh\u00f3lkemlerdi\u0144 talab\u0131n fakul\u2019tetler, kafedralar h\u00e1m derektorat penen \u00fayrenip sh\u0131qqan halda ma\u01f5l\u0131wmatlar bazas\u0131n q\u00e1liplestiriw, miynet bazar\u0131 konyukturas\u0131n \u00fayreniw, qab\u0131l etiw k\u00f3rsetkishlerin us\u0131n\u0131w, paydalan\u0131wsh\u0131lard\u0131\u0144 pitkeriwshilerge bol\u01f5an real buy\u0131rtpas\u0131 tiykar\u0131nda q\u00e1liplestiriw, studentler kontingenti, pitkeriwshilerdi\u0144 jum\u0131sqa ornalas\u0131w\u0131 haqq\u0131nda\u01f5\u0131 ma\u01f5l\u0131wmatlar bazas\u0131n q\u00e1liplestiriw h\u00e1m \u00f3z waqt\u0131nda Joqar\u0131 bilimlendiriw, ilim h\u00e1m innovatsiyalar ministrligine us\u0131n\u0131w, m\u00e1mleketlik grant tiykar\u0131nda qab\u0131l etilgen bakalavr h\u00e1m magistrlar menen oq\u0131wd\u0131 pitkergennen keyin bilimlendiriw m\u00e1kemelerinde yaki k\u00e1rxanalarda keminde \u00fash j\u0131l islep beriw haqq\u0131nda sh\u00e1rtnama d\u00faziw (bir ay m\u00faddet ishinde) pitkeriwshilerdi\u0144 q\u00e1lewin inabatqa al\u01f5an halda. <\/span><\/li>\n<li style=\"text-align: justify;\"><span style=\"font-family: 'times new roman', times, serif; font-size: 14pt;\">M\u00e1mleketlik grant tiykar\u0131nda pitkergen jas q\u00e1nigelerdi respublikam\u0131zd\u0131\u0144 ekonomikal\u0131q tarmaqlar\u0131nda n\u00e1tiyjeli paydalan\u0131w ush\u0131n olard\u0131 \u00f3z waqt\u0131nda jum\u0131s penen t\u00e1miyinlewge k\u00f3meklesiw, pitkeriwshilerge jum\u0131s or\u0131n\u0131 haqq\u0131nda ma\u01f5l\u0131wmat beriw, miynet yarmarkalar\u0131n \u00f3tkeriwdi sh\u00f3lkemlestiriw (administraciya j\u00e1rdeminde), pitkeriwshilerdi\u0144 jum\u0131sqa jaylasqanl\u0131\u01f5\u0131 haqq\u0131nda\u01f5\u0131 ma\u01f5l\u0131wmatlar\u0131n tayarlaw.<\/span><\/li>\n<\/ul>\n<p style=\"text-align: justify;\">\u00a0<\/p>\n<p style=\"text-align: justify;\">\u00a0<\/p>\n<p><\/p>","protected":false},"excerpt":{"rendered":"<p>Orazboyeva Marhabo Tozaboy q\u0131z\u0131 Telefon: (+99890) 592-96-04 Elektron pochta: marhabourazbayeva@gmail.com \u00a0 Marketing h\u00e1m talabalar \u00e1melyati\u00a0 b\u00f3limini\u0144 iskerligi &nbsp; B\u00f3limni\u0144 tiykar\u01f5\u0131 waz\u0131ypalar\u0131nan biri, studentlerdi qab\u0131llaw k\u00f3rsetkishlerin an\u0131qlaw m\u00e1qsetinde jum\u0131s beriwshiler (k\u00e1rxana h\u00e1m m\u00e1kemeler)di\u0144 barl\u0131q t\u00e1lim ba\u01f5darlar\u0131 yamasa q\u00e1nigeliklerge bol\u01f5an talaplar\u0131n (buy\u0131rtpalar) itibir\u01f5a al\u01f5an halda m\u00e1mleketlik grantlar h\u00e1m t\u00f3lemli-kontrakt tiykar\u0131nda \u00abbuy\u0131rtpalar portfelin\u00bb q\u00e1liplestiriw. Filial\u00a0 pitkeriwshilerin jum\u0131s or\u0131nlar\u0131na [&hellip;]<\/p>\n","protected":false},"author":4,"featured_media":0,"parent":0,"menu_order":0,"comment_status":"closed","ping_status":"closed","template":"","meta":{"footnotes":""},"class_list":["post-130","page","type-page","status-publish","hentry"],"_links":{"self":[{"href":"https:\/\/uzdjtsunf.uz\/qq\/wp-json\/wp\/v2\/pages\/130","targetHints":{"allow":["GET"]}}],"collection":[{"href":"https:\/\/uzdjtsunf.uz\/qq\/wp-json\/wp\/v2\/pages"}],"about":[{"href":"https:\/\/uzdjtsunf.uz\/qq\/wp-json\/wp\/v2\/types\/page"}],"author":[{"embeddable":true,"href":"https:\/\/uzdjtsunf.uz\/qq\/wp-json\/wp\/v2\/users\/4"}],"replies":[{"embeddable":true,"href":"https:\/\/uzdjtsunf.uz\/qq\/wp-json\/wp\/v2\/comments?post=130"}],"version-history":[{"count":7,"href":"https:\/\/uzdjtsunf.uz\/qq\/wp-json\/wp\/v2\/pages\/130\/revisions"}],"predecessor-version":[{"id":19912,"href":"https:\/\/uzdjtsunf.uz\/qq\/wp-json\/wp\/v2\/pages\/130\/revisions\/19912"}],"wp:attachment":[{"href":"https:\/\/uzdjtsunf.uz\/qq\/wp-json\/wp\/v2\/media?parent=130"}],"curies":[{"name":"wp","href":"https:\/\/api.w.org\/{rel}","templated":true}]}}