{"id":16012,"date":"2025-01-04T20:51:59","date_gmt":"2025-01-04T15:51:59","guid":{"rendered":"https:\/\/uzdjtsunf.uz\/?page_id=16012"},"modified":"2025-02-07T16:30:11","modified_gmt":"2025-02-07T11:30:11","slug":"dxsh-asosida-amalga-oshiriladigan-loyihalar-yuzasidan-jamoatchilik-muhokamasi-eloni","status":"publish","type":"page","link":"https:\/\/uzdjtsunf.uz\/qq\/dxsh-asosida-amalga-oshiriladigan-loyihalar-yuzasidan-jamoatchilik-muhokamasi-eloni\/","title":{"rendered":"ISBILERMENLER H\u00c1M INVESTORLAR D\u00cdQQAT\u00cdNA!"},"content":{"rendered":"<p><\/p>\n<p class=\"leading-8 font-normal\" style=\"text-align: justify;\" data-pm-slice=\"1 1 []\"><strong><span style=\"font-size: 14pt; font-family: 'times new roman', times, serif;\">\u00d3zbekstan Respublikas\u0131 Ministrler Kabinetini\u0144 2021-j\u0131l 9-sentyabrdegi &#8220;Respublika joqar\u0131 bilimlendiriw m\u00e1kemelerinde studentlerdi turaq jay menen qamt\u0131p al\u0131w d\u00e1rejesin artt\u0131r\u0131w ilajlar\u0131 haqq\u0131nda&#8221;\u01f5\u0131 563-sanl\u0131 qarar\u0131 qab\u0131l etilgen. Bul qararda studentler turaq jaylar\u0131n m\u00e1mleketlik-jeke menshik sheriklik tiykar\u0131nda jeke menshik investiciyalard\u0131 tart\u0131w arqal\u0131 qur\u0131w belgilengen.<\/span><\/strong><\/p>\n<p class=\"leading-8 font-normal\" style=\"text-align: justify;\" data-pm-slice=\"1 1 []\"><span style=\"font-size: 14pt; font-family: 'times new roman', times, serif;\">\u00d3zbekstan m\u00e1mleketlik denet\u00e1rbiya h\u00e1m sport universiteti N\u00f3kis filial\u0131na jeke menshik intaker &#8220;XAYAT GROUP&#8221; JShJ t\u00e1repinen baslama us\u0131n\u0131s\u0131, son\u0131\u0144 ishinde, joybar koncepciyas\u0131 us\u0131n\u0131l\u01f5an. Bul joybarda \u00d3zbekstan m\u00e1mleketlik denet\u00e1rbiya h\u00e1m sport universiteti N\u00f3kis filial\u0131 (0,3 gektar) ayma\u01f5\u0131nda 400 or\u0131n\u01f5a m\u00f3lsherlengen studentler turaq jay\u0131n\u0131\u0144 imarat\u0131n qur\u0131w h\u00e1m jum\u0131s\u0131n sh\u00f3lkemlestiriw rejelestirilgen.<\/span><\/p>\n<p class=\"leading-8 font-normal\" style=\"text-align: justify;\" data-pm-slice=\"1 1 []\"><span style=\"font-size: 14pt; font-family: 'times new roman', times, serif;\">Joybar boy\u0131nsha jeke menshik sherikti ta\u0144law \u00d3zbekstan Respublikas\u0131n\u0131\u0144 &#8220;M\u00e1mleketlik-jeke menshik sheriklik haqq\u0131nda&#8221;\u01f5\u0131 N\u0131zam\u0131 h\u00e1m \u00d3zbekstan Respublikas\u0131 Ministrler Kabinetini\u0144 2024-j\u0131l 30-oktyabrdegi 720-sanl\u0131 &#8220;M\u00e1mleketlik-jeke menshik sheriklik taraw\u0131n bunnan b\u0131lay da jetilistiriw h\u00e1m kompleksli sistemalast\u0131r\u0131w ilajlar\u0131 haqq\u0131nda&#8221;\u01f5\u0131 qarar\u0131 talaplar\u0131na muwap\u0131q \u00e1melge as\u0131r\u0131lad\u0131.<\/span><\/p>\n<p class=\"leading-8 font-normal\" data-pm-slice=\"1 1 []\"><strong><span style=\"font-size: 14pt; font-family: 'times new roman', times, serif;\">Qos\u0131msha etilip at\u0131r\u01f5an h\u00fajjetler:<\/span><\/strong><\/p>\n<table>\n<tbody>\n<tr>\n<td><span style=\"font-family: 'times new roman', times, serif; font-size: 14pt;\"><u><img loading=\"lazy\" decoding=\"async\" src=\"https:\/\/api.mf.uz\/media\/filestore\/task_10042193.png\" alt=\"\" width=\"50\" height=\"50\" \/><\/u>\u00a0\u00a0\u00a0<a href=\"https:\/\/api.mf.uz\/media\/post_attachments\/Manfaatdorlikni_bildirish_shakliNukus.docx\" target=\"_blank\" rel=\"noopener\">Q\u0131z\u0131g\u0131wsh\u0131l\u0131q bildiriw ush\u0131n soraw formas\u0131<\/a><u><br \/>\n<\/u><\/span><\/td>\n<td><span style=\"font-family: 'times new roman', times, serif; font-size: 14pt;\"><u><img loading=\"lazy\" decoding=\"async\" src=\"https:\/\/api.mf.uz\/media\/filestore\/contract_100422611.png\" alt=\"\" width=\"50\" height=\"50\" \/><\/u>\u00a0 \u00a0<a href=\"https:\/\/api.mf.uz\/media\/post_attachments\/Oz_DJTSU_Nukus_filiali.pdf\" target=\"_blank\" rel=\"noopener\">Joybar koncepciyas\u0131;<\/a><\/span><\/td>\n<\/tr>\n<tr>\n<td><span style=\"font-family: 'times new roman', times, serif; font-size: 14pt;\">\u00a0\u00a0<img loading=\"lazy\" decoding=\"async\" src=\"https:\/\/api.mf.uz\/media\/filestore\/presentation_10042235.png\" alt=\"\" width=\"50\" height=\"50\" \/>\u00a0\u00a0<a href=\"https:\/\/api.mf.uz\/media\/post_attachments\/Malumot_uSrELB3.docx\" target=\"_blank\" rel=\"noopener\">Joybar haqq\u0131nda ma\u01f5l\u0131wmat.<\/a><\/span><\/td>\n<td>&nbsp;<\/td>\n<\/tr>\n<\/tbody>\n<\/table>\n<p class=\"leading-8 font-normal\" style=\"text-align: justify;\" data-pm-slice=\"1 1 []\"><span style=\"font-size: 14pt; font-family: 'times new roman', times, serif;\">Bul joybard\u0131 \u00e1melge as\u0131r\u0131wdan m\u00e1pdar investorlar joybar j\u00e1riyalan\u01f5an k\u00fannen baslap 45 k\u00fan ishinde &#8220;Q\u0131z\u0131\u01f5\u0131wsh\u0131l\u0131q bildiriw formas\u0131&#8221;n t\u00f3mendegi m\u00e1nzillerge jiberiwi kerek.<\/span><\/p>\n<table>\n<tbody>\n<tr>\n<td>\n<p class=\"leading-8 font-normal\" data-pm-slice=\"1 1 []\"><strong><span style=\"font-size: 14pt; font-family: 'times new roman', times, serif;\">\u00d3zbekstan m\u00e1mleketlik dene t\u00e1rbiya h\u00e1m sport universiteti N\u00f3kis filial\u0131<\/span><\/strong><\/p>\n<\/td>\n<\/tr>\n<tr>\n<td><span style=\"font-family: 'times new roman', times, serif; font-size: 14pt;\">\u00a0 \u00a0 \u00a0\u00a0<img loading=\"lazy\" decoding=\"async\" src=\"https:\/\/api.mf.uz\/media\/filestore\/message_6932547.png\" alt=\"\" width=\"35\" height=\"35\" \/> Elektron pochta m\u00e1nzili: <a href=\"mailto:ozdjtsunf@edu.uz\" target=\"_blank\" rel=\"noopener\">ozdjtsunf@edu.uz<\/a><\/span><\/td>\n<\/tr>\n<tr>\n<td><span style=\"font-family: 'times new roman', times, serif; font-size: 14pt;\">\u00a0 \u00a0 \u00a0\u00a0<img loading=\"lazy\" decoding=\"async\" src=\"https:\/\/api.mf.uz\/media\/filestore\/phone_6933387.png\" alt=\"\" width=\"35\" height=\"35\" \/> Telefon nomeri: 61 224-12-48, 224-27-78<\/span><\/td>\n<\/tr>\n<tr>\n<td><span style=\"font-family: 'times new roman', times, serif; font-size: 14pt;\"><span style=\"font-family: 'times new roman', times, serif; font-size: 14pt;\">\u00a0 \u00a0 \u00a0\u00a0<img loading=\"lazy\" decoding=\"async\" src=\"https:\/\/api.mf.uz\/media\/filestore\/location_M5KgWJv.png\" alt=\"\" width=\"35\" height=\"35\" \/> M\u00e1nzil: 230101, <\/span>Qaraqalpaqstan Respublikas\u0131, N\u00f3kis qalas\u0131 Qaraqalpaqstan k\u00f3shesi 24-jay<\/span><\/td>\n<\/tr>\n<\/tbody>\n<\/table>\n<hr \/>\n<p>&nbsp;<\/p>\n<table>\n<tbody>\n<tr>\n<td>\n<p class=\"leading-8 font-normal\" data-pm-slice=\"1 1 []\"><strong><span style=\"font-size: 14pt; font-family: 'times new roman', times, serif;\">Joqar\u0131 bilimlendiriw, ilim h\u00e1m innovaciyalar ministrligi<\/span><\/strong><\/p>\n<\/td>\n<\/tr>\n<tr>\n<td><span style=\"font-family: 'times new roman', times, serif; font-size: 14pt;\">\u00a0 \u00a0 \u00a0\u00a0<img loading=\"lazy\" decoding=\"async\" src=\"https:\/\/api.mf.uz\/media\/filestore\/message_6932547.png\" alt=\"\" width=\"35\" height=\"35\" \/> Elektron pochta m\u00e1nzili: <a href=\"mailto:devonxona@edu.uz\">devonxona@edu.uz<\/a><\/span><\/td>\n<\/tr>\n<tr>\n<td><span style=\"font-family: 'times new roman', times, serif; font-size: 14pt;\">\u00a0 \u00a0 \u00a0\u00a0<img loading=\"lazy\" decoding=\"async\" src=\"https:\/\/api.mf.uz\/media\/filestore\/phone_6933387.png\" alt=\"\" width=\"35\" height=\"35\" \/> Telefon nomeri: 71 203-32-23<\/span><\/td>\n<\/tr>\n<tr>\n<td><span style=\"font-family: 'times new roman', times, serif; font-size: 14pt;\"><span style=\"font-family: 'times new roman', times, serif; font-size: 14pt;\">\u00a0 \u00a0 \u00a0\u00a0<img loading=\"lazy\" decoding=\"async\" src=\"https:\/\/api.mf.uz\/media\/filestore\/location_M5KgWJv.png\" alt=\"\" width=\"35\" height=\"35\" \/> M\u00e1nzil: 100095, Tashkent qalas\u0131 Talabalar k\u00f3shesi 7-jay.<br \/>\n<\/span><\/span><\/td>\n<\/tr>\n<\/tbody>\n<\/table>\n<p>&nbsp;<\/p>\n<hr \/>\n<p>&nbsp;<\/p>\n<table>\n<tbody>\n<tr>\n<td>\n<p class=\"leading-8 font-normal\" data-pm-slice=\"1 1 []\"><strong><span style=\"font-size: 14pt; font-family: 'times new roman', times, serif;\">\u00d3zbekstan Respublikas\u0131 Ekonomika h\u00e1m finans ministrligi<\/span><\/strong><\/p>\n<\/td>\n<\/tr>\n<tr>\n<td><span style=\"font-family: 'times new roman', times, serif; font-size: 14pt;\">\u00a0 \u00a0 \u00a0\u00a0<img loading=\"lazy\" decoding=\"async\" src=\"https:\/\/api.mf.uz\/media\/filestore\/message_6932547.png\" alt=\"\" width=\"35\" height=\"35\" \/> Elektron pochta m\u00e1nzili: <a href=\"mailto:dxshtender@imv.uz\">dxshtender@imv.uz<\/a>,\u00a0<a href=\"mailto:Shahodat.Navruzova@imv.uz\">Shahodat.Navruzova@imv.uz<\/a><\/span><\/td>\n<\/tr>\n<tr>\n<td><span style=\"font-family: 'times new roman', times, serif; font-size: 14pt;\">\u00a0 \u00a0 \u00a0\u00a0<img loading=\"lazy\" decoding=\"async\" src=\"https:\/\/api.mf.uz\/media\/filestore\/phone_6933387.png\" alt=\"\" width=\"35\" height=\"35\" \/> Telefon nomeri: 71 203-50-50 (01919)<\/span><\/td>\n<\/tr>\n<tr>\n<td><span style=\"font-family: 'times new roman', times, serif; font-size: 14pt;\"><span style=\"font-family: 'times new roman', times, serif; font-size: 14pt;\">\u00a0 \u00a0 \u00a0\u00a0<img loading=\"lazy\" decoding=\"async\" src=\"https:\/\/api.mf.uz\/media\/filestore\/location_M5KgWJv.png\" alt=\"\" width=\"35\" height=\"35\" \/> M\u00e1nzil: 100017 <\/span><strong>Tashkent qalas\u0131, Istiqlol 29-jay.<\/strong><\/span><\/td>\n<\/tr>\n<\/tbody>\n<\/table>\n<p class=\"leading-8 font-normal\" style=\"text-align: justify;\" data-pm-slice=\"1 1 []\"><span style=\"font-size: 14pt; font-family: 'times new roman', times, serif;\">&#8220;M\u00e1mleketlik-jeke menshik sheriklik haqq\u0131nda&#8221;\u01f5\u0131 N\u0131zamn\u0131\u0144 17-statyas\u0131na tiykarlan\u0131p, q\u0131z\u0131\u01f5\u0131wsh\u0131l\u0131q bildiriw ush\u0131n soraw h\u00e1m tenderler (us\u0131n\u0131slar) al\u0131n\u01f5an ja\u01f5dayda, m\u00e1mleketlik sherik t\u00e1repinen joybard\u0131\u0144 jeke menshik intakeri h\u00e1m q\u0131z\u0131\u01f5\u0131wsh\u0131l\u0131q bildirgen \u00fashinshi t\u00e1replerdi\u0144 qatnas\u0131w\u0131nda jeke menshik sherikti an\u0131qlaw ush\u0131n tender \u00f3tkeriledi.<\/span><\/p>\n<p data-pm-slice=\"1 1 []\">\u00a0<\/p>\n<p data-pm-slice=\"1 1 []\">\u00a0<\/p>\n<table class=\"aligncenter\" style=\"height: 52px; width: 99.51%; border-collapse: collapse; border-color: #000101;\" border=\"1\" cellspacing=\"1\" cellpadding=\"1\">\n<tbody>\n<tr>\n<td style=\"width: 86.919%;\">\n<p class=\"leading-8 font-normal\" data-pm-slice=\"1 1 []\"><strong><span style=\"font-size: 14pt; font-family: 'times new roman', times, serif;\">\u00d3zbekstan m\u00e1mleketlik dene t\u00e1rbiyas\u0131 h\u00e1m sport universiteti N\u00f3kis filial\u0131nda m\u00e1mleketlik-jeke menshik sheriklik tiykar\u0131nda studentler turaq jay\u0131n qur\u0131w joybar\u0131 boy\u0131nsha j\u00e1mietlik dodalaw j\u00e1riyalan\u0131w\u0131<\/span><\/strong><\/p>\n<\/td>\n<td style=\"width: 21.2563%;\"><span style=\"text-decoration: underline;\"><span style=\"color: #0000ff;\"><strong><span style=\"font-family: 'times new roman', times, serif; font-size: 14pt;\"><a style=\"color: #0000ff; text-decoration: underline;\" href=\"https:\/\/uzdjtsunf.uz\/wp-content\/uploads\/2025\/01\/6fdf7e6b-1bf1-490f-e387-755af3e7e7c3_media_.pdf\">j\u00faklep al\u0131w<\/a><\/span><\/strong><\/span><\/span><\/td>\n<\/tr>\n<\/tbody>\n<\/table>\n<p><\/p>","protected":false},"excerpt":{"rendered":"<p>\u00d3zbekstan Respublikas\u0131 Ministrler Kabinetini\u0144 2021-j\u0131l 9-sentyabrdegi &#8220;Respublika joqar\u0131 bilimlendiriw m\u00e1kemelerinde studentlerdi turaq jay menen qamt\u0131p al\u0131w d\u00e1rejesin artt\u0131r\u0131w ilajlar\u0131 haqq\u0131nda&#8221;\u01f5\u0131 563-sanl\u0131 qarar\u0131 qab\u0131l etilgen. Bul qararda studentler turaq jaylar\u0131n m\u00e1mleketlik-jeke menshik sheriklik tiykar\u0131nda jeke menshik investiciyalard\u0131 tart\u0131w arqal\u0131 qur\u0131w belgilengen. \u00d3zbekstan m\u00e1mleketlik denet\u00e1rbiya h\u00e1m sport universiteti N\u00f3kis filial\u0131na jeke menshik intaker &#8220;XAYAT GROUP&#8221; JShJ t\u00e1repinen [&hellip;]<\/p>\n","protected":false},"author":4,"featured_media":0,"parent":0,"menu_order":0,"comment_status":"closed","ping_status":"closed","template":"","meta":{"footnotes":""},"class_list":["post-16012","page","type-page","status-publish","hentry"],"_links":{"self":[{"href":"https:\/\/uzdjtsunf.uz\/qq\/wp-json\/wp\/v2\/pages\/16012","targetHints":{"allow":["GET"]}}],"collection":[{"href":"https:\/\/uzdjtsunf.uz\/qq\/wp-json\/wp\/v2\/pages"}],"about":[{"href":"https:\/\/uzdjtsunf.uz\/qq\/wp-json\/wp\/v2\/types\/page"}],"author":[{"embeddable":true,"href":"https:\/\/uzdjtsunf.uz\/qq\/wp-json\/wp\/v2\/users\/4"}],"replies":[{"embeddable":true,"href":"https:\/\/uzdjtsunf.uz\/qq\/wp-json\/wp\/v2\/comments?post=16012"}],"version-history":[{"count":12,"href":"https:\/\/uzdjtsunf.uz\/qq\/wp-json\/wp\/v2\/pages\/16012\/revisions"}],"predecessor-version":[{"id":16331,"href":"https:\/\/uzdjtsunf.uz\/qq\/wp-json\/wp\/v2\/pages\/16012\/revisions\/16331"}],"wp:attachment":[{"href":"https:\/\/uzdjtsunf.uz\/qq\/wp-json\/wp\/v2\/media?parent=16012"}],"curies":[{"name":"wp","href":"https:\/\/api.w.org\/{rel}","templated":true}]}}