{"id":18822,"date":"2025-08-29T12:23:10","date_gmt":"2025-08-29T07:23:10","guid":{"rendered":"https:\/\/uzdjtsunf.uz\/?page_id=18822"},"modified":"2025-09-16T22:09:57","modified_gmt":"2025-09-16T17:09:57","slug":"talabalarning-gpa-ballar","status":"publish","type":"page","link":"https:\/\/uzdjtsunf.uz\/qq\/talabalarning-gpa-ballar\/","title":{"rendered":"Studentlerdi\u0144 GPA ballar\u0131"},"content":{"rendered":"<p><\/p>\n<p style=\"font-weight: 400; text-align: justify;\"><span style=\"font-family: 'times new roman', times, serif; font-size: 14pt;\">O\u2018zbekiston Respublikasi Vazirlar Mahkamasining 2025-yil 10-mart kungi 149-sonli qaroriga asosan O\u2018zbekiston davlat jismoniy tarbiya va sport universiteti Nukus filiali bo\u2018yicha to\u2018liq va to\u2018liq bo\u2018lmagan grantlarni qayta taqsimlash, shuningdek, belgilangan toifadagi talabalar uchun qo\u2018shimcha davlat grantlari hamda oliy ta\u2019lim muassasasining grantlariga talabgor sifatida <a href=\"https:\/\/forms.gle\/UKwiKNa5kQ4Hnsr6A\">https:\/\/forms.gle\/UKwiKNa5kQ4Hnsr6A<\/a> platformasi orqali ariza bergan talabalarning 2024\/2025 o\u2018quv yilidagi akademik o\u2018zlashtirish ko\u2018rsatkichlari va ijtimoiy faollik ko\u2018rsatkichlariga oid natijalar e\u2019lon qilinmoqda!<\/span><\/p>\n<p style=\"font-weight: 400; text-align: center;\"><span style=\"font-family: 'times new roman', times, serif; font-size: 14pt;\">\u00a0<b><strong>Akademik o\u2018zlashtirish ko\u2018rsatkichlari bo\u2018yicha:<\/strong><\/b><\/span><\/p>\n<p style=\"text-align: justify;\"><span style=\"font-family: 'times new roman', times, serif; font-size: 14pt;\"><a href=\"https:\/\/uzdjtsunf.uz\/wp-content\/uploads\/2025\/08\/adaptiv-jismoniy-tarbiya-va-sport-2.pdf\">Adaptiv jismoniy tarbiya va sport,<\/a><\/span><\/p>\n<p style=\"text-align: justify;\"><span style=\"font-family: 'times new roman', times, serif; font-size: 14pt;\"><a href=\"https:\/\/uzdjtsunf.uz\/wp-content\/uploads\/2025\/08\/akademik-eshkak-eshish-1.pdf\">Akademik eshkak eshish,<\/a>\u00a0<\/span><\/p>\n<p style=\"text-align: justify;\"><span style=\"font-family: 'times new roman', times, serif; font-size: 14pt;\"><a href=\"https:\/\/uzdjtsunf.uz\/wp-content\/uploads\/2025\/08\/badiiy-gimnastika.pdf\">Badiiy gimnastika<\/a>,<\/span><\/p>\n<p style=\"text-align: justify;\"><span style=\"font-family: 'times new roman', times, serif; font-size: 14pt;\"><a href=\"https:\/\/uzdjtsunf.uz\/wp-content\/uploads\/2025\/08\/badminton-2.pdf\">Badminton<\/a>,<\/span><\/p>\n<p style=\"text-align: justify;\"><span style=\"font-family: 'times new roman', times, serif; font-size: 14pt;\"><a href=\"https:\/\/uzdjtsunf.uz\/wp-content\/uploads\/2025\/08\/basketbol-2.pdf\">Basketbol<\/a>,<\/span><\/p>\n<p style=\"text-align: justify;\"><span style=\"font-family: 'times new roman', times, serif; font-size: 14pt;\"><a href=\"https:\/\/uzdjtsunf.uz\/wp-content\/uploads\/2025\/08\/baydarka-va-kanoeda-eshkak-eshish.pdf\">Baydarka va kanoeda eshkak eshish<\/a>,<\/span><\/p>\n<p style=\"text-align: justify;\"><span style=\"font-family: 'times new roman', times, serif; font-size: 14pt;\"><a href=\"https:\/\/uzdjtsunf.uz\/wp-content\/uploads\/2025\/08\/boks-2.pdf\">Boks<\/a>,<\/span><\/p>\n<p style=\"text-align: justify;\"><span style=\"font-family: 'times new roman', times, serif; font-size: 14pt;\"><a href=\"https:\/\/uzdjtsunf.uz\/wp-content\/uploads\/2025\/08\/ogir-atletika.pdf\">Og&#8217;ir atletika,<\/a><\/span><\/p>\n<p style=\"text-align: justify;\"><span style=\"font-family: 'times new roman', times, serif; font-size: 14pt;\"><a href=\"https:\/\/uzdjtsunf.uz\/wp-content\/uploads\/2025\/08\/dzyudo-2.pdf\">Dzyudo<\/a>,<\/span><\/p>\n<p style=\"text-align: justify;\"><span style=\"font-family: 'times new roman', times, serif; font-size: 14pt;\"><a href=\"https:\/\/uzdjtsunf.uz\/wp-content\/uploads\/2025\/08\/qilichbozlik.pdf\">Qilichbozlik<\/a>,<\/span><\/p>\n<p style=\"text-align: justify;\"><span style=\"font-family: 'times new roman', times, serif; font-size: 14pt;\"><a href=\"https:\/\/uzdjtsunf.uz\/wp-content\/uploads\/2025\/08\/erkin-kurash-2.pdf\">Erkin kurash<\/a>,<\/span><\/p>\n<p style=\"text-align: justify;\"><span style=\"font-family: 'times new roman', times, serif; font-size: 14pt;\"><a href=\"https:\/\/uzdjtsunf.uz\/wp-content\/uploads\/2025\/08\/futbol-2.pdf\">Futbol<\/a>,<\/span><\/p>\n<p style=\"text-align: justify;\"><span style=\"font-family: 'times new roman', times, serif; font-size: 14pt;\"><a href=\"https:\/\/uzdjtsunf.uz\/wp-content\/uploads\/2025\/08\/gandbol.pdf\">Gandbol<\/a>,<\/span><\/p>\n<p style=\"text-align: justify;\"><span style=\"font-family: 'times new roman', times, serif; font-size: 14pt;\"><a href=\"https:\/\/uzdjtsunf.uz\/wp-content\/uploads\/2025\/08\/shaxmat-2.pdf\">Shaxmat<\/a>,<\/span><\/p>\n<p style=\"text-align: justify;\"><span style=\"font-family: 'times new roman', times, serif; font-size: 14pt;\"><a href=\"https:\/\/uzdjtsunf.uz\/wp-content\/uploads\/2025\/08\/kamondan-otish-1.pdf\">Kamondan otish<\/a>,<\/span><\/p>\n<p style=\"text-align: justify;\"><span style=\"font-family: 'times new roman', times, serif; font-size: 14pt;\"><a href=\"https:\/\/uzdjtsunf.uz\/wp-content\/uploads\/2025\/08\/kurash-2.pdf\">Kurash<\/a>,<\/span><\/p>\n<p style=\"text-align: justify;\"><span style=\"font-family: 'times new roman', times, serif; font-size: 14pt;\"><a href=\"https:\/\/uzdjtsunf.uz\/wp-content\/uploads\/2025\/08\/stol-tennis.pdf\">Stol tennis<\/a>,<\/span><\/p>\n<p style=\"text-align: justify;\"><span style=\"font-family: 'times new roman', times, serif; font-size: 14pt;\"><a href=\"https:\/\/uzdjtsunf.uz\/wp-content\/uploads\/2025\/08\/taekvondo-wtf-1.pdf\">Taekvondo WTF<\/a>.<\/span><\/p>\n<p style=\"text-align: center;\"><span style=\"font-family: 'times new roman', times, serif; font-size: 14pt;\"><strong>Ijtimoiy faollik ko\u2018rsatkichlari bo\u2018yicha:<\/strong><\/span><\/p>\n<p><span style=\"font-family: 'times new roman', times, serif; font-size: 14pt;\"><a href=\"https:\/\/uzdjtsunf.uz\/wp-content\/uploads\/2025\/08\/adaptiv-dene-tarbiya-ham-sport-ozbek-topari.pdf\">Adaptiv jismoniy tarbiya va sport,<\/a><\/span><\/p>\n<p><span style=\"font-family: 'times new roman', times, serif; font-size: 14pt;\"><a href=\"https:\/\/uzdjtsunf.uz\/wp-content\/uploads\/2025\/08\/akademik-eskek-esiw-ozbek-topari.pdf\">Akademik eshkak eshish,<\/a><\/span><\/p>\n<p><span style=\"font-family: 'times new roman', times, serif; font-size: 14pt;\"><a href=\"https:\/\/uzdjtsunf.uz\/wp-content\/uploads\/2025\/08\/awir-atletika-ozbek-topari.pdf\">Og&#8217;ir atletika,<\/a><\/span><\/p>\n<p><span style=\"font-family: 'times new roman', times, serif; font-size: 14pt;\"><a href=\"https:\/\/uzdjtsunf.uz\/wp-content\/uploads\/2025\/08\/badminton-ozbek-topari.pdf\">Badminton,<\/a><\/span><\/p>\n<p><span style=\"font-family: 'times new roman', times, serif; font-size: 14pt;\"><a href=\"https:\/\/uzdjtsunf.uz\/wp-content\/uploads\/2025\/08\/basketbol-ozbek-topari.pdf\">Basketbol,<\/a><\/span><\/p>\n<p><span style=\"font-family: 'times new roman', times, serif; font-size: 14pt;\"><a href=\"https:\/\/uzdjtsunf.uz\/wp-content\/uploads\/2025\/08\/baydarka-ham-kanoeda-eskek-esiw-ozbek-topari.pdf\">Baydarka va kanoeda eshkak eshish,<\/a><\/span><\/p>\n<p><span style=\"font-family: 'times new roman', times, serif; font-size: 14pt;\"><a href=\"https:\/\/uzdjtsunf.uz\/wp-content\/uploads\/2025\/08\/boks-ozbek-topari.pdf\">Boks,<\/a><\/span><\/p>\n<p><span style=\"font-family: 'times new roman', times, serif; font-size: 14pt;\"><a href=\"https:\/\/uzdjtsunf.uz\/wp-content\/uploads\/2025\/08\/dzyudo-ozbek-topari.pdf\">Dzyudo,<\/a><\/span><\/p>\n<p><span style=\"font-family: 'times new roman', times, serif; font-size: 14pt;\"><a href=\"https:\/\/uzdjtsunf.uz\/wp-content\/uploads\/2025\/08\/futbol-ozbek-topari.pdf\">Futbol,<\/a><\/span><\/p>\n<p><span style=\"font-family: 'times new roman', times, serif; font-size: 14pt;\"><a href=\"https:\/\/uzdjtsunf.uz\/wp-content\/uploads\/2025\/08\/juziw-ozbek-topari.pdf\">Suzish,<\/a><\/span><\/p>\n<p><span style=\"font-family: 'times new roman', times, serif; font-size: 14pt;\"><a href=\"https:\/\/uzdjtsunf.uz\/wp-content\/uploads\/2025\/08\/korkem-gimnastika-ozbek-topari.pdf\">Badiy gimnastika,<\/a><\/span><\/p>\n<p><span style=\"font-family: 'times new roman', times, serif; font-size: 14pt;\"><a href=\"https:\/\/uzdjtsunf.uz\/wp-content\/uploads\/2025\/08\/kurash-ozbek-topari.pdf\">Kurash,<\/a><\/span><\/p>\n<p><span style=\"font-family: 'times new roman', times, serif; font-size: 14pt;\"><a href=\"https:\/\/uzdjtsunf.uz\/wp-content\/uploads\/2025\/08\/qol-topi-ozbek-topari.pdf\">Gandbol,<\/a><\/span><\/p>\n<p><span style=\"font-family: 'times new roman', times, serif; font-size: 14pt;\"><a href=\"https:\/\/uzdjtsunf.uz\/wp-content\/uploads\/2025\/08\/shaxmat-ozbek-topari.pdf\">Shaxmat,<\/a><\/span><\/p>\n<p><span style=\"font-family: 'times new roman', times, serif; font-size: 14pt;\"><a href=\"https:\/\/uzdjtsunf.uz\/wp-content\/uploads\/2025\/08\/tennis-ozbek-topari.pdf\">Tennis,<\/a><\/span><\/p>\n<p><span style=\"font-family: 'times new roman', times, serif; font-size: 14pt;\"><a href=\"https:\/\/uzdjtsunf.uz\/wp-content\/uploads\/2025\/08\/velosport-ozbek-topari.pdf\">Velosport.<\/a><\/span><\/p>\n<p><strong><a href=\"https:\/\/uzdjtsunf.uz\/wp-content\/uploads\/2025\/09\/bayonnoma_rotated-1.pdf\"><span style=\"font-size: 14pt;\"><span style=\"font-family: 'times new roman', times, serif;\">Studentlerge grantlard\u0131 us\u0131n\u0131s etiw h\u00e1m qayta b\u00f3listiriw boy\u0131nsha bayanlamas\u0131:<\/span><\/span><\/a><\/strong><\/p>\n<p><\/p>","protected":false},"excerpt":{"rendered":"<p>O\u2018zbekiston Respublikasi Vazirlar Mahkamasining 2025-yil 10-mart kungi 149-sonli qaroriga asosan O\u2018zbekiston davlat jismoniy tarbiya va sport universiteti Nukus filiali bo\u2018yicha to\u2018liq va to\u2018liq bo\u2018lmagan grantlarni qayta taqsimlash, shuningdek, belgilangan toifadagi talabalar uchun qo\u2018shimcha davlat grantlari hamda oliy ta\u2019lim muassasasining grantlariga talabgor sifatida https:\/\/forms.gle\/UKwiKNa5kQ4Hnsr6A platformasi orqali ariza bergan talabalarning 2024\/2025 o\u2018quv yilidagi akademik o\u2018zlashtirish ko\u2018rsatkichlari va [&hellip;]<\/p>\n","protected":false},"author":82,"featured_media":0,"parent":0,"menu_order":0,"comment_status":"closed","ping_status":"closed","template":"","meta":{"footnotes":""},"class_list":["post-18822","page","type-page","status-publish","hentry"],"_links":{"self":[{"href":"https:\/\/uzdjtsunf.uz\/qq\/wp-json\/wp\/v2\/pages\/18822","targetHints":{"allow":["GET"]}}],"collection":[{"href":"https:\/\/uzdjtsunf.uz\/qq\/wp-json\/wp\/v2\/pages"}],"about":[{"href":"https:\/\/uzdjtsunf.uz\/qq\/wp-json\/wp\/v2\/types\/page"}],"author":[{"embeddable":true,"href":"https:\/\/uzdjtsunf.uz\/qq\/wp-json\/wp\/v2\/users\/82"}],"replies":[{"embeddable":true,"href":"https:\/\/uzdjtsunf.uz\/qq\/wp-json\/wp\/v2\/comments?post=18822"}],"version-history":[{"count":13,"href":"https:\/\/uzdjtsunf.uz\/qq\/wp-json\/wp\/v2\/pages\/18822\/revisions"}],"predecessor-version":[{"id":19017,"href":"https:\/\/uzdjtsunf.uz\/qq\/wp-json\/wp\/v2\/pages\/18822\/revisions\/19017"}],"wp:attachment":[{"href":"https:\/\/uzdjtsunf.uz\/qq\/wp-json\/wp\/v2\/media?parent=18822"}],"curies":[{"name":"wp","href":"https:\/\/api.w.org\/{rel}","templated":true}]}}