{"id":20,"date":"2019-04-25T07:44:36","date_gmt":"2019-04-25T04:44:36","guid":{"rendered":"http:\/\/uzdjtsunf.uz\/?page_id=20"},"modified":"2026-02-05T18:17:08","modified_gmt":"2026-02-05T13:17:08","slug":"administracziya","status":"publish","type":"page","link":"https:\/\/uzdjtsunf.uz\/qq\/administraciya\/","title":{"rendered":"Administraciya"},"content":{"rendered":"<p><\/p>\n<table style=\"border-collapse: collapse; width: 100%; height: 49px;\">\n<tbody>\n<tr style=\"height: 104px;\">\n<td style=\"width: 25.6168%; height: 49px; text-align: center;\"><img loading=\"lazy\" decoding=\"async\" class=\"alignnone wp-image-11757\" src=\"https:\/\/uzdjtsunf.uz\/wp-content\/uploads\/2024\/01\/bajram-9-265x300.jpg\" alt=\"\" width=\"353\" height=\"400\" srcset=\"https:\/\/uzdjtsunf.uz\/wp-content\/uploads\/2024\/01\/bajram-9-265x300.jpg 265w, https:\/\/uzdjtsunf.uz\/wp-content\/uploads\/2024\/01\/bajram-9-904x1024.jpg 904w, https:\/\/uzdjtsunf.uz\/wp-content\/uploads\/2024\/01\/bajram-9-768x870.jpg 768w, https:\/\/uzdjtsunf.uz\/wp-content\/uploads\/2024\/01\/bajram-9-1355x1536.jpg 1355w, https:\/\/uzdjtsunf.uz\/wp-content\/uploads\/2024\/01\/bajram-9.jpg 1772w\" sizes=\"auto, (max-width: 353px) 100vw, 353px\" \/><\/td>\n<td style=\"width: 74.3832%; height: 49px;\">\n<p style=\"text-align: center;\"><span style=\"font-family: 'times new roman', times, serif; font-size: 14pt;\"><strong>\u00d3zbekstan m\u00e1mleketlik dene t\u00e1rbiyas\u0131 h\u00e1m sport universiteti N\u00f3kis filial\u0131 direktor\u0131<br \/>\n<\/strong>Erimbetov Bayrambay Karl\u0131baevich<br \/>\n<strong>Telefon:<\/strong> (861) 224-84-24<br \/>\n<strong>E-mail: <\/strong><a href=\"mailto:Legend_ball@gmail.ru\">Legend_ball@gmail.ru<\/a><br \/>\n<strong>Qab<span style=\"color: #333399;\">\u0131<\/span>llaw k\u00f9ni h\u00e1m saat<span style=\"color: #333399;\">\u0131<\/span>:<\/strong> S\u00e1rshembi h\u00e1m juma<\/span><br \/>\n<span style=\"font-family: 'times new roman', times, serif; font-size: 14pt;\"><strong>Saat<\/strong> 10-00 den 12-00 ge shekem<\/span><\/p>\n<\/td>\n<\/tr>\n<\/tbody>\n<\/table>\n<p style=\"text-align: center;\">\u00a0<\/p>\n<table style=\"border-collapse: collapse; width: 100%;\">\n<tbody>\n<tr>\n<td style=\"width: 25.8457%;\"><img loading=\"lazy\" decoding=\"async\" class=\"wp-image-18240 alignnone\" src=\"https:\/\/uzdjtsunf.uz\/wp-content\/uploads\/2025\/07\/1111-1.jpg\" alt=\"\" width=\"484\" height=\"400\" srcset=\"https:\/\/uzdjtsunf.uz\/wp-content\/uploads\/2025\/07\/1111-1.jpg 813w, https:\/\/uzdjtsunf.uz\/wp-content\/uploads\/2025\/07\/1111-1-300x248.jpg 300w, https:\/\/uzdjtsunf.uz\/wp-content\/uploads\/2025\/07\/1111-1-768x635.jpg 768w\" sizes=\"auto, (max-width: 484px) 100vw, 484px\" \/><\/td>\n<td style=\"width: 74.1543%;\">\n<p style=\"text-align: center;\"><span style=\"font-family: 'times new roman', times, serif; font-size: 14pt;\"><strong>\u00d3zbekstan m\u00e1mleketlik dene t\u00e1rbiyas\u0131 h\u00e1m sport universiteti N\u00f3kis filial\u0131 direktor\u0131n\u0131\u0144<br \/>\n<\/strong><\/span><span style=\"font-family: 'times new roman', times, serif; font-size: 14pt;\">Jaslar m\u00e1seleleri h\u00e1m ruwx\u0131y-a\u01f5art\u0131wsh\u0131l\u0131q isleri boy\u0131nsha birinshi or\u0131nbasar\u0131<br \/>\n<\/span><span style=\"font-family: 'times new roman', times, serif; font-size: 14pt;\">Xojametov Gulmurat Bekmuratovich\u00a0<br \/>\n<\/span><span style=\"font-family: 'times new roman', times, serif; font-size: 14pt;\"><strong>Telefon:<\/strong>(861) 224-84-24<br \/>\n<\/span><span style=\"font-family: 'times new roman', times, serif; font-size: 14pt;\"><strong>E-mail:<\/strong>_________________<br \/>\n<\/span><span style=\"font-family: 'times new roman', times, serif; font-size: 14pt;\"><strong>Qab\u0131llaw k\u00f9ni h\u00e1m saat\u0131:<\/strong>Siyshenbi h\u00e1m piyshenbi<\/span><br \/>\n<span style=\"font-family: 'times new roman', times, serif; font-size: 14pt;\"><strong>Saat<\/strong>15-00 den 17-00 ge shekem<\/span><\/p>\n<\/td>\n<\/tr>\n<\/tbody>\n<\/table>\n<p style=\"text-align: center;\">\u00a0<\/p>\n<table style=\"border-collapse: collapse; width: 100%;\">\n<tbody>\n<tr>\n<td style=\"width: 26.4251%;\"><img loading=\"lazy\" decoding=\"async\" class=\"wp-image-11760 aligncenter\" src=\"https:\/\/uzdjtsunf.uz\/wp-content\/uploads\/2024\/01\/islam_111-259x300.jpg\" alt=\"\" width=\"346\" height=\"400\" srcset=\"https:\/\/uzdjtsunf.uz\/wp-content\/uploads\/2024\/01\/islam_111-259x300.jpg 259w, https:\/\/uzdjtsunf.uz\/wp-content\/uploads\/2024\/01\/islam_111.jpg 636w\" sizes=\"auto, (max-width: 346px) 100vw, 346px\" \/><\/td>\n<td style=\"width: 73.5749%;\">\n<p style=\"text-align: center;\"><span style=\"font-family: 'times new roman', times, serif; font-size: 14pt;\"><strong>\u00d3zbekstan m\u00e1mleketlik dene t\u00e1rbiyas\u0131 h\u00e1m sport universiteti N\u00f3kis filial\u0131<br \/>\n<\/strong><\/span><span style=\"font-family: 'times new roman', times, serif; font-size: 14pt;\"><strong>Ilimiy isler h\u00e1m innovaciyalar boy\u0131nsha direktor or\u0131nbasar\u0131<br \/>\n<\/strong><\/span><span style=\"font-family: 'times new roman', times, serif; font-size: 14pt;\">Mambetnazarov Islambek Muratbaevich<br \/>\n<\/span><span style=\"font-family: 'times new roman', times, serif; font-size: 14pt;\"><strong>Telefon:<\/strong>\u00a0(861) 224-84-24<br \/>\n<\/span><span style=\"font-family: 'times new roman', times, serif; font-size: 14pt;\"><strong>E-mail:\u00a0<\/strong><a href=\"https:\/\/uzdjtsunf.uz\/qq\/administracziya\/islambekmambetnazarov95@gmail.com\">islambekmambetnazarov95@gmail.com<\/a><\/span><\/p>\n<p style=\"text-align: center;\"><span style=\"font-family: 'times new roman', times, serif; font-size: 14pt;\"><a href=\"mailto:international.nukus@gmail.com\">international.nukus@gmail.com<\/a><\/span><\/p>\n<p style=\"text-align: center;\"><span style=\"font-family: 'times new roman', times, serif; font-size: 14pt;\"><strong>Qab<\/strong><strong>\u0131<\/strong><strong>llaw k\u00f9ni h\u00e1m saat<\/strong><strong>\u0131<\/strong><strong>:<\/strong>\u00a0Duysenbi h\u00e1m juma<\/span><br \/>\n<span style=\"font-family: 'times new roman', times, serif; font-size: 14pt;\"><strong>Saat<\/strong>\u00a015-00 den 17-00 ge shekem<\/span><\/p>\n<\/td>\n<\/tr>\n<\/tbody>\n<\/table>\n<p>&nbsp;<\/p>\n<table style=\"border-collapse: collapse; width: 100%;\">\n<tbody>\n<tr>\n<td style=\"width: 26.8439%;\"><img loading=\"lazy\" decoding=\"async\" class=\"wp-image-11759 alignnone\" src=\"https:\/\/uzdjtsunf.uz\/wp-content\/uploads\/2024\/01\/photo_2022-01-25_15-52-54.jpg\" alt=\"\" width=\"388\" height=\"500\" \/><\/td>\n<td style=\"width: 73.1561%;\">\n<p style=\"text-align: center;\"><span style=\"font-family: 'times new roman', times, serif; font-size: 14pt;\"><strong>\u00d3zbekstan m\u00e1m<\/strong><\/span><span style=\"font-family: 'times new roman', times, serif; font-size: 14pt;\"><strong>leketlik dene t\u00e1rbiyas\u0131 h\u00e1m sport universiteti N\u00f3kis filial\u0131<br \/>\n<\/strong><\/span><span style=\"font-family: 'times new roman', times, serif; font-size: 14pt;\">Oq\u0131w isleri boy\u0131nsha direktor or\u0131nbasar\u0131<br \/>\n<\/span><span style=\"font-family: 'times new roman', times, serif; font-size: 14pt;\"><strong>Utemuratov Baxram Bekmuratovich<br \/>\n<\/strong><\/span><span style=\"font-family: 'times new roman', times, serif; font-size: 14pt;\"><strong>Telefon:<\/strong>\u00a0(861) 224-84-24<br \/>\n<\/span><span style=\"font-family: 'times new roman', times, serif; font-size: 14pt;\"><strong>E-mail:<\/strong>\u00a0<a href=\"mailto:utemuratov@uzdjtsunf.uz\">utemuratov@uzdjtsunf.uz<\/a><br \/>\n<\/span><span style=\"font-family: 'times new roman', times, serif; font-size: 14pt;\"><strong>Qab<\/strong><strong>\u0131<\/strong><strong>llaw k\u00f9ni h\u00e1m saat<\/strong><strong>\u0131<\/strong><strong>:<\/strong>\u00a0Siyshenbi h\u00e1m piyshenbi<\/span><br \/>\n<span style=\"font-family: 'times new roman', times, serif; font-size: 14pt;\"><strong>Saat<\/strong>\u00a015-00 den 17-00 ge shekem<\/span><\/p>\n<\/td>\n<\/tr>\n<\/tbody>\n<\/table>\n<p>&nbsp;<\/p>\n<div id=\"simple-translate\" class=\"simple-translate-system-theme\">\n<div>\n<div class=\"simple-translate-button isShow\" style=\"background-image: url('chrome-extension:\/\/ibplnjkanclpjokhdolnendpplpjiace\/icons\/512.png'); height: 22px; width: 22px; top: 157px; left: 1224px;\">\u00a0<\/div>\n<div class=\"simple-translate-panel \" style=\"width: 300px; height: 200px; top: 0px; left: 0px; font-size: 13px;\">\n<div class=\"simple-translate-result-wrapper\" style=\"overflow: hidden;\">\n<div class=\"simple-translate-move\" draggable=\"true\">\u00a0<\/div>\n<div class=\"simple-translate-result-contents\">\n<p class=\"simple-translate-result\" dir=\"auto\">\u00a0<\/p>\n<p class=\"simple-translate-candidate\" dir=\"auto\">\u00a0<\/p>\n<\/div>\n<\/div>\n<\/div>\n<\/div>\n<\/div>\n<p><\/p>","protected":false},"excerpt":{"rendered":"<p>\u00d3zbekstan m\u00e1mleketlik dene t\u00e1rbiyas\u0131 h\u00e1m sport universiteti N\u00f3kis filial\u0131 direktor\u0131 Erimbetov Bayrambay Karl\u0131baevich Telefon: (861) 224-84-24 E-mail: Legend_ball@gmail.ru Qab\u0131llaw k\u00f9ni h\u00e1m saat\u0131: S\u00e1rshembi h\u00e1m juma Saat 10-00 den 12-00 ge shekem \u00a0 \u00d3zbekstan m\u00e1mleketlik dene t\u00e1rbiyas\u0131 h\u00e1m sport universiteti N\u00f3kis filial\u0131 direktor\u0131n\u0131\u0144 Jaslar m\u00e1seleleri h\u00e1m ruwx\u0131y-a\u01f5art\u0131wsh\u0131l\u0131q isleri boy\u0131nsha birinshi or\u0131nbasar\u0131 Xojametov Gulmurat Bekmuratovich\u00a0 Telefon:(861) 224-84-24 [&hellip;]<\/p>\n","protected":false},"author":82,"featured_media":0,"parent":0,"menu_order":0,"comment_status":"closed","ping_status":"closed","template":"page-rahbariyat.php","meta":{"footnotes":""},"class_list":["post-20","page","type-page","status-publish","hentry"],"_links":{"self":[{"href":"https:\/\/uzdjtsunf.uz\/qq\/wp-json\/wp\/v2\/pages\/20","targetHints":{"allow":["GET"]}}],"collection":[{"href":"https:\/\/uzdjtsunf.uz\/qq\/wp-json\/wp\/v2\/pages"}],"about":[{"href":"https:\/\/uzdjtsunf.uz\/qq\/wp-json\/wp\/v2\/types\/page"}],"author":[{"embeddable":true,"href":"https:\/\/uzdjtsunf.uz\/qq\/wp-json\/wp\/v2\/users\/82"}],"replies":[{"embeddable":true,"href":"https:\/\/uzdjtsunf.uz\/qq\/wp-json\/wp\/v2\/comments?post=20"}],"version-history":[{"count":46,"href":"https:\/\/uzdjtsunf.uz\/qq\/wp-json\/wp\/v2\/pages\/20\/revisions"}],"predecessor-version":[{"id":21235,"href":"https:\/\/uzdjtsunf.uz\/qq\/wp-json\/wp\/v2\/pages\/20\/revisions\/21235"}],"wp:attachment":[{"href":"https:\/\/uzdjtsunf.uz\/qq\/wp-json\/wp\/v2\/media?parent=20"}],"curies":[{"name":"wp","href":"https:\/\/api.w.org\/{rel}","templated":true}]}}