{"id":20141,"date":"2025-11-07T15:25:33","date_gmt":"2025-11-07T10:25:33","guid":{"rendered":"https:\/\/uzdjtsunf.uz\/?page_id=20141"},"modified":"2025-11-07T15:48:39","modified_gmt":"2025-11-07T10:48:39","slug":"kelajakka-qadam","status":"publish","type":"page","link":"https:\/\/uzdjtsunf.uz\/qq\/keleshekke-qadem\/","title":{"rendered":"Keleshekke q\u00e1dem"},"content":{"rendered":"<p><\/p>\n<table style=\"border-collapse: collapse; width: 100%;\">\n<tbody>\n<tr>\n<td style=\"width: 100%;\"><a href=\"https:\/\/uzdjtsunf.uz\/qq\/kelajakka-qadam\/kelajakka-qadam-markazi\/\">&#8220;Keleshekke q\u00e1dem&#8221; oray\u0131<\/a><\/td>\n<\/tr>\n<tr>\n<td style=\"width: 100%;\"><a href=\"https:\/\/uzdjtsunf.uz\/qq\/category\/news\/kelajakka-qadam\/\">&#8220;Keleshekke q\u00e1dem&#8221; ja\u0144al\u0131qlar\u0131<\/a><\/td>\n<\/tr>\n<\/tbody>\n<\/table>\n<p><\/p>","protected":false},"excerpt":{"rendered":"<p>&#8220;Keleshekke q\u00e1dem&#8221; oray\u0131 &#8220;Keleshekke q\u00e1dem&#8221; ja\u0144al\u0131qlar\u0131<\/p>\n","protected":false},"author":87,"featured_media":0,"parent":0,"menu_order":0,"comment_status":"closed","ping_status":"closed","template":"","meta":{"footnotes":""},"class_list":["post-20141","page","type-page","status-publish","hentry"],"_links":{"self":[{"href":"https:\/\/uzdjtsunf.uz\/qq\/wp-json\/wp\/v2\/pages\/20141","targetHints":{"allow":["GET"]}}],"collection":[{"href":"https:\/\/uzdjtsunf.uz\/qq\/wp-json\/wp\/v2\/pages"}],"about":[{"href":"https:\/\/uzdjtsunf.uz\/qq\/wp-json\/wp\/v2\/types\/page"}],"author":[{"embeddable":true,"href":"https:\/\/uzdjtsunf.uz\/qq\/wp-json\/wp\/v2\/users\/87"}],"replies":[{"embeddable":true,"href":"https:\/\/uzdjtsunf.uz\/qq\/wp-json\/wp\/v2\/comments?post=20141"}],"version-history":[{"count":2,"href":"https:\/\/uzdjtsunf.uz\/qq\/wp-json\/wp\/v2\/pages\/20141\/revisions"}],"predecessor-version":[{"id":20151,"href":"https:\/\/uzdjtsunf.uz\/qq\/wp-json\/wp\/v2\/pages\/20141\/revisions\/20151"}],"wp:attachment":[{"href":"https:\/\/uzdjtsunf.uz\/qq\/wp-json\/wp\/v2\/media?parent=20141"}],"curies":[{"name":"wp","href":"https:\/\/api.w.org\/{rel}","templated":true}]}}