{"id":20147,"date":"2025-11-07T15:43:31","date_gmt":"2025-11-07T10:43:31","guid":{"rendered":"https:\/\/uzdjtsunf.uz\/?page_id=20147"},"modified":"2025-11-26T15:20:09","modified_gmt":"2025-11-26T10:20:09","slug":"kelajakka-qadam-markazi","status":"publish","type":"page","link":"https:\/\/uzdjtsunf.uz\/qq\/keleshekke-qadem\/kelajakka-qadam-markazi\/","title":{"rendered":"&#8221;Keleshekke q\u00e1dem&#8221; oray\u0131"},"content":{"rendered":"<p><\/p>\n<p style=\"text-align: justify;\"><span style=\"font-family: 'times new roman', times, serif; font-size: 14pt;\">Bul oray studentler h\u00e1m pitkeriwshilerge j\u00e1rdem beretu\u01f5\u0131n ja\u0144a joybar bol\u0131p esaplanad\u0131. Joybard\u0131\u0144 tiykar\u01f5\u0131 maqseti &#8211; jaslard\u0131 jum\u0131sqa ornalas\u0131w\u01f5a, \u00f3z biznesin baslaw\u01f5a h\u00e1m joybarlar ush\u0131n finansl\u0131q j\u00e1rdem al\u0131w\u01f5a tayarlaw.<\/span><\/p>\n<p style=\"text-align: justify;\"><span style=\"font-family: 'times new roman', times, serif; font-size: 14pt;\">\u2003<strong>\u2003Orayd\u0131\u0144 tiykar\u01f5\u0131 waz\u0131ypalar\u0131:<\/strong><\/span><\/p>\n<ul style=\"list-style-type: disc;\">\n<li style=\"text-align: justify;\"><span style=\"font-family: 'times new roman', times, serif; font-size: 14pt;\">Jum\u0131sqa jaylas\u0131w\u01f5a j\u00e1rdem beredi &#8211; rezyume d\u00faziw, s\u00e1wbetlesiwge tayarl\u0131q k\u00f3riw, jum\u0131s tab\u0131w boy\u0131nsha m\u00e1sl\u00e1h\u00e1tler.<\/span><\/li>\n<li style=\"text-align: justify;\"><span style=\"font-family: 'times new roman', times, serif; font-size: 14pt;\">Biznes \u00fayretedi &#8211; isbilermenlik boy\u0131nsha treningler, biznes-reje jaz\u0131wd\u0131 \u00fayretiw.<\/span><\/li>\n<li style=\"text-align: justify;\"><span style=\"font-family: 'times new roman', times, serif; font-size: 14pt;\">Jaslar joybarlar\u0131n qollap-quwatlayd\u0131 &#8211; e\u0144 jaqs\u0131 ideyalard\u0131 ta\u0144lap, kredit yamasa grant al\u0131w\u01f5a j\u00e1rdem beredi.<\/span><\/li>\n<li style=\"text-align: justify;\"><span style=\"font-family: 'times new roman', times, serif; font-size: 14pt;\">Jum\u0131s beriwshiler menen baylan\u0131st\u0131rad\u0131 &#8211; klinika, emlewxana h\u00e1m laboratoriyalar menen birge islesiwdi jol\u01f5a qoyad\u0131.<\/span><\/li>\n<\/ul>\n<p style=\"text-align: justify;\"><span style=\"font-family: 'times new roman', times, serif; font-size: 14pt;\">\u2003\u2003<strong>Kimler ush\u0131n?<\/strong><\/span><\/p>\n<ul style=\"list-style-type: disc;\">\n<li style=\"text-align: justify;\"><span style=\"font-family: 'times new roman', times, serif; font-size: 14pt;\">\u00d3zbekstan m\u00e1mleketlik dene t\u00e1rbiyas\u0131 h\u00e1m sport universiteti N\u00f3kis filial\u0131 studentleri<\/span><\/li>\n<li style=\"text-align: justify;\"><span style=\"font-family: 'times new roman', times, serif; font-size: 14pt;\">Pitkeriwshiler<\/span><\/li>\n<\/ul>\n<p style=\"text-align: justify;\"><span style=\"font-family: 'times new roman', times, serif; font-size: 14pt;\">\u2003\u2003<strong>Qanday kredit yaki j\u00e1rdem al\u0131w m\u00famkin?<\/strong><\/span><\/p>\n<ul style=\"list-style-type: disc;\">\n<li style=\"text-align: justify;\"><span style=\"font-family: 'times new roman', times, serif; font-size: 14pt;\">Oray \u00d3zmilliy bank h\u00e1m basqa bankler menen birgelikte t\u00f3mendegilerdi us\u0131nad\u0131:<\/span><\/li>\n<li style=\"text-align: justify;\"><span style=\"font-family: 'times new roman', times, serif; font-size: 14pt;\">Start-up kreditleri &#8211; ja\u0144a biznes baslaw ush\u0131n (\u00e1dette 50 mln &#8211; 1 mlrd sum\u01f5a shekem).<\/span><\/li>\n<li style=\"text-align: justify;\"><span style=\"font-family: 'times new roman', times, serif; font-size: 14pt;\">Je\u0144illetilgen sh\u00e1rtler &#8211; procent stavkas\u0131 t\u00f3men, d\u00e1slepki aylar t\u00f3lemnen azat bol\u0131w\u0131 m\u00famkin.<\/span><\/li>\n<li style=\"text-align: justify;\"><span style=\"font-family: 'times new roman', times, serif; font-size: 14pt;\">Grantlar &#8211; ay\u0131r\u0131m ta\u0144lawlarda pul qaytar\u0131lmayd\u0131 (eger joybar sociall\u0131q yamasa innovaciyal\u0131q bolsa).<\/span><\/li>\n<\/ul>\n<p style=\"text-align: justify;\"><span style=\"font-family: 'times new roman', times, serif; font-size: 14pt;\">\u2003\u2003<strong>Qanday etip sizi\u0144 joybar\u0131\u0144\u0131z &#8221; utad\u0131&#8221;?<\/strong><\/span><\/p>\n<ul style=\"list-style-type: disc;\">\n<li style=\"text-align: justify;\"><span style=\"font-family: 'times new roman', times, serif; font-size: 14pt;\">Ideya\u0144\u0131zd\u0131 an\u0131q jaz\u0131\u0144 &#8211; m\u00e1selen, &#8220;studentler ush\u0131n salamat awqatlan\u0131w laboratoriyas\u0131,&#8221; &#8220;mobil medicina x\u0131zmeti,&#8221; &#8220;qan bas\u0131m\u0131n qada\u01f5alaw qur\u0131lmas\u0131&#8221; h\u00e1m ta\u01f5\u0131 basqa.<\/span><\/li>\n<li style=\"text-align: justify;\"><span style=\"font-family: 'times new roman', times, serif; font-size: 14pt;\">Biznes-reje tayarla\u0144 &#8211; qansha qarj\u0131 kerek, ne ushin kerek, qanday payda keltiredi.<\/span><\/li>\n<li style=\"text-align: justify;\"><span style=\"font-family: 'times new roman', times, serif; font-size: 14pt;\">Oray\u01f5a taps\u0131r\u0131\u0144 &#8211; olar joybard\u0131 k\u00f3rip sh\u0131\u01f5ad\u0131 h\u00e1m kerek bolsa, d\u00fazetiwge j\u00e1rdem beredi.<\/span><\/li>\n<li style=\"text-align: justify;\"><span style=\"font-family: 'times new roman', times, serif; font-size: 14pt;\">T\u00f3reshiler komissiyas\u0131 ta\u0144law \u00f3tkeredi &#8211; e\u0144 jaqs\u0131 joybarlar kredit yamasa grant alad\u0131.<\/span><\/li>\n<\/ul>\n<p style=\"text-align: justify;\"><span style=\"font-family: 'times new roman', times, serif; font-size: 14pt;\">\u2003\u2003<strong>Z\u00e1r\u00far h\u00fajjetler:<\/strong><\/span><\/p>\n<ul style=\"list-style-type: disc;\">\n<li style=\"text-align: justify;\"><span style=\"font-family: 'times new roman', times, serif; font-size: 14pt;\">Pasport nusqas\u0131<\/span><\/li>\n<li style=\"text-align: justify;\"><span style=\"font-family: 'times new roman', times, serif; font-size: 14pt;\">Studentlik yamasa pitkeriwshilik haqq\u0131nda ma\u01f5l\u0131wmat<\/span><\/li>\n<li style=\"text-align: justify;\"><span style=\"font-family: 'times new roman', times, serif; font-size: 14pt;\">Biznes-reje (oray j\u00e1rdem beredi)<\/span><\/li>\n<li style=\"text-align: justify;\"><span style=\"font-family: 'times new roman', times, serif; font-size: 14pt;\">Joybar prezentaciyas\u0131 (7-8 slaydlar).<\/span><\/li>\n<\/ul>\n<p style=\"text-align: justify;\"><span style=\"font-family: 'times new roman', times, serif; font-size: 14pt;\">\u2003\u2003<\/span><span style=\"font-family: 'times new roman', times, serif; font-size: 14pt;\">&#8220;Keleshekke Q\u00e1dem&#8221; oray\u0131 \u00d3zbekstan m\u00e1mleketlik dene t\u00e1rbiyas\u0131 h\u00e1m sport universiteti N\u00f3kis filial\u0131 imarat\u0131nda jum\u0131s al\u0131p barad\u0131. Ol jerde q\u00e1nigeler, bank w\u00e1killeri h\u00e1m mentorlar isleydi.<\/span><\/p>\n<p style=\"text-align: justify;\"><span style=\"font-family: 'times new roman', times, serif; font-size: 14pt;\"><img loading=\"lazy\" decoding=\"async\" class=\"alignnone wp-image-20516\" src=\"https:\/\/uzdjtsunf.uz\/wp-content\/uploads\/2025\/11\/snimok-2.jpg\" alt=\"\" width=\"255\" height=\"200\" srcset=\"https:\/\/uzdjtsunf.uz\/wp-content\/uploads\/2025\/11\/snimok-2.jpg 352w, https:\/\/uzdjtsunf.uz\/wp-content\/uploads\/2025\/11\/snimok-2-300x235.jpg 300w\" sizes=\"auto, (max-width: 255px) 100vw, 255px\" \/><\/span><\/p>\n<p><iframe loading=\"lazy\" title=\"Maxsus reportaj | &quot;Talaba Expo-2025&quot; Nukus \u2013 yoshlar kelajagiga qaratilgan loyiha\" width=\"500\" height=\"281\" src=\"https:\/\/www.youtube.com\/embed\/o5EHR7mlhLw?feature=oembed\" frameborder=\"0\" allow=\"accelerometer; autoplay; clipboard-write; encrypted-media; gyroscope; picture-in-picture; web-share\" referrerpolicy=\"strict-origin-when-cross-origin\" allowfullscreen><\/iframe><\/p>\n<p><\/p>","protected":false},"excerpt":{"rendered":"<p>Bul oray studentler h\u00e1m pitkeriwshilerge j\u00e1rdem beretu\u01f5\u0131n ja\u0144a joybar bol\u0131p esaplanad\u0131. Joybard\u0131\u0144 tiykar\u01f5\u0131 maqseti &#8211; jaslard\u0131 jum\u0131sqa ornalas\u0131w\u01f5a, \u00f3z biznesin baslaw\u01f5a h\u00e1m joybarlar ush\u0131n finansl\u0131q j\u00e1rdem al\u0131w\u01f5a tayarlaw. \u2003\u2003Orayd\u0131\u0144 tiykar\u01f5\u0131 waz\u0131ypalar\u0131: Jum\u0131sqa jaylas\u0131w\u01f5a j\u00e1rdem beredi &#8211; rezyume d\u00faziw, s\u00e1wbetlesiwge tayarl\u0131q k\u00f3riw, jum\u0131s tab\u0131w boy\u0131nsha m\u00e1sl\u00e1h\u00e1tler. Biznes \u00fayretedi &#8211; isbilermenlik boy\u0131nsha treningler, biznes-reje jaz\u0131wd\u0131 \u00fayretiw. Jaslar [&hellip;]<\/p>\n","protected":false},"author":87,"featured_media":0,"parent":20141,"menu_order":0,"comment_status":"closed","ping_status":"closed","template":"","meta":{"footnotes":""},"class_list":["post-20147","page","type-page","status-publish","hentry"],"_links":{"self":[{"href":"https:\/\/uzdjtsunf.uz\/qq\/wp-json\/wp\/v2\/pages\/20147","targetHints":{"allow":["GET"]}}],"collection":[{"href":"https:\/\/uzdjtsunf.uz\/qq\/wp-json\/wp\/v2\/pages"}],"about":[{"href":"https:\/\/uzdjtsunf.uz\/qq\/wp-json\/wp\/v2\/types\/page"}],"author":[{"embeddable":true,"href":"https:\/\/uzdjtsunf.uz\/qq\/wp-json\/wp\/v2\/users\/87"}],"replies":[{"embeddable":true,"href":"https:\/\/uzdjtsunf.uz\/qq\/wp-json\/wp\/v2\/comments?post=20147"}],"version-history":[{"count":5,"href":"https:\/\/uzdjtsunf.uz\/qq\/wp-json\/wp\/v2\/pages\/20147\/revisions"}],"predecessor-version":[{"id":20520,"href":"https:\/\/uzdjtsunf.uz\/qq\/wp-json\/wp\/v2\/pages\/20147\/revisions\/20520"}],"up":[{"embeddable":true,"href":"https:\/\/uzdjtsunf.uz\/qq\/wp-json\/wp\/v2\/pages\/20141"}],"wp:attachment":[{"href":"https:\/\/uzdjtsunf.uz\/qq\/wp-json\/wp\/v2\/media?parent=20147"}],"curies":[{"name":"wp","href":"https:\/\/api.w.org\/{rel}","templated":true}]}}