{"id":20950,"date":"2025-12-25T17:42:15","date_gmt":"2025-12-25T12:42:15","guid":{"rendered":"https:\/\/uzdjtsunf.uz\/?page_id=20950"},"modified":"2025-12-25T17:44:37","modified_gmt":"2025-12-25T12:44:37","slug":"2025-2026-oquv-yili-davlat-grantlarini-qayta-taqsimlash","status":"publish","type":"page","link":"https:\/\/uzdjtsunf.uz\/qq\/2025-2026-oqiw-jili-mamleketlik-grantlardi-qayta-bolistiriw\/","title":{"rendered":"2025-2026-oq\u0131w j\u0131l\u0131 m\u00e1mleketlik grantlard\u0131 qayta b\u00f3listiriw"},"content":{"rendered":"<p><\/p>\n<a href=\"https:\/\/uzdjtsunf.uz\/wp-content\/uploads\/2025\/12\/grand-boyinsha-ilova.pdf\" class=\"pdfemb-viewer\" style=\"\" data-width=\"max\" data-height=\"max\" data-toolbar=\"bottom\" data-toolbar-fixed=\"off\">Grand boyinsha ilova<\/a>\n<p><\/p>","protected":false},"excerpt":{"rendered":"","protected":false},"author":87,"featured_media":0,"parent":0,"menu_order":0,"comment_status":"closed","ping_status":"closed","template":"","meta":{"footnotes":""},"class_list":["post-20950","page","type-page","status-publish","hentry"],"_links":{"self":[{"href":"https:\/\/uzdjtsunf.uz\/qq\/wp-json\/wp\/v2\/pages\/20950","targetHints":{"allow":["GET"]}}],"collection":[{"href":"https:\/\/uzdjtsunf.uz\/qq\/wp-json\/wp\/v2\/pages"}],"about":[{"href":"https:\/\/uzdjtsunf.uz\/qq\/wp-json\/wp\/v2\/types\/page"}],"author":[{"embeddable":true,"href":"https:\/\/uzdjtsunf.uz\/qq\/wp-json\/wp\/v2\/users\/87"}],"replies":[{"embeddable":true,"href":"https:\/\/uzdjtsunf.uz\/qq\/wp-json\/wp\/v2\/comments?post=20950"}],"version-history":[{"count":2,"href":"https:\/\/uzdjtsunf.uz\/qq\/wp-json\/wp\/v2\/pages\/20950\/revisions"}],"predecessor-version":[{"id":20955,"href":"https:\/\/uzdjtsunf.uz\/qq\/wp-json\/wp\/v2\/pages\/20950\/revisions\/20955"}],"wp:attachment":[{"href":"https:\/\/uzdjtsunf.uz\/qq\/wp-json\/wp\/v2\/media?parent=20950"}],"curies":[{"name":"wp","href":"https:\/\/api.w.org\/{rel}","templated":true}]}}