{"id":3267,"date":"2019-12-14T12:30:01","date_gmt":"2019-12-14T07:30:01","guid":{"rendered":"http:\/\/uzdjtsunf.uz\/?page_id=3267"},"modified":"2023-12-11T11:31:43","modified_gmt":"2023-12-11T06:31:43","slug":"talim-yonalishlari-va-mutaxxassisliklarining-malaka-talablari","status":"publish","type":"page","link":"https:\/\/uzdjtsunf.uz\/qq\/talim-yonalishlari-va-mutaxxassisliklarining-malaka-talablari\/","title":{"rendered":"T\u00e1lim ba\u01f5darlar\u0131 h\u00e1m q\u00e1niygelikleridi\u0144 q\u00e1niygesin as\u0131r\u0131w"},"content":{"rendered":"<p><\/p>\n<p style=\"text-align: justify;\"><em><span style=\"font-family: 'times new roman', times, serif; font-size: 14pt;\">5112300 &#8211; Mektepke shekemgi h\u00e1m baslan\u01f5\u0131sh t\u00e1limde dene t\u00e1rbiyas\u0131 h\u00e1m sport<\/span><\/em><\/p>\n<p style=\"text-align: justify;\"><em><span style=\"font-family: 'times new roman', times, serif; font-size: 14pt;\">5210202 &#8211; Psixologiya (sport)<\/span><\/em><\/p>\n<p style=\"text-align: justify;\"><em><span style=\"font-family: 'times new roman', times, serif; font-size: 14pt;\">5610501 &#8211;\u00a0 Sport t\u00farleri: Basketbol\u00a0<\/span><\/em><\/p>\n<p style=\"text-align: justify;\"><em><span style=\"font-family: 'times new roman', times, serif; font-size: 14pt;\">5610502 &#8211; Sport t\u00farleri: Boks<\/span><\/em><\/p>\n<p style=\"text-align: justify;\"><em><span style=\"font-family: 'times new roman', times, serif; font-size: 14pt;\">5610503 &#8211; Sport t\u00farleri: Voleybol<\/span><\/em><\/p>\n<p style=\"text-align: justify;\"><em><span style=\"font-family: 'times new roman', times, serif; font-size: 14pt;\">5610506 &#8211; Sport t\u00farleri: J\u00faziw<\/span><\/em><\/p>\n<p style=\"text-align: justify;\"><em><span style=\"font-family: 'times new roman', times, serif; font-size: 14pt;\">5610507 &#8211; Sport t\u00farleri: Je\u0144il atletika<\/span><\/em><\/p>\n<p style=\"text-align: justify;\"><em><span style=\"font-family: 'times new roman', times, serif; font-size: 14pt;\">5610508 &#8211; Sport t\u00farleri: Qol tob\u0131<\/span><\/em><\/p>\n<p style=\"text-align: justify;\"><em><span style=\"font-family: 'times new roman', times, serif; font-size: 14pt;\">5610510 &#8211; Sport t\u00farleri: Aw\u0131r atletika<\/span><\/em><\/p>\n<p style=\"text-align: justify;\"><em><span style=\"font-family: 'times new roman', times, serif; font-size: 14pt;\">5610511 &#8211; Sport t\u00farleri: Eskek esiw<\/span><\/em><\/p>\n<p style=\"text-align: justify;\"><em><span style=\"font-family: 'times new roman', times, serif; font-size: 14pt;\">5610513 &#8211; Sport t\u00farleri: Futbol<\/span><\/em><\/p>\n<p style=\"text-align: justify;\"><em><span style=\"font-family: 'times new roman', times, serif; font-size: 14pt;\">5610514 &#8211; Sport t\u00farleri: K\u00f3rkem gimnastika<\/span><\/em><\/p>\n<p style=\"text-align: justify;\"><em><span style=\"font-family: 'times new roman', times, serif; font-size: 14pt;\">5610515 &#8211; Sport t\u00farleri: Dzyu-do<\/span><\/em><\/p>\n<p style=\"text-align: justify;\"><em><span style=\"font-family: 'times new roman', times, serif; font-size: 14pt;\">5610516 &#8211; Sport t\u00farleri: Erkin g\u00fares<\/span><\/em><\/p>\n<p style=\"text-align: justify;\"><em><span style=\"font-family: 'times new roman', times, serif; font-size: 14pt;\">5610520 &#8211; Sport t\u00farleri: Kurash<\/span><\/em><\/p>\n<p style=\"text-align: justify;\"><em><span style=\"font-family: 'times new roman', times, serif; font-size: 14pt;\">5610538 &#8211; Sport t\u00farleri: Grek-rim<\/span><\/em><\/p>\n<p style=\"text-align: justify;\"><em><span style=\"font-family: 'times new roman', times, serif; font-size: 14pt;\">5610545 &#8211; Sport t\u00farleri: Shaxmat<\/span><\/em><\/p>\n<p style=\"text-align: justify;\">\u00a0<\/p>\n<p style=\"text-align: justify;\">\u00a0<\/p>\n<p style=\"text-align: justify;\">\u00a0<\/p>\n<p><\/p>","protected":false},"excerpt":{"rendered":"<p>5112300 &#8211; Mektepke shekemgi h\u00e1m baslan\u01f5\u0131sh t\u00e1limde dene t\u00e1rbiyas\u0131 h\u00e1m sport 5210202 &#8211; Psixologiya (sport) 5610501 &#8211;\u00a0 Sport t\u00farleri: Basketbol\u00a0 5610502 &#8211; Sport t\u00farleri: Boks 5610503 &#8211; Sport t\u00farleri: Voleybol 5610506 &#8211; Sport t\u00farleri: J\u00faziw 5610507 &#8211; Sport t\u00farleri: Je\u0144il atletika 5610508 &#8211; Sport t\u00farleri: Qol tob\u0131 5610510 &#8211; Sport t\u00farleri: Aw\u0131r atletika 5610511 &#8211; [&hellip;]<\/p>\n","protected":false},"author":4,"featured_media":0,"parent":0,"menu_order":0,"comment_status":"closed","ping_status":"closed","template":"","meta":{"footnotes":""},"class_list":["post-3267","page","type-page","status-publish","hentry"],"_links":{"self":[{"href":"https:\/\/uzdjtsunf.uz\/qq\/wp-json\/wp\/v2\/pages\/3267","targetHints":{"allow":["GET"]}}],"collection":[{"href":"https:\/\/uzdjtsunf.uz\/qq\/wp-json\/wp\/v2\/pages"}],"about":[{"href":"https:\/\/uzdjtsunf.uz\/qq\/wp-json\/wp\/v2\/types\/page"}],"author":[{"embeddable":true,"href":"https:\/\/uzdjtsunf.uz\/qq\/wp-json\/wp\/v2\/users\/4"}],"replies":[{"embeddable":true,"href":"https:\/\/uzdjtsunf.uz\/qq\/wp-json\/wp\/v2\/comments?post=3267"}],"version-history":[{"count":1,"href":"https:\/\/uzdjtsunf.uz\/qq\/wp-json\/wp\/v2\/pages\/3267\/revisions"}],"predecessor-version":[{"id":11553,"href":"https:\/\/uzdjtsunf.uz\/qq\/wp-json\/wp\/v2\/pages\/3267\/revisions\/11553"}],"wp:attachment":[{"href":"https:\/\/uzdjtsunf.uz\/qq\/wp-json\/wp\/v2\/media?parent=3267"}],"curies":[{"name":"wp","href":"https:\/\/api.w.org\/{rel}","templated":true}]}}