{"id":4543,"date":"2021-06-08T09:30:14","date_gmt":"2021-06-08T04:30:14","guid":{"rendered":"https:\/\/uzdjtsunf.uz\/?page_id=4543"},"modified":"2025-10-30T12:13:09","modified_gmt":"2025-10-30T07:13:09","slug":"rabota-s-molodezhyu-chast-duhovnosti-i","status":"publish","type":"page","link":"https:\/\/uzdjtsunf.uz\/qq\/rabota-s-molodezhyu-chast-duhovnosti-i\/","title":{"rendered":"Jaslar menen islesiw, ruwx\u00edyl\u00edq h\u00e1m a\u01f5art\u00edwsh\u00edl\u00edq b\u00f3limi"},"content":{"rendered":"<p><\/p>\n<table style=\"border-collapse: collapse; width: 100%;\">\n<tbody>\n<tr>\n<td style=\"width: 28.7762%;\"><span style=\"font-family: 'times new roman', times, serif;\"><img loading=\"lazy\" decoding=\"async\" class=\"aligncenter wp-image-16345\" src=\"https:\/\/uzdjtsunf.uz\/wp-content\/uploads\/2025\/02\/atabek.png\" alt=\"\" width=\"206\" height=\"250\" \/><\/span><\/td>\n<td style=\"width: 71.2238%; text-align: center;\">\n<p><span style=\"font-family: 'times new roman', times, serif; font-size: 14pt;\"><strong>Jaslar menen islesiw, ruwx\u0131yl\u0131q h\u00e1m a\u01f5art\u0131wsh\u0131l\u0131q b\u00f3limi basl\u0131\u01f5\u0131<br \/>\n<\/strong><\/span><span style=\"font-family: 'times new roman', times, serif; font-size: 14pt;\">Me\u0144limuratov Atabek Kamal ul\u0131<br \/>\n\u00a0 \u00a0<strong>Telefon<\/strong>: (+998 90) 576-00-95<br \/>\n<strong>\u00a0 \u00a0E-mail: <\/strong><a href=\"mailto:melimuratovatabek@gmail.com\">melimuratovatabek@gmail.com<\/a><\/span><\/p>\n<\/td>\n<\/tr>\n<\/tbody>\n<\/table>\n<p>&nbsp;<\/p>\n<p style=\"text-align: justify;\"><span style=\"font-family: 'times new roman', times, serif; font-size: 14pt;\">\u00a0 \u00a0Ruwx\u0131yl\u0131q h\u00e1m a\u01f5art\u0131wsh\u0131l\u0131q b\u00f3limi universitette al\u0131p bar\u0131latu\u01f5\u0131n ruwx\u0131y-a\u01f5art\u0131wsh\u0131l\u0131q jum\u0131slar\u01f5a bassh\u0131l\u0131q etiw, taraw\u01f5a tiyisli normativ h\u00fajjetlerde belgilengen k\u00f3rsetpelerdi muwap\u0131qlast\u0131r\u0131w, b\u00f3limler, j\u00e1miyetlik sh\u00f3lkemler h\u00e1m kafedralard\u0131\u0144 ruwx\u0131yl\u0131q taraw\u0131nda\u01f5\u0131 t\u00e1jiriybelerdi ul\u0131wmalast\u0131r\u0131w, z\u00e1r\u00far ilimiy-metodikal\u0131q us\u0131n\u0131slar, \u00e1debiyatlar tayarlaw h\u00e1m baspadan sh\u0131\u01f5ar\u0131w, studentlerdi\u0144 ruwx\u0131y d\u00fanyaqaras\u0131n jetilistiriwge qarat\u0131l\u01f5an t\u00farli ilajlard\u0131 \u00e1melge as\u0131r\u0131w maqsetinde d\u00faziledi.\u00a0<\/span><\/p>\n<p style=\"text-align: center;\">\n<span style=\"font-family: 'times new roman', times, serif; font-size: 14pt;\"><strong>Ul\u0131wma qa\u01f5\u0131ydalar<\/strong><\/span><\/p>\n<p style=\"text-align: justify;\">\n<span style=\"font-family: 'times new roman', times, serif; font-size: 14pt;\">\u2022 B\u00f3lim universitet direktor\u0131n\u0131\u0144 buyr\u0131\u01f5\u0131 tiykar\u0131nda d\u00faziledi;<\/span><br \/>\n<span style=\"font-family: 'times new roman', times, serif; font-size: 14pt;\">\u2022 B\u00f3limni\u0144 isshi topar\u0131 universitetti\u0144 us\u0131 taraw boy\u0131nsha jetekshi q\u00e1nigeleri, professor-oq\u0131t\u0131wsh\u0131lar h\u00e1m x\u0131zmetkerlerden sh\u00f3lkemlestiriledi;<\/span><br \/>\n<span style=\"font-family: 'times new roman', times, serif; font-size: 14pt;\">\u2022 B\u00f3lim ruwx\u0131yl\u0131q h\u00e1m a\u01f5art\u0131wsh\u0131l\u0131q isleri boy\u0131nsha direktor or\u0131nbasari bassh\u0131l\u0131\u01f5\u0131nda jum\u0131s al\u0131p barad\u0131;<\/span><br \/>\n<span style=\"font-family: 'times new roman', times, serif; font-size: 14pt;\">\u2022 \u00d3z jum\u0131slar\u0131n jol\u01f5a qoy\u0131wda b\u00f3lim fakultet dekanlar\u0131, b\u00f3lim basl\u0131qlar\u0131, kafedra basl\u0131qlar\u0131 h\u00e1m topar bassh\u0131lar\u0131 menen birgelikte jum\u0131s al\u0131p barad\u0131;<\/span><br \/>\n<span style=\"font-family: 'times new roman', times, serif; font-size: 14pt;\">\u2022 Joqar\u0131 h\u00e1m orta arnawl\u0131 bilim ministrligi jan\u0131nda\u01f5\u0131 Ruwx\u0131yl\u0131q h\u00e1m a\u01f5art\u0131wsh\u0131l\u0131q b\u00f3limini\u0144 n\u0131zam\u0131 tiykar\u0131nda jum\u0131s al\u0131p barad\u0131; Us\u0131 j\u0131lda\u01f5\u0131 h\u00e1m keleshektegi rejelerine iye bolad\u0131.<\/span><\/p>\n<p style=\"text-align: center;\">\n<span style=\"font-family: 'times new roman', times, serif; font-size: 14pt;\"><strong>B\u00f3limni\u0144 maqseti:<\/strong><\/span><\/p>\n<p style=\"text-align: justify;\">\n<span style=\"font-family: 'times new roman', times, serif; font-size: 14pt;\">\u00a0 \u00a0Student-jaslard\u0131 milliy h\u00e1m ul\u0131wma insan\u0131y q\u00e1diriyatlar\u01f5a sad\u0131ql\u0131q ruwx\u0131nda t\u00e1rbiyalaw, olard\u0131\u0144 ruwx\u0131y, estetikal\u0131q, \u00e1dep-ikraml\u0131l\u0131q d\u00fanyaqaras\u0131n ke\u0144eytiw, olard\u0131\u0144 sanas\u0131n h\u00e1r t\u00farli z\u0131yanl\u0131 ideyalar t\u00e1sirinen qor\u01f5aw h\u00e1m de \u01f5\u00e1rezsiz \u00d3zbekstann\u0131\u0144 haq\u0131yq\u0131y piday\u0131s\u0131 bol\u0131p jetistiriwden ibarat.<\/span><\/p>\n<p style=\"text-align: center;\">\n<span style=\"font-family: 'times new roman', times, serif; font-size: 14pt;\"><strong>B\u00f3limni\u0144 waz\u0131ypalar\u0131:<\/strong><\/span><\/p>\n<p style=\"text-align: justify;\">\n<span style=\"font-family: 'times new roman', times, serif; font-size: 14pt;\">\u2022 M\u00e1mleketimizde \u00e1melge as\u0131r\u0131l\u0131p at\u0131r\u01f5an ruwx\u0131y, m\u00e1deniy jum\u0131slar\u01f5a baylan\u0131sl\u0131 ilajlard\u0131 \u00f3tkeriw;<\/span><br \/>\n<span style=\"font-family: 'times new roman', times, serif; font-size: 14pt;\">\u2022 Student-jaslar aras\u0131nda \u00e1dep-ikraml\u0131l\u0131q, estetikal\u0131q, siyasiy, huq\u0131k\u0131y, k\u00f3rkem t\u00e1rbiyan\u0131 q\u00e1liplestiriw jum\u0131slar\u0131n jol\u01f5a qoy\u0131w;<\/span><br \/>\n<span style=\"font-family: 'times new roman', times, serif; font-size: 14pt;\">\u2022 Milliy \u00farp-\u00e1detler, q\u00e1diriyatlar negizinde al\u0131p bar\u0131l\u0131p at\u0131r\u01f5an \u00e1njumanlar, s\u00e1wbetlesiwler, ush\u0131ras\u0131wlar sh\u00f3lkemlestiriw:<\/span><br \/>\n<span style=\"font-family: 'times new roman', times, serif; font-size: 14pt;\">\u2022 Studentlerdi\u0144 ruwx\u0131y h\u00e1m fizikal\u0131q jaqtan q\u00e1liplesiwin joqar\u0131lat\u0131w maqsetinde islenetu\u01f5\u0131n jum\u0131slard\u0131 jetilistiriwge k\u00f3meklesiw;<\/span><br \/>\n<span style=\"font-family: 'times new roman', times, serif; font-size: 14pt;\">\u2022 Filialda ruwx\u0131y-a\u01f5art\u0131wsh\u0131l\u0131q t\u00e1rbiyal\u0131q jum\u0131slard\u0131\u0144 j\u00f3nelislerin belgilew, olar\u01f5a z\u00e1r\u00far normativ h\u00fajjetler h\u00e1m us\u0131n\u0131slar islep sh\u0131\u01f5\u0131w;<\/span><br \/>\n<span style=\"font-family: 'times new roman', times, serif; font-size: 14pt;\">\u2022 Respublikal\u0131q ruwx\u0131y-a\u01f5art\u0131wsh\u0131l\u0131q oray\u0131n\u0131\u0144 qala, rayonl\u0131q b\u00f3limleri h\u00e1m de m\u00e1mleketimizde x\u0131zmet k\u00f3rsetip at\u0131r\u01f5an fondlar, j\u00e1miyetlik sh\u00f3lkemler menen birgelikte ruwx\u0131y-a\u01f5art\u0131wsh\u0131l\u0131q jum\u0131slar\u0131n jetilistiriwde qatnas\u0131w.<\/span><\/p>\n<p style=\"text-align: center;\">\n<span style=\"font-family: 'times new roman', times, serif; font-size: 14pt;\"><strong>B\u00f3limni\u0144 huq\u0131qlar\u0131:<\/strong><\/span><\/p>\n<p>\n<span style=\"font-family: 'times new roman', times, serif; font-size: 14pt;\">\u2022 Fakultetlerdegi ruwx\u0131y-a\u01f5art\u0131wsh\u0131l\u0131q jum\u0131slar\u0131n qada\u01f5alaw;<\/span><br \/>\n<span style=\"font-family: 'times new roman', times, serif; font-size: 14pt;\">\u2022 Ruwx\u0131y-a\u01f5art\u0131wsh\u0131l\u0131q jum\u0131slar\u0131na baylan\u0131sl\u0131 ministrlik buyr\u0131qlar\u0131 h\u00e1m k\u00f3rsetpelerini\u0144 fakultetlerdegi or\u0131nlan\u0131w\u0131n tekseriw;<\/span><br \/>\n<span style=\"font-family: 'times new roman', times, serif; font-size: 14pt;\">\u2022 Dekann\u0131\u0144 ruwx\u0131y-a\u01f5art\u0131wsh\u0131l\u0131q isleri boy\u0131nsha dekan or\u0131nbasarlar\u0131n saylaw h\u00e1m de waz\u0131ypalardan azat q\u0131l\u0131w\u01f5a baylan\u0131sl\u0131 j\u0131ynal\u0131slarda turaql\u0131 t\u00farde \u00f3z us\u0131n\u0131slar\u0131 menen qatnasad\u0131;<\/span><br \/>\n<span style=\"font-family: 'times new roman', times, serif; font-size: 14pt;\">\u2022 Ruwx\u0131y-a\u01f5art\u0131wsh\u0131l\u0131q m\u00e1seleler boy\u0131nsha fakultet dekanlar\u0131 h\u00e1m kafedra basl\u0131qlar\u0131na k\u00f3rsetpeler, us\u0131n\u0131slar beredi;<\/span><br \/>\n<span style=\"font-family: 'times new roman', times, serif; font-size: 14pt;\">\u2022 Professor-oq\u0131t\u0131wsh\u0131lard\u0131\u0144 j\u0131ll\u0131q oq\u0131w j\u00faklemelerinde \u00abRuwx\u0131y-a\u01f5art\u0131wsh\u0131l\u0131q jum\u0131slar\u00bb taraw\u0131na tiyisli b\u00e1ntini\u0144 tol\u0131q or\u0131nlan\u0131w\u0131n qada\u01f5alayd\u0131 h\u00e1m bahalap barad\u0131;<\/span><br \/>\n<span style=\"font-family: 'times new roman', times, serif; font-size: 14pt;\">\u2022 Ruwx\u0131y-a\u01f5art\u0131wsh\u0131l\u0131q isler boy\u0131nsha dekan or\u0131nbasarlar\u0131 al\u0131p baratu\u01f5\u0131n jum\u0131slar boy\u0131nsha h\u00e1r semestr juwma\u01f5\u0131nda b\u00f3lim basl\u0131\u01f5\u0131na esabat beredi;<\/span><br \/>\n<span style=\"font-family: 'times new roman', times, serif; font-size: 14pt;\">\u2022 Ruwx\u0131y-a\u01f5art\u0131wsh\u0131l\u0131q jum\u0131slar\u0131n jetilistiriwde jaqs\u0131 baslama k\u00f3rsetken fakultet, b\u00f3lim h\u00e1m kafedra j\u00e1m\u00e1\u00e1ti belsendilerin ruwx\u0131y h\u00e1m materiall\u0131q jaqtan xoshametlewge us\u0131n\u0131slar beredi.<br \/>\n<\/span><\/p>\n<table style=\"border-collapse: collapse; width: 100%;\">\n<tbody>\n<tr>\n<td style=\"width: 28.4563%;\"><img loading=\"lazy\" decoding=\"async\" class=\"aligncenter wp-image-19976\" src=\"https:\/\/uzdjtsunf.uz\/wp-content\/uploads\/2025\/10\/3.jpg\" alt=\"\" width=\"150\" height=\"200\" srcset=\"https:\/\/uzdjtsunf.uz\/wp-content\/uploads\/2025\/10\/3.jpg 259w, https:\/\/uzdjtsunf.uz\/wp-content\/uploads\/2025\/10\/3-225x300.jpg 225w\" sizes=\"auto, (max-width: 150px) 100vw, 150px\" \/><\/td>\n<td style=\"width: 71.5437%; text-align: center;\">\n<p><span style=\"font-family: 'times new roman', times, serif; font-size: 14pt;\"><strong>Jaslar menen islesiw, ruwxiyl\u0131q h\u00e1m a\u01f5art\u0131wsh\u0131l\u0131q b\u00f3limi metodisti<\/strong><br \/>\nUbbiniyazov Raxat Bax\u0131tbaevich<br \/>\n<strong>Tel:<\/strong> (+99894) 900-04-04<br \/>\n<strong>E-mail:<\/strong> <a href=\"mailto:rstayder@gmail.com\">rstayder@gmail.com<\/a><\/span><\/p>\n<\/td>\n<\/tr>\n<\/tbody>\n<\/table>\n<p>&nbsp;<\/p>\n<table style=\"border-collapse: collapse; width: 100%;\">\n<tbody>\n<tr>\n<td style=\"width: 28.6437%; text-align: center;\"><img loading=\"lazy\" decoding=\"async\" class=\"aligncenter wp-image-19975\" src=\"https:\/\/uzdjtsunf.uz\/wp-content\/uploads\/2025\/10\/5.jpg\" alt=\"\" width=\"150\" height=\"200\" srcset=\"https:\/\/uzdjtsunf.uz\/wp-content\/uploads\/2025\/10\/5.jpg 259w, https:\/\/uzdjtsunf.uz\/wp-content\/uploads\/2025\/10\/5-225x300.jpg 225w\" sizes=\"auto, (max-width: 150px) 100vw, 150px\" \/><\/td>\n<td style=\"width: 71.3563%;\">\n<p style=\"text-align: center;\"><strong><span style=\"font-family: 'times new roman', times, serif; font-size: 14pt;\">Jaslar m\u00e1seleleri h\u00e1m ruwx\u0131y-a\u01f5art\u0131wsh\u0131l\u0131q isleri boy\u0131nsha direktord\u0131\u0144 birinshi or\u0131nbasar\u0131n\u0131\u0144 is j\u00faritiwshsi<br \/>\n<\/span><\/strong><span style=\"font-family: 'times new roman', times, serif; font-size: 14pt;\">Daryabaeva Gulay\u0131m Kuan\u0131shbay k\u0131z\u0131<br \/>\n<\/span><span style=\"font-family: 'times new roman', times, serif; font-size: 14pt;\"><strong>Tel:<\/strong> (+99893) 360-99-71<br \/>\n<\/span><span style=\"font-family: 'times new roman', times, serif; font-size: 14pt;\"><strong>E-mail:<\/strong> <a href=\"mailto:guliydaryabaeva2403@gmail.com\">guliydaryabaeva2403@gmail.com<\/a><\/span><\/p>\n<\/td>\n<\/tr>\n<\/tbody>\n<\/table>\n<p>&nbsp;<\/p>\n<table style=\"border-collapse: collapse; width: 100.506%; height: 195px;\">\n<tbody>\n<tr>\n<td style=\"width: 28.6437%;\"><img loading=\"lazy\" decoding=\"async\" class=\"aligncenter wp-image-19974\" src=\"https:\/\/uzdjtsunf.uz\/wp-content\/uploads\/2025\/10\/4.jpg\" alt=\"\" width=\"152\" height=\"200\" srcset=\"https:\/\/uzdjtsunf.uz\/wp-content\/uploads\/2025\/10\/4.jpg 277w, https:\/\/uzdjtsunf.uz\/wp-content\/uploads\/2025\/10\/4-228x300.jpg 228w\" sizes=\"auto, (max-width: 152px) 100vw, 152px\" \/><\/td>\n<td style=\"width: 71.3563%;\">\n<p style=\"text-align: center;\"><span style=\"font-family: 'times new roman', times, serif; font-size: 14pt;\"><strong>Jaslar m\u00e1seleleri h\u00e1m ruwx\u0131y-a\u01f5art\u0131wsh\u0131l\u0131q isleri boy\u0131nsha direktord\u0131\u0144 birinshi or\u0131nbasar\u0131n\u0131\u0144 is j\u00faritiwshsi<br \/>\n<\/strong>Mnajov Imaladdin Nurabullaevich<br \/>\n<strong>Tel:<\/strong> (+99899) 361-77-97<br \/>\n<strong>E-mail: <\/strong><a href=\"mailto:mnajovimran@icloud.com\">mnajovimran@icloud.com<\/a><\/span><\/p>\n<\/td>\n<\/tr>\n<\/tbody>\n<\/table>\n<p><\/p>","protected":false},"excerpt":{"rendered":"<p>Jaslar menen islesiw, ruwx\u0131yl\u0131q h\u00e1m a\u01f5art\u0131wsh\u0131l\u0131q b\u00f3limi basl\u0131\u01f5\u0131 Me\u0144limuratov Atabek Kamal ul\u0131 \u00a0 \u00a0Telefon: (+998 90) 576-00-95 \u00a0 \u00a0E-mail: melimuratovatabek@gmail.com &nbsp; \u00a0 \u00a0Ruwx\u0131yl\u0131q h\u00e1m a\u01f5art\u0131wsh\u0131l\u0131q b\u00f3limi universitette al\u0131p bar\u0131latu\u01f5\u0131n ruwx\u0131y-a\u01f5art\u0131wsh\u0131l\u0131q jum\u0131slar\u01f5a bassh\u0131l\u0131q etiw, taraw\u01f5a tiyisli normativ h\u00fajjetlerde belgilengen k\u00f3rsetpelerdi muwap\u0131qlast\u0131r\u0131w, b\u00f3limler, j\u00e1miyetlik sh\u00f3lkemler h\u00e1m kafedralard\u0131\u0144 ruwx\u0131yl\u0131q taraw\u0131nda\u01f5\u0131 t\u00e1jiriybelerdi ul\u0131wmalast\u0131r\u0131w, z\u00e1r\u00far ilimiy-metodikal\u0131q us\u0131n\u0131slar, \u00e1debiyatlar tayarlaw h\u00e1m [&hellip;]<\/p>\n","protected":false},"author":4,"featured_media":0,"parent":0,"menu_order":0,"comment_status":"closed","ping_status":"closed","template":"","meta":{"footnotes":""},"class_list":["post-4543","page","type-page","status-publish","hentry"],"_links":{"self":[{"href":"https:\/\/uzdjtsunf.uz\/qq\/wp-json\/wp\/v2\/pages\/4543","targetHints":{"allow":["GET"]}}],"collection":[{"href":"https:\/\/uzdjtsunf.uz\/qq\/wp-json\/wp\/v2\/pages"}],"about":[{"href":"https:\/\/uzdjtsunf.uz\/qq\/wp-json\/wp\/v2\/types\/page"}],"author":[{"embeddable":true,"href":"https:\/\/uzdjtsunf.uz\/qq\/wp-json\/wp\/v2\/users\/4"}],"replies":[{"embeddable":true,"href":"https:\/\/uzdjtsunf.uz\/qq\/wp-json\/wp\/v2\/comments?post=4543"}],"version-history":[{"count":20,"href":"https:\/\/uzdjtsunf.uz\/qq\/wp-json\/wp\/v2\/pages\/4543\/revisions"}],"predecessor-version":[{"id":19981,"href":"https:\/\/uzdjtsunf.uz\/qq\/wp-json\/wp\/v2\/pages\/4543\/revisions\/19981"}],"wp:attachment":[{"href":"https:\/\/uzdjtsunf.uz\/qq\/wp-json\/wp\/v2\/media?parent=4543"}],"curies":[{"name":"wp","href":"https:\/\/api.w.org\/{rel}","templated":true}]}}