{"id":4674,"date":"2021-06-22T10:29:31","date_gmt":"2021-06-22T05:29:31","guid":{"rendered":"https:\/\/uzdjtsunf.uz\/?page_id=4674"},"modified":"2025-10-29T16:46:24","modified_gmt":"2025-10-29T11:46:24","slug":"otdel-kontroliya-za-kachestvom-obrazav","status":"publish","type":"page","link":"https:\/\/uzdjtsunf.uz\/qq\/otdel-kontroliya-za-kachestvom-obrazav\/","title":{"rendered":"BILIMLENDIRIW SAPASIN QADA\u01f4ALAW B\u00d3LIMI"},"content":{"rendered":"<p><\/p>\n<table style=\"border-collapse: collapse; width: 100%; height: 204px;\">\n<tbody>\n<tr style=\"height: 204px;\">\n<td style=\"width: 31.9417%; height: 204px;\"><span style=\"font-family: 'times new roman', times, serif;\"><img loading=\"lazy\" decoding=\"async\" class=\"aligncenter wp-image-13511\" src=\"https:\/\/uzdjtsunf.uz\/wp-content\/uploads\/2024\/05\/medet.jpg\" alt=\"\" width=\"166\" height=\"250\" srcset=\"https:\/\/uzdjtsunf.uz\/wp-content\/uploads\/2024\/05\/medet.jpg 346w, https:\/\/uzdjtsunf.uz\/wp-content\/uploads\/2024\/05\/medet-200x300.jpg 200w\" sizes=\"auto, (max-width: 166px) 100vw, 166px\" \/><\/span><\/td>\n<td style=\"width: 68.0583%; text-align: center; height: 204px;\">\n<p style=\"text-align: center;\"><span style=\"font-family: 'times new roman', times, serif; font-size: 14pt;\"><strong>B\u00f3lim basl\u0131\u01f5\u0131<br \/>\n<\/strong>Ramazanov Medetbay Baxitbayevich<br \/>\n<\/span><span style=\"font-family: 'times new roman', times, serif; font-size: 14pt;\"><strong>Telefon:<\/strong> (+99897) 353-55-72<br \/>\n<\/span><span style=\"font-family: 'times new roman', times, serif; font-size: 14pt;\"><strong>E-mail:<\/strong>\u00a0<a href=\"mailto:medetramazanov@inbox.ru\">medetramazanov@inbox.ru<\/a><strong><br \/>\n<\/strong><\/span><\/p>\n<\/td>\n<\/tr>\n<\/tbody>\n<\/table>\n<p style=\"text-align: justify;\"><span style=\"font-family: 'times new roman', times, serif; font-size: 14pt;\">\u00a0\u00d3zbekstan m\u00e1mleketlik dene t\u00e1rbiyas\u0131 h\u00e1m sport universiteti N\u00f3kis filial\u0131 Bilimlendiriw sapas\u0131n baqlaw b\u00f3limi Joqar\u0131 bilimlendiriw, ilim h\u00e1m innovaciyalar ministrligini\u0144 \u201cM\u00e1mleketlik joqar\u0131 bilimlendiriw m\u00e1kemelerinde Bilimlendiriw sapas\u0131n qada\u01f5alaw b\u00f3limleri iskerligin jetilistiriw haqq\u0131nda\u201d\u01f5\u0131 2023-j\u0131l 27-mart k\u00fangi 72-sanl\u0131 buyr\u0131\u01f5\u0131n\u0131\u0144 1-b\u00e1ntine muwap\u0131q qayta sh\u00f3lkemlestirilgen.<\/span><\/p>\n<p style=\"text-align: center;\"><span style=\"font-family: 'times new roman', times, serif; font-size: 14pt;\"><strong>B\u00f3limdi\u0144 tiykar\u01f5\u0131 maqseti<\/strong><\/span><\/p>\n<p style=\"text-align: justify;\"><span style=\"font-family: 'times new roman', times, serif; font-size: 14pt;\">\u00a0\u00a0\u00a0\u00a0\u00a0\u00a0\u00a0\u00a0 Filial studentleri bilimlerini\u0144 m\u00e1mleket t\u00e1lim standartlar\u0131na muwap\u0131ql\u0131\u01f5\u0131n \u00fayrenip bar\u0131w, analiz q\u0131l\u0131w, kadrlar tayarlaw sapas\u0131 mon\u0131toringini j\u00fargiziw, filial ishki attestatsiyadan \u00f3tkeriwdi sh\u00f3lkemlestiriw j\u00e1ne on\u0131\u0144 n\u00e1tiyjeleri boy\u0131nsha bilimlendiriw sapas\u0131na unams\u0131z t\u00e1sir etiwshi faktorlard\u0131 an\u0131qlaw h\u00e1m de olard\u0131 saplast\u0131r\u0131w h\u00e1m ald\u0131n al\u0131w ilajlar\u0131n k\u00f3riwden ibarat.<\/span><\/p>\n<p style=\"text-align: center;\"><span style=\"font-family: 'times new roman', times, serif; font-size: 14pt;\"><strong>B\u00f3limdi\u0144 tiykar\u01f5\u0131 waz\u0131ypalar\u0131<\/strong><\/span><\/p>\n<p style=\"text-align: justify;\"><span style=\"font-family: 'times new roman', times, serif; font-size: 14pt;\">-t\u00e1lim ba\u01f5darlar\u0131 h\u00e1m q\u00e1nigeliklerdi\u0144 m\u00e1mleket t\u00e1lim standartlar\u0131 (DTS), ilmiy t\u00e1jriybe talaplar\u0131, oq\u0131w jobalar\u0131 h\u00e1m p\u00e1n programmalar\u0131, jum\u0131ssh\u0131 oq\u0131w jobalar h\u00e1m p\u00e1nni\u0144 jum\u0131ssh\u0131 programmalar\u0131 menen t\u00e1miyinlengenligi h\u00e1m de \u00f3z-ara muwap\u0131ql\u0131\u01f5\u0131n analiz etiw;<\/span><\/p>\n<p style=\"text-align: justify;\"><span style=\"font-family: 'times new roman', times, serif; font-size: 14pt;\">-filialda t\u00e1lim procesi sapas\u0131n, on\u0131\u0144 oq\u0131w \u00e1debiyatlar\u0131 h\u00e1m oq\u0131w-stilistik materiallar menen t\u00e1miyinlengenlik d\u00e1rejesin \u00fayreniw;<\/span><\/p>\n<p style=\"text-align: justify;\"><span style=\"font-family: 'times new roman', times, serif; font-size: 14pt;\">-studentler bilimin bahalaw processlerinde g\u00fazetshi retinde qatnas\u0131w;<\/span><\/p>\n<p style=\"text-align: justify;\"><span style=\"font-family: 'times new roman', times, serif; font-size: 14pt;\">-studentler bilimin bahalaw processleri h\u00e1m n\u00e1tiyjelerini\u0144 qal\u0131sl\u0131\u01f5\u0131 h\u00e1m ash\u0131ql\u0131\u01f5\u0131n \u00fayreniw;<\/span><\/p>\n<p style=\"text-align: justify;\"><span style=\"font-family: 'times new roman', times, serif; font-size: 14pt;\">-studentler bilimin ta\u0144lanma tiykar\u0131nda an\u0131qlaw ush\u0131n qos\u0131msha t\u00farde qada\u01f5alaw jum\u0131slar\u0131n \u00f3tkeriw (us\u0131 qada\u01f5alaw n\u00e1tiyjesi studentti\u0144 \u00f3zlestiriw k\u00f3rsetkishinde h\u00e1kis etpeydi), n\u00e1tiyjelerdi analiz q\u0131l\u0131w, t\u00e1lim sapas\u0131na t\u00e1sir k\u00f3rsetken faktorlard\u0131 an\u0131qlaw processlerin sh\u00f3lkemlestiriw;<\/span><\/p>\n<p style=\"text-align: justify;\"><span style=\"font-family: 'times new roman', times, serif; font-size: 14pt;\">-filial dekanatlari t\u00e1repinen q\u00e1liplestiretu\u01f5\u0131n sabaq kestelerin optimallast\u0131r\u0131wda qatnas\u0131w;<\/span><\/p>\n<p style=\"text-align: justify;\"><span style=\"font-family: 'times new roman', times, serif; font-size: 14pt;\">-h\u00e1r bir p\u00e1n boy\u0131nsha sabaq sh\u0131n\u0131\u01f5\u0131wlar\u0131n analiz q\u0131l\u0131w h\u00e1m filial direktor\u0131na ma\u01f5l\u0131wmatlar berip bar\u0131w;<\/span><\/p>\n<p style=\"text-align: justify;\"><span style=\"font-family: 'times new roman', times, serif; font-size: 14pt;\">-studentler qatnas\u0131 h\u00e1m professor;<\/span><\/p>\n<p style=\"text-align: justify;\"><span style=\"font-family: 'times new roman', times, serif; font-size: 14pt;\">-oq\u0131t\u0131wsh\u0131lard\u0131\u0144 sabaq\u01f5a munas\u00e1betin mon\u0131toringini apar\u0131w;<\/span><\/p>\n<p style=\"text-align: justify;\"><span style=\"font-family: 'times new roman', times, serif; font-size: 14pt;\">-bahalaw n\u00e1tiyjeleri boy\u0131nsha analitik ma\u01f5l\u0131wmatlar tayarlaw h\u00e1m olard\u0131\u0144 n\u00e1tiyjeleri maydan\u0131nan filial ke\u0144esinde h\u00e1m de direktor ald\u0131 j\u0131ynal\u0131s\u0131nda esabatlar berip bar\u0131w;<\/span><\/p>\n<p style=\"text-align: justify;\"><span style=\"font-family: 'times new roman', times, serif; font-size: 14pt;\">-pitkeriwshilerdi\u0144 bilim d\u00e1rejesin \u00fayreniw maqsetinde juwmaqlawsh\u0131 m\u00e1mleket attestatsiyasi komissiyalar\u0131 h\u00fajjetleri menen tan\u0131s\u0131w;<\/span><\/p>\n<p style=\"text-align: justify;\"><span style=\"font-family: 'times new roman', times, serif; font-size: 14pt;\">-sh\u00f3lkemlestirilgen-huq\u0131q\u0131y h\u00e1m metodikal\u0131q k\u00f3rsetpeler tiykar\u0131nda t\u00e1lim h\u00e1m kadrlar tayarlaw sapas\u0131 mon\u0131toringini apar\u0131w h\u00e1m baqlawd\u0131 sh\u00f3lkemlestiriw;<\/span><\/p>\n<p style=\"text-align: justify;\"><span style=\"font-family: 'times new roman', times, serif; font-size: 14pt;\">-filiald\u0131 ishki attestatsiyadan \u00f3tkeriwdi sh\u00f3lkemlestiriw h\u00e1m ishki attestatsiya n\u00e1tiyjelerin, t\u00e1lim sapas\u0131na t\u00e1sir etiwshi faktorlar tuwr\u0131s\u0131nda\u01f5\u0131 ma\u01f5l\u0131wmatlard\u0131 filial direktor\u0131na h\u00e1m de Joqar\u0131 bilimlendiriw, ilim h\u00e1m innovaciyalar ministrligine us\u0131n\u0131w;<\/span><\/p>\n<p style=\"text-align: justify;\"><span style=\"font-family: 'times new roman', times, serif; font-size: 14pt;\">-Bilimlendiriw sapas\u0131n belgileytu\u01f5\u0131n k\u00f3rsetkishlerdi\u0144 ja\u01f5day\u0131n mon\u0131tor\u0131\u0144 q\u0131l\u0131w, an\u0131qlan\u01f5an m\u00e1seleler h\u00e1m kemshilikler boy\u0131nsha filial direktor\u0131na us\u0131n\u0131slar beriw;<\/span><\/p>\n<p style=\"text-align: justify;\"><span style=\"font-family: 'times new roman', times, serif; font-size: 14pt;\">-Bilimlendiriw sapas\u0131n as\u0131r\u0131w maqsetinde professor-oq\u0131t\u0131wsh\u0131lard\u0131\u0144 mamanl\u0131\u01f5\u0131n as\u0131r\u0131w processinde zamanag\u00f3y us\u0131llar h\u00e1m us\u0131llardan paydalan\u0131w natiyjeliligin analiz q\u0131l\u0131w;<\/span><\/p>\n<p style=\"text-align: justify;\"><span style=\"font-family: 'times new roman', times, serif; font-size: 14pt;\">-filiald\u0131\u0144 struktural\u0131q strukturalar\u0131nda (fakultet, kafedra, b\u00f3lim, oray) pedagog x\u0131zmetkerlerdi\u0144 k\u00e1siplik ilmiy t\u00e1jriybesi ja\u01f5day\u0131n, son\u0131\u0144 menen birge joqar\u0131 oq\u0131w jurt\u0131nan keyingi t\u00e1lim h\u00e1m de bilimlerdi jetilistiriw h\u00e1m qayta tayarlaw ba\u01f5darlar\u0131 da\u01f5\u0131 sapa d\u00e1rejesin an\u0131qlaw maqsetinde ishki mon\u0131toringni \u00f3tkeriw, analitikal\u0131q ma\u01f5l\u0131wmatlard\u0131 tayarlaw, an\u0131qlana\u01f5an kemshilik h\u00e1m mashqalalardi saplast\u0131r\u0131w boy\u0131nsha filial administraciya\u0131na us\u0131n\u0131slar kirgiziw;<\/span><\/p>\n<p style=\"text-align: justify;\"><span style=\"font-family: 'times new roman', times, serif; font-size: 14pt;\">-filial professor-oq\u0131t\u0131wsh\u0131lar\u0131 tayansh ma\u01f5l\u0131wmatlar\u0131n\u0131\u0144 tiyisli sabaq beretu\u01f5\u0131n p\u00e1n (lar) ine s\u00e1ykesligin analiz q\u0131l\u0131w yamasa olard\u0131\u0144 n\u0131zam h\u00fajjetlerinde belgilengen t\u00e1rtipte qayta tayarlawdan \u00f3tkenligin yamasa uyqas q\u00e1nigelik boy\u0131nsha ilimiy ataq, d\u00e1rejege iye ekenligin \u00fayreniw h\u00e1m juwmaqlard\u0131 filial direktor\u0131na xabar beriw;<\/span><\/p>\n<p style=\"text-align: justify;\"><span style=\"font-family: 'times new roman', times, serif; font-size: 14pt;\">-t\u00e1lim procesi materiall\u0131q-texnikal\u0131q bazas\u0131 ja\u01f5day\u0131n analiz q\u0131l\u0131w, on\u0131 rawajland\u0131r\u0131w h\u00e1m jetilistiriw boy\u0131nsha us\u0131n\u0131slar beriw;<\/span><\/p>\n<p style=\"text-align: justify;\"><span style=\"font-family: 'times new roman', times, serif; font-size: 14pt;\">-filialda studentler \u00e1meliyat\u0131n\u0131\u0144 t\u00e1lim ba\u01f5darlar\u0131 h\u00e1m q\u00e1nigeliklerdi inabatqa al\u01f5an halda islengenligi j\u00e1ne on\u0131\u0144 n\u00e1tiyjesin baqlaw;<\/span><\/p>\n<p style=\"text-align: justify;\"><span style=\"font-family: 'times new roman', times, serif; font-size: 14pt;\">-filial reytingin an\u0131qlaw, bahalaw, attestaciya h\u00e1m t\u00e1lim sapas\u0131n \u00fayreniw menen baylan\u0131sl\u0131 processlerde qatnas\u0131w;<\/span><\/p>\n<p style=\"text-align: justify;\"><span style=\"font-family: 'times new roman', times, serif; font-size: 14pt;\">-filial da\u01f5\u0131 social ortal\u0131q, kadrlar tayarlaw h\u00e1m bilimlendiriw sapas\u0131n as\u0131r\u0131w maqsetinde turaql\u0131 t\u00farde student, ata-ana, professor-oq\u0131t\u0131wsh\u0131 h\u00e1m kadrlar qar\u0131ydarlar\u0131 ortas\u0131nda social sorawlar \u00f3tkeriw;<\/span><\/p>\n<p style=\"text-align: justify;\"><span style=\"font-family: 'times new roman', times, serif; font-size: 14pt;\">-filial da\u01f5\u0131 social ortal\u0131q, kadrlar tayarlaw h\u00e1m bilimlendiriw sapas\u0131n \u00fayreniw maqsetinde professor-oq\u0131t\u0131wsh\u0131lar h\u00e1m kadrlar qar\u0131ydarlar\u0131 ortas\u0131nda \u00f3tkeriletu\u01f5\u0131n social sorawlar processinde qatnas\u0131w, n\u00e1tiyjeleri maydan\u0131nan us\u0131n\u0131slar islep sh\u0131\u01f5\u0131w;<\/span><\/p>\n<p style=\"text-align: justify;\"><span style=\"font-family: 'times new roman', times, serif; font-size: 14pt;\">-pitkeriwshilerdi\u0144 t\u00e1limdi keyingi basq\u0131sh\u0131na oq\u0131w\u01f5a kiriwi yamasa jum\u0131sqa jerlesiwlerin analiz q\u0131l\u0131wda qatnas\u0131w;<\/span><\/p>\n<p style=\"text-align: justify;\"><span style=\"font-family: 'times new roman', times, serif; font-size: 14pt;\">-respublika h\u00e1m shet el m\u00e1mleketlerdegi bilimlendiriw sapas\u0131n baqlaw\u01f5a tiyisli ja\u0144al\u0131qlard\u0131 turaql\u0131 \u00fayrenip bar\u0131w h\u00e1m olard\u0131 t\u00e1lim procesine qollan\u0131w etiw maydan\u0131nan us\u0131n\u0131slar islep sh\u0131\u01f5\u0131w;<\/span><\/p>\n<p style=\"text-align: justify;\"><span style=\"font-family: 'times new roman', times, serif; font-size: 14pt;\">-filial reytingin xal\u0131q aral\u0131q d\u00e1rejege k\u00f3teriwge qarat\u0131l\u01f5an ilajlard\u0131 joqar\u0131 bilimlendiriw sh\u00f3lkemi administraciyas\u0131 menen birgelikte islep sh\u0131\u01f5\u0131w j\u00e1ne on\u0131\u0144 atqar\u0131l\u0131w\u0131n t\u00e1miyinlewde aktiv qatnas etiw;<\/span><\/p>\n<p style=\"text-align: justify;\"><span style=\"font-family: 'times new roman', times, serif; font-size: 14pt;\">-filial tiyisli struktural\u0131q strukturalar\u0131 menen sheriklikte bilimlendiriw sapas\u0131n as\u0131r\u0131w\u01f5a qarat\u0131l\u01f5an h\u00e1m de oq\u0131w seminarlar\u0131 h\u00e1m treninglarni \u00f3tkeriw;<\/span><\/p>\n<p style=\"text-align: justify;\"><span style=\"font-family: 'times new roman', times, serif; font-size: 14pt;\">-filialda ishki j\u00e1miyetshil ekspertler bazas\u0131n q\u00e1liplestiriw h\u00e1m olar menen qoy\u0131l\u01f5an waz\u0131ypalar she\u0144berinde seminar sh\u0131n\u0131\u01f5\u0131wlar\u0131n \u00fazliksiz t\u00farde \u00f3tkerip bar\u0131w;<\/span><\/p>\n<p style=\"text-align: justify;\"><span style=\"font-family: 'times new roman', times, serif; font-size: 14pt;\">-oq\u0131w procesi menen islep sh\u0131\u01f5ar\u0131w ortas\u0131nda\u01f5\u0131 integratsion sheriklik, innovciyal\u0131q ideyalar, islenbe h\u00e1m texnologiyalard\u0131 ke\u0144eytiw maydan\u0131nan us\u0131n\u0131slard\u0131 berip bar\u0131w;<\/span><\/p>\n<p style=\"text-align: justify;\"><span style=\"font-family: 'times new roman', times, serif; font-size: 14pt;\">-filial Ke\u0144esinde, s\u00e1wbetleri h\u00e1m \u00e1njumanlarda b\u00f3lim t\u00e1repinen bilimlendiriw sapas\u0131n as\u0131r\u0131w\u01f5a tiyisli \u00e1melge as\u0131r\u0131l\u01f5an \u00fayreniw h\u00e1m mon\u0131tor\u0131\u0144 n\u00e1tiyjeleri tuwr\u0131s\u0131nda ma\u01f5l\u0131wmatlar berip bar\u0131w;<\/span><\/p>\n<p style=\"text-align: justify;\"><span style=\"font-family: 'times new roman', times, serif; font-size: 14pt;\">&#8211; bilimlendiriw sapas\u0131 ja\u01f5day\u0131n \u00fayreniw n\u00e1tiyjelerine t\u0131ykarlan\u0131p tiyisli us\u0131n\u0131slard\u0131 filial administraciyas\u0131na us\u0131n\u0131w.<\/span><\/p>\n<p>&nbsp;<\/p>\n<table style=\"border-collapse: collapse; width: 100%; height: 10px;\">\n<tbody>\n<tr style=\"height: 287px;\">\n<td style=\"width: 30.0728%; height: 10px;\"><img loading=\"lazy\" decoding=\"async\" class=\"aligncenter wp-image-16424\" src=\"https:\/\/uzdjtsunf.uz\/wp-content\/uploads\/2025\/02\/sadatdin.png\" alt=\"\" width=\"150\" height=\"200\" srcset=\"https:\/\/uzdjtsunf.uz\/wp-content\/uploads\/2025\/02\/sadatdin.png 260w, https:\/\/uzdjtsunf.uz\/wp-content\/uploads\/2025\/02\/sadatdin-225x300.png 225w\" sizes=\"auto, (max-width: 150px) 100vw, 150px\" \/><\/td>\n<td style=\"width: 69.9272%; height: 10px;\">\n<p style=\"text-align: center;\"><span style=\"font-size: 14pt; font-family: 'times new roman', times, serif;\"><strong>Bas q\u00e1nige<br \/>\n<\/strong><\/span><span style=\"font-size: 14pt; font-family: 'times new roman', times, serif;\">Karimbergenov Sadatdin Xaqbergenovich<br \/>\n<\/span><span style=\"font-size: 14pt; font-family: 'times new roman', times, serif;\"><strong>Telefon<\/strong>:\u00a0 +998 91 389-99-94<br \/>\n<\/span><span style=\"font-size: 14pt; font-family: 'times new roman', times, serif;\"><strong>E-mail:\u00a0<\/strong><a href=\"mailto:sadatdin.karimbergenov.94@gmail.com\">sadatdin.karimbergenov.94@gmail.com<\/a><\/span><\/p>\n<\/td>\n<\/tr>\n<\/tbody>\n<\/table>\n<p>&nbsp;<\/p>\n<table style=\"border-collapse: collapse; width: 100%; height: 10px;\">\n<tbody>\n<tr style=\"height: 276px;\">\n<td style=\"width: 30.3643%; height: 10px; text-align: center;\"><img loading=\"lazy\" decoding=\"async\" class=\"alignnone wp-image-19948\" src=\"https:\/\/uzdjtsunf.uz\/wp-content\/uploads\/2025\/10\/11-33.jpg\" alt=\"\" width=\"151\" height=\"200\" srcset=\"https:\/\/uzdjtsunf.uz\/wp-content\/uploads\/2025\/10\/11-33.jpg 260w, https:\/\/uzdjtsunf.uz\/wp-content\/uploads\/2025\/10\/11-33-226x300.jpg 226w\" sizes=\"auto, (max-width: 151px) 100vw, 151px\" \/><\/td>\n<td style=\"width: 69.6357%; height: 10px;\">\n<p style=\"text-align: center;\"><span style=\"font-size: 14pt; font-family: 'times new roman', times, serif;\"><strong>Bas q\u00e1nige<br \/>\n<\/strong><strong>\u00a0<\/strong>Sidikov Sanjarbek Davronbekovich<\/span><br \/>\n<span style=\"font-size: 14pt; font-family: 'times new roman', times, serif;\"><strong>Telefon<\/strong>:+998 91 305-22-17<\/span><br \/>\n<span style=\"font-size: 14pt; font-family: 'times new roman', times, serif;\"><strong>E-mail:\u00a0<\/strong><a href=\"mailto:sidikovsanjar2002@gmail.com\">sidikovsanjar2002@gmail.com<\/a><\/span><\/p>\n<\/td>\n<\/tr>\n<\/tbody>\n<\/table>\n<p><\/p>","protected":false},"excerpt":{"rendered":"<p>B\u00f3lim basl\u0131\u01f5\u0131 Ramazanov Medetbay Baxitbayevich Telefon: (+99897) 353-55-72 E-mail:\u00a0medetramazanov@inbox.ru \u00a0\u00d3zbekstan m\u00e1mleketlik dene t\u00e1rbiyas\u0131 h\u00e1m sport universiteti N\u00f3kis filial\u0131 Bilimlendiriw sapas\u0131n baqlaw b\u00f3limi Joqar\u0131 bilimlendiriw, ilim h\u00e1m innovaciyalar ministrligini\u0144 \u201cM\u00e1mleketlik joqar\u0131 bilimlendiriw m\u00e1kemelerinde Bilimlendiriw sapas\u0131n qada\u01f5alaw b\u00f3limleri iskerligin jetilistiriw haqq\u0131nda\u201d\u01f5\u0131 2023-j\u0131l 27-mart k\u00fangi 72-sanl\u0131 buyr\u0131\u01f5\u0131n\u0131\u0144 1-b\u00e1ntine muwap\u0131q qayta sh\u00f3lkemlestirilgen. B\u00f3limdi\u0144 tiykar\u01f5\u0131 maqseti \u00a0\u00a0\u00a0\u00a0\u00a0\u00a0\u00a0\u00a0 Filial studentleri bilimlerini\u0144 [&hellip;]<\/p>\n","protected":false},"author":4,"featured_media":0,"parent":0,"menu_order":0,"comment_status":"closed","ping_status":"closed","template":"","meta":{"footnotes":""},"class_list":["post-4674","page","type-page","status-publish","hentry"],"_links":{"self":[{"href":"https:\/\/uzdjtsunf.uz\/qq\/wp-json\/wp\/v2\/pages\/4674","targetHints":{"allow":["GET"]}}],"collection":[{"href":"https:\/\/uzdjtsunf.uz\/qq\/wp-json\/wp\/v2\/pages"}],"about":[{"href":"https:\/\/uzdjtsunf.uz\/qq\/wp-json\/wp\/v2\/types\/page"}],"author":[{"embeddable":true,"href":"https:\/\/uzdjtsunf.uz\/qq\/wp-json\/wp\/v2\/users\/4"}],"replies":[{"embeddable":true,"href":"https:\/\/uzdjtsunf.uz\/qq\/wp-json\/wp\/v2\/comments?post=4674"}],"version-history":[{"count":49,"href":"https:\/\/uzdjtsunf.uz\/qq\/wp-json\/wp\/v2\/pages\/4674\/revisions"}],"predecessor-version":[{"id":19952,"href":"https:\/\/uzdjtsunf.uz\/qq\/wp-json\/wp\/v2\/pages\/4674\/revisions\/19952"}],"wp:attachment":[{"href":"https:\/\/uzdjtsunf.uz\/qq\/wp-json\/wp\/v2\/media?parent=4674"}],"curies":[{"name":"wp","href":"https:\/\/api.w.org\/{rel}","templated":true}]}}