{"id":4703,"date":"2021-06-25T11:33:16","date_gmt":"2021-06-25T06:33:16","guid":{"rendered":"https:\/\/uzdjtsunf.uz\/?page_id=4703"},"modified":"2025-10-30T11:14:10","modified_gmt":"2025-10-30T06:14:10","slug":"sekretar-soveta","status":"publish","type":"page","link":"https:\/\/uzdjtsunf.uz\/qq\/sekretar-soveta\/","title":{"rendered":"Filial ke\u0144es xatkeri"},"content":{"rendered":"<p><\/p>\n<table style=\"border-collapse: collapse; width: 100%;\">\n<tbody>\n<tr>\n<td style=\"width: 36.7379%;\"><span style=\"font-family: 'times new roman', times, serif;\"><img loading=\"lazy\" decoding=\"async\" class=\"wp-image-19925 aligncenter\" src=\"https:\/\/uzdjtsunf.uz\/wp-content\/uploads\/2025\/10\/rahat-kadirov.jpg\" alt=\"\" width=\"250\" height=\"250\" srcset=\"https:\/\/uzdjtsunf.uz\/wp-content\/uploads\/2025\/10\/rahat-kadirov.jpg 640w, https:\/\/uzdjtsunf.uz\/wp-content\/uploads\/2025\/10\/rahat-kadirov-300x300.jpg 300w, https:\/\/uzdjtsunf.uz\/wp-content\/uploads\/2025\/10\/rahat-kadirov-150x150.jpg 150w\" sizes=\"auto, (max-width: 250px) 100vw, 250px\" \/><\/span><\/td>\n<td style=\"width: 63.2621%; text-align: center;\">\n<p>&nbsp;<\/p>\n<p><span style=\"font-family: 'times new roman', times, serif; font-size: 14pt;\"><strong>Kadirov Raxat Sovet ul\u0131<br \/>\n<\/strong><\/span><span style=\"font-family: 'times new roman', times, serif; font-size: 14pt;\"><strong>Telefon:<\/strong> +99893 366-06-96<br \/>\n<\/span><span style=\"font-family: 'times new roman', times, serif; font-size: 14pt;\"><strong>Elektron pochta:<\/strong> <a href=\"mailto:kadirovraxat63@gmail.com\">kadirovraxat63@gmail.com<\/a><\/span><\/p>\n<p style=\"text-align: center;\">\u00a0<\/p>\n<\/td>\n<\/tr>\n<\/tbody>\n<\/table>\n<p style=\"text-align: center;\"><span style=\"font-family: 'times new roman', times, serif; font-size: 14pt;\"><strong>Ke\u0144es xatkerini\u0144 lawaz\u0131m waz\u0131ypalar\u0131 :<\/strong><\/span><\/p>\n<ul>\n<li><span style=\"font-family: 'times new roman', times, serif; font-size: 14pt;\">H\u00e1r ayda \u00f3tkeriletu\u01f5\u0131n JOO Ilimiy ke\u0144es j\u0131ynal\u0131s\u0131n\u0131\u0144 jum\u0131s jobas\u0131 boy\u0131nsha tiyisli tarawlar juwapkerlerine qarar joybarlar\u0131n tayarlaw boy\u0131nsha xabar beriw j\u00e1ne on\u0131 qada\u01f5alap bar\u0131w ;<\/span><\/li>\n<li><span style=\"font-family: 'times new roman', times, serif; font-size: 14pt;\">JOO ilimiy ke\u0144es a\u01f5zalar\u0131n ilimiy ke\u0144esde qatnas\u0131w\u0131n t\u00e1miyinlew h\u00e1m olar\u01f5a j\u0131ynal\u0131s k\u00fani h\u00e1m de waq\u0131t\u0131 haqq\u0131nda xabar beriw;<\/span><\/li>\n<li><span style=\"font-family: 'times new roman', times, serif; font-size: 14pt;\">Ilimiy ke\u0144es qararlar\u0131 joybar\u0131n juwapkerlerden waq\u0131t\u0131nda al\u0131w h\u00e1m olard\u0131 r\u00e1smiylestiriw;<\/span><\/li>\n<li><span style=\"font-family: 'times new roman', times, serif; font-size: 14pt;\">Ilimiy ke\u0144es qararlar\u0131 joybar\u0131 r\u00e1smiylestirilip, tay\u0131n bol\u01f5annan keyin barl\u0131q ke\u0144es a\u01f5zalar\u0131na tarqat\u0131w ;<\/span><\/li>\n<li><span style=\"font-family: 'times new roman', times, serif; font-size: 14pt;\">Ilimiy ke\u0144es qararlar\u0131 or\u0131nlan\u0131w\u0131n \u00fastinen \u00fazliksiz monitoringin \u00e1melge as\u0131r\u0131w;<\/span><\/li>\n<li><span style=\"font-family: 'times new roman', times, serif; font-size: 14pt;\">Ilimiy ke\u0144es qararlar\u0131 joybar\u0131n juwapkerler t\u00e1repinen or\u0131nlanba\u01f5an t\u00e1\u01f5dirde jazba yamasa aw\u0131zsha t\u00farde ilimiy ke\u0144es basl\u0131\u01f5\u0131na esabat beriw;<\/span><\/li>\n<li><span style=\"font-family: 'times new roman', times, serif; font-size: 14pt;\">Ilimiy ke\u0144es qararlar\u0131n protokol menen r\u00e1smiylestiriw. Protokold\u0131 ilimiy ke\u0144esti\u0144 basl\u0131\u01f5\u0131 h\u00e1m ilimiy xatkeri t\u00e1repinen imzalan\u0131p tast\u0131y\u0131qlan\u0131w\u0131n t\u00e1miyinlew;<\/span><\/li>\n<li><span style=\"font-family: 'times new roman', times, serif; font-size: 14pt;\">Ilimiy ke\u0144es tast\u0131y\u0131\u01f5\u0131nan \u00f3tken barl\u0131q JOO h\u00fajjetlerini\u0144 protokoldan k\u00f3shirmesin tast\u0131y\u0131qlap beriw;<\/span><\/li>\n<li><span style=\"font-family: 'times new roman', times, serif; font-size: 14pt;\">Ilimiy ke\u0144es sheshimine muwap\u0131q professor, docent ilimiy ata\u01f5\u0131n al\u0131w\u01f5a umt\u0131l\u0131p at\u0131r\u01f5an izleniwshilerdi\u0144 h\u00fajjetlerin k\u00f3rip sh\u0131\u01f5\u0131w h\u00e1m belgilengen t\u00e1rtipte ilimiy ataqqa tast\u0131y\u0131qlaw ush\u0131n us\u0131n\u0131w h\u00e1m de h\u00fajjetlerdi JAKna jiberiw;<\/span><\/li>\n<li><span style=\"font-family: 'times new roman', times, serif; font-size: 14pt;\">Ilimiy ke\u0144es talq\u0131law\u0131nan \u00f3tken doktorl\u0131q h\u00e1m kandidatlik dissertaciyas\u0131 temalar\u0131na protokoldan k\u00f3shirmeni tast\u0131y\u0131qlaw;<\/span><\/li>\n<li><span style=\"font-family: 'times new roman', times, serif; font-size: 14pt;\">Kafedra basl\u0131\u01f5\u0131, professor h\u00e1m docent lawaz\u0131mlar\u0131na kafedralar boy\u0131nsha vakant (bos) lawaz\u0131mlar\u01f5a jab\u0131q daw\u0131s beriw jol\u0131 menen ta\u0144law \u00f3tkerip, r\u00e1smiylestiriw;<\/span><\/li>\n<li><span style=\"font-family: 'times new roman', times, serif; font-size: 14pt;\">Professor \u2013 oq\u0131t\u0131wsh\u0131lard\u0131\u0144 ilimiy jum\u0131slar dizimin tast\u0131y\u0131qlap beriw;<\/span><\/li>\n<li><span style=\"font-family: 'times new roman', times, serif; font-size: 14pt;\">H\u00e1r oq\u0131w j\u0131l\u0131 aq\u0131r\u0131nda ilimiy ke\u0144es protokol\u0131n\u0131\u0144 j\u0131ynalma tom\u0131n arxivke taps\u0131r\u0131w;<\/span><\/li>\n<li><span style=\"font-family: 'times new roman', times, serif; font-size: 14pt;\">Ilimiy ke\u0144es jobas\u0131 ilimiy ke\u0144es t\u00e1repinen k\u00f3rip sh\u0131\u01f5\u0131l\u01f5annan keyin JOO direktori t\u00e1repinen tast\u0131y\u0131qlat\u0131w;<\/span><\/li>\n<li><span style=\"font-family: 'times new roman', times, serif; font-size: 14pt;\">\u00d3zbekstan Respublikas\u0131 Prezidentini\u0144 buyr\u0131qlar\u0131, Ministrler Kabineti qararlar\u0131, Joqar\u0131 h\u00e1m orta arnawl\u0131 bilimlendiriw ministirligi komissiyas\u0131 qararlar\u0131 h\u00e1m de buyr\u0131qlar\u0131 tiykar\u0131nda jum\u0131s rejesine \u00f3zgerisler kirgiziw;<\/span><\/li>\n<li style=\"text-align: left;\"><span style=\"font-family: 'times new roman', times, serif; font-size: 14pt;\">Ilimiy ke\u0144es j\u0131ynama h\u00fajjetler nomenklaturas\u0131n turaql\u0131 t\u00e1rizde j\u00fargiziw h\u00e1m barl\u0131q h\u00fajjetler monitoringin \u00e1melge as\u0131r\u0131w.\n<p><strong>Filial Ke\u0144esi a\u01f5zalar\u0131 quram<\/strong><\/span><\/p>\n<p style=\"text-align: justify;\"><span style=\"font-family: 'times new roman', times, serif; font-size: 14pt;\"><strong>\u00a0B.Erimbetov<\/strong> &#8211; Ke\u0144es basl\u0131\u01f5\u0131, direktor, Pedagogika ilimleri doktor\u0131 (DSc), professor<\/span><\/p>\n<p style=\"text-align: justify;\"><span style=\"font-family: 'times new roman', times, serif; font-size: 14pt;\"><strong>\u00a0G.Xojametov<\/strong> &#8211; Jaslar m\u00e1seleleri, ruwx\u0131yl\u0131q h\u00e1m a\u01f5art\u0131wsh\u0131l\u0131q isleri boy\u0131nsha direktord\u0131\u0144 birinshi or\u0131nbasar\u0131<\/span><\/p>\n<p style=\"text-align: justify;\"><span style=\"font-family: 'times new roman', times, serif; font-size: 14pt;\">\u00a0<strong>B.Utemuratov &#8211;<\/strong> Oq\u0131w isleri boy\u0131nsha direktor or\u0131nbasar\u0131, t.i.k.<\/span><\/p>\n<p style=\"text-align: justify;\"><span style=\"font-family: 'times new roman', times, serif; font-size: 14pt;\"><strong>\u00a0I.Mambetnazrov &#8211;<\/strong> Ilimiy isler h\u00e1m innovaciyalar boy\u0131nsha direktor or\u0131nbasar\u0131 Pedagogika ilimleri boy\u0131nsha filosofiya doktor\u0131 (PhD), professor<\/span><\/p>\n<p style=\"text-align: justify;\"><span style=\"font-family: 'times new roman', times, serif; font-size: 14pt;\"><strong>\u0410.Temirbaev &#8211;<\/strong> Qaraqalpaqstan Respublikas\u0131 Sport ministrligi Olimpiya h\u00e1m paralimpiya sport t\u00farlerin rawajland\u0131r\u0131w b\u00f3limi basl\u0131\u01f5\u0131<\/span><\/p>\n<p style=\"text-align: justify;\"><span style=\"font-family: 'times new roman', times, serif; font-size: 14pt;\"><strong>\u00a0R.Kadirov<\/strong> &#8211; Ke\u0144es xatkeri<\/span><\/p>\n<p style=\"text-align: justify;\"><span style=\"font-family: 'times new roman', times, serif; font-size: 14pt;\">\u00a0<strong>A.Radjapov<\/strong>\u00a0&#8211; Yuristkonsult<\/span><\/p>\n<p style=\"text-align: justify;\"><span style=\"font-family: 'times new roman', times, serif; font-size: 14pt;\">\u00a0<strong>M.Ramazanov<\/strong> &#8211; Bilimlendiriw sapas\u0131n qada\u01f5alaw b\u00f3limi basl\u0131\u01f5\u0131, b.i.b.f.d. (PhD), docent<\/span><\/p>\n<p style=\"text-align: justify;\"><span style=\"font-family: 'times new roman', times, serif; font-size: 14pt;\">\u00a0<strong>D.K\u043echanov<\/strong> &#8211; Oq\u0131w-metodikal\u0131q basqarma basl\u0131\u01f5\u0131, b.i.b.f.d. (PhD), docent<\/span><\/p>\n<p style=\"text-align: justify;\"><span style=\"font-family: 'times new roman', times, serif; font-size: 14pt;\"><strong>\u00a0A.Menlimuratov<\/strong> &#8211; Jaslar menen islesiw-ruwx\u0131y-a\u01f5art\u0131wsh\u0131l\u0131q b\u00f3limi basl\u0131\u01f5\u0131<\/span><\/p>\n<p style=\"text-align: justify;\"><span style=\"font-family: 'times new roman', times, serif; font-size: 14pt;\"><strong>\u00a0Z.Embergenov<\/strong> &#8211; Kadrlar b\u00f3limi basl\u0131\u01f5\u0131<\/span><\/p>\n<p style=\"text-align: justify;\"><span style=\"font-family: 'times new roman', times, serif; font-size: 14pt;\"><strong>\u00a0D.Nur\u0131shov<\/strong> &#8211; Registrator ofis basl\u0131\u01f5\u0131 p.i.d. (DSc), dotsent<\/span><\/p>\n<p style=\"text-align: justify;\"><span style=\"font-family: 'times new roman', times, serif; font-size: 14pt;\">\u00a0<strong>A.Kuralbaev<\/strong>\u00a0&#8211; &#8220;Dene t\u00e1rbiyas\u0131 teoriyas\u0131, gumanitar h\u00e1m t\u00e1biyiy p\u00e1nler&#8221; kafedras\u0131 basl\u0131\u01f5\u0131, Pedagogika ilimleri boy\u0131nsha filosofiya doktor\u0131 (PhD), docent<\/span><\/p>\n<p style=\"text-align: justify;\"><span style=\"font-family: 'times new roman', times, serif; font-size: 14pt;\"><strong>\u00a0S.Toylibaev<\/strong>\u00a0 &#8211; &#8220;Jeke g\u00fares sport t\u00farleri teoriyas\u0131 h\u00e1m metodikas\u0131&#8221; kafedras\u0131 basl\u0131\u01f5\u0131, Pedagogika ilimleri boy\u0131nsha filosofiya doktor\u0131 (PhD), docent<\/span><\/p>\n<p style=\"text-align: justify;\"><span style=\"font-family: 'times new roman', times, serif; font-size: 14pt;\">\u00a0<strong>T.Seytmuratov &#8211;<\/strong> &#8220;Sport oy\u0131nlar\u0131 teoriyas\u0131 h\u00e1m metodikas\u0131 &#8221; kafedras\u0131 basl\u0131\u01f5\u0131 Pedagogika ilimleri boy\u0131nsha filosofiya doktor\u0131 (PhD), docent<\/span><\/p>\n<p style=\"text-align: justify;\"><span style=\"font-family: 'times new roman', times, serif; font-size: 14pt;\">\u00a0<strong>S.J\u00e1digerov<\/strong> &#8211; Isler basqarmas\u0131 basl\u0131\u01f5\u0131<\/span><\/p>\n<p style=\"text-align: justify;\"><span style=\"font-family: 'times new roman', times, serif; font-size: 14pt;\"><strong>\u00a0B.Allambergenova<\/strong> &#8211; Hayal-q\u0131zlar m\u00e1seleleri boy\u0131nsha direktor m\u00e1sl\u00e1h\u00e1tshisi, professor-oq\u0131t\u0131wsh\u0131<\/span><\/p>\n<p style=\"text-align: justify;\"><span style=\"font-family: 'times new roman', times, serif; font-size: 14pt;\"><strong>\u00a0A.Primbetov<\/strong> &#8211; K\u00e1siplik awqam ke\u0144esi basl\u0131\u01f5\u0131, p.i.b.f.d. (PhD), docent<\/span><\/p>\n<p style=\"text-align: justify;\"><span style=\"font-family: 'times new roman', times, serif; font-size: 14pt;\">\u00a0<strong>U.Dosbergenov &#8211;<\/strong> Studentler aras\u0131nda sociall\u0131q-ruwx\u0131y tat\u0131wl\u0131qt\u0131 t\u00e1miyinlewge juwapker bol\u01f5an direktor m\u00e1sl\u00e1h\u00e1tshisi<\/span><\/p>\n<p style=\"text-align: justify;\"><span style=\"font-family: 'times new roman', times, serif; font-size: 14pt;\"><strong>M.Maxamatdinova<\/strong> &#8211; Korrupciya\u01f5a qars\u0131 g\u00faresiw kompleans qada\u01f5alaw b\u00f3limi basl\u0131\u01f5\u0131<\/span><\/p>\n<p style=\"text-align: justify;\"><span style=\"font-family: 'times new roman', times, serif; font-size: 14pt;\"><strong>Dj.Sultamuratov<\/strong> &#8211; &#8220;Jeke g\u00fares sport t\u00farleri teoriyas\u0131 h\u00e1m metodikas\u0131&#8221; kafedras\u0131 docenti, filial Nuraniylar ke\u0144esi basl\u0131\u01f5\u0131<\/span><\/p>\n<p style=\"text-align: justify;\"><span style=\"font-family: 'times new roman', times, serif; font-size: 14pt;\"><strong>B.Zaripov<\/strong> &#8211; Filial studenti<\/span><\/p>\n<p><span style=\"font-family: 'times new roman', times, serif; font-size: 14pt;\"><strong>M.Bekmuratov<\/strong> &#8211; \u00abAral\u00bb Sport klub\u0131 basl\u0131\u01f5\u0131n\u0131\u0144 or\u0131nbasar\u0131<\/span><\/li>\n<\/ul>\n<p><\/p>","protected":false},"excerpt":{"rendered":"<p>&nbsp; Kadirov Raxat Sovet ul\u0131 Telefon: +99893 366-06-96 Elektron pochta: kadirovraxat63@gmail.com \u00a0 Ke\u0144es xatkerini\u0144 lawaz\u0131m waz\u0131ypalar\u0131 : H\u00e1r ayda \u00f3tkeriletu\u01f5\u0131n JOO Ilimiy ke\u0144es j\u0131ynal\u0131s\u0131n\u0131\u0144 jum\u0131s jobas\u0131 boy\u0131nsha tiyisli tarawlar juwapkerlerine qarar joybarlar\u0131n tayarlaw boy\u0131nsha xabar beriw j\u00e1ne on\u0131 qada\u01f5alap bar\u0131w ; JOO ilimiy ke\u0144es a\u01f5zalar\u0131n ilimiy ke\u0144esde qatnas\u0131w\u0131n t\u00e1miyinlew h\u00e1m olar\u01f5a j\u0131ynal\u0131s k\u00fani h\u00e1m de [&hellip;]<\/p>\n","protected":false},"author":4,"featured_media":0,"parent":0,"menu_order":0,"comment_status":"closed","ping_status":"closed","template":"","meta":{"footnotes":""},"class_list":["post-4703","page","type-page","status-publish","hentry"],"_links":{"self":[{"href":"https:\/\/uzdjtsunf.uz\/qq\/wp-json\/wp\/v2\/pages\/4703","targetHints":{"allow":["GET"]}}],"collection":[{"href":"https:\/\/uzdjtsunf.uz\/qq\/wp-json\/wp\/v2\/pages"}],"about":[{"href":"https:\/\/uzdjtsunf.uz\/qq\/wp-json\/wp\/v2\/types\/page"}],"author":[{"embeddable":true,"href":"https:\/\/uzdjtsunf.uz\/qq\/wp-json\/wp\/v2\/users\/4"}],"replies":[{"embeddable":true,"href":"https:\/\/uzdjtsunf.uz\/qq\/wp-json\/wp\/v2\/comments?post=4703"}],"version-history":[{"count":35,"href":"https:\/\/uzdjtsunf.uz\/qq\/wp-json\/wp\/v2\/pages\/4703\/revisions"}],"predecessor-version":[{"id":19973,"href":"https:\/\/uzdjtsunf.uz\/qq\/wp-json\/wp\/v2\/pages\/4703\/revisions\/19973"}],"wp:attachment":[{"href":"https:\/\/uzdjtsunf.uz\/qq\/wp-json\/wp\/v2\/media?parent=4703"}],"curies":[{"name":"wp","href":"https:\/\/api.w.org\/{rel}","templated":true}]}}