{"id":4772,"date":"2021-07-03T09:31:47","date_gmt":"2021-07-03T04:31:47","guid":{"rendered":"https:\/\/uzdjtsunf.uz\/?page_id=4772"},"modified":"2025-10-30T12:17:41","modified_gmt":"2025-10-30T07:17:41","slug":"pervichnaya-organizacziya-soyuza-molodezh","status":"publish","type":"page","link":"https:\/\/uzdjtsunf.uz\/qq\/pervichnaya-organizacziya-soyuza-molodezh\/","title":{"rendered":"Jaslar awqam\u0131 baslan\u01f5\u0131sh sh\u00f3lkemi jetekshisi"},"content":{"rendered":"<p><\/p>\n<table style=\"border-collapse: collapse; width: 100%;\">\n<tbody>\n<tr>\n<td style=\"width: 34.6593%; text-align: center;\"><img loading=\"lazy\" decoding=\"async\" class=\"alignnone wp-image-19984\" src=\"https:\/\/uzdjtsunf.uz\/wp-content\/uploads\/2025\/10\/7.png\" alt=\"\" width=\"206\" height=\"250\" \/><\/td>\n<td style=\"width: 65.3407%;\">\n<p style=\"text-align: center;\"><span style=\"font-family: 'times new roman', times, serif; font-size: 14pt;\"><strong>Jaslar awqam\u0131 baslan\u01f5\u0131sh sh\u00f3lkemi jetekshisi<br \/>\n<\/strong><\/span><span style=\"font-family: 'times new roman', times, serif; font-size: 14pt;\">Me\u0144limuratov Atabek Kamal ul\u0131<br \/>\n<\/span><span style=\"font-family: 'times new roman', times, serif; font-size: 14pt;\">\u00a0 \u00a0<strong>Telefon<\/strong>: (+998 90) 576-00-95<br \/>\n<strong>\u00a0 \u00a0E-mail: <\/strong><a href=\"mailto:melimuratovatabek@gmail.com\">melimuratovatabek@gmail.com<\/a><\/span><\/p>\n<\/td>\n<\/tr>\n<\/tbody>\n<\/table>\n<p style=\"text-align: center;\"><span style=\"font-family: 'times new roman', times, serif; font-size: 14pt;\"><strong>AWQAMN\u00cd\u0143 MAQSET H\u00c1M WAZ\u00cdYPALAR\u00cd<\/strong><\/span><\/p>\n<p style=\"text-align: justify;\"><span style=\"font-family: 'times new roman', times, serif; font-size: 14pt;\">\u00a0 \u00a0Awqamn\u0131\u0144 tiykar\u01f5\u0131 maqseti jaslard\u0131 m\u00e1mleketimizde \u00e1melge as\u0131r\u0131l\u0131p at\u0131r\u01f5an demokratiyal\u0131q, siyas\u0131y h\u00e1m ekonomikal\u0131q reformalard\u0131 j\u00e1ne de tere\u0144lestiriw, j\u00e1miyette t\u0131n\u0131shl\u0131q h\u00e1m aw\u0131zbirshilikti bekkemlew, \u00d3zbekstand\u0131 j\u00e1h\u00e1nn\u0131\u0144 rawajlan\u01f5an m\u00e1mleketleri qatar\u0131na kiriwi processlerine tart\u0131w, sonday-aq, jas \u00e1wladt\u0131\u0144 huq\u0131qlar\u0131, erkinlikleri h\u00e1m n\u0131zaml\u0131 m\u00e1plerin n\u00e1tiyjeli qor\u01f5awd\u0131 t\u00e1miyinlew, jigit-q\u0131zlard\u0131\u0144 ruwx\u0131y h\u00e1m k\u00e1siplik d\u00e1rejesin k\u00f3teriw, olard\u0131\u0144 intellektuall\u0131q h\u00e1m d\u00f3retiwshilik potencial\u0131n \u00e1melge as\u0131r\u0131w\u01f5a k\u00f3meklesiwden ibarat.<\/span><\/p>\n<p style=\"text-align: center;\"><strong><span style=\"font-family: 'times new roman', times, serif; font-size: 18pt;\">Awqamn\u0131\u0144 tiykar\u01f5\u0131 waz\u0131ypalar\u0131 t\u00f3mendegilerden ibarat:<\/span><\/strong><\/p>\n<ul style=\"list-style-type: disc;\">\n<li style=\"text-align: justify;\"><span style=\"font-family: 'times new roman', times, serif; font-size: 14pt;\">n\u00e1wq\u0131ran, erkin pikirleytu\u01f5\u0131n, \u00f3zini\u0144 turm\u0131sl\u0131q poziciyas\u0131 h\u00e1m qata\u0144 pikirine iye, j\u00e1miyet turm\u0131s\u0131nda m\u00fan\u00e1sip or\u0131n iyeleytu\u01f5\u0131n, m\u00e1mleketti reformalaw, ja\u0144alaw processlerinde sheshiwshi k\u00fash h\u00e1m bekkem tayan\u0131sh bol\u0131w\u01f5a \u0131lay\u0131q jaslard\u0131 q\u00e1liplestiriw, olard\u0131\u0144 siyas\u0131y m\u00e1deniyat\u0131, huq\u0131q\u0131y sawatl\u0131l\u0131\u01f5\u0131 h\u00e1m huq\u0131q\u0131y sanas\u0131n k\u00f3teriw;<\/span><\/li>\n<li style=\"text-align: justify;\"><span style=\"font-family: 'times new roman', times, serif; font-size: 14pt;\">jaslard\u0131, atap aytqanda j\u00e1mlespegen jaslard\u0131 ruwx\u0131y t\u00e1repten \u00e1skeriy patriotl\u0131q ruwx\u0131nda t\u00e1rbiyalaw, olarda tar\u0131yx\u0131y yad, milliy nam\u0131s h\u00e1m \u00f3zlikti a\u0144law, j\u00faz berip at\u0131r\u01f5an waq\u0131yalar\u01f5a tiyislilik, milliy h\u00e1m ul\u0131wma insan\u0131y q\u00e1diriyatlar\u01f5a h\u00farmet sezimlerin q\u00e1liplestiriw;<\/span><\/li>\n<li style=\"text-align: justify;\"><span style=\"font-family: 'times new roman', times, serif; font-size: 14pt;\">jaslard\u0131\u0144 huq\u0131q h\u00e1m n\u0131zaml\u0131 m\u00e1plerin qor\u01f5aw, olard\u0131\u0144 zamanag\u00f3y k\u00e1siplerdi iyelewge bol\u01f5an umt\u0131l\u0131w\u0131n qollap-quwatlaw, isbilermenlik iskerligine tart\u0131w;<\/span><\/li>\n<li style=\"text-align: justify;\"><span style=\"font-family: 'times new roman', times, serif; font-size: 14pt;\">uq\u0131pl\u0131 jaslard\u0131 qollap-quwatlaw, olard\u0131\u0144 \u00f3z d\u00f3retiwshilik h\u00e1m intellektuall\u0131q potencial\u0131n \u00e1melge as\u0131r\u0131w\u0131 ush\u0131n sh\u00e1rayatlar jarat\u0131w h\u00e1m ilimiy jum\u0131sqa tart\u0131w;<\/span><\/li>\n<li style=\"text-align: justify;\"><span style=\"font-family: 'times new roman', times, serif; font-size: 14pt;\">jaslar, atap aytqanda j\u00e1mlespegen jaslar ortas\u0131nda salamat turm\u0131s t\u00e1rizi, ekologiyal\u0131q m\u00e1deniyatt\u0131 q\u00e1liplestiriw, olard\u0131 dene t\u00e1rbiyas\u0131 h\u00e1m sport penen \u00fazliksiz shu\u01f5\u0131llan\u0131w\u01f5a ke\u0144nen tart\u0131w;<\/span><\/li>\n<li style=\"text-align: justify;\"><span style=\"font-family: 'times new roman', times, serif; font-size: 14pt;\">jaslard\u0131, atap aytqanda j\u00e1mlespegen jaslard\u0131 diniy-ekstremistlik h\u00e1m basqa buz\u01f5\u0131nsh\u0131 sh\u00f3lkemler t\u00e1sirinen, s\u0131rttan \u201c\u01f5alabal\u0131q m\u00e1deniyat\u201d n\u0131qab\u0131 ast\u0131nda kirip kiyat\u0131r\u01f5an unams\u0131z t\u00e1sir h\u00e1m q\u00e1wiplerden as\u0131raw, jaslar ortas\u0131nda huq\u0131qbuzarl\u0131q h\u00e1m j\u0131nayatsh\u0131l\u0131qt\u0131 profilaktika etiw h\u00e1m ald\u0131n al\u0131w\u01f5a k\u00f3meklesiw h\u00e1m basqalar.<\/span><\/li>\n<li style=\"text-align: justify;\"><span style=\"font-family: 'times new roman', times, serif; font-size: 14pt;\">Joqar\u0131da sanap \u00f3tilgen waz\u0131ypalard\u0131 \u00e1melge as\u0131r\u0131w maqsetinde awqam \u00f3z iskerligini\u0144 t\u00farli ba\u01f5darlar\u0131 boy\u0131nsha tiyisli ilajlar Ba\u01f5darlamas\u0131n qab\u0131llaw\u0131 m\u00famkin.<\/span><\/li>\n<\/ul>\n<p><\/p>","protected":false},"excerpt":{"rendered":"<p>Jaslar awqam\u0131 baslan\u01f5\u0131sh sh\u00f3lkemi jetekshisi Me\u0144limuratov Atabek Kamal ul\u0131 \u00a0 \u00a0Telefon: (+998 90) 576-00-95 \u00a0 \u00a0E-mail: melimuratovatabek@gmail.com AWQAMN\u00cd\u0143 MAQSET H\u00c1M WAZ\u00cdYPALAR\u00cd \u00a0 \u00a0Awqamn\u0131\u0144 tiykar\u01f5\u0131 maqseti jaslard\u0131 m\u00e1mleketimizde \u00e1melge as\u0131r\u0131l\u0131p at\u0131r\u01f5an demokratiyal\u0131q, siyas\u0131y h\u00e1m ekonomikal\u0131q reformalard\u0131 j\u00e1ne de tere\u0144lestiriw, j\u00e1miyette t\u0131n\u0131shl\u0131q h\u00e1m aw\u0131zbirshilikti bekkemlew, \u00d3zbekstand\u0131 j\u00e1h\u00e1nn\u0131\u0144 rawajlan\u01f5an m\u00e1mleketleri qatar\u0131na kiriwi processlerine tart\u0131w, sonday-aq, jas \u00e1wladt\u0131\u0144 huq\u0131qlar\u0131, [&hellip;]<\/p>\n","protected":false},"author":4,"featured_media":0,"parent":0,"menu_order":0,"comment_status":"closed","ping_status":"closed","template":"","meta":{"footnotes":""},"class_list":["post-4772","page","type-page","status-publish","hentry"],"_links":{"self":[{"href":"https:\/\/uzdjtsunf.uz\/qq\/wp-json\/wp\/v2\/pages\/4772","targetHints":{"allow":["GET"]}}],"collection":[{"href":"https:\/\/uzdjtsunf.uz\/qq\/wp-json\/wp\/v2\/pages"}],"about":[{"href":"https:\/\/uzdjtsunf.uz\/qq\/wp-json\/wp\/v2\/types\/page"}],"author":[{"embeddable":true,"href":"https:\/\/uzdjtsunf.uz\/qq\/wp-json\/wp\/v2\/users\/4"}],"replies":[{"embeddable":true,"href":"https:\/\/uzdjtsunf.uz\/qq\/wp-json\/wp\/v2\/comments?post=4772"}],"version-history":[{"count":13,"href":"https:\/\/uzdjtsunf.uz\/qq\/wp-json\/wp\/v2\/pages\/4772\/revisions"}],"predecessor-version":[{"id":19985,"href":"https:\/\/uzdjtsunf.uz\/qq\/wp-json\/wp\/v2\/pages\/4772\/revisions\/19985"}],"wp:attachment":[{"href":"https:\/\/uzdjtsunf.uz\/qq\/wp-json\/wp\/v2\/media?parent=4772"}],"curies":[{"name":"wp","href":"https:\/\/api.w.org\/{rel}","templated":true}]}}