{"id":5034,"date":"2021-07-31T22:53:44","date_gmt":"2021-07-31T17:53:44","guid":{"rendered":"https:\/\/uzdjtsunf.uz\/?page_id=5034"},"modified":"2023-07-13T11:04:07","modified_gmt":"2023-07-13T06:04:07","slug":"%d0%bc%d0%b5%d1%81%d1%82%d0%be-%d1%81%d0%b4%d0%b0%d1%87%d0%b8-%d1%82%d0%b2%d0%be%d1%80%d1%87%d0%b5%d1%81%d0%ba%d0%b8%d1%85-%d1%8d%d0%ba%d0%b7%d0%b0%d0%bc%d0%b5%d0%bd%d0%be%d0%b2","status":"publish","type":"page","link":"https:\/\/uzdjtsunf.uz\/qq\/%d0%bc%d0%b5%d1%81%d1%82%d0%be-%d1%81%d0%b4%d0%b0%d1%87%d0%b8-%d1%82%d0%b2%d0%be%d1%80%d1%87%d0%b5%d1%81%d0%ba%d0%b8%d1%85-%d1%8d%d0%ba%d0%b7%d0%b0%d0%bc%d0%b5%d0%bd%d0%be%d0%b2\/","title":{"rendered":"K\u00e1siplik (d\u00f3retiwshilik) imtixanlard\u0131 \u00f3tkeriw jay\u0131"},"content":{"rendered":"\n\t\t<style type=\"text\/css\">\n\t\t\t#gallery-1 {\n\t\t\t\tmargin: auto;\n\t\t\t}\n\t\t\t#gallery-1 .gallery-item {\n\t\t\t\tfloat: left;\n\t\t\t\tmargin-top: 10px;\n\t\t\t\ttext-align: center;\n\t\t\t\twidth: 100%;\n\t\t\t}\n\t\t\t#gallery-1 img {\n\t\t\t\tborder: 2px solid #cfcfcf;\n\t\t\t}\n\t\t\t#gallery-1 .gallery-caption {\n\t\t\t\tmargin-left: 0;\n\t\t\t}\n\t\t\t\/* see gallery_shortcode() in wp-includes\/media.php *\/\n\t\t<\/style>\n\t\t<div id='gallery-1' class='gallery galleryid-5034 gallery-columns-1 gallery-size-full'><dl class='gallery-item'>\n\t\t\t<dt class='gallery-icon landscape'>\n\t\t\t\t<a href='https:\/\/uzdjtsunf.uz\/wp-content\/uploads\/2023\/07\/Qabul-12.07.2023.jpg'><img loading=\"lazy\" decoding=\"async\" width=\"1344\" height=\"1008\" src=\"https:\/\/uzdjtsunf.uz\/wp-content\/uploads\/2023\/07\/Qabul-12.07.2023.jpg\" class=\"attachment-full size-full\" alt=\"\" srcset=\"https:\/\/uzdjtsunf.uz\/wp-content\/uploads\/2023\/07\/Qabul-12.07.2023.jpg 1344w, https:\/\/uzdjtsunf.uz\/wp-content\/uploads\/2023\/07\/Qabul-12.07.2023-300x225.jpg 300w, https:\/\/uzdjtsunf.uz\/wp-content\/uploads\/2023\/07\/Qabul-12.07.2023-1024x768.jpg 1024w, https:\/\/uzdjtsunf.uz\/wp-content\/uploads\/2023\/07\/Qabul-12.07.2023-768x576.jpg 768w\" sizes=\"auto, (max-width: 1344px) 100vw, 1344px\" \/><\/a>\n\t\t\t<\/dt><\/dl><br style=\"clear: both\" \/>\n\t\t<\/div>\n\n","protected":false},"excerpt":{"rendered":"","protected":false},"author":4,"featured_media":0,"parent":0,"menu_order":0,"comment_status":"closed","ping_status":"closed","template":"","meta":{"footnotes":""},"class_list":["post-5034","page","type-page","status-publish","hentry"],"_links":{"self":[{"href":"https:\/\/uzdjtsunf.uz\/qq\/wp-json\/wp\/v2\/pages\/5034","targetHints":{"allow":["GET"]}}],"collection":[{"href":"https:\/\/uzdjtsunf.uz\/qq\/wp-json\/wp\/v2\/pages"}],"about":[{"href":"https:\/\/uzdjtsunf.uz\/qq\/wp-json\/wp\/v2\/types\/page"}],"author":[{"embeddable":true,"href":"https:\/\/uzdjtsunf.uz\/qq\/wp-json\/wp\/v2\/users\/4"}],"replies":[{"embeddable":true,"href":"https:\/\/uzdjtsunf.uz\/qq\/wp-json\/wp\/v2\/comments?post=5034"}],"version-history":[{"count":0,"href":"https:\/\/uzdjtsunf.uz\/qq\/wp-json\/wp\/v2\/pages\/5034\/revisions"}],"wp:attachment":[{"href":"https:\/\/uzdjtsunf.uz\/qq\/wp-json\/wp\/v2\/media?parent=5034"}],"curies":[{"name":"wp","href":"https:\/\/api.w.org\/{rel}","templated":true}]}}