{"id":53,"date":"2019-04-27T17:35:57","date_gmt":"2019-04-27T12:35:57","guid":{"rendered":"http:\/\/uzdjtsunf.uz\/?page_id=53"},"modified":"2025-11-05T10:31:28","modified_gmt":"2025-11-05T05:31:28","slug":"ilmiy-tadqiqot-yonalishlari","status":"publish","type":"page","link":"https:\/\/uzdjtsunf.uz\/qq\/ilimiy-izertlew-bagdarlari\/","title":{"rendered":"Ilimiy-izertlew isleri"},"content":{"rendered":"<p><\/p>\n<p style=\"text-align: justify;\"><span style=\"font-family: 'times new roman', times, serif; font-size: 14pt;\"><a href=\"https:\/\/uzdjtsunf.uz\/wp-content\/uploads\/2025\/11\/123.pdf\">&#8220;Student-jaslard\u0131 sport jar\u0131slar\u0131na tayarlaw sistemas\u0131n jetilistiriwdi\u0144 pedagogikal\u0131q sharayatlar\u0131&#8221;<\/a> (Saparniyazov Sans\u0131zbay Kadirniyazovich).<\/span><\/p>\n<p style=\"text-align: justify;\"><span style=\"font-family: 'times new roman', times, serif; font-size: 14pt;\"><a href=\"https:\/\/uzdjtsunf.uz\/wp-content\/uploads\/2025\/11\/astankulova-d-avtoreferat-28.04.2025.pdf\">\u00abK\u00f3rkem gimnastikash\u0131lard\u0131\u0144 she\u0144ber predmeti menen or\u0131nlanatu\u01f5\u0131n quramal\u0131 sh\u0131n\u0131\u01f5\u0131wlar texnikas\u0131n jetilistiriw n\u00e1tiyjeliligi\u00bb<\/a> (Astanqulova Dilnur Furkat q\u0131z\u0131).<\/span><\/p>\n<p><\/p>","protected":false},"excerpt":{"rendered":"<p>&#8220;Student-jaslard\u0131 sport jar\u0131slar\u0131na tayarlaw sistemas\u0131n jetilistiriwdi\u0144 pedagogikal\u0131q sharayatlar\u0131&#8221; (Saparniyazov Sans\u0131zbay Kadirniyazovich). \u00abK\u00f3rkem gimnastikash\u0131lard\u0131\u0144 she\u0144ber predmeti menen or\u0131nlanatu\u01f5\u0131n quramal\u0131 sh\u0131n\u0131\u01f5\u0131wlar texnikas\u0131n jetilistiriw n\u00e1tiyjeliligi\u00bb (Astanqulova Dilnur Furkat q\u0131z\u0131).<\/p>\n","protected":false},"author":4,"featured_media":0,"parent":0,"menu_order":0,"comment_status":"closed","ping_status":"closed","template":"","meta":{"footnotes":""},"class_list":["post-53","page","type-page","status-publish","hentry"],"_links":{"self":[{"href":"https:\/\/uzdjtsunf.uz\/qq\/wp-json\/wp\/v2\/pages\/53","targetHints":{"allow":["GET"]}}],"collection":[{"href":"https:\/\/uzdjtsunf.uz\/qq\/wp-json\/wp\/v2\/pages"}],"about":[{"href":"https:\/\/uzdjtsunf.uz\/qq\/wp-json\/wp\/v2\/types\/page"}],"author":[{"embeddable":true,"href":"https:\/\/uzdjtsunf.uz\/qq\/wp-json\/wp\/v2\/users\/4"}],"replies":[{"embeddable":true,"href":"https:\/\/uzdjtsunf.uz\/qq\/wp-json\/wp\/v2\/comments?post=53"}],"version-history":[{"count":11,"href":"https:\/\/uzdjtsunf.uz\/qq\/wp-json\/wp\/v2\/pages\/53\/revisions"}],"predecessor-version":[{"id":20091,"href":"https:\/\/uzdjtsunf.uz\/qq\/wp-json\/wp\/v2\/pages\/53\/revisions\/20091"}],"wp:attachment":[{"href":"https:\/\/uzdjtsunf.uz\/qq\/wp-json\/wp\/v2\/media?parent=53"}],"curies":[{"name":"wp","href":"https:\/\/api.w.org\/{rel}","templated":true}]}}