{"id":6272,"date":"2022-02-09T17:08:31","date_gmt":"2022-02-09T12:08:31","guid":{"rendered":"https:\/\/uzdjtsunf.uz\/?page_id=6272"},"modified":"2025-10-06T11:33:59","modified_gmt":"2025-10-06T06:33:59","slug":"devonxona-va-arxiv-bolimi-arxivarius","status":"publish","type":"page","link":"https:\/\/uzdjtsunf.uz\/qq\/devonxona-va-arxiv-bolimi-arxivarius\/","title":{"rendered":"Kancelyariya h\u00e1m arxiv b\u00f3limi"},"content":{"rendered":"<p><\/p>\n<table style=\"border-collapse: collapse; width: 100%; height: 24px;\">\n<tbody>\n<tr style=\"height: 24px;\">\n<td style=\"width: 34.997%; height: 24px;\">\n\n\t\t<style type=\"text\/css\">\n\t\t\t#gallery-3 {\n\t\t\t\tmargin: auto;\n\t\t\t}\n\t\t\t#gallery-3 .gallery-item {\n\t\t\t\tfloat: left;\n\t\t\t\tmargin-top: 10px;\n\t\t\t\ttext-align: center;\n\t\t\t\twidth: 100%;\n\t\t\t}\n\t\t\t#gallery-3 img {\n\t\t\t\tborder: 2px solid #cfcfcf;\n\t\t\t}\n\t\t\t#gallery-3 .gallery-caption {\n\t\t\t\tmargin-left: 0;\n\t\t\t}\n\t\t\t\/* see gallery_shortcode() in wp-includes\/media.php *\/\n\t\t<\/style>\n\t\t<div id='gallery-3' class='gallery galleryid-6272 gallery-columns-1 gallery-size-medium'><dl class='gallery-item'>\n\t\t\t<dt class='gallery-icon portrait'>\n\t\t\t\t<img loading=\"lazy\" decoding=\"async\" width=\"223\" height=\"300\" src=\"https:\/\/uzdjtsunf.uz\/wp-content\/uploads\/2022\/02\/\u0418\u043a\u0440\u0430\u043c-223x300.png\" class=\"attachment-medium size-medium\" alt=\"\" srcset=\"https:\/\/uzdjtsunf.uz\/wp-content\/uploads\/2022\/02\/\u0418\u043a\u0440\u0430\u043c-223x300.png 223w, https:\/\/uzdjtsunf.uz\/wp-content\/uploads\/2022\/02\/\u0418\u043a\u0440\u0430\u043c.png 372w\" sizes=\"auto, (max-width: 223px) 100vw, 223px\" \/>\n\t\t\t<\/dt><\/dl><br style=\"clear: both\" \/>\n\t\t<\/div>\n\n<\/td>\n<td style=\"width: 65.003%; height: 24px;\">\n<p style=\"text-align: justify;\"><span style=\"font-family: 'times new roman', times, serif; font-size: 14pt;\"><strong>\u00a0 \u00a0 \u00a0<\/strong><\/span><\/p>\n<p style=\"text-align: center;\"><span style=\"font-family: 'times new roman', times, serif; font-size: 14pt;\"><strong>Kancelyariya h\u00e1m arxiv b\u00f3limi basl\u0131\u01f5\u0131\u00a0<\/strong><\/span><\/p>\n<p style=\"text-align: center;\"><span style=\"font-family: 'times new roman', times, serif; font-size: 14pt;\">Uzaqbergenov Ikram Bax\u0131tbaevich<\/span><\/p>\n<p style=\"text-align: center;\"><span style=\"font-family: 'times new roman', times, serif; font-size: 14pt;\"><strong>Telefon:<\/strong> (+99890) 592-99-38<\/span><\/p>\n<p style=\"text-align: justify;\">\u00a0<\/p>\n<p style=\"text-align: justify;\">\u00a0<\/p>\n<\/td>\n<\/tr>\n<\/tbody>\n<\/table>\n<p style=\"text-align: center;\"><span style=\"font-family: 'times new roman', times, serif; font-size: 14pt;\"><strong>KANCELYARIYA B\u00d3LIMI BASLI\u01f4INI\u0143 LAWAZIM WAZIYPALARI:<\/strong><\/span><\/p>\n<ul style=\"list-style-type: disc;\">\n<li style=\"text-align: justify;\"><span style=\"font-family: 'times new roman', times, serif; font-size: 14pt;\">Filial\u01f5a kelip t\u00fasiwshi h\u00fajjetlerdi\u0144 tuwr\u0131 esapqa al\u0131n\u0131w\u0131, waq\u0131t\u0131nda jaz\u0131l\u0131w\u0131 h\u00e1m or\u0131nlawsh\u0131lar\u01f5a taps\u0131r\u0131l\u0131w\u0131n t\u00e1miyinlew;<\/span><\/li>\n<li style=\"text-align: justify;\"><span style=\"font-family: 'times new roman', times, serif; font-size: 14pt;\">Filialdan sh\u0131\u01f5\u0131wsh\u0131 h\u00fajjetlerdi\u0144 tuwr\u0131 r\u00e1smiylestiriliwini t\u00e1miyinlew;<\/span><\/li>\n<li style=\"text-align: justify;\"><span style=\"font-family: 'times new roman', times, serif; font-size: 14pt;\">Filial\u0131 direktor\u0131 at\u0131na keliwshi h\u00fajjetlerdi qab\u0131l q\u0131l\u0131p al\u0131w, olard\u0131 dizimge al\u0131w jurnal\u0131na kiritiw h\u00e1m xabar beriw ush\u0131n taps\u0131r\u0131w ;<\/span><\/li>\n<li style=\"text-align: justify;\"><span style=\"font-family: 'times new roman', times, serif; font-size: 14pt;\">Filial\u0131 direktor\u0131 k\u00f3rsetpesine muwap\u0131q h\u00fajjetlerdi or\u0131nlaw ush\u0131n jiberiw;<\/span><\/li>\n<li style=\"text-align: justify;\"><span style=\"font-family: 'times new roman', times, serif; font-size: 14pt;\">Filial\u0131 direktor\u0131 (direktor or\u0131nbasar\u0131) qol\u0131 menen jiberiletu\u01f5\u0131n h\u00fajjetler belgilenip, tuwr\u0131 r\u00e1smiylestirilgenligini tekseriw;<\/span><\/li>\n<li style=\"text-align: justify;\"><span style=\"font-family: 'times new roman', times, serif; font-size: 14pt;\">Jollan\u01f5an xat-xabarlard\u0131, filial rekvizitlari jaz\u0131l\u01f5an firmenn\u0131y blankalar\u0131n\u0131\u0144 esab\u0131n al\u0131p bar\u0131w;<\/span><\/li>\n<li style=\"text-align: justify;\"><span style=\"font-family: 'times new roman', times, serif; font-size: 14pt;\">Or\u0131nlan\u0131w\u0131 t\u00e1miyinlengen h\u00fajjetlerdi tigip qoy\u0131w;<\/span><\/li>\n<li style=\"text-align: justify;\"><span style=\"font-family: 'times new roman', times, serif; font-size: 14pt;\">Is j\u00faritiliwde tamamlan\u01f5an h\u00fajjetlerdi arxivge taps\u0131r\u0131w ush\u0131n r\u00e1smiylestiriw.<\/span><\/li>\n<\/ul>\n<p style=\"text-align: center;\"><span style=\"font-family: 'times new roman', times, serif; font-size: 14pt;\"><strong>\u00a0<\/strong><strong>Biliwi kerek:<\/strong><\/span><\/p>\n<p style=\"text-align: justify;\"><span style=\"font-family: 'times new roman', times, serif; font-size: 14pt;\"><strong>\u00a0\u00a0\u00a0\u00a0\u00a0\u00a0\u00a0\u00a0 <\/strong>Is j\u00faritiliwin sh\u00f3lkemlestiriwdi, j\u0131ynal\u01f5an h\u00fajjetler dizimi t\u00e1rtibi, ja\u01f5day\u0131n, turaql\u0131 h\u00e1m waqt\u0131nsha saqlanatu\u01f5\u0131n j\u0131ynal\u01f5an h\u00fajjetler dizimlerin, j\u0131ynal\u01f5an h\u00fajjetlerdi arxivge taps\u0131r\u0131w m\u00faddetleri h\u00e1m talab\u0131n biliwi, kancelyariya iskerligine tiyisli n\u0131zamlar, Ministrler Kabinetini\u0144 Qararlar\u0131, Ministrlikti\u0144 Komissiya Qararlar\u0131, buyr\u0131qlar\u0131, Filial\u0131 direktor\u0131 buyr\u0131qlar\u0131n\u0131\u0144 m\u00e1nisin biliwi, Filial j\u0131ll\u0131q h\u00e1m d\u00e1st\u00farli rejelerin biliw.<\/span><\/p>\n<p style=\"text-align: center;\"><span style=\"font-family: 'times new roman', times, serif; font-size: 14pt;\"><strong>K\u00f3nlikpe talaplar\u0131:<\/strong><\/span><\/p>\n<ul style=\"list-style-type: disc;\">\n<li style=\"text-align: justify;\"><span style=\"font-family: 'times new roman', times, serif; font-size: 14pt;\">Filialda bassh\u0131 lawaz\u0131m\u0131nda z\u00e1r\u00far bol\u01f5an k\u00e1siplik h\u00e1m sh\u00f3lkemlestiriwshilik q\u00e1biletlerine, bilimlendiriw taraw\u0131nda bassh\u0131l\u0131q jum\u0131s t\u00e1jiriybesi h\u00e1m staj\u0131na, iskerlik t\u00fari h\u00e1m kepillikleri she\u0144berinde tiyisli bilim h\u00e1m k\u00f3nlikpelerge;<\/span><\/li>\n<li style=\"text-align: justify;\"><span style=\"font-family: 'times new roman', times, serif; font-size: 14pt;\">\u00dalgili jeke paz\u0131yletlerge-intellekt, m\u00e1deniyatl\u0131, jetekshilik, d\u00f3retiwshilik q\u00e1biletler, kishi piyillik, sh\u00f3lkemlestiriwshilik, baslamash\u0131l\u0131q h\u00e1m isbilermenlik q\u00e1biletlerine \u0131ye bol\u0131w, juwapkershilik sezimi, \u01f5\u00e1rezsiz qarar qab\u0131l q\u0131l\u0131w, isenimli h\u00e1reket q\u0131l\u0131w, filial t\u00e1repinen rejelestirilgen d\u00e1st\u00farlerdi\u0144 maqsetlerine erisiwdi t\u00e1miyinlew q\u00e1siyetlerine iye bol\u0131w;<\/span><\/li>\n<li style=\"text-align: justify;\"><span style=\"font-family: 'times new roman', times, serif; font-size: 14pt;\">Joqar\u0131 ma\u01f5l\u0131wmatqa \u0131yelewi z\u00e1r\u00far.<\/span><\/li>\n<li style=\"text-align: justify;\"><span style=\"font-family: 'times new roman', times, serif; font-size: 14pt;\">Ba\u01f5dar\u0131 boy\u0131nsha keminde 3 j\u0131ll\u0131q n\u00e1tiyjeli jum\u0131s staj\u0131na \u0131yelewi z\u00e1r\u00far.<\/span><\/li>\n<\/ul>\n<table style=\"border-collapse: collapse; width: 100%;\">\n<tbody>\n<tr>\n<td style=\"width: 33.0019%;\"><img loading=\"lazy\" decoding=\"async\" class=\"size-full wp-image-9043 aligncenter\" src=\"https:\/\/uzdjtsunf.uz\/wp-content\/uploads\/2023\/04\/photo_2023-04-28_11-56-00-1.jpg\" alt=\"\" width=\"175\" height=\"233\" \/><\/td>\n<td style=\"width: 66.9981%;\">\n<p style=\"text-align: center;\"><span style=\"font-family: 'times new roman', times, serif; font-size: 14pt;\"><strong>Devonxona\u00a0va arxiv bo\u2019limi arxivariusti<\/strong><\/span><\/p>\n<p style=\"text-align: center;\"><span style=\"font-family: 'times new roman', times, serif; font-size: 14pt;\">Erimbetova Altinay Eliwbayevna<\/span><\/p>\n<p style=\"text-align: center;\"><span style=\"font-family: 'times new roman', times, serif; font-size: 14pt;\"><strong>Telefon:<\/strong>\u00a0(+99891) 393-00-33<\/span><\/p>\n<\/td>\n<\/tr>\n<\/tbody>\n<\/table>\n<p><\/p>","protected":false},"excerpt":{"rendered":"<p>\u00a0 \u00a0 \u00a0 Kancelyariya h\u00e1m arxiv b\u00f3limi basl\u0131\u01f5\u0131\u00a0 Uzaqbergenov Ikram Bax\u0131tbaevich Telefon: (+99890) 592-99-38 \u00a0 \u00a0 KANCELYARIYA B\u00d3LIMI BASLI\u01f4INI\u0143 LAWAZIM WAZIYPALARI: Filial\u01f5a kelip t\u00fasiwshi h\u00fajjetlerdi\u0144 tuwr\u0131 esapqa al\u0131n\u0131w\u0131, waq\u0131t\u0131nda jaz\u0131l\u0131w\u0131 h\u00e1m or\u0131nlawsh\u0131lar\u01f5a taps\u0131r\u0131l\u0131w\u0131n t\u00e1miyinlew; Filialdan sh\u0131\u01f5\u0131wsh\u0131 h\u00fajjetlerdi\u0144 tuwr\u0131 r\u00e1smiylestiriliwini t\u00e1miyinlew; Filial\u0131 direktor\u0131 at\u0131na keliwshi h\u00fajjetlerdi qab\u0131l q\u0131l\u0131p al\u0131w, olard\u0131 dizimge al\u0131w jurnal\u0131na kiritiw h\u00e1m xabar [&hellip;]<\/p>\n","protected":false},"author":82,"featured_media":0,"parent":0,"menu_order":0,"comment_status":"closed","ping_status":"closed","template":"","meta":{"footnotes":""},"class_list":["post-6272","page","type-page","status-publish","hentry"],"_links":{"self":[{"href":"https:\/\/uzdjtsunf.uz\/qq\/wp-json\/wp\/v2\/pages\/6272","targetHints":{"allow":["GET"]}}],"collection":[{"href":"https:\/\/uzdjtsunf.uz\/qq\/wp-json\/wp\/v2\/pages"}],"about":[{"href":"https:\/\/uzdjtsunf.uz\/qq\/wp-json\/wp\/v2\/types\/page"}],"author":[{"embeddable":true,"href":"https:\/\/uzdjtsunf.uz\/qq\/wp-json\/wp\/v2\/users\/82"}],"replies":[{"embeddable":true,"href":"https:\/\/uzdjtsunf.uz\/qq\/wp-json\/wp\/v2\/comments?post=6272"}],"version-history":[{"count":6,"href":"https:\/\/uzdjtsunf.uz\/qq\/wp-json\/wp\/v2\/pages\/6272\/revisions"}],"predecessor-version":[{"id":19431,"href":"https:\/\/uzdjtsunf.uz\/qq\/wp-json\/wp\/v2\/pages\/6272\/revisions\/19431"}],"wp:attachment":[{"href":"https:\/\/uzdjtsunf.uz\/qq\/wp-json\/wp\/v2\/media?parent=6272"}],"curies":[{"name":"wp","href":"https:\/\/api.w.org\/{rel}","templated":true}]}}