{"id":6305,"date":"2022-02-10T11:32:19","date_gmt":"2022-02-10T06:32:19","guid":{"rendered":"https:\/\/uzdjtsunf.uz\/?page_id=6305"},"modified":"2022-02-10T11:55:27","modified_gmt":"2022-02-10T06:55:27","slug":"2-bolim","status":"publish","type":"page","link":"https:\/\/uzdjtsunf.uz\/qq\/2-bolim\/","title":{"rendered":"2-B\u00f3lim"},"content":{"rendered":"<p><\/p>\n<table style=\"border-collapse: collapse; width: 100%;\">\n<tbody>\n<tr>\n<td style=\"width: 35.9422%;\">\n\n\t\t<style type=\"text\/css\">\n\t\t\t#gallery-3 {\n\t\t\t\tmargin: auto;\n\t\t\t}\n\t\t\t#gallery-3 .gallery-item {\n\t\t\t\tfloat: left;\n\t\t\t\tmargin-top: 10px;\n\t\t\t\ttext-align: center;\n\t\t\t\twidth: 100%;\n\t\t\t}\n\t\t\t#gallery-3 img {\n\t\t\t\tborder: 2px solid #cfcfcf;\n\t\t\t}\n\t\t\t#gallery-3 .gallery-caption {\n\t\t\t\tmargin-left: 0;\n\t\t\t}\n\t\t\t\/* see gallery_shortcode() in wp-includes\/media.php *\/\n\t\t<\/style>\n\t\t<div id='gallery-3' class='gallery galleryid-6305 gallery-columns-1 gallery-size-medium'><dl class='gallery-item'>\n\t\t\t<dt class='gallery-icon portrait'>\n\t\t\t\t<a href='https:\/\/uzdjtsunf.uz\/qq\/2-bolim\/%d0%b1%d0%b0%d0%ba%d0%b1%d0%b5%d1%80%d0%b3%d0%b5%d0%bd\/'><img loading=\"lazy\" decoding=\"async\" width=\"225\" height=\"300\" src=\"https:\/\/uzdjtsunf.uz\/wp-content\/uploads\/2022\/02\/\u0411\u0430\u043a\u0431\u0435\u0440\u0433\u0435\u043d-225x300.jpg\" class=\"attachment-medium size-medium\" alt=\"\" srcset=\"https:\/\/uzdjtsunf.uz\/wp-content\/uploads\/2022\/02\/\u0411\u0430\u043a\u0431\u0435\u0440\u0433\u0435\u043d-225x300.jpg 225w, https:\/\/uzdjtsunf.uz\/wp-content\/uploads\/2022\/02\/\u0411\u0430\u043a\u0431\u0435\u0440\u0433\u0435\u043d.jpg 350w\" sizes=\"auto, (max-width: 225px) 100vw, 225px\" \/><\/a>\n\t\t\t<\/dt><\/dl><br style=\"clear: both\" \/>\n\t\t<\/div>\n\n<\/td>\n<td style=\"width: 64.0578%;\">\n<p style=\"text-align: justify;\"><span style=\"font-family: 'times new roman', times, serif; font-size: 14pt;\"><strong>2-B\u00f3lim injener:<\/strong><\/span><\/p>\n<p style=\"text-align: justify;\"><span style=\"font-family: 'times new roman', times, serif; font-size: 14pt;\"><strong>Raxmetullaev Baxbergen Qd\u0131rniyazovich<\/strong><\/span><\/p>\n<p style=\"text-align: justify;\"><span style=\"font-family: 'times new roman', times, serif; font-size: 14pt;\"><strong>\u00a0baqbergen.rahmetullaev@bk.ru<\/strong><\/span><\/p>\n<p style=\"text-align: justify;\"><span style=\"font-family: 'times new roman', times, serif; font-size: 14pt;\"><strong>\u00a0Tel: 91 371-15-68\u00a0\u00a0\u00a0\u00a0\u00a0<\/strong><\/span><\/p>\n<p style=\"text-align: justify;\"><span style=\"font-family: 'times new roman', times, serif; font-size: 14pt;\">\u00a0 \u00a0 \u00a0 \u00a0 \u00a0<\/span><\/p>\n<\/td>\n<\/tr>\n<\/tbody>\n<\/table>\n<p style=\"text-align: justify;\"><span style=\"font-family: 'times new roman', times, serif; font-size: 14pt;\">Filiald\u0131\u0144 2-b\u00f3limi \u00e1skeriy m\u00e1jb\u00fariyat\u0131 bar h\u00e1m \u00e1skerge shaq\u0131r\u0131l\u0131wsh\u0131 puqaralard\u0131 esapqa al\u0131w jum\u0131slar\u0131n al\u0131p barad\u0131. \u00c1skeriy-m\u00e1jb\u00fariyat\u0131 bar puqaralar h\u00e1m \u00e1skerge shaq\u0131r\u0131wsh\u0131lard\u0131\u0144 tol\u0131q h\u00e1m sapal\u0131 esapqa al\u0131n\u0131w\u0131n t\u00e1miyinleydi.<\/span><\/p>\n<p style=\"text-align: justify;\"><span style=\"font-family: 'times new roman', times, serif; font-size: 14pt;\">Student jaslar aras\u0131nda \u201cH\u00e1mmege birdey \u00e1skeriy minnet h\u00e1m \u00e1skeriy x\u0131zmet\u201d haqq\u0131nda t\u00fasindiriw jum\u0131slar\u0131n al\u0131p barad\u0131. Filiald\u0131\u0144 2-b\u00f3limi \u00e1skeriy m\u00e1jb\u00fariyt\u0131 bar h\u00e1m \u00e1skerge shaq\u0131r\u0131l\u0131wsh\u0131 puqaralard\u0131 esapqa al\u0131w jum\u0131slar\u0131n al\u0131p barad\u0131.<\/span><\/p>\n<p style=\"text-align: justify;\"><span style=\"font-family: 'times new roman', times, serif; font-size: 14pt;\">\u00c1skeriy-m\u00e1jb\u00fariyat\u0131 bar puqaralar h\u00e1m \u00e1skerge shaq\u0131r\u0131l\u0131wsh\u0131lard\u0131\u0144 tol\u0131q h\u00e1m sapal\u0131 esapqa al\u0131n\u0131w\u0131n t\u00e1miyinleydi.<\/span><\/p>\n<p style=\"text-align: justify;\"><span style=\"font-family: 'times new roman', times, serif; font-size: 14pt;\">Student jaslar aras\u0131nda \u201cH\u00e1mmege birdey \u00e1skeriy minnet h\u00e1m \u00e1skeriy x\u0131zmet\u00bb haqq\u0131nda t\u00fasindiriw jum\u0131slar\u0131n al\u0131p barad\u0131.<\/span><\/p>\n<p><\/p>","protected":false},"excerpt":{"rendered":"<p>2-B\u00f3lim injener: Raxmetullaev Baxbergen Qd\u0131rniyazovich \u00a0baqbergen.rahmetullaev@bk.ru \u00a0Tel: 91 371-15-68\u00a0\u00a0\u00a0\u00a0\u00a0 \u00a0 \u00a0 \u00a0 \u00a0 \u00a0 Filiald\u0131\u0144 2-b\u00f3limi \u00e1skeriy m\u00e1jb\u00fariyat\u0131 bar h\u00e1m \u00e1skerge shaq\u0131r\u0131l\u0131wsh\u0131 puqaralard\u0131 esapqa al\u0131w jum\u0131slar\u0131n al\u0131p barad\u0131. \u00c1skeriy-m\u00e1jb\u00fariyat\u0131 bar puqaralar h\u00e1m \u00e1skerge shaq\u0131r\u0131wsh\u0131lard\u0131\u0144 tol\u0131q h\u00e1m sapal\u0131 esapqa al\u0131n\u0131w\u0131n t\u00e1miyinleydi. Student jaslar aras\u0131nda \u201cH\u00e1mmege birdey \u00e1skeriy minnet h\u00e1m \u00e1skeriy x\u0131zmet\u201d haqq\u0131nda t\u00fasindiriw jum\u0131slar\u0131n al\u0131p barad\u0131. [&hellip;]<\/p>\n","protected":false},"author":82,"featured_media":6308,"parent":0,"menu_order":0,"comment_status":"closed","ping_status":"closed","template":"","meta":{"footnotes":""},"class_list":["post-6305","page","type-page","status-publish","has-post-thumbnail","hentry"],"_links":{"self":[{"href":"https:\/\/uzdjtsunf.uz\/qq\/wp-json\/wp\/v2\/pages\/6305","targetHints":{"allow":["GET"]}}],"collection":[{"href":"https:\/\/uzdjtsunf.uz\/qq\/wp-json\/wp\/v2\/pages"}],"about":[{"href":"https:\/\/uzdjtsunf.uz\/qq\/wp-json\/wp\/v2\/types\/page"}],"author":[{"embeddable":true,"href":"https:\/\/uzdjtsunf.uz\/qq\/wp-json\/wp\/v2\/users\/82"}],"replies":[{"embeddable":true,"href":"https:\/\/uzdjtsunf.uz\/qq\/wp-json\/wp\/v2\/comments?post=6305"}],"version-history":[{"count":0,"href":"https:\/\/uzdjtsunf.uz\/qq\/wp-json\/wp\/v2\/pages\/6305\/revisions"}],"wp:featuredmedia":[{"embeddable":true,"href":"https:\/\/uzdjtsunf.uz\/qq\/wp-json\/wp\/v2\/media\/6308"}],"wp:attachment":[{"href":"https:\/\/uzdjtsunf.uz\/qq\/wp-json\/wp\/v2\/media?parent=6305"}],"curies":[{"name":"wp","href":"https:\/\/api.w.org\/{rel}","templated":true}]}}