{"id":6309,"date":"2022-02-10T12:04:47","date_gmt":"2022-02-10T07:04:47","guid":{"rendered":"https:\/\/uzdjtsunf.uz\/?page_id=6309"},"modified":"2025-10-29T10:47:05","modified_gmt":"2025-10-29T05:47:05","slug":"isler-basqarmasi","status":"publish","type":"page","link":"https:\/\/uzdjtsunf.uz\/qq\/isler-basqarmasi\/","title":{"rendered":"Isler basqarmas\u0131"},"content":{"rendered":"<p><\/p>\n<table style=\"border-collapse: collapse; width: 100%;\">\n<tbody>\n<tr>\n<td style=\"width: 27.6316%;\"><img loading=\"lazy\" decoding=\"async\" class=\"aligncenter wp-image-17825\" src=\"https:\/\/uzdjtsunf.uz\/wp-content\/uploads\/2025\/06\/5470.jpg\" alt=\"\" width=\"150\" height=\"200\" srcset=\"https:\/\/uzdjtsunf.uz\/wp-content\/uploads\/2025\/06\/5470.jpg 900w, https:\/\/uzdjtsunf.uz\/wp-content\/uploads\/2025\/06\/5470-225x300.jpg 225w, https:\/\/uzdjtsunf.uz\/wp-content\/uploads\/2025\/06\/5470-768x1024.jpg 768w\" sizes=\"auto, (max-width: 150px) 100vw, 150px\" \/><\/td>\n<td style=\"width: 72.3684%; text-align: center;\"><span style=\"font-family: 'times new roman', times, serif; font-size: 14pt;\">Jadigerov Sab\u0131rbay Turs\u0131nbaevich<\/span><br \/>\n<span style=\"font-family: 'times new roman', times, serif; font-size: 14pt;\"><strong>Telefon:<\/strong> (+99890) 728-57-77<\/span><br \/>\n<span style=\"font-family: 'times new roman', times, serif; font-size: 14pt;\"><strong>E-mail:________________\u00a0<\/strong><\/span><\/td>\n<\/tr>\n<\/tbody>\n<\/table>\n<p style=\"text-align: justify;\"><span style=\"font-family: 'times new roman', times, serif; font-size: 14pt;\">\u00a0\u00d3zbekstan m\u00e1mleketlik dene t\u00e1rbiya h\u00e1m sport universiteti N\u00f3kis filiali Isler basqarmas\u0131 basl\u0131\u01f5\u0131 \u00d3zbekstan Respublikas\u0131 h\u00e1m Qaraqalpaqstan Respublikas\u0131 n\u0131zamlar\u0131, \u00d3zbekstan Respublikas\u0131 Prezidenti qararlar\u0131 h\u00e1m filial direktor\u0131n\u0131\u0144 buyr\u0131qlar\u0131 tiykar\u0131nda \u00f3z jum\u0131s\u0131n al\u0131p barad\u0131.<\/span><\/p>\n<p style=\"text-align: justify;\"><span style=\"font-family: 'times new roman', times, serif; font-size: 14pt;\">\u00a0Isler basqarmas\u0131 basl\u0131\u01f5\u0131 filial strukturas\u0131 boy\u0131nsha isler basqarmas\u0131 basl\u0131\u01f5\u0131na boys\u0131n\u0131wsh\u0131 b\u00f3limler waz\u0131ypalar\u0131n muwap\u0131qlast\u0131r\u0131w, basqar\u0131w, filiald\u0131\u0144 materiall\u0131q-texnik bazas\u0131n bekkemlew, \u00a0filial atirap\u0131nda\u01f5\u0131 imaratlarda abadanlast\u0131r\u0131w h\u00e1m k\u00f3kelemzarlast\u0131r\u0131w jum\u0131slar\u0131n sh\u00f3lkemlestiriw jum\u0131slar\u0131 menen shu\u01f5ullanad\u0131.<\/span><\/p>\n<p style=\"text-align: center;\"><span style=\"font-family: 'times new roman', times, serif; font-size: 14pt;\"><strong>Isler basqarmas\u0131 basl\u0131\u01f5\u0131n\u0131\u0144 waz\u0131ypalar\u0131:<\/strong><\/span><\/p>\n<ul>\n<li style=\"text-align: justify;\"><span style=\"font-family: 'times new roman', times, serif; font-size: 14pt;\"><span style=\"font-family: 'times new roman', times, serif; font-size: 14pt;\">\u00a0Filialda t\u00e1limge baylan\u0131sl\u0131 qararlarda k\u00f3rsetilgen waz\u0131ypalard\u0131 \u00e1melge as\u0131r\u0131wda oq\u0131t\u0131wd\u0131\u0144 zamanag\u00f3y texnik qurallar j\u00e1rdeminde \u00f3tiliwin sh\u00f3lkemlestiriw h\u00e1mde oq\u0131w xanalar\u0131, auditoriyalar oq\u0131w laboratoriyalar\u0131 xanalar\u0131n kishi h\u00e1m kapital o\u0144law m\u00e1seleleri boy\u0131nsha direktor\u01f5a us\u0131n\u0131s kiritiw h\u00e1m jum\u0131slard\u0131 sh\u00f3lkemlestiriw;<\/span><\/span>\n<p>&nbsp;<\/p>\n<\/li>\n<li style=\"text-align: justify;\"><span style=\"font-family: 'times new roman', times, serif; font-size: 14pt;\"><span style=\"font-family: 'times new roman', times, serif; font-size: 14pt;\">Filiald\u0131\u0144 materiall\u0131q bayl\u0131qlar\u0131 h\u00e1m texnik qurallar\u01f5a, jan\u0131l\u01f5\u0131-maylaw materiallar\u0131na bol\u01f5an z\u00e1r\u00farlikti an\u0131qlaw h\u00e1m sat\u0131p al\u0131w boy\u0131nsha direktor\u01f5a us\u0131n\u0131slar kiritiw;<\/span><\/span>\n<p>&nbsp;<\/p>\n<\/li>\n<li style=\"text-align: justify;\"><span style=\"font-family: 'times new roman', times, serif; font-size: 14pt;\"><span style=\"font-family: 'times new roman', times, serif; font-size: 14pt;\">Filialda miynet q\u00e1wipsizligin t\u00e1miyinlew, ay\u0131r\u0131qsha ja\u01f5daylard\u0131\u0144 ald\u0131n al\u0131w, texnika h\u00e1m \u00f3rt q\u00e1wipsizligin t\u00e1miyinlew is-ilajlarin islep sh\u0131\u01f5\u0131w h\u00e1m or\u0131nlan\u0131w\u0131n \u00e1melge as\u0131r\u0131w;<\/span><\/span>\n<p>&nbsp;<\/p>\n<\/li>\n<li style=\"text-align: justify;\"><span style=\"font-family: 'times new roman', times, serif; font-size: 14pt;\">Filial imaratlar\u0131n g\u00faz-q\u0131s m\u00e1wsimine tayarlaw is-ilajlari rejesin islep sh\u0131\u01f5\u0131l\u0131w\u0131n sh\u00f3lkemlestiriw h\u00e1m or\u0131nlan\u0131w\u0131n qada\u01f5alaw;<\/span><\/li>\n<li style=\"text-align: justify;\"><span style=\"font-family: 'times new roman', times, serif; font-size: 14pt;\">Filiald\u0131\u0144 xojal\u0131q-basqar\u0131w isleri boy\u0131nsha esabatlard\u0131 baqlaw h\u00e1m belgilengen m\u00faddetlerde tiyisli joqar\u0131 uy\u0131mlar\u01f5a us\u0131n\u0131w\u0131n qada\u01f5alaw;<br \/>\n<\/span><\/li>\n<li style=\"text-align: justify;\"><span style=\"font-family: 'times new roman', times, serif; font-size: 14pt;\">Filial direktor\u0131 t\u00e1repinen tast\u0131y\u0131qlan\u01f5an keste tiykar\u0131nda fizikal\u0131q h\u00e1m yuridik shaxslard\u0131\u0144 aw\u0131zeki qab\u0131l\u0131n \u00e1melge as\u0131r\u0131w h\u00e1mde m\u00far\u00e1jatlard\u0131 k\u00f3rip sh\u0131\u01f5\u0131w;<\/span><\/li>\n<\/ul>\n<p style=\"text-align: justify;\">\u00a0<\/p>\n<p><\/p>","protected":false},"excerpt":{"rendered":"<p>Jadigerov Sab\u0131rbay Turs\u0131nbaevich Telefon: (+99890) 728-57-77 E-mail:________________\u00a0 \u00a0\u00d3zbekstan m\u00e1mleketlik dene t\u00e1rbiya h\u00e1m sport universiteti N\u00f3kis filiali Isler basqarmas\u0131 basl\u0131\u01f5\u0131 \u00d3zbekstan Respublikas\u0131 h\u00e1m Qaraqalpaqstan Respublikas\u0131 n\u0131zamlar\u0131, \u00d3zbekstan Respublikas\u0131 Prezidenti qararlar\u0131 h\u00e1m filial direktor\u0131n\u0131\u0144 buyr\u0131qlar\u0131 tiykar\u0131nda \u00f3z jum\u0131s\u0131n al\u0131p barad\u0131. \u00a0Isler basqarmas\u0131 basl\u0131\u01f5\u0131 filial strukturas\u0131 boy\u0131nsha isler basqarmas\u0131 basl\u0131\u01f5\u0131na boys\u0131n\u0131wsh\u0131 b\u00f3limler waz\u0131ypalar\u0131n muwap\u0131qlast\u0131r\u0131w, basqar\u0131w, filiald\u0131\u0144 materiall\u0131q-texnik bazas\u0131n [&hellip;]<\/p>\n","protected":false},"author":82,"featured_media":0,"parent":0,"menu_order":0,"comment_status":"closed","ping_status":"closed","template":"","meta":{"footnotes":""},"class_list":["post-6309","page","type-page","status-publish","hentry"],"_links":{"self":[{"href":"https:\/\/uzdjtsunf.uz\/qq\/wp-json\/wp\/v2\/pages\/6309","targetHints":{"allow":["GET"]}}],"collection":[{"href":"https:\/\/uzdjtsunf.uz\/qq\/wp-json\/wp\/v2\/pages"}],"about":[{"href":"https:\/\/uzdjtsunf.uz\/qq\/wp-json\/wp\/v2\/types\/page"}],"author":[{"embeddable":true,"href":"https:\/\/uzdjtsunf.uz\/qq\/wp-json\/wp\/v2\/users\/82"}],"replies":[{"embeddable":true,"href":"https:\/\/uzdjtsunf.uz\/qq\/wp-json\/wp\/v2\/comments?post=6309"}],"version-history":[{"count":16,"href":"https:\/\/uzdjtsunf.uz\/qq\/wp-json\/wp\/v2\/pages\/6309\/revisions"}],"predecessor-version":[{"id":19914,"href":"https:\/\/uzdjtsunf.uz\/qq\/wp-json\/wp\/v2\/pages\/6309\/revisions\/19914"}],"wp:attachment":[{"href":"https:\/\/uzdjtsunf.uz\/qq\/wp-json\/wp\/v2\/media?parent=6309"}],"curies":[{"name":"wp","href":"https:\/\/api.w.org\/{rel}","templated":true}]}}