{"id":6312,"date":"2022-02-10T12:11:48","date_gmt":"2022-02-10T07:11:48","guid":{"rendered":"https:\/\/uzdjtsunf.uz\/?page_id=6312"},"modified":"2026-02-07T16:08:22","modified_gmt":"2026-02-07T11:08:22","slug":"puqara-ham-miynetti-qor%c7%b5aw-bolimi-injeneri","status":"publish","type":"page","link":"https:\/\/uzdjtsunf.uz\/qq\/puqara-ham-miynetti-qor%c7%b5aw-bolimi-injeneri\/","title":{"rendered":"Puqara h\u00e1m miynetti qor\u01f5aw b\u00f3limi injeneri"},"content":{"rendered":"<p><\/p>\n<table style=\"border-collapse: collapse; width: 100%;\">\n<tbody>\n<tr>\n<td style=\"width: 36.3916%; text-align: center;\"><img loading=\"lazy\" decoding=\"async\" class=\"size-full wp-image-12248 aligncenter\" src=\"https:\/\/uzdjtsunf.uz\/wp-content\/uploads\/2024\/02\/1.jpg\" alt=\"\" width=\"252\" height=\"343\" srcset=\"https:\/\/uzdjtsunf.uz\/wp-content\/uploads\/2024\/02\/1.jpg 252w, https:\/\/uzdjtsunf.uz\/wp-content\/uploads\/2024\/02\/1-220x300.jpg 220w\" sizes=\"auto, (max-width: 252px) 100vw, 252px\" \/><\/td>\n<td style=\"width: 63.6084%; text-align: center;\">\n<p><span style=\"font-family: 'times new roman', times, serif; font-size: 14pt;\"><strong><span style=\"font-size: 18pt;\"><br \/>\n<\/span><\/strong>Djaks\u0131muratov Islam Azatbaevich<\/span><br \/>\n<span style=\"font-family: 'times new roman', times, serif; font-size: 14pt;\"><strong>Tel:<\/strong>\u00a0(91) 391-45-45<\/span><br \/>\n<span style=\"font-family: 'times new roman', times, serif; font-size: 14pt;\"><strong>E-mail:<\/strong> <a href=\"mailto:djaqsimuratov@list.ru\">djaqsimuratov@list.ru<\/a><\/span><\/p>\n<\/td>\n<\/tr>\n<\/tbody>\n<\/table>\n<p style=\"text-align: center;\"><span style=\"font-family: 'times new roman', times, serif; font-size: 14pt;\"><strong>\u00a0\u00a0\u00a0\u00a0\u00a0\u00a0\u00a0\u00a0\u00a0\u00a0\u00a0\u00a0\u00a0\u00a0\u00a0\u00a0\u00a0\u00a0\u00a0\u00a0\u00a0\u00a0\u00a0\u00a0\u00a0\u00a0\u00a0\u00a0\u00a0\u00a0\u00a0\u00a0\u00a0\u00a0\u00a0\u00a0\u00a0<span style=\"font-size: 18pt;\">\u00a0\u00a0<span style=\"font-size: 14pt;\">\u00a0\u00a0 B\u00f3limdi\u0144 waz\u0131ypalar\u0131:<\/span><\/span><\/strong><\/span><\/p>\n<ul style=\"list-style-type: disc;\">\n<li style=\"text-align: justify;\"><span style=\"font-family: 'times new roman', times, serif; font-size: 14pt;\">jum\u0131s or\u0131nlar\u0131nda bax\u0131ts\u0131z h\u00e1diyseler h\u00e1m zaq\u0131m al\u0131wlard\u0131\u0144 ald\u0131n al\u0131w boy\u0131nsha ilajlard\u0131 islep sh\u0131\u01f5\u0131w h\u00e1m \u00e1melge as\u0131r\u0131w, x\u0131zmetkerlerdi\u0144 miynetti qor\u01f5aw talaplar\u0131na \u00e1mel etiwleri boy\u0131nsha juwapkershilik h\u00e1m juwapkershiligin as\u0131r\u0131w;<\/span><\/li>\n<li style=\"text-align: justify;\"><span style=\"font-family: 'times new roman', times, serif; font-size: 14pt;\">ayr\u0131qsha ja\u01f5daylard\u0131\u0144 ald\u0131n al\u0131w h\u00e1m saplast\u0131r\u0131w boy\u0131nsha ilajlard\u0131 islep sh\u0131\u01f5\u0131w h\u00e1m \u00e1melge as\u0131r\u0131w, jum\u0131ssh\u0131lar h\u00e1m studentlerdi ayr\u0131qsha ja\u01f5daylarda h\u00e1reket etiwge \u00fayretiw;<\/span><\/li>\n<li style=\"text-align: justify;\"><span style=\"font-family: 'times new roman', times, serif; font-size: 14pt;\">avtomatikal\u0131q eskertiw sistemalar\u0131 j\u00e1rdeminde xabarlard\u0131 sh\u00f3lkemlestiriw h\u00e1m basqar\u0131w sh\u00f3lkemleri, obekt k\u00fashleri h\u00e1m qurallar\u0131n\u0131\u0144 ayr\u0131qsha ja\u01f5daylarda h\u00e1reket etiwge tay\u0131nl\u0131\u01f5\u0131n t\u00e1miyinlew; belgilengen t\u00e1rtipte birlespeler, qutqaruv x\u0131zmetlerin h\u00e1m qutqar\u0131w gruppalar\u0131n sh\u00f3lkemlestiriw; xabarnaman\u0131 us\u0131n\u0131w h\u00e1m baqlaw, on\u0131\u0144 rawajlan\u0131w k\u00f3lemi h\u00e1m rawajlan\u0131w\u0131, j\u00fazege keliwi m\u00famkin bol\u01f5an aq\u0131betleri, k\u00f3rilgen il\u00e1jlar h\u00e1m ayr\u0131qsha ja\u01f5dayd\u0131 saplast\u0131r\u0131w boy\u0131nsha z\u00e1r\u00far j\u00e1rdemler haqq\u0131nda ma\u01f5l\u0131wmat toplaw.<\/span><\/li>\n<\/ul>\n<p style=\"text-align: justify;\">\u00a0<\/p>\n<p style=\"text-align: center;\"><span style=\"font-family: 'times new roman', times, serif; font-size: 14pt;\">\u00a0\u00a0\u00a0\u00a0\u00a0\u00a0\u00a0\u00a0\u00a0\u00a0\u00a0\u00a0\u00a0\u00a0\u00a0\u00a0\u00a0\u00a0\u00a0\u00a0\u00a0\u00a0\u00a0\u00a0\u00a0\u00a0\u00a0\u00a0\u00a0\u00a0 <strong>B\u00f3lim iskerligi 3 j\u00f3neliste islengen:<\/strong><\/span><\/p>\n<ul style=\"list-style-type: disc;\">\n<li style=\"text-align: justify;\"><span style=\"font-family: 'times new roman', times, serif; font-size: 14pt;\">puqara h\u00e1m miynetti qor\u01f5aw,<\/span><\/li>\n<li style=\"text-align: justify;\"><span style=\"font-family: 'times new roman', times, serif; font-size: 14pt;\">ayr\u0131qsha ja\u01f5daylarda puqara q\u00e1wipsizligi,<\/span><\/li>\n<li style=\"text-align: justify;\"><span style=\"font-family: 'times new roman', times, serif; font-size: 14pt;\">\u00f3rt h\u00e1m texnikal\u0131q qawipsizlik,<\/span><\/li>\n<\/ul>\n<p style=\"text-align: justify;\">\u00a0<\/p>\n<p style=\"text-align: center;\"><span style=\"font-family: 'times new roman', times, serif; font-size: 14pt;\"><strong>B\u00f3lim x\u0131zmetkerleri:<\/strong><\/span><\/p>\n<ul style=\"list-style-type: disc;\">\n<li style=\"text-align: justify;\"><span style=\"font-family: 'times new roman', times, serif; font-size: 14pt;\">Bizi\u0144 x\u0131zmetkerlerimiz \u00f3z k\u00f3nlikpelerin t\u00e1jriybelerin as\u0131r\u0131w, ayr\u0131qsha ja\u01f5daylard\u0131 saplast\u0131r\u0131w h\u00e1m ald\u0131n al\u0131w, miynetti qor\u01f5aw boy\u0131nsha k\u00e1siplesleri menen t\u00e1jiriybe almaslaw, Ayr\u0131qsha ja\u01f5daylar ministrligi arqal\u0131 \u00f3z<\/span><\/li>\n<li style=\"text-align: justify;\"><span style=\"font-family: 'times new roman', times, serif; font-size: 14pt;\">k\u00f3nlikpelerin t\u00e1jriybelerin as\u0131r\u0131w, miynetti qor\u01f5aw, \u00f3rt qawipsizligi boy\u0131nsha bilim h\u00e1m k\u00f3nlikpelerin as\u0131r\u0131w boy\u0131nsha turaql\u0131 jum\u0131s al\u0131p barmaqta.<\/span><\/li>\n<li style=\"text-align: justify;\"><span style=\"font-family: 'times new roman', times, serif; font-size: 14pt;\">B\u00f3lim x\u0131zmetkerleri ayr\u0131qsha ja\u01f5daylard\u0131 sheshiwde \u00falken t\u00e1jiriybege iye bol\u01f5an ishki jum\u0131slar m\u00e1kemelerini\u0144 bur\u0131n\u01f5\u0131 x\u0131zmetkerlerinen quram tapqan.<\/span><\/li>\n<li style=\"text-align: justify;\"><span style=\"font-family: 'times new roman', times, serif; font-size: 14pt;\">Biz ilajlar\u01f5a Ayr\u0131qsha ja\u01f5daylar ministrligi, ishki jum\u0131slar ke\u0144seleri, qala h\u00e1m de respublika k\u00f3lemindegi medicina m\u00e1kemelerini\u0144 t\u00e1jiriybeli q\u00e1nigelerin tartam\u0131z, bunda oq\u0131wsh\u0131lar ayr\u0131qsha ja\u01f5daylarda j\u00e1birlengenlerge birinshi medicinal\u0131q j\u00e1rdem k\u00f3rsetiw k\u00f3nlikpelerin as\u0131r\u0131w\u0131 imkaniyat\u0131n beretu\u01f5\u0131n \u00e1meliy ilajlar \u00f3tkeremiz.<\/span><\/li>\n<\/ul>\n<p style=\"text-align: justify;\">\u00a0<\/p>\n<p><\/p>","protected":false},"excerpt":{"rendered":"<p>Djaks\u0131muratov Islam Azatbaevich Tel:\u00a0(91) 391-45-45 E-mail: djaqsimuratov@list.ru \u00a0\u00a0\u00a0\u00a0\u00a0\u00a0\u00a0\u00a0\u00a0\u00a0\u00a0\u00a0\u00a0\u00a0\u00a0\u00a0\u00a0\u00a0\u00a0\u00a0\u00a0\u00a0\u00a0\u00a0\u00a0\u00a0\u00a0\u00a0\u00a0\u00a0\u00a0\u00a0\u00a0\u00a0\u00a0\u00a0\u00a0\u00a0\u00a0\u00a0\u00a0 B\u00f3limdi\u0144 waz\u0131ypalar\u0131: jum\u0131s or\u0131nlar\u0131nda bax\u0131ts\u0131z h\u00e1diyseler h\u00e1m zaq\u0131m al\u0131wlard\u0131\u0144 ald\u0131n al\u0131w boy\u0131nsha ilajlard\u0131 islep sh\u0131\u01f5\u0131w h\u00e1m \u00e1melge as\u0131r\u0131w, x\u0131zmetkerlerdi\u0144 miynetti qor\u01f5aw talaplar\u0131na \u00e1mel etiwleri boy\u0131nsha juwapkershilik h\u00e1m juwapkershiligin as\u0131r\u0131w; ayr\u0131qsha ja\u01f5daylard\u0131\u0144 ald\u0131n al\u0131w h\u00e1m saplast\u0131r\u0131w boy\u0131nsha ilajlard\u0131 islep sh\u0131\u01f5\u0131w h\u00e1m \u00e1melge as\u0131r\u0131w, jum\u0131ssh\u0131lar h\u00e1m studentlerdi ayr\u0131qsha ja\u01f5daylarda [&hellip;]<\/p>\n","protected":false},"author":82,"featured_media":0,"parent":0,"menu_order":0,"comment_status":"closed","ping_status":"closed","template":"","meta":{"footnotes":""},"class_list":["post-6312","page","type-page","status-publish","hentry"],"_links":{"self":[{"href":"https:\/\/uzdjtsunf.uz\/qq\/wp-json\/wp\/v2\/pages\/6312","targetHints":{"allow":["GET"]}}],"collection":[{"href":"https:\/\/uzdjtsunf.uz\/qq\/wp-json\/wp\/v2\/pages"}],"about":[{"href":"https:\/\/uzdjtsunf.uz\/qq\/wp-json\/wp\/v2\/types\/page"}],"author":[{"embeddable":true,"href":"https:\/\/uzdjtsunf.uz\/qq\/wp-json\/wp\/v2\/users\/82"}],"replies":[{"embeddable":true,"href":"https:\/\/uzdjtsunf.uz\/qq\/wp-json\/wp\/v2\/comments?post=6312"}],"version-history":[{"count":7,"href":"https:\/\/uzdjtsunf.uz\/qq\/wp-json\/wp\/v2\/pages\/6312\/revisions"}],"predecessor-version":[{"id":21271,"href":"https:\/\/uzdjtsunf.uz\/qq\/wp-json\/wp\/v2\/pages\/6312\/revisions\/21271"}],"wp:attachment":[{"href":"https:\/\/uzdjtsunf.uz\/qq\/wp-json\/wp\/v2\/media?parent=6312"}],"curies":[{"name":"wp","href":"https:\/\/api.w.org\/{rel}","templated":true}]}}