{"id":6323,"date":"2022-02-10T16:42:12","date_gmt":"2022-02-10T11:42:12","guid":{"rendered":"https:\/\/uzdjtsunf.uz\/?page_id=6323"},"modified":"2025-06-10T16:13:31","modified_gmt":"2025-06-10T11:13:31","slug":"buxgalteriya-2","status":"publish","type":"page","link":"https:\/\/uzdjtsunf.uz\/qq\/buxgalteriya-2\/","title":{"rendered":"Esap sanaq b\u00f3limi"},"content":{"rendered":"<p><\/p>\n<table style=\"border-collapse: collapse; width: 100%;\">\n<tbody>\n<tr>\n<td style=\"width: 33.9338%;\"><img loading=\"lazy\" decoding=\"async\" class=\"aligncenter wp-image-17819\" src=\"https:\/\/uzdjtsunf.uz\/wp-content\/uploads\/2025\/06\/444.jpg\" alt=\"\" width=\"215\" height=\"250\" srcset=\"https:\/\/uzdjtsunf.uz\/wp-content\/uploads\/2025\/06\/444.jpg 304w, https:\/\/uzdjtsunf.uz\/wp-content\/uploads\/2025\/06\/444-258x300.jpg 258w\" sizes=\"auto, (max-width: 215px) 100vw, 215px\" \/><\/td>\n<td style=\"width: 66.0662%;\">\n<p style=\"text-align: center;\"><span style=\"font-family: 'times new roman', times, serif; font-size: 14pt;\"><strong>\u00d3zbekstan m\u00e1mleket dene t\u00e1rbiyas\u0131 h\u00e1m sport universiteti N\u00f3kis filial\u0131<br \/>\n<\/strong><strong>\u00a0<\/strong><strong>Esap<\/strong><strong> sanaq b\u00f3limi bas esapsh\u0131s\u0131<br \/>\n<\/strong>Qazaqbayeva Orazgul Azerbaevna<\/span><\/p>\n<p style=\"text-align: center;\"><span style=\"font-family: 'times new roman', times, serif; font-size: 14pt;\"><strong>\u00a0<\/strong><strong>Telefon: <\/strong>(+99899) 455-97-67<br \/>\n<strong>Elektron pochta<\/strong><strong>: <\/strong><a href=\"mailto:orazgulqazaqbaeva@gmail.ru\">orazgulqazaqbaeva@gmail.ru<\/a><\/span><\/p>\n<p>&nbsp;<\/p>\n<\/td>\n<\/tr>\n<\/tbody>\n<\/table>\n<p style=\"text-align: center;\"><span style=\"font-family: 'times new roman', times, serif; font-size: 14pt;\"><strong>B\u00f3limni\u0144 tiykar\u01f5\u0131 waz\u0131ypalar\u0131<\/strong><\/span><\/p>\n<ul style=\"text-align: justify;\">\n<li><span style=\"font-family: 'times new roman', times, serif; font-size: 14pt;\">\u00d3zbekstan Respublikas\u0131 Finans ministrligi t\u00e1repinen tast\u0131y\u0131qlan\u01f5an normativ-h\u00fajjetlerge tiykar buxgaletiya esab\u0131n sh\u00f3lkemlestiriwdi t\u00e1miynlew, materiall\u0131q, miynet h\u00e1m finansl\u0131q resurslar\u0131nan n\u00e1tiyjeli paydalan\u0131wd\u0131 qada\u01f5alaw;<\/span><\/li>\n<li><span style=\"font-family: 'times new roman', times, serif; font-size: 14pt;\">Professor-oq\u0131t\u0131wsh\u0131 h\u00e1m q\u00e1niygelerdi\u0144 ayl\u0131q is haq\u0131lar\u0131n, studentlerdi\u0144 stipendiyalar\u0131n \u00f3z waqt\u0131nda esaplan\u0131w\u0131n h\u00e1m olard\u0131\u0144 tarqat\u0131l\u0131w\u0131n qada\u01f5alaw;<\/span><\/li>\n<li><span style=\"font-family: 'times new roman', times, serif; font-size: 14pt;\">Esap betindegi aktivlerdi\u0144 ja\u01f5day\u0131n h\u00e1m hareketin, m\u00faliklik huq\u0131qlar h\u00e1m m\u00e1jb\u00fariyatlard\u0131\u0144 ja\u01f5day\u0131 haqq\u0131nda tol\u0131q h\u00e1mde an\u0131q ma\u01f5l\u0131wmatlard\u0131 jarat\u0131w;<\/span><\/li>\n<li><span style=\"font-family: 'times new roman', times, serif; font-size: 14pt;\">Materiall\u0131q bayl\u0131qlar h\u00e1m pul qarj\u0131lar\u0131n inventarizaciyas\u0131n \u00f3z waqt\u0131nda \u00f3tkeriw;<\/span><\/li>\n<li><span style=\"font-family: 'times new roman', times, serif; font-size: 14pt;\">N\u00e1tiyjeli basqar\u0131w maqsetinde buxgalteriyal\u0131q esabat ma\u01f5l\u0131wmatlar\u0131n ul\u0131wmalast\u0131r\u0131w;<\/span><\/li>\n<li><span style=\"font-family: 'times new roman', times, serif; font-size: 14pt;\">Finansl\u0131q, sal\u0131qqa baylan\u0131sl\u0131 h\u00e1m basqa esabatlard\u0131 d\u00faziw;<\/span><\/li>\n<li><span style=\"font-family: 'times new roman', times, serif; font-size: 14pt;\">Jergilikli h\u00e1m respublikal\u0131q byudjetke esaplan\u01f5an sal\u0131qlard\u0131 \u00f3z m\u00faddetinde \u00f3tkeriw;<\/span><\/li>\n<li><span style=\"font-family: 'times new roman', times, serif; font-size: 14pt;\">Bankten al\u0131n\u01f5an pul qarj\u0131lar\u0131n maqsetli jumsaw;<\/span><\/li>\n<li><span style=\"font-family: 'times new roman', times, serif; font-size: 14pt;\">Debitorl\u0131q h\u00e1m kreditorl\u0131q qar\u0131zdarl\u0131qlard\u0131\u0144 payda bol\u0131w\u0131n\u0131\u0144 ald\u0131n al\u0131w;<\/span><\/li>\n<li><span style=\"font-family: 'times new roman', times, serif; font-size: 14pt;\">Is haq\u0131 fond\u0131n tast\u0131y\u0131qlan\u01f5an shtat kesteleri h\u00e1m shtat formulyarlar\u0131 tiykar\u0131nda tuwr\u0131 jumsal\u0131w\u0131n qada\u01f5alaw;<\/span><\/li>\n<li><span style=\"font-family: 'times new roman', times, serif; font-size: 14pt;\">Stepindiya fond\u0131n rektor t\u00e1repinen sh\u0131\u01f5ar\u0131l\u01f5an buyr\u0131qlar tiykar\u0131nda tuwr\u0131 jumsal\u0131w\u0131n qada\u01f5alaw;<\/span><\/li>\n<li><span style=\"font-family: 'times new roman', times, serif; font-size: 14pt;\">Tovar-materiall\u0131q bayl\u0131qlard\u0131 belgilengen qa\u01f5\u0131ydalar tiykar\u0131nda skladqa qab\u0131llaw h\u00e1m sh\u0131\u01f5\u0131w\u0131n qada\u01f5alaw;<\/span><\/li>\n<li><span style=\"font-family: 'times new roman', times, serif; font-size: 14pt;\">Byudjet h\u00e1m byudjetten t\u0131sqar\u0131 qarj\u0131lard\u0131 tast\u0131y\u0131qlan\u01f5an qarejetler smetalar\u0131 tiykar\u0131nda qarejetler statiyalar\u0131 boy\u0131nsha jumsal\u0131w\u0131n qada\u01f5alaw;<\/span><\/li>\n<li><span style=\"font-family: 'times new roman', times, serif; font-size: 14pt;\">Pul qarj\u0131lar\u0131, tovar-materiall\u0131q bayl\u0131qlar h\u00e1m tiykar\u01f5\u0131 qurallar inventarizaciyas\u0131n ornat\u0131l\u01f5an t\u00e1rtip tiykar\u0131nda s\u0131patl\u0131 \u00f3tkeriliwin qada\u01f5alaw;<\/span><\/li>\n<li><span style=\"font-family: 'times new roman', times, serif; font-size: 14pt;\">Joqar\u01f5\u0131 h\u00e1m orta arnawl\u0131 bilimlendiriw ministrligine, sal\u0131q inspekciyas\u0131na h\u00e1m basqa sh\u00f3lkemlerge ayl\u0131q, shereklik h\u00e1m j\u0131ll\u0131q esabatlard\u0131 \u00f3z m\u00faddetlerinde taps\u0131r\u0131l\u0131w\u0131n qada\u01f5alaw;<\/span><\/li>\n<\/ul>\n<table style=\"border-collapse: collapse; width: 100%;\">\n<tbody>\n<tr>\n<td style=\"width: 35.4251%;\"><img loading=\"lazy\" decoding=\"async\" class=\"wp-image-13108 aligncenter\" src=\"https:\/\/uzdjtsunf.uz\/wp-content\/uploads\/2024\/04\/cc.png\" alt=\"\" width=\"139\" height=\"200\" srcset=\"https:\/\/uzdjtsunf.uz\/wp-content\/uploads\/2024\/04\/cc.png 411w, https:\/\/uzdjtsunf.uz\/wp-content\/uploads\/2024\/04\/cc-209x300.png 209w\" sizes=\"auto, (max-width: 139px) 100vw, 139px\" \/><\/td>\n<td style=\"width: 64.5749%;\">\n<p><strong>\u00a0<\/strong><\/p>\n<p style=\"text-align: center;\"><span style=\"font-family: 'times new roman', times, serif; font-size: 14pt;\"><strong>Esapsh\u0131<\/strong><strong>: <\/strong><strong>Djumamuratova Nargiza Muratovna\u00a0\u00a0<br \/>\n<\/strong><strong>\u00a0<\/strong><strong>Telefon: <\/strong>(+99890) 650-23-24<br \/>\n<strong>Elektron pochta<\/strong><strong>: <\/strong><a href=\"rnsk19872020gmail.com\">rnsk19872020gmail.com<\/a><\/span><\/p>\n<\/td>\n<\/tr>\n<\/tbody>\n<\/table>\n<p><\/p>","protected":false},"excerpt":{"rendered":"<p>\u00d3zbekstan m\u00e1mleket dene t\u00e1rbiyas\u0131 h\u00e1m sport universiteti N\u00f3kis filial\u0131 \u00a0Esap sanaq b\u00f3limi bas esapsh\u0131s\u0131 Qazaqbayeva Orazgul Azerbaevna \u00a0Telefon: (+99899) 455-97-67 Elektron pochta: orazgulqazaqbaeva@gmail.ru &nbsp; B\u00f3limni\u0144 tiykar\u01f5\u0131 waz\u0131ypalar\u0131 \u00d3zbekstan Respublikas\u0131 Finans ministrligi t\u00e1repinen tast\u0131y\u0131qlan\u01f5an normativ-h\u00fajjetlerge tiykar buxgaletiya esab\u0131n sh\u00f3lkemlestiriwdi t\u00e1miynlew, materiall\u0131q, miynet h\u00e1m finansl\u0131q resurslar\u0131nan n\u00e1tiyjeli paydalan\u0131wd\u0131 qada\u01f5alaw; Professor-oq\u0131t\u0131wsh\u0131 h\u00e1m q\u00e1niygelerdi\u0144 ayl\u0131q is haq\u0131lar\u0131n, studentlerdi\u0144 stipendiyalar\u0131n [&hellip;]<\/p>\n","protected":false},"author":82,"featured_media":0,"parent":0,"menu_order":0,"comment_status":"closed","ping_status":"closed","template":"","meta":{"footnotes":""},"class_list":["post-6323","page","type-page","status-publish","hentry"],"_links":{"self":[{"href":"https:\/\/uzdjtsunf.uz\/qq\/wp-json\/wp\/v2\/pages\/6323","targetHints":{"allow":["GET"]}}],"collection":[{"href":"https:\/\/uzdjtsunf.uz\/qq\/wp-json\/wp\/v2\/pages"}],"about":[{"href":"https:\/\/uzdjtsunf.uz\/qq\/wp-json\/wp\/v2\/types\/page"}],"author":[{"embeddable":true,"href":"https:\/\/uzdjtsunf.uz\/qq\/wp-json\/wp\/v2\/users\/82"}],"replies":[{"embeddable":true,"href":"https:\/\/uzdjtsunf.uz\/qq\/wp-json\/wp\/v2\/comments?post=6323"}],"version-history":[{"count":11,"href":"https:\/\/uzdjtsunf.uz\/qq\/wp-json\/wp\/v2\/pages\/6323\/revisions"}],"predecessor-version":[{"id":17821,"href":"https:\/\/uzdjtsunf.uz\/qq\/wp-json\/wp\/v2\/pages\/6323\/revisions\/17821"}],"wp:attachment":[{"href":"https:\/\/uzdjtsunf.uz\/qq\/wp-json\/wp\/v2\/media?parent=6323"}],"curies":[{"name":"wp","href":"https:\/\/api.w.org\/{rel}","templated":true}]}}