{"id":6339,"date":"2022-02-14T16:45:34","date_gmt":"2022-02-14T11:45:34","guid":{"rendered":"https:\/\/uzdjtsunf.uz\/?page_id=6339"},"modified":"2023-11-24T14:25:14","modified_gmt":"2023-11-24T09:25:14","slug":"ziyrek-studentler-ilimiy-iskerlik-sholkemlestiriw-bolimi","status":"publish","type":"page","link":"https:\/\/uzdjtsunf.uz\/qq\/ziyrek-studentler-ilimiy-iskerlik-sholkemlestiriw-bolimi\/","title":{"rendered":"Ziyrek studentler ilimiy iskerlik sho&#8217;lkemlestiriw bo&#8217;limi"},"content":{"rendered":"<p><\/p>\n<table style=\"border-collapse: collapse; width: 99.9528%;\">\n<tbody>\n<tr>\n<td style=\"width: 35.1105%;\">\n\n\t\t<style type=\"text\/css\">\n\t\t\t#gallery-3 {\n\t\t\t\tmargin: auto;\n\t\t\t}\n\t\t\t#gallery-3 .gallery-item {\n\t\t\t\tfloat: left;\n\t\t\t\tmargin-top: 10px;\n\t\t\t\ttext-align: center;\n\t\t\t\twidth: 100%;\n\t\t\t}\n\t\t\t#gallery-3 img {\n\t\t\t\tborder: 2px solid #cfcfcf;\n\t\t\t}\n\t\t\t#gallery-3 .gallery-caption {\n\t\t\t\tmargin-left: 0;\n\t\t\t}\n\t\t\t\/* see gallery_shortcode() in wp-includes\/media.php *\/\n\t\t<\/style>\n\t\t<div id='gallery-3' class='gallery galleryid-6339 gallery-columns-1 gallery-size-full'><dl class='gallery-item'>\n\t\t\t<dt class='gallery-icon portrait'>\n\t\t\t\t<a href='https:\/\/uzdjtsunf.uz\/qq\/ziyrek-studentler-ilimiy-iskerlik-sholkemlestiriw-bolimi\/%d0%ba%d0%be%d0%b1%d0%bb%d0%b0%d0%bd\/'><img loading=\"lazy\" decoding=\"async\" width=\"966\" height=\"1201\" src=\"https:\/\/uzdjtsunf.uz\/wp-content\/uploads\/2023\/02\/\u043a\u043e\u0431\u043b\u0430\u043d.jpg\" class=\"attachment-full size-full\" alt=\"\" srcset=\"https:\/\/uzdjtsunf.uz\/wp-content\/uploads\/2023\/02\/\u043a\u043e\u0431\u043b\u0430\u043d.jpg 966w, https:\/\/uzdjtsunf.uz\/wp-content\/uploads\/2023\/02\/\u043a\u043e\u0431\u043b\u0430\u043d-241x300.jpg 241w, https:\/\/uzdjtsunf.uz\/wp-content\/uploads\/2023\/02\/\u043a\u043e\u0431\u043b\u0430\u043d-824x1024.jpg 824w, https:\/\/uzdjtsunf.uz\/wp-content\/uploads\/2023\/02\/\u043a\u043e\u0431\u043b\u0430\u043d-768x955.jpg 768w\" sizes=\"auto, (max-width: 966px) 100vw, 966px\" \/><\/a>\n\t\t\t<\/dt><\/dl><br style=\"clear: both\" \/>\n\t\t<\/div>\n\n<\/td>\n<td style=\"width: 64.8423%;\">\n<p style=\"text-align: center;\"><strong><span style=\"font-family: 'times new roman', times, serif; font-size: 14pt;\">\u00d3zbekstan m\u00e1mleketlik dene t\u00e1rbiyas\u0131 h\u00e1m sport universiteti N\u00f3kis filial\u0131 Ziyrek studentler ilimiy-izzertlew iskerligin sh\u00f3lkemlestiriw b\u00f3limi basl\u0131\u01f5\u0131<\/span><\/strong><\/p>\n<p style=\"text-align: center;\"><span style=\"font-family: 'times new roman', times, serif; font-size: 14pt;\">Mnajatdinov Qoblan Joldasbaevich<\/span><\/p>\n<p style=\"text-align: center;\"><span style=\"font-family: 'times new roman', times, serif; font-size: 14pt;\"><strong>Telefon:<\/strong> (93) 715-66-77<\/span><\/p>\n<p style=\"text-align: center;\"><span style=\"font-family: 'times new roman', times, serif; font-size: 14pt;\"><strong>E-mail: <\/strong><\/span><a href=\"koblan_mnajatdinov@tatunf.uz\">koblan_mnajatdinov@tatunf.uz<\/a><\/p>\n<\/td>\n<\/tr>\n<\/tbody>\n<\/table>\n<p>&nbsp;<\/p>\n<p style=\"text-align: center;\"><span style=\"font-size: 14pt; font-family: 'times new roman', times, serif;\"><strong>ZIYREK STUDENTLER MENEN ISLEWDI SH\u00d3LKEMLESTIRIWDI\u0143 TIYKAR\u01f4I WAZIYPALARI<\/strong><\/span><\/p>\n<ul>\n<li style=\"text-align: left;\"><span style=\"font-size: 14pt; font-family: 'times new roman', times, serif;\">ziyrek studentlerdi izlew h\u00e1m an\u0131qlawd\u0131 sh\u00f3lkemlestiriw;<br \/>\n<\/span><span style=\"font-size: 14pt; font-family: 'times new roman', times, serif;\">\u2022 ziyrek studentlerdi intellektuall\u0131q potencial\u0131n an\u0131qlap bar\u0131w ;<\/span><br \/>\n<span style=\"font-size: 14pt; font-family: 'times new roman', times, serif;\">\u2022 ziyrek studentlerdi q\u00e1bileti h\u00e1m qanday ba\u01f5dar\u01f5a beyimligine qaray maqsetli tayarlawd\u0131 sh\u00f3lkemlestiriw; <\/span><br \/>\n<span style=\"font-size: 14pt; font-family: 'times new roman', times, serif;\">\u00a0\u2022 ziyrek studentler ush\u0131n \u00d3zbekstan tariyx\u0131, shet tili, informaciya texnologiyalar\u0131 h\u00e1m internetten paydalan\u0131w boy\u0131nsha arnawl\u0131 sh\u0131n\u0131\u01f5\u0131wlard\u0131 sh\u00f3lkemlestiriw;<\/span><br \/>\n<span style=\"font-size: 14pt; font-family: 'times new roman', times, serif;\">\u00a0\u2022 ziyrek studentlerdi fundamental ilimiy izertlew jum\u0131slar\u0131na, ilimiy d\u00f3gereklerge h\u00e1m d\u00f3retiwshilik j\u00e1m\u00e1\u00e1tlerine tart\u0131w ;<\/span><br \/>\n<span style=\"font-size: 14pt; font-family: 'times new roman', times, serif;\">\u00a0\u2022 ziyrek studentlerdi ilimiy h\u00e1m \u00e1meliy konferenciyalar\u01f5a, universitet, universitetler aral\u0131q, Respublika h\u00e1m xal\u0131q aral\u0131q konferenciya, simpozium, olimpiada h\u00e1m tavlovlarda qatnas\u0131wlar\u0131n sh\u00f3lkemlestiriw;<\/span><br \/>\n<span style=\"font-size: 14pt; font-family: 'times new roman', times, serif;\">\u00a0\u2022 ziyrek studentler aras\u0131ndan \u00d3zbekstan Respublikas\u0131 Prezidentini\u0144 M\u00e1mleket stipendiyasi h\u00e1m atl\u0131 M\u00e1mleketstipendiyalar\u0131na, p\u00e1n olimpiadalar\u0131na kandidatlerdi tayarlaw, olard\u0131\u0144 je\u0144ilpazlar\u0131 bol\u0131w\u0131na erisiw;<\/span><br \/>\n<span style=\"font-size: 14pt; font-family: 'times new roman', times, serif;\">\u00a0\u2022 reytingi joqar\u0131 ziyrek studentler h\u00e1m olard\u0131\u0144 bassh\u0131lar\u0131n materiall\u0131q h\u00e1m ruwx\u0131y qollap-quwatlaw ;<\/span><br \/>\n<span style=\"font-size: 14pt; font-family: 'times new roman', times, serif;\">\u00a0 \u2022 ziyrek studentler ush\u0131n q\u00e1nigelikligi boy\u0131nsha k\u00e1sip oy\u0131nlar\u0131 h\u00e1m ta\u0144lawlard\u0131 sh\u00f3lkemlestiriw;<\/span><br \/>\n<span style=\"font-size: 14pt; font-family: 'times new roman', times, serif;\">\u00a0\u2022 dilmashl\u0131q ba\u01f5dar\u0131 boy\u0131nsha ziyrek studentlerdi\u0144 ilimiy-d\u00f3retiwshilik d\u00f3gereklerdish\u00f3lkemlestiriw h\u00e1m ilimiy-d\u00f3retiwshilik izertlewlerge tiyisli sh\u00e1rt-sharayat jarat\u0131p beriw;<\/span><br \/>\n<span style=\"font-size: 14pt; font-family: 'times new roman', times, serif;\">\u00a0\u2022 saylan\u01f5an ba\u01f5dar boy\u0131nsha qos\u0131msha \u00e1debiyat h\u00e1m basqa derekler menen ziyrek studentlerdi t\u00e1miyinlew h\u00e1m olardan paydalan\u0131w us\u0131llar\u0131n \u00fayretiw;<\/span><br \/>\n<span style=\"font-size: 14pt; font-family: 'times new roman', times, serif;\">\u00a0\u2022 ziyrek studentler ush\u0131n arnawl\u0131 tere\u0144lestirilgen oq\u0131w programmalar\u0131 islep sh\u0131\u01f5\u0131wd\u0131 h\u00e1m olar tiykar\u0131nda t\u00e1lim beriwdi sh\u00f3lkemlestiriw;<\/span><br \/>\n<span style=\"font-size: 14pt; font-family: 'times new roman', times, serif;\">\u00a0Joqar\u0131da keltirilgen waz\u0131ypalard\u0131 n\u00e1tiyjeli \u00e1melge as\u0131r\u0131w jumis\u0131na joqar\u0131 oq\u0131w or\u0131nlar\u0131nda barl\u0131q prorektorlar, fakul&#8217;tet dekanlar\u0131, kafedra basqar\u0131wsh\u0131lar\u0131, oq\u0131w jum\u0131slar\u0131 boy\u0131nsha b\u00f3lim bassh\u0131lar\u0131 h\u00e1m gruppa t\u00e1rbiyash\u0131lar\u0131 juwapker esaplanad\u0131.<\/span><br \/>\n<span style=\"font-size: 14pt; font-family: 'times new roman', times, serif;\">Ziyrek studentler menen islewdi sh\u00f3lkemlestiriw h\u00e1m olard\u0131 maqsetli tayarlaw maydan\u0131nan fakul&#8217;tet h\u00e1m kafedralarda, t\u00f3mendegi jum\u0131s jil dawam\u0131nda j\u00fargiziw us\u0131n\u0131s etiledi:<\/span><br \/>\n<span style=\"font-size: 14pt; font-family: 'times new roman', times, serif;\">&#8211; Ziyrek studentler menen islew Qa\u01f5\u0131ydas\u0131 ;<\/span><br \/>\n<span style=\"font-size: 14pt; font-family: 'times new roman', times, serif;\">&#8211; Ziyrek studentler menen islew jum\u0131s jobas\u0131 (programmas\u0131 );<\/span><br \/>\n<span style=\"font-size: 14pt; font-family: 'times new roman', times, serif;\">&#8211; Jum\u0131s jobas\u0131 (programma ) d\u0131\u0144 atqar\u0131l\u0131w\u0131 haqq\u0131nda esabatlar ;<\/span><br \/>\n<span style=\"font-size: 14pt; font-family: 'times new roman', times, serif;\">-Ziyrek studentlerge tiyisli joqar\u0131 oq\u0131w or\u0131nlar\u0131 bassh\u0131lar\u0131n\u0131\u0144 buyr\u0131qlar\u0131 ;<\/span><br \/>\n<span style=\"font-size: 14pt; font-family: 'times new roman', times, serif;\">-konferenciya, olimpiada, ta\u0144lawlar \u00f3tkeriliwine tiyisli h\u00fajjetler;<\/span><br \/>\n<span style=\"font-size: 14pt; font-family: 'times new roman', times, serif;\">-\u00d3zbekstan Respublikas\u0131n\u0131\u0144 Prezidenti at\u0131nda\u01f5\u0131 M\u00e1mleket stipendiyasi h\u00e1m atl\u0131 M\u00e1mleket stipendiyalar\u0131na tiyisli h\u00fajjetler;<\/span><br \/>\n<span style=\"font-size: 14pt; font-family: 'times new roman', times, serif;\">&#8211; Ziyrek studentlerdi izlew h\u00e1m olard\u0131 maqsetli tayarlaw haqq\u0131nda\u01f5\u0131 joqar\u0131 basqar\u0131w sh\u00f3lkemlerini\u0144 qararlar\u0131 h\u00e1m buyr\u0131qlar\u0131 ; <\/span><br \/>\n<span style=\"font-size: 14pt; font-family: 'times new roman', times, serif;\">-Ziyrek studentler qatnasatu\u01f5\u0131n d\u00f3gereklerdi\u0144 programmalar\u0131, jum\u0131s jobalar\u0131 ;<\/span><br \/>\n<span style=\"font-size: 14pt; font-family: 'times new roman', times, serif;\">&#8211; Ziyrek studentler h\u00e1m olard\u0131\u0144 bassh\u0131lar\u0131 haqq\u0131nda ma\u01f5l\u0131wmatlar ;<\/span><br \/>\n<span style=\"font-size: 14pt; font-family: 'times new roman', times, serif;\">&#8211; Ziyrek studentler menen islewge t\u00e1lim sh\u00f3lkemi bassh\u0131s\u0131n\u0131\u0144 buyr\u0131\u01f5\u0131 menen tay\u0131nlan\u01f5an, joqar\u0131 pedagogikal\u0131q h\u00e1m ilimiy potentsial\u01f5a iye bol\u01f5an professor -oq\u0131t\u0131wsh\u0131lar bassh\u0131l\u0131q etedi.<\/span><\/li>\n<\/ul>\n<table style=\"border-collapse: collapse; width: 100%; height: 198px;\">\n<tbody>\n<tr style=\"height: 198px;\">\n<td style=\"width: 28.1377%; text-align: center; height: 198px;\">\n\n\t\t<style type=\"text\/css\">\n\t\t\t#gallery-4 {\n\t\t\t\tmargin: auto;\n\t\t\t}\n\t\t\t#gallery-4 .gallery-item {\n\t\t\t\tfloat: left;\n\t\t\t\tmargin-top: 10px;\n\t\t\t\ttext-align: center;\n\t\t\t\twidth: 100%;\n\t\t\t}\n\t\t\t#gallery-4 img {\n\t\t\t\tborder: 2px solid #cfcfcf;\n\t\t\t}\n\t\t\t#gallery-4 .gallery-caption {\n\t\t\t\tmargin-left: 0;\n\t\t\t}\n\t\t\t\/* see gallery_shortcode() in wp-includes\/media.php *\/\n\t\t<\/style>\n\t\t<div id='gallery-4' class='gallery galleryid-6339 gallery-columns-1 gallery-size-full'><dl class='gallery-item'>\n\t\t\t<dt class='gallery-icon portrait'>\n\t\t\t\t<a href='https:\/\/uzdjtsunf.uz\/qq\/ziyrek-studentler-ilimiy-iskerlik-sholkemlestiriw-bolimi\/ss\/'><img loading=\"lazy\" decoding=\"async\" width=\"183\" height=\"282\" src=\"https:\/\/uzdjtsunf.uz\/wp-content\/uploads\/2023\/11\/ss.jpg\" class=\"attachment-full size-full\" alt=\"\" \/><\/a>\n\t\t\t<\/dt><\/dl><br style=\"clear: both\" \/>\n\t\t<\/div>\n\n<\/td>\n<td style=\"width: 71.8623%; text-align: center; height: 198px;\">\n<p><span style=\"font-family: 'times new roman', times, serif; font-size: 14pt;\"><strong>\u00d3zbekstan m\u00e1mleketlik dene t\u00e1rbiyas\u0131 h\u00e1m sport universiteti N\u00f3kis filial\u0131 Ziyrek studentler ilimiy-izzertlew iskerligin sh\u00f3lkemlestiriw b\u00f3limi injeneri<\/strong><\/span><\/p>\n<p style=\"text-align: center;\"><span style=\"font-family: 'times new roman', times, serif; font-size: 14pt;\">Xabipova Nasiba Koshkinbay qizi<\/span><\/p>\n<p style=\"text-align: center;\"><span style=\"font-family: 'times new roman', times, serif; font-size: 14pt;\"><strong>Telefon:<\/strong> (+99890) 735-58-47\u00a0<\/span><\/p>\n<p style=\"text-align: center;\"><span style=\"font-family: 'times new roman', times, serif; font-size: 14pt;\"><strong>E-mail: <\/strong><a href=\"Khabipova1610@gmail.com\">Khabipova1610@gmail.com<\/a><\/span><\/p>\n<p>&nbsp;<\/p>\n<\/td>\n<\/tr>\n<\/tbody>\n<\/table>\n<p><\/p>","protected":false},"excerpt":{"rendered":"<p>\u00d3zbekstan m\u00e1mleketlik dene t\u00e1rbiyas\u0131 h\u00e1m sport universiteti N\u00f3kis filial\u0131 Ziyrek studentler ilimiy-izzertlew iskerligin sh\u00f3lkemlestiriw b\u00f3limi basl\u0131\u01f5\u0131 Mnajatdinov Qoblan Joldasbaevich Telefon: (93) 715-66-77 E-mail: koblan_mnajatdinov@tatunf.uz &nbsp; ZIYREK STUDENTLER MENEN ISLEWDI SH\u00d3LKEMLESTIRIWDI\u0143 TIYKAR\u01f4I WAZIYPALARI ziyrek studentlerdi izlew h\u00e1m an\u0131qlawd\u0131 sh\u00f3lkemlestiriw; \u2022 ziyrek studentlerdi intellektuall\u0131q potencial\u0131n an\u0131qlap bar\u0131w ; \u2022 ziyrek studentlerdi q\u00e1bileti h\u00e1m qanday ba\u01f5dar\u01f5a beyimligine qaray [&hellip;]<\/p>\n","protected":false},"author":4,"featured_media":0,"parent":0,"menu_order":0,"comment_status":"closed","ping_status":"closed","template":"","meta":{"footnotes":""},"class_list":["post-6339","page","type-page","status-publish","hentry"],"_links":{"self":[{"href":"https:\/\/uzdjtsunf.uz\/qq\/wp-json\/wp\/v2\/pages\/6339","targetHints":{"allow":["GET"]}}],"collection":[{"href":"https:\/\/uzdjtsunf.uz\/qq\/wp-json\/wp\/v2\/pages"}],"about":[{"href":"https:\/\/uzdjtsunf.uz\/qq\/wp-json\/wp\/v2\/types\/page"}],"author":[{"embeddable":true,"href":"https:\/\/uzdjtsunf.uz\/qq\/wp-json\/wp\/v2\/users\/4"}],"replies":[{"embeddable":true,"href":"https:\/\/uzdjtsunf.uz\/qq\/wp-json\/wp\/v2\/comments?post=6339"}],"version-history":[{"count":7,"href":"https:\/\/uzdjtsunf.uz\/qq\/wp-json\/wp\/v2\/pages\/6339\/revisions"}],"predecessor-version":[{"id":11156,"href":"https:\/\/uzdjtsunf.uz\/qq\/wp-json\/wp\/v2\/pages\/6339\/revisions\/11156"}],"wp:attachment":[{"href":"https:\/\/uzdjtsunf.uz\/qq\/wp-json\/wp\/v2\/media?parent=6339"}],"curies":[{"name":"wp","href":"https:\/\/api.w.org\/{rel}","templated":true}]}}