{"id":6776,"date":"2022-04-06T12:12:08","date_gmt":"2022-04-06T07:12:08","guid":{"rendered":"https:\/\/uzdjtsunf.uz\/?page_id=6776"},"modified":"2025-03-28T17:25:22","modified_gmt":"2025-03-28T12:25:22","slug":"stop-korrupsiya","status":"publish","type":"page","link":"https:\/\/uzdjtsunf.uz\/qq\/stop-korrupsiya\/","title":{"rendered":"Stop-korrupsiya!"},"content":{"rendered":"<p><\/p>\n<p><iframe loading=\"lazy\" title=\"Korrupciya\" width=\"500\" height=\"281\" src=\"https:\/\/www.youtube.com\/embed\/UKCPpCr7yyU?feature=oembed\" frameborder=\"0\" allow=\"accelerometer; autoplay; clipboard-write; encrypted-media; gyroscope; picture-in-picture; web-share\" referrerpolicy=\"strict-origin-when-cross-origin\" allowfullscreen><\/iframe><\/p>\n<p><img loading=\"lazy\" decoding=\"async\" class=\"alignnone size-full wp-image-15108\" src=\"https:\/\/uzdjtsunf.uz\/wp-content\/uploads\/2024\/09\/flaer-\u049bora\u049balpo\u049bcha_page-0001.jpg\" alt=\"\" width=\"2000\" height=\"1125\" srcset=\"https:\/\/uzdjtsunf.uz\/wp-content\/uploads\/2024\/09\/flaer-\u049bora\u049balpo\u049bcha_page-0001.jpg 2000w, https:\/\/uzdjtsunf.uz\/wp-content\/uploads\/2024\/09\/flaer-\u049bora\u049balpo\u049bcha_page-0001-300x169.jpg 300w, https:\/\/uzdjtsunf.uz\/wp-content\/uploads\/2024\/09\/flaer-\u049bora\u049balpo\u049bcha_page-0001-1024x576.jpg 1024w, https:\/\/uzdjtsunf.uz\/wp-content\/uploads\/2024\/09\/flaer-\u049bora\u049balpo\u049bcha_page-0001-768x432.jpg 768w, https:\/\/uzdjtsunf.uz\/wp-content\/uploads\/2024\/09\/flaer-\u049bora\u049balpo\u049bcha_page-0001-1536x864.jpg 1536w\" sizes=\"auto, (max-width: 2000px) 100vw, 2000px\" \/><\/p>\n<p><iframe loading=\"lazy\" title=\"Korrupsiya- taraqqiyot kushandasi\" width=\"500\" height=\"281\" src=\"https:\/\/www.youtube.com\/embed\/nojTvJtHn-w?feature=oembed\" frameborder=\"0\" allow=\"accelerometer; autoplay; clipboard-write; encrypted-media; gyroscope; picture-in-picture; web-share\" referrerpolicy=\"strict-origin-when-cross-origin\" allowfullscreen><\/iframe><\/p>\n<p><iframe loading=\"lazy\" title=\"Korrupsiya- taraqqiyot kushandasi\" width=\"500\" height=\"281\" src=\"https:\/\/www.youtube.com\/embed\/xhqrTtvgGJw?feature=oembed\" frameborder=\"0\" allow=\"accelerometer; autoplay; clipboard-write; encrypted-media; gyroscope; picture-in-picture; web-share\" referrerpolicy=\"strict-origin-when-cross-origin\" allowfullscreen><\/iframe><\/p>\n<p><iframe loading=\"lazy\" title=\"Korrupsiya- taraqqiyot kushandasi\" width=\"500\" height=\"281\" src=\"https:\/\/www.youtube.com\/embed\/RmQy82eIsgU?feature=oembed\" frameborder=\"0\" allow=\"accelerometer; autoplay; clipboard-write; encrypted-media; gyroscope; picture-in-picture; web-share\" referrerpolicy=\"strict-origin-when-cross-origin\" allowfullscreen><\/iframe><\/p>\n<p><iframe loading=\"lazy\" title=\"Korrupsiya-taraqqiyot kushandasi\" width=\"500\" height=\"281\" src=\"https:\/\/www.youtube.com\/embed\/vYJZCnggJ6U?feature=oembed\" frameborder=\"0\" allow=\"accelerometer; autoplay; clipboard-write; encrypted-media; gyroscope; picture-in-picture; web-share\" referrerpolicy=\"strict-origin-when-cross-origin\" allowfullscreen><\/iframe><\/p>\n<p>&nbsp;<\/p>\n<p><iframe loading=\"lazy\" title=\"Korrupsiya- taraqqiyot kushandasi\" width=\"500\" height=\"281\" src=\"https:\/\/www.youtube.com\/embed\/YFRArHouRrg?feature=oembed\" frameborder=\"0\" allow=\"accelerometer; autoplay; clipboard-write; encrypted-media; gyroscope; picture-in-picture; web-share\" referrerpolicy=\"strict-origin-when-cross-origin\" allowfullscreen><\/iframe><\/p>\n<p><iframe loading=\"lazy\" title=\"Korrupsiya- taraqqiyot kushandasi\" width=\"500\" height=\"281\" src=\"https:\/\/www.youtube.com\/embed\/DkD8z_gRG98?feature=oembed\" frameborder=\"0\" allow=\"accelerometer; autoplay; clipboard-write; encrypted-media; gyroscope; picture-in-picture; web-share\" referrerpolicy=\"strict-origin-when-cross-origin\" allowfullscreen><\/iframe><\/p>\n<p><iframe loading=\"lazy\" title=\"\u041a\u043e\u0440\u0440\u0443\u043f\u0446\u0438\u044f \u043a\u0435\u043b\u0430\u0436\u0430\u043a \u043a\u0443\u0448\u0430\u043d\u0434\u0430\u0441\u0438\" width=\"500\" height=\"281\" src=\"https:\/\/www.youtube.com\/embed\/pC73wEUAChQ?feature=oembed\" frameborder=\"0\" allow=\"accelerometer; autoplay; clipboard-write; encrypted-media; gyroscope; picture-in-picture; web-share\" referrerpolicy=\"strict-origin-when-cross-origin\" allowfullscreen><\/iframe><\/p>\n<p><iframe loading=\"lazy\" title=\"\u041a\u043e\u0440\u0440\u0443\u043f\u0446\u0438\u044f \u2014 \u0442\u0430\u0440\u0430\u049b\u049b\u0438\u0451\u0442\u0433\u0430 \u049b\u0430\u0440\u0448\u0438 \u0436\u0438\u043d\u043e\u044f\u0442!\" width=\"500\" height=\"281\" src=\"https:\/\/www.youtube.com\/embed\/Ndw3ebQlqW8?feature=oembed\" frameborder=\"0\" allow=\"accelerometer; autoplay; clipboard-write; encrypted-media; gyroscope; picture-in-picture; web-share\" referrerpolicy=\"strict-origin-when-cross-origin\" allowfullscreen><\/iframe><\/p>\n<p><iframe loading=\"lazy\" title=\"Korrupsiya hayotingizni nazorat qilishiga yo\u2018l qo\u2018ymang!\" width=\"500\" height=\"281\" src=\"https:\/\/www.youtube.com\/embed\/QRHnr8rp-Nw?feature=oembed\" frameborder=\"0\" allow=\"accelerometer; autoplay; clipboard-write; encrypted-media; gyroscope; picture-in-picture; web-share\" referrerpolicy=\"strict-origin-when-cross-origin\" allowfullscreen><\/iframe><\/p>\n<p><iframe loading=\"lazy\" title=\"Korruptsiya \u2014 taraqqiyotga qarshi jinoyat!\" width=\"500\" height=\"281\" src=\"https:\/\/www.youtube.com\/embed\/F77x7ic-yBg?feature=oembed\" frameborder=\"0\" allow=\"accelerometer; autoplay; clipboard-write; encrypted-media; gyroscope; picture-in-picture; web-share\" referrerpolicy=\"strict-origin-when-cross-origin\" allowfullscreen><\/iframe><\/p>\n<p style=\"text-align: center;\"><span style=\"font-family: 'times new roman', times, serif; font-size: 14pt;\"><strong>Korrupciya\u01f5a qars\u0131 g\u00faresiw d\u00e1wir talab\u0131<\/strong><\/span><\/p>\n\n\t\t<style type=\"text\/css\">\n\t\t\t#gallery-5 {\n\t\t\t\tmargin: auto;\n\t\t\t}\n\t\t\t#gallery-5 .gallery-item {\n\t\t\t\tfloat: left;\n\t\t\t\tmargin-top: 10px;\n\t\t\t\ttext-align: center;\n\t\t\t\twidth: 100%;\n\t\t\t}\n\t\t\t#gallery-5 img {\n\t\t\t\tborder: 2px solid #cfcfcf;\n\t\t\t}\n\t\t\t#gallery-5 .gallery-caption {\n\t\t\t\tmargin-left: 0;\n\t\t\t}\n\t\t\t\/* see gallery_shortcode() in wp-includes\/media.php *\/\n\t\t<\/style>\n\t\t<div id='gallery-5' class='gallery galleryid-6776 gallery-columns-1 gallery-size-full'><dl class='gallery-item'>\n\t\t\t<dt class='gallery-icon landscape'>\n\t\t\t\t<a href='https:\/\/uzdjtsunf.uz\/qq\/stop-korrupsiya\/%d0%ba%d0%be%d1%80%d1%80\/'><img loading=\"lazy\" decoding=\"async\" width=\"1280\" height=\"960\" src=\"https:\/\/uzdjtsunf.uz\/wp-content\/uploads\/2022\/06\/\u043a\u043e\u0440\u0440.jpg\" class=\"attachment-full size-full\" alt=\"\" srcset=\"https:\/\/uzdjtsunf.uz\/wp-content\/uploads\/2022\/06\/\u043a\u043e\u0440\u0440.jpg 1280w, https:\/\/uzdjtsunf.uz\/wp-content\/uploads\/2022\/06\/\u043a\u043e\u0440\u0440-300x225.jpg 300w, https:\/\/uzdjtsunf.uz\/wp-content\/uploads\/2022\/06\/\u043a\u043e\u0440\u0440-768x576.jpg 768w, https:\/\/uzdjtsunf.uz\/wp-content\/uploads\/2022\/06\/\u043a\u043e\u0440\u0440-1024x768.jpg 1024w\" sizes=\"auto, (max-width: 1280px) 100vw, 1280px\" \/><\/a>\n\t\t\t<\/dt><\/dl><br style=\"clear: both\" \/>\n\t\t<\/div>\n\n<p><span style=\"font-family: 'times new roman', times, serif; font-size: 14pt;\">\u00d3zbekstan m\u00e1mleketlik dene t\u00e1rbiyas\u0131 h\u00e1m sport universiteti N\u00f3kis filial\u0131 oq\u0131w binas\u0131n\u0131\u0144 ishinde filial administraciyas\u0131, texnik-x\u0131zmetkerleri, professor-oq\u0131t\u0131wsh\u0131lar\u0131, student-jaslar\u0131 h\u00e1m s\u0131rttan kelgen puqaralar\u01f5a an\u0131q k\u00f3zge taslanatu\u01f5\u0131n or\u0131nlar\u01f5a Korrupciya\u01f5a qar\u0131s g\u00faresiw boy\u0131nsha Qaraqalpaqstan Respublikas\u0131 aymaql\u0131q m\u00e1kemeler aral\u0131q komissiyas\u0131n\u0131\u0144 banner h\u00e1m plakatlar\u0131 belgilengen t\u00e1rtipte jaylast\u0131r\u0131l\u01f5an.<\/span><\/p>\n\n\t\t<style type=\"text\/css\">\n\t\t\t#gallery-6 {\n\t\t\t\tmargin: auto;\n\t\t\t}\n\t\t\t#gallery-6 .gallery-item {\n\t\t\t\tfloat: left;\n\t\t\t\tmargin-top: 10px;\n\t\t\t\ttext-align: center;\n\t\t\t\twidth: 100%;\n\t\t\t}\n\t\t\t#gallery-6 img {\n\t\t\t\tborder: 2px solid #cfcfcf;\n\t\t\t}\n\t\t\t#gallery-6 .gallery-caption {\n\t\t\t\tmargin-left: 0;\n\t\t\t}\n\t\t\t\/* see gallery_shortcode() in wp-includes\/media.php *\/\n\t\t<\/style>\n\t\t<div id='gallery-6' class='gallery galleryid-6776 gallery-columns-1 gallery-size-full'><dl class='gallery-item'>\n\t\t\t<dt class='gallery-icon landscape'>\n\t\t\t\t<a href='https:\/\/uzdjtsunf.uz\/qq\/stop-korrupsiya\/%d0%ba\/'><img loading=\"lazy\" decoding=\"async\" width=\"1280\" height=\"960\" src=\"https:\/\/uzdjtsunf.uz\/wp-content\/uploads\/2022\/06\/\u043a.jpg\" class=\"attachment-full size-full\" alt=\"\" srcset=\"https:\/\/uzdjtsunf.uz\/wp-content\/uploads\/2022\/06\/\u043a.jpg 1280w, https:\/\/uzdjtsunf.uz\/wp-content\/uploads\/2022\/06\/\u043a-300x225.jpg 300w, https:\/\/uzdjtsunf.uz\/wp-content\/uploads\/2022\/06\/\u043a-768x576.jpg 768w, https:\/\/uzdjtsunf.uz\/wp-content\/uploads\/2022\/06\/\u043a-1024x768.jpg 1024w\" sizes=\"auto, (max-width: 1280px) 100vw, 1280px\" \/><\/a>\n\t\t\t<\/dt><\/dl><br style=\"clear: both\" \/>\n\t\t<\/div>\n\n<p><span style=\"font-family: 'times new roman', times, serif; font-size: 14pt;\">Bunnan t\u0131sqar\u0131 filial x\u0131zmetkerleri yamasa studentleri aras\u0131nda j\u00faz beriwi m\u00famkin bol\u01f5an korrupciyan\u0131\u0144 ald\u0131n al\u0131w maqsetinde \u201cKorrupciya\u01f5a qars\u0131 g\u00faresiw h\u00e1m komplaens qada\u01f5alaw sistemas\u0131n basqar\u0131w\u201d b\u00f3limi bas q\u00e1nigesi t\u00e1repinen oq\u0131w bar\u0131s\u0131nda d\u00e1meg\u00f3ylik, aldawsh\u0131l\u0131q h\u00e1m h\u00e1r qanday n\u0131zams\u0131z is-h\u00e1reketlerdi\u0144 guwas\u0131 bol\u01f5anda yamasa korrupciyal\u0131q ja\u01f5daylar\u01f5a dus kelgende m\u00far\u00e1jat etiw ush\u0131n \u00ab@ozmdtsunf_anticorr_bot\u00bb sh\u00f3lkemlestirildi.<\/span><\/p>\n<p><img loading=\"lazy\" decoding=\"async\" class=\"size-full wp-image-7100 aligncenter\" src=\"https:\/\/uzdjtsunf.uz\/wp-content\/uploads\/2022\/06\/\u043a\u043e\u0440.jpg\" alt=\"\" width=\"1280\" height=\"960\" srcset=\"https:\/\/uzdjtsunf.uz\/wp-content\/uploads\/2022\/06\/\u043a\u043e\u0440.jpg 1280w, https:\/\/uzdjtsunf.uz\/wp-content\/uploads\/2022\/06\/\u043a\u043e\u0440-300x225.jpg 300w, https:\/\/uzdjtsunf.uz\/wp-content\/uploads\/2022\/06\/\u043a\u043e\u0440-768x576.jpg 768w, https:\/\/uzdjtsunf.uz\/wp-content\/uploads\/2022\/06\/\u043a\u043e\u0440-1024x768.jpg 1024w\" sizes=\"auto, (max-width: 1280px) 100vw, 1280px\" \/><\/p>\n<p><span style=\"font-family: 'times new roman', times, serif; font-size: 14pt;\">Botqa kelip t\u00faske m\u00far\u00e1j\u00e1\u00e1tlar \u00f3z waqt\u0131nda filial q\u00e1nigeleri t\u00e1repinen tiyisli t\u00e1rtipte \u00fayrenilip bar\u0131lmaqta.<\/span><\/p>\n<p style=\"text-align: right;\"><strong><span style=\"font-family: 'times new roman', times, serif; font-size: 14pt;\">Filial Baspas x\u0131zmeti.<\/span><\/strong><\/p>\n<p style=\"text-align: justify;\">\u00a0<\/p>\n<p>&nbsp;<\/p>\n<p>&nbsp;<\/p>\n<p>&nbsp;<\/p>\n<p>&nbsp;<\/p>\n<p style=\"text-align: justify;\"><em><strong><span style=\"font-family: 'times new roman', times, serif; font-size: 14pt;\">\u00a0<\/span><\/strong><\/em><\/p>\n<p><\/p>","protected":false},"excerpt":{"rendered":"<p>&nbsp; Korrupciya\u01f5a qars\u0131 g\u00faresiw d\u00e1wir talab\u0131 \u00d3zbekstan m\u00e1mleketlik dene t\u00e1rbiyas\u0131 h\u00e1m sport universiteti N\u00f3kis filial\u0131 oq\u0131w binas\u0131n\u0131\u0144 ishinde filial administraciyas\u0131, texnik-x\u0131zmetkerleri, professor-oq\u0131t\u0131wsh\u0131lar\u0131, student-jaslar\u0131 h\u00e1m s\u0131rttan kelgen puqaralar\u01f5a an\u0131q k\u00f3zge taslanatu\u01f5\u0131n or\u0131nlar\u01f5a Korrupciya\u01f5a qar\u0131s g\u00faresiw boy\u0131nsha Qaraqalpaqstan Respublikas\u0131 aymaql\u0131q m\u00e1kemeler aral\u0131q komissiyas\u0131n\u0131\u0144 banner h\u00e1m plakatlar\u0131 belgilengen t\u00e1rtipte jaylast\u0131r\u0131l\u01f5an. Bunnan t\u0131sqar\u0131 filial x\u0131zmetkerleri yamasa studentleri aras\u0131nda j\u00faz [&hellip;]<\/p>\n","protected":false},"author":4,"featured_media":7101,"parent":0,"menu_order":0,"comment_status":"closed","ping_status":"closed","template":"","meta":{"footnotes":""},"class_list":["post-6776","page","type-page","status-publish","has-post-thumbnail","hentry"],"_links":{"self":[{"href":"https:\/\/uzdjtsunf.uz\/qq\/wp-json\/wp\/v2\/pages\/6776","targetHints":{"allow":["GET"]}}],"collection":[{"href":"https:\/\/uzdjtsunf.uz\/qq\/wp-json\/wp\/v2\/pages"}],"about":[{"href":"https:\/\/uzdjtsunf.uz\/qq\/wp-json\/wp\/v2\/types\/page"}],"author":[{"embeddable":true,"href":"https:\/\/uzdjtsunf.uz\/qq\/wp-json\/wp\/v2\/users\/4"}],"replies":[{"embeddable":true,"href":"https:\/\/uzdjtsunf.uz\/qq\/wp-json\/wp\/v2\/comments?post=6776"}],"version-history":[{"count":52,"href":"https:\/\/uzdjtsunf.uz\/qq\/wp-json\/wp\/v2\/pages\/6776\/revisions"}],"predecessor-version":[{"id":16999,"href":"https:\/\/uzdjtsunf.uz\/qq\/wp-json\/wp\/v2\/pages\/6776\/revisions\/16999"}],"wp:featuredmedia":[{"embeddable":true,"href":"https:\/\/uzdjtsunf.uz\/qq\/wp-json\/wp\/v2\/media\/7101"}],"wp:attachment":[{"href":"https:\/\/uzdjtsunf.uz\/qq\/wp-json\/wp\/v2\/media?parent=6776"}],"curies":[{"name":"wp","href":"https:\/\/api.w.org\/{rel}","templated":true}]}}