{"id":6830,"date":"2022-04-07T15:22:55","date_gmt":"2022-04-07T10:22:55","guid":{"rendered":"https:\/\/uzdjtsunf.uz\/?page_id=6830"},"modified":"2025-06-10T16:23:48","modified_gmt":"2025-06-10T11:23:48","slug":"yuriskonsult","status":"publish","type":"page","link":"https:\/\/uzdjtsunf.uz\/qq\/yuriskonsult\/","title":{"rendered":"Yuriskonsult"},"content":{"rendered":"<p><\/p>\n<table style=\"border-collapse: collapse; width: 101.3%; height: 282px;\">\n<tbody>\n<tr style=\"height: 10px;\">\n<td style=\"width: 35.3774%; height: 10px;\"><img loading=\"lazy\" decoding=\"async\" class=\"aligncenter wp-image-17822\" src=\"https:\/\/uzdjtsunf.uz\/wp-content\/uploads\/2025\/06\/7709.jpg\" alt=\"\" width=\"188\" height=\"250\" srcset=\"https:\/\/uzdjtsunf.uz\/wp-content\/uploads\/2025\/06\/7709.jpg 900w, https:\/\/uzdjtsunf.uz\/wp-content\/uploads\/2025\/06\/7709-225x300.jpg 225w, https:\/\/uzdjtsunf.uz\/wp-content\/uploads\/2025\/06\/7709-768x1024.jpg 768w\" sizes=\"auto, (max-width: 188px) 100vw, 188px\" \/><\/td>\n<td style=\"width: 64.6226%; height: 10px;\">\n<p style=\"text-align: center;\"><span style=\"font-family: 'times new roman', times, serif; font-size: 14pt;\"><strong>\u00d3zbekstan m\u00e1mleketlik dene t\u00e1rbiyas\u0131 h\u00e1m sport universiteti N\u00f3kis filial\u0131 Yuriskonsult<\/strong><\/span><\/p>\n<p style=\"text-align: center;\"><span style=\"font-family: 'times new roman', times, serif; font-size: 14pt;\">Radjapov Axmadjon Abdullaevich<\/span><\/p>\n<p style=\"text-align: center;\"><span style=\"font-family: 'times new roman', times, serif; font-size: 14pt;\"><strong>Tel:<\/strong> (+99891) 384-95-54<\/span><\/p>\n<p style=\"text-align: center;\"><span style=\"font-family: 'times new roman', times, serif; font-size: 14pt;\"><strong>Elektron pochta: <\/strong><a href=\"mailto:radzapovahat@gmail.com\">radzapovahat@gmail.com<\/a><\/span><\/p>\n<\/td>\n<\/tr>\n<\/tbody>\n<\/table>\n<p style=\"text-align: justify;\"><span style=\"font-family: 'times new roman', times, serif; font-size: 14pt;\">\u00a0 \u00d3zMDTSU N\u00f3kis filial\u0131 iskerligin n\u0131zam h\u00fajjetlerinde belgilengen standartlar h\u00e1m \u00f3lshemlerge muwap\u0131q huq\u0131q\u0131y t\u00e1miyinlew maqsetinde sh\u00f3lkemlestirilgen biy\u01f5\u00e1rez struktural\u0131q lawaz\u0131m. <\/span><\/p>\n<p style=\"text-align: justify;\"><span style=\"font-family: 'times new roman', times, serif; font-size: 14pt;\">\u00a0 \u00a0 \u00a0Yuridik xizmat bevosita \u00d3zMDTSU N\u00f3kis filial\u0131 direktor\u0131na boys\u0131nad\u0131.<\/span><\/p>\n<p style=\"text-align: justify;\"><span style=\"font-family: 'times new roman', times, serif; font-size: 14pt;\">\u00a0 \u00a0 \u00d3zbekstan Respublikas\u0131 Prezidentini\u0144 2017-j\u0131l 19 -yanvarda\u01f5\u0131 PQ-2733-sanl\u0131 qarar\u0131 menen tast\u0131y\u0131qlan\u01f5an \u201cM\u00e1mleketlik organlar h\u00e1m sh\u00f3lkemlerini\u0144 yuridikal\u0131q x\u0131zmeti haqq\u0131nda\u201d\u01f5\u0131 n\u0131zam\u01f5a muwap\u0131q, yuridikal\u0131q x\u0131zmet iskerligini\u0144 tiykar\u01f5\u0131 ba\u01f5darlar\u0131:<\/span><\/p>\n<ul style=\"list-style-type: disc;\">\n<li style=\"text-align: justify;\"><span style=\"font-family: 'times new roman', times, serif; font-size: 14pt;\">\u00d3zMDTSU N\u00f3kis filial\u0131n\u0131\u0144 huq\u0131qt\u0131 qor\u01f5aw iskerliginde n\u0131zam \u00fastinligi h\u00e1m n\u0131zaml\u0131l\u0131qt\u0131 t\u00e1miyinlewdi sh\u00f3lkemlestiriw;<\/span><\/li>\n<li style=\"text-align: justify;\"><span style=\"font-family: 'times new roman', times, serif; font-size: 14pt;\">filial t\u00e1repinen islep sh\u0131\u01f5\u0131l\u0131p at\u0131r\u01f5an (qab\u0131l etilgen) normativlik-huq\u0131q\u0131y h\u00e1m basqa h\u00fajjetler joybarlar\u0131n\u0131\u0144 n\u0131zam h\u00fajjetlerine muwap\u0131ql\u0131\u01f5\u0131n qada\u01f5alaw;<\/span><\/li>\n<li style=\"text-align: justify;\"><span style=\"font-family: 'times new roman', times, serif; font-size: 14pt;\">filial normalar\u0131n islep sh\u0131\u01f5\u0131wda qatnas\u0131w, n\u0131zamsh\u0131l\u0131qt\u0131 jetilistiriw boy\u0131nsha us\u0131n\u0131slar tayarlawda kafedralar, fakultetler jum\u0131s\u0131n muwap\u0131qlast\u0131r\u0131w;<\/span><\/li>\n<li style=\"text-align: justify;\"><span style=\"font-family: 'times new roman', times, serif; font-size: 14pt;\">x\u0131zmetkerler, joqar\u0131 oq\u0131w or\u0131nlar\u0131 studentlerini\u0144 huq\u0131q\u0131y m\u00e1deniyat\u0131 h\u00e1m huq\u0131q\u0131y sawatl\u0131l\u0131\u01f5\u0131n artt\u0131r\u0131w, olar\u01f5a qab\u0131l etilip at\u0131r\u01f5an normativlik-huq\u0131q\u0131y h\u00fajjetlerdi\u0144 mazmun-m\u00e1nisi h\u00e1m \u00e1hmiyetin m\u00e1limleme-kommunikaciya texnologiyalar\u0131nan paydalan\u01f5an halda jetkiziwde qatnas\u0131w;<\/span><\/li>\n<li style=\"text-align: justify;\"><span style=\"font-family: 'times new roman', times, serif; font-size: 14pt;\">sh\u00e1rtnama-huq\u0131q\u0131y h\u00e1m dawa jum\u0131slar\u0131n al\u0131p bar\u0131w, filiald\u0131\u0144 m\u00falkshilik h\u00e1m basqa m\u00e1plerin isenimli qor\u01f5awd\u0131 t\u00e1miyinlew.<\/span><\/li>\n<\/ul>\n<p><\/p>","protected":false},"excerpt":{"rendered":"<p>\u00d3zbekstan m\u00e1mleketlik dene t\u00e1rbiyas\u0131 h\u00e1m sport universiteti N\u00f3kis filial\u0131 Yuriskonsult Radjapov Axmadjon Abdullaevich Tel: (+99891) 384-95-54 Elektron pochta: radzapovahat@gmail.com \u00a0 \u00d3zMDTSU N\u00f3kis filial\u0131 iskerligin n\u0131zam h\u00fajjetlerinde belgilengen standartlar h\u00e1m \u00f3lshemlerge muwap\u0131q huq\u0131q\u0131y t\u00e1miyinlew maqsetinde sh\u00f3lkemlestirilgen biy\u01f5\u00e1rez struktural\u0131q lawaz\u0131m. \u00a0 \u00a0 \u00a0Yuridik xizmat bevosita \u00d3zMDTSU N\u00f3kis filial\u0131 direktor\u0131na boys\u0131nad\u0131. \u00a0 \u00a0 \u00d3zbekstan Respublikas\u0131 Prezidentini\u0144 2017-j\u0131l 19 [&hellip;]<\/p>\n","protected":false},"author":82,"featured_media":0,"parent":0,"menu_order":0,"comment_status":"closed","ping_status":"closed","template":"","meta":{"footnotes":""},"class_list":["post-6830","page","type-page","status-publish","hentry"],"_links":{"self":[{"href":"https:\/\/uzdjtsunf.uz\/qq\/wp-json\/wp\/v2\/pages\/6830","targetHints":{"allow":["GET"]}}],"collection":[{"href":"https:\/\/uzdjtsunf.uz\/qq\/wp-json\/wp\/v2\/pages"}],"about":[{"href":"https:\/\/uzdjtsunf.uz\/qq\/wp-json\/wp\/v2\/types\/page"}],"author":[{"embeddable":true,"href":"https:\/\/uzdjtsunf.uz\/qq\/wp-json\/wp\/v2\/users\/82"}],"replies":[{"embeddable":true,"href":"https:\/\/uzdjtsunf.uz\/qq\/wp-json\/wp\/v2\/comments?post=6830"}],"version-history":[{"count":4,"href":"https:\/\/uzdjtsunf.uz\/qq\/wp-json\/wp\/v2\/pages\/6830\/revisions"}],"predecessor-version":[{"id":17823,"href":"https:\/\/uzdjtsunf.uz\/qq\/wp-json\/wp\/v2\/pages\/6830\/revisions\/17823"}],"wp:attachment":[{"href":"https:\/\/uzdjtsunf.uz\/qq\/wp-json\/wp\/v2\/media?parent=6830"}],"curies":[{"name":"wp","href":"https:\/\/api.w.org\/{rel}","templated":true}]}}