{"id":6839,"date":"2022-04-07T17:01:20","date_gmt":"2022-04-07T12:01:20","guid":{"rendered":"https:\/\/uzdjtsunf.uz\/?page_id=6839"},"modified":"2025-10-06T10:09:26","modified_gmt":"2025-10-06T05:09:26","slug":"malimleme-resurs-orayi","status":"publish","type":"page","link":"https:\/\/uzdjtsunf.uz\/qq\/malimleme-resurs-orayi\/","title":{"rendered":"M\u00e1limleme -resurs oray\u0131"},"content":{"rendered":"<p><\/p>\n<table style=\"border-collapse: collapse; width: 100%;\">\n<tbody>\n<tr>\n<td style=\"width: 35.5877%;\"><img loading=\"lazy\" decoding=\"async\" class=\"aligncenter wp-image-13483\" src=\"https:\/\/uzdjtsunf.uz\/wp-content\/uploads\/2024\/04\/kk.png\" alt=\"\" width=\"168\" height=\"250\" \/><\/td>\n<td style=\"width: 64.4123%;\">\n<p style=\"text-align: center;\"><span style=\"font-family: 'times new roman', times, serif; font-size: 14pt;\"><strong>\u00a0<\/strong><\/span><span style=\"font-family: 'times new roman', times, serif; font-size: 14pt;\"><strong> M\u00e1limleme -resurs oray\u0131 basl\u0131\u01f5\u0131<\/strong>\u00a0<br \/>\nToreshova Karima\u00a0 Muratbaevna<\/span><br \/>\n<span style=\"font-family: 'times new roman', times, serif; font-size: 14pt;\">\u00a0<strong>Telefon:<\/strong> (+99899 ) 319-52-58<\/span><br \/>\n<span style=\"font-family: 'times new roman', times, serif; font-size: 14pt;\">\u00a0<strong>E-mail:<\/strong><\/span><a href=\"mailto:karimatoresheva@gmail.%20com\">karimatoresheva@gmail. com<\/a><\/p>\n<\/td>\n<\/tr>\n<\/tbody>\n<\/table>\n<p style=\"text-align: center;\"><span style=\"font-family: 'times new roman', times, serif; font-size: 14pt;\"><strong>Orayd\u0131\u0144 tiykar\u01f5\u0131 maqseti<\/strong><\/span><\/p>\n<p style=\"text-align: justify;\"><span style=\"font-family: 'times new roman', times, serif; font-size: 14pt;\">\u00a0 M\u00e1limleme-resurs oray\u0131n\u0131\u0144 tiykar\u01f5\u0131 maqseti filial studentleri, professor-oq\u0131t\u0131wsh\u0131lar\u0131 h\u00e1m texnik x\u0131zmetkerleri, son\u0131\u0144 menen birge ilimiy izertlewshilerge m\u00e1limleme kitapxana x\u0131zmetin k\u00f3rsetiw sonnan, ja\u0144a \u00e1wlad oq\u0131w \u00e1debiyatlar\u0131, k\u00f3rkem ilimiy-j\u00e1miyetlik \u00e1debiyatlar menen t\u00e1miyinlewden ibarat.<\/span><\/p>\n<p style=\"text-align: center;\"><span style=\"font-family: 'times new roman', times, serif; font-size: 14pt;\"><strong>Orayd\u0131\u0144 tiykar\u01f5\u0131 waz\u0131ypalar\u0131<\/strong><\/span><\/p>\n<ul style=\"list-style-type: disc;\">\n<li style=\"text-align: justify;\"><span style=\"font-family: 'times new roman', times, serif; font-size: 14pt;\">Studentler, professor-oq\u0131t\u0131wsh\u0131lar, texnik x\u0131zmetkerler h\u00e1m ilimiy izertlewshilerdi\u0144 oq\u0131w \u00e1debiyatlardan paydalan\u0131w\u01f5a bol\u01f5an talaplar\u0131n qanatland\u0131r\u0131w, olar\u01f5a ma\u01f5l\u0131wmat m\u00e1limleme x\u0131zmetin k\u00f3rsetiw;<\/span><\/li>\n<li style=\"text-align: justify;\">Filial ta\u2019lim j\u00f3nelisleri h\u00e1m q\u00e1nigeliklerine tiyisli ja\u0144a \u00e1wlad oq\u0131w \u00e1debiyatlar\u0131 menen m\u00e1limleme-resurs oray\u0131 fond\u0131n turaql\u0131 t\u00farde bay\u0131t\u0131p bar\u0131w;<\/li>\n<li style=\"text-align: justify;\">\u00d3zbekstan Respublikas\u0131 Prezidentini\u0144 2017-j\u0131l 13-sentyabrdegi PQ-3271-sanl\u0131 \u201cKitap \u00f3nimlerin baspadan sh\u0131\u01f5ar\u0131w h\u00e1m tarqat\u0131w sistemas\u0131n rawajland\u0131r\u0131w, kitap oq\u0131w h\u00e1m kitapxanl\u0131q m\u00e1deniyat\u0131n as\u0131r\u0131w h\u00e1m ke\u0144 en jayd\u0131r\u0131w boy\u0131nsha kompleks is-ilajlar d\u00e1st\u00fari haqq\u0131nda\u201d\u01f5\u0131 qarar\u0131na muwap\u0131q filial studentleri, professor-oq\u0131t\u0131wsh\u0131lar\u0131 h\u00e1m texnik x\u0131zmetkerleri, son\u0131\u0144 menen birge ilimiy izertlewshilerdi respublikam\u0131z baspalar\u0131nda baspadan sh\u0131\u01f5ar\u0131l\u0131p at\u0131r\u01f5an k\u00f3rkem, ilimiy-j\u00e1miyetlik \u00e1debiyatlar h\u00e1m jergilikli h\u00e1m shet el bas\u0131l\u0131mlar\u0131 menen turaql\u0131 r\u00e1wishte t\u00e1miyinlew;<\/li>\n<li style=\"text-align: justify;\">M\u00e1limleme kommunikatsiya texnologiyalar\u0131nan paydalan\u01f5an halda paydalan\u0131wsh\u0131lard\u0131\u0144 jeke t\u00e1rtipte t\u00e1lim al\u0131w\u0131na j\u00e1rdem beriw;<\/li>\n<li style=\"text-align: justify;\"><span style=\"font-family: 'times new roman', times, serif; font-size: 14pt;\">Milliy &#8211; m\u00e1deniy q\u00e1diriyatlard\u0131 ke\u0144 en jayd\u0131r\u0131w h\u00e1m xal\u0131qt\u0131\u0144 m\u00e1deniy-tar\u0131yx\u0131y miyras\u0131 menen jaq\u0131nnan tan\u0131s\u0131w\u0131n t\u00e1miyinlew, m\u00e1n\u00e1wiy jetik h\u00e1m k\u00e1mal tapqan shaxst\u0131\u0144 d\u00f3retiwshilik q\u00e1biletlerin rawajland\u0131r\u0131w ush\u0131n imk\u00e1niyatlar jarat\u0131w;<\/span><\/li>\n<li style=\"text-align: justify;\">\u00a0\u201chttp:\/\/unilibrary.uz\u201d elektron axborot m\u00e1limleme sistemas\u0131 h\u00e1m filial elektron kitapxanas\u0131n turaql\u0131 r\u00e1wishte elektron m\u00e1limleme t\u00e1lim resurslar\u0131 menen bay\u0131t\u0131p bar\u0131w h.t.b.<\/li>\n<\/ul>\n<table style=\"border-collapse: collapse; width: 98.1681%;\">\n<tbody>\n<tr>\n<td style=\"width: 31.8111%;\"><img loading=\"lazy\" decoding=\"async\" class=\"wp-image-13482 aligncenter\" src=\"https:\/\/uzdjtsunf.uz\/wp-content\/uploads\/2024\/04\/dd-1-e1714455388217.png\" alt=\"\" width=\"140\" height=\"200\" srcset=\"https:\/\/uzdjtsunf.uz\/wp-content\/uploads\/2024\/04\/dd-1-e1714455388217.png 345w, https:\/\/uzdjtsunf.uz\/wp-content\/uploads\/2024\/04\/dd-1-e1714455388217-210x300.png 210w\" sizes=\"auto, (max-width: 140px) 100vw, 140px\" \/><\/td>\n<td style=\"width: 66.3578%;\">\n<p style=\"text-align: center;\"><span style=\"font-family: 'times new roman', times, serif; font-size: 14pt;\"><strong>M\u00e1limleme -resurs oray\u0131 q\u00e1nigesi<\/strong> <br \/>\nBekmuratova Dilbar Djimanazarovna<br \/>\n<\/span><span style=\"font-family: 'times new roman', times, serif; font-size: 14pt;\"><strong>Telefon:<\/strong> (+99891) 399-13-75<br \/>\n<\/span><span style=\"font-family: 'times new roman', times, serif; font-size: 14pt;\"><strong>E-mail:\u00a0<\/strong><a href=\"mailto:dilbarbekmuratova@gmail.com\">dilbarbekmuratova@gmail.com<\/a><\/span><\/p>\n<\/td>\n<\/tr>\n<\/tbody>\n<\/table>\n<p>&nbsp;<\/p>\n<table style=\"border-collapse: collapse; width: 100%;\">\n<tbody>\n<tr>\n<td style=\"width: 31.9838%;\"><img loading=\"lazy\" decoding=\"async\" class=\"wp-image-13484 aligncenter\" src=\"https:\/\/uzdjtsunf.uz\/wp-content\/uploads\/2024\/04\/gg-1.png\" alt=\"\" width=\"124\" height=\"200\" srcset=\"https:\/\/uzdjtsunf.uz\/wp-content\/uploads\/2024\/04\/gg-1.png 235w, https:\/\/uzdjtsunf.uz\/wp-content\/uploads\/2024\/04\/gg-1-187x300.png 187w\" sizes=\"auto, (max-width: 124px) 100vw, 124px\" \/><\/td>\n<td style=\"width: 68.0162%;\">\n<p style=\"text-align: center;\"><span style=\"font-family: 'times new roman', times, serif; font-size: 14pt;\"><strong>M\u00e1limleme-resurs oray\u0131 q\u00e1nigesi<\/strong><\/span><br \/>\n<span style=\"font-family: 'times new roman', times, serif; font-size: 14pt;\">\u00a0 Sadatdinova Gulzira Xamdulla qizi<\/span><br \/>\n<span style=\"font-family: 'times new roman', times, serif; font-size: 14pt;\"><strong>Telefon: <\/strong>(+99899) 952-72-54<\/span><br \/>\n<span style=\"font-family: 'times new roman', times, serif; font-size: 14pt;\"><strong>E-mail:<\/strong> <a href=\"sadatdinovagulzira@gmail.com\">sadatdinovagulzira@gmail.com<\/a><\/span><\/p>\n<\/td>\n<\/tr>\n<\/tbody>\n<\/table>\n<p><\/p>","protected":false},"excerpt":{"rendered":"<p>\u00a0 M\u00e1limleme -resurs oray\u0131 basl\u0131\u01f5\u0131\u00a0 Toreshova Karima\u00a0 Muratbaevna \u00a0Telefon: (+99899 ) 319-52-58 \u00a0E-mail:karimatoresheva@gmail. com Orayd\u0131\u0144 tiykar\u01f5\u0131 maqseti \u00a0 M\u00e1limleme-resurs oray\u0131n\u0131\u0144 tiykar\u01f5\u0131 maqseti filial studentleri, professor-oq\u0131t\u0131wsh\u0131lar\u0131 h\u00e1m texnik x\u0131zmetkerleri, son\u0131\u0144 menen birge ilimiy izertlewshilerge m\u00e1limleme kitapxana x\u0131zmetin k\u00f3rsetiw sonnan, ja\u0144a \u00e1wlad oq\u0131w \u00e1debiyatlar\u0131, k\u00f3rkem ilimiy-j\u00e1miyetlik \u00e1debiyatlar menen t\u00e1miyinlewden ibarat. Orayd\u0131\u0144 tiykar\u01f5\u0131 waz\u0131ypalar\u0131 Studentler, professor-oq\u0131t\u0131wsh\u0131lar, texnik x\u0131zmetkerler [&hellip;]<\/p>\n","protected":false},"author":82,"featured_media":0,"parent":0,"menu_order":0,"comment_status":"closed","ping_status":"closed","template":"","meta":{"footnotes":""},"class_list":["post-6839","page","type-page","status-publish","hentry"],"_links":{"self":[{"href":"https:\/\/uzdjtsunf.uz\/qq\/wp-json\/wp\/v2\/pages\/6839","targetHints":{"allow":["GET"]}}],"collection":[{"href":"https:\/\/uzdjtsunf.uz\/qq\/wp-json\/wp\/v2\/pages"}],"about":[{"href":"https:\/\/uzdjtsunf.uz\/qq\/wp-json\/wp\/v2\/types\/page"}],"author":[{"embeddable":true,"href":"https:\/\/uzdjtsunf.uz\/qq\/wp-json\/wp\/v2\/users\/82"}],"replies":[{"embeddable":true,"href":"https:\/\/uzdjtsunf.uz\/qq\/wp-json\/wp\/v2\/comments?post=6839"}],"version-history":[{"count":14,"href":"https:\/\/uzdjtsunf.uz\/qq\/wp-json\/wp\/v2\/pages\/6839\/revisions"}],"predecessor-version":[{"id":19429,"href":"https:\/\/uzdjtsunf.uz\/qq\/wp-json\/wp\/v2\/pages\/6839\/revisions\/19429"}],"wp:attachment":[{"href":"https:\/\/uzdjtsunf.uz\/qq\/wp-json\/wp\/v2\/media?parent=6839"}],"curies":[{"name":"wp","href":"https:\/\/api.w.org\/{rel}","templated":true}]}}