{"id":6972,"date":"2022-05-14T15:43:54","date_gmt":"2022-05-14T10:43:54","guid":{"rendered":"https:\/\/uzdjtsunf.uz\/?page_id=6972"},"modified":"2023-09-19T11:28:05","modified_gmt":"2023-09-19T06:28:05","slug":"filial-ishki-tartip","status":"publish","type":"page","link":"https:\/\/uzdjtsunf.uz\/qq\/filial-ishki-tartip\/","title":{"rendered":"Filiald\u0131\u0144 ishki t\u00e1rtibi"},"content":{"rendered":"\n\t\t<style type=\"text\/css\">\n\t\t\t#gallery-1 {\n\t\t\t\tmargin: auto;\n\t\t\t}\n\t\t\t#gallery-1 .gallery-item {\n\t\t\t\tfloat: left;\n\t\t\t\tmargin-top: 10px;\n\t\t\t\ttext-align: center;\n\t\t\t\twidth: 100%;\n\t\t\t}\n\t\t\t#gallery-1 img {\n\t\t\t\tborder: 2px solid #cfcfcf;\n\t\t\t}\n\t\t\t#gallery-1 .gallery-caption {\n\t\t\t\tmargin-left: 0;\n\t\t\t}\n\t\t\t\/* see gallery_shortcode() in wp-includes\/media.php *\/\n\t\t<\/style>\n\t\t<div id='gallery-1' class='gallery galleryid-6972 gallery-columns-1 gallery-size-full'><dl class='gallery-item'>\n\t\t\t<dt class='gallery-icon portrait'>\n\t\t\t\t<a href='https:\/\/uzdjtsunf.uz\/qq\/filial-ishki-tartip\/odob-axloq-kodeksi-pdf_page-0001\/'><img loading=\"lazy\" decoding=\"async\" width=\"1240\" height=\"1755\" src=\"https:\/\/uzdjtsunf.uz\/wp-content\/uploads\/2023\/09\/odob-axloq-kodeksi-pdf_page-0001.jpg\" class=\"attachment-full size-full\" alt=\"\" srcset=\"https:\/\/uzdjtsunf.uz\/wp-content\/uploads\/2023\/09\/odob-axloq-kodeksi-pdf_page-0001.jpg 1240w, https:\/\/uzdjtsunf.uz\/wp-content\/uploads\/2023\/09\/odob-axloq-kodeksi-pdf_page-0001-212x300.jpg 212w, https:\/\/uzdjtsunf.uz\/wp-content\/uploads\/2023\/09\/odob-axloq-kodeksi-pdf_page-0001-724x1024.jpg 724w, https:\/\/uzdjtsunf.uz\/wp-content\/uploads\/2023\/09\/odob-axloq-kodeksi-pdf_page-0001-768x1087.jpg 768w, https:\/\/uzdjtsunf.uz\/wp-content\/uploads\/2023\/09\/odob-axloq-kodeksi-pdf_page-0001-1085x1536.jpg 1085w\" sizes=\"auto, (max-width: 1240px) 100vw, 1240px\" \/><\/a>\n\t\t\t<\/dt><\/dl><br style=\"clear: both\" \/><dl class='gallery-item'>\n\t\t\t<dt class='gallery-icon portrait'>\n\t\t\t\t<a href='https:\/\/uzdjtsunf.uz\/qq\/filial-ishki-tartip\/odob-axloq-kodeksi-pdf_page-0002\/'><img loading=\"lazy\" decoding=\"async\" width=\"1240\" height=\"1755\" src=\"https:\/\/uzdjtsunf.uz\/wp-content\/uploads\/2023\/09\/odob-axloq-kodeksi-pdf_page-0002.jpg\" class=\"attachment-full size-full\" alt=\"\" srcset=\"https:\/\/uzdjtsunf.uz\/wp-content\/uploads\/2023\/09\/odob-axloq-kodeksi-pdf_page-0002.jpg 1240w, https:\/\/uzdjtsunf.uz\/wp-content\/uploads\/2023\/09\/odob-axloq-kodeksi-pdf_page-0002-212x300.jpg 212w, https:\/\/uzdjtsunf.uz\/wp-content\/uploads\/2023\/09\/odob-axloq-kodeksi-pdf_page-0002-724x1024.jpg 724w, https:\/\/uzdjtsunf.uz\/wp-content\/uploads\/2023\/09\/odob-axloq-kodeksi-pdf_page-0002-768x1087.jpg 768w, https:\/\/uzdjtsunf.uz\/wp-content\/uploads\/2023\/09\/odob-axloq-kodeksi-pdf_page-0002-1085x1536.jpg 1085w\" sizes=\"auto, (max-width: 1240px) 100vw, 1240px\" \/><\/a>\n\t\t\t<\/dt><\/dl><br style=\"clear: both\" \/><dl class='gallery-item'>\n\t\t\t<dt class='gallery-icon portrait'>\n\t\t\t\t<a href='https:\/\/uzdjtsunf.uz\/qq\/filial-ishki-tartip\/odob-axloq-kodeksi-pdf_page-0003\/'><img loading=\"lazy\" decoding=\"async\" width=\"1240\" height=\"1755\" src=\"https:\/\/uzdjtsunf.uz\/wp-content\/uploads\/2023\/09\/odob-axloq-kodeksi-pdf_page-0003.jpg\" class=\"attachment-full size-full\" alt=\"\" srcset=\"https:\/\/uzdjtsunf.uz\/wp-content\/uploads\/2023\/09\/odob-axloq-kodeksi-pdf_page-0003.jpg 1240w, https:\/\/uzdjtsunf.uz\/wp-content\/uploads\/2023\/09\/odob-axloq-kodeksi-pdf_page-0003-212x300.jpg 212w, https:\/\/uzdjtsunf.uz\/wp-content\/uploads\/2023\/09\/odob-axloq-kodeksi-pdf_page-0003-724x1024.jpg 724w, https:\/\/uzdjtsunf.uz\/wp-content\/uploads\/2023\/09\/odob-axloq-kodeksi-pdf_page-0003-768x1087.jpg 768w, https:\/\/uzdjtsunf.uz\/wp-content\/uploads\/2023\/09\/odob-axloq-kodeksi-pdf_page-0003-1085x1536.jpg 1085w\" sizes=\"auto, (max-width: 1240px) 100vw, 1240px\" \/><\/a>\n\t\t\t<\/dt><\/dl><br style=\"clear: both\" \/><dl class='gallery-item'>\n\t\t\t<dt class='gallery-icon portrait'>\n\t\t\t\t<a href='https:\/\/uzdjtsunf.uz\/qq\/filial-ishki-tartip\/odob-axloq-kodeksi-pdf_page-0004\/'><img loading=\"lazy\" decoding=\"async\" width=\"1240\" height=\"1755\" src=\"https:\/\/uzdjtsunf.uz\/wp-content\/uploads\/2023\/09\/odob-axloq-kodeksi-pdf_page-0004.jpg\" class=\"attachment-full size-full\" alt=\"\" srcset=\"https:\/\/uzdjtsunf.uz\/wp-content\/uploads\/2023\/09\/odob-axloq-kodeksi-pdf_page-0004.jpg 1240w, https:\/\/uzdjtsunf.uz\/wp-content\/uploads\/2023\/09\/odob-axloq-kodeksi-pdf_page-0004-212x300.jpg 212w, https:\/\/uzdjtsunf.uz\/wp-content\/uploads\/2023\/09\/odob-axloq-kodeksi-pdf_page-0004-724x1024.jpg 724w, https:\/\/uzdjtsunf.uz\/wp-content\/uploads\/2023\/09\/odob-axloq-kodeksi-pdf_page-0004-768x1087.jpg 768w, https:\/\/uzdjtsunf.uz\/wp-content\/uploads\/2023\/09\/odob-axloq-kodeksi-pdf_page-0004-1085x1536.jpg 1085w\" sizes=\"auto, (max-width: 1240px) 100vw, 1240px\" \/><\/a>\n\t\t\t<\/dt><\/dl><br style=\"clear: both\" \/><dl class='gallery-item'>\n\t\t\t<dt class='gallery-icon portrait'>\n\t\t\t\t<a href='https:\/\/uzdjtsunf.uz\/qq\/filial-ishki-tartip\/odob-axloq-kodeksi-pdf_page-0005\/'><img loading=\"lazy\" decoding=\"async\" width=\"1240\" height=\"1755\" src=\"https:\/\/uzdjtsunf.uz\/wp-content\/uploads\/2023\/09\/odob-axloq-kodeksi-pdf_page-0005.jpg\" class=\"attachment-full size-full\" alt=\"\" srcset=\"https:\/\/uzdjtsunf.uz\/wp-content\/uploads\/2023\/09\/odob-axloq-kodeksi-pdf_page-0005.jpg 1240w, https:\/\/uzdjtsunf.uz\/wp-content\/uploads\/2023\/09\/odob-axloq-kodeksi-pdf_page-0005-212x300.jpg 212w, https:\/\/uzdjtsunf.uz\/wp-content\/uploads\/2023\/09\/odob-axloq-kodeksi-pdf_page-0005-724x1024.jpg 724w, https:\/\/uzdjtsunf.uz\/wp-content\/uploads\/2023\/09\/odob-axloq-kodeksi-pdf_page-0005-768x1087.jpg 768w, https:\/\/uzdjtsunf.uz\/wp-content\/uploads\/2023\/09\/odob-axloq-kodeksi-pdf_page-0005-1085x1536.jpg 1085w\" sizes=\"auto, (max-width: 1240px) 100vw, 1240px\" \/><\/a>\n\t\t\t<\/dt><\/dl><br style=\"clear: both\" \/><dl class='gallery-item'>\n\t\t\t<dt class='gallery-icon portrait'>\n\t\t\t\t<a href='https:\/\/uzdjtsunf.uz\/qq\/filial-ishki-tartip\/odob-axloq-kodeksi-pdf_page-0006\/'><img loading=\"lazy\" decoding=\"async\" width=\"1240\" height=\"1755\" src=\"https:\/\/uzdjtsunf.uz\/wp-content\/uploads\/2023\/09\/odob-axloq-kodeksi-pdf_page-0006.jpg\" class=\"attachment-full size-full\" alt=\"\" srcset=\"https:\/\/uzdjtsunf.uz\/wp-content\/uploads\/2023\/09\/odob-axloq-kodeksi-pdf_page-0006.jpg 1240w, https:\/\/uzdjtsunf.uz\/wp-content\/uploads\/2023\/09\/odob-axloq-kodeksi-pdf_page-0006-212x300.jpg 212w, https:\/\/uzdjtsunf.uz\/wp-content\/uploads\/2023\/09\/odob-axloq-kodeksi-pdf_page-0006-724x1024.jpg 724w, https:\/\/uzdjtsunf.uz\/wp-content\/uploads\/2023\/09\/odob-axloq-kodeksi-pdf_page-0006-768x1087.jpg 768w, https:\/\/uzdjtsunf.uz\/wp-content\/uploads\/2023\/09\/odob-axloq-kodeksi-pdf_page-0006-1085x1536.jpg 1085w\" sizes=\"auto, (max-width: 1240px) 100vw, 1240px\" \/><\/a>\n\t\t\t<\/dt><\/dl><br style=\"clear: both\" \/><dl class='gallery-item'>\n\t\t\t<dt class='gallery-icon portrait'>\n\t\t\t\t<a href='https:\/\/uzdjtsunf.uz\/qq\/filial-ishki-tartip\/odob-axloq-kodeksi-pdf_page-0007\/'><img loading=\"lazy\" decoding=\"async\" width=\"1240\" height=\"1755\" src=\"https:\/\/uzdjtsunf.uz\/wp-content\/uploads\/2023\/09\/odob-axloq-kodeksi-pdf_page-0007.jpg\" class=\"attachment-full size-full\" alt=\"\" srcset=\"https:\/\/uzdjtsunf.uz\/wp-content\/uploads\/2023\/09\/odob-axloq-kodeksi-pdf_page-0007.jpg 1240w, https:\/\/uzdjtsunf.uz\/wp-content\/uploads\/2023\/09\/odob-axloq-kodeksi-pdf_page-0007-212x300.jpg 212w, https:\/\/uzdjtsunf.uz\/wp-content\/uploads\/2023\/09\/odob-axloq-kodeksi-pdf_page-0007-724x1024.jpg 724w, https:\/\/uzdjtsunf.uz\/wp-content\/uploads\/2023\/09\/odob-axloq-kodeksi-pdf_page-0007-768x1087.jpg 768w, https:\/\/uzdjtsunf.uz\/wp-content\/uploads\/2023\/09\/odob-axloq-kodeksi-pdf_page-0007-1085x1536.jpg 1085w\" sizes=\"auto, (max-width: 1240px) 100vw, 1240px\" \/><\/a>\n\t\t\t<\/dt><\/dl><br style=\"clear: both\" \/><dl class='gallery-item'>\n\t\t\t<dt class='gallery-icon portrait'>\n\t\t\t\t<a href='https:\/\/uzdjtsunf.uz\/qq\/filial-ishki-tartip\/odob-axloq-kodeksi-pdf_page-0008\/'><img loading=\"lazy\" decoding=\"async\" width=\"1240\" height=\"1755\" src=\"https:\/\/uzdjtsunf.uz\/wp-content\/uploads\/2023\/09\/odob-axloq-kodeksi-pdf_page-0008.jpg\" class=\"attachment-full size-full\" alt=\"\" srcset=\"https:\/\/uzdjtsunf.uz\/wp-content\/uploads\/2023\/09\/odob-axloq-kodeksi-pdf_page-0008.jpg 1240w, https:\/\/uzdjtsunf.uz\/wp-content\/uploads\/2023\/09\/odob-axloq-kodeksi-pdf_page-0008-212x300.jpg 212w, https:\/\/uzdjtsunf.uz\/wp-content\/uploads\/2023\/09\/odob-axloq-kodeksi-pdf_page-0008-724x1024.jpg 724w, https:\/\/uzdjtsunf.uz\/wp-content\/uploads\/2023\/09\/odob-axloq-kodeksi-pdf_page-0008-768x1087.jpg 768w, https:\/\/uzdjtsunf.uz\/wp-content\/uploads\/2023\/09\/odob-axloq-kodeksi-pdf_page-0008-1085x1536.jpg 1085w\" sizes=\"auto, (max-width: 1240px) 100vw, 1240px\" \/><\/a>\n\t\t\t<\/dt><\/dl><br style=\"clear: both\" \/><dl class='gallery-item'>\n\t\t\t<dt class='gallery-icon portrait'>\n\t\t\t\t<a href='https:\/\/uzdjtsunf.uz\/qq\/filial-ishki-tartip\/odob-axloq-kodeksi-pdf_page-0009\/'><img loading=\"lazy\" decoding=\"async\" width=\"1240\" height=\"1755\" src=\"https:\/\/uzdjtsunf.uz\/wp-content\/uploads\/2023\/09\/odob-axloq-kodeksi-pdf_page-0009.jpg\" class=\"attachment-full size-full\" alt=\"\" srcset=\"https:\/\/uzdjtsunf.uz\/wp-content\/uploads\/2023\/09\/odob-axloq-kodeksi-pdf_page-0009.jpg 1240w, https:\/\/uzdjtsunf.uz\/wp-content\/uploads\/2023\/09\/odob-axloq-kodeksi-pdf_page-0009-212x300.jpg 212w, https:\/\/uzdjtsunf.uz\/wp-content\/uploads\/2023\/09\/odob-axloq-kodeksi-pdf_page-0009-724x1024.jpg 724w, https:\/\/uzdjtsunf.uz\/wp-content\/uploads\/2023\/09\/odob-axloq-kodeksi-pdf_page-0009-768x1087.jpg 768w, https:\/\/uzdjtsunf.uz\/wp-content\/uploads\/2023\/09\/odob-axloq-kodeksi-pdf_page-0009-1085x1536.jpg 1085w\" sizes=\"auto, (max-width: 1240px) 100vw, 1240px\" \/><\/a>\n\t\t\t<\/dt><\/dl><br style=\"clear: both\" \/><dl class='gallery-item'>\n\t\t\t<dt class='gallery-icon portrait'>\n\t\t\t\t<a href='https:\/\/uzdjtsunf.uz\/qq\/filial-ishki-tartip\/odob-axloq-kodeksi-pdf_page-0010\/'><img loading=\"lazy\" decoding=\"async\" width=\"1240\" height=\"1755\" src=\"https:\/\/uzdjtsunf.uz\/wp-content\/uploads\/2023\/09\/odob-axloq-kodeksi-pdf_page-0010.jpg\" class=\"attachment-full size-full\" alt=\"\" srcset=\"https:\/\/uzdjtsunf.uz\/wp-content\/uploads\/2023\/09\/odob-axloq-kodeksi-pdf_page-0010.jpg 1240w, https:\/\/uzdjtsunf.uz\/wp-content\/uploads\/2023\/09\/odob-axloq-kodeksi-pdf_page-0010-212x300.jpg 212w, https:\/\/uzdjtsunf.uz\/wp-content\/uploads\/2023\/09\/odob-axloq-kodeksi-pdf_page-0010-724x1024.jpg 724w, https:\/\/uzdjtsunf.uz\/wp-content\/uploads\/2023\/09\/odob-axloq-kodeksi-pdf_page-0010-768x1087.jpg 768w, https:\/\/uzdjtsunf.uz\/wp-content\/uploads\/2023\/09\/odob-axloq-kodeksi-pdf_page-0010-1085x1536.jpg 1085w\" sizes=\"auto, (max-width: 1240px) 100vw, 1240px\" \/><\/a>\n\t\t\t<\/dt><\/dl><br style=\"clear: both\" \/><dl class='gallery-item'>\n\t\t\t<dt class='gallery-icon portrait'>\n\t\t\t\t<a href='https:\/\/uzdjtsunf.uz\/qq\/filial-ishki-tartip\/odob-axloq-kodeksi-pdf_page-0011\/'><img loading=\"lazy\" decoding=\"async\" width=\"1240\" height=\"1755\" src=\"https:\/\/uzdjtsunf.uz\/wp-content\/uploads\/2023\/09\/odob-axloq-kodeksi-pdf_page-0011.jpg\" class=\"attachment-full size-full\" alt=\"\" srcset=\"https:\/\/uzdjtsunf.uz\/wp-content\/uploads\/2023\/09\/odob-axloq-kodeksi-pdf_page-0011.jpg 1240w, https:\/\/uzdjtsunf.uz\/wp-content\/uploads\/2023\/09\/odob-axloq-kodeksi-pdf_page-0011-212x300.jpg 212w, https:\/\/uzdjtsunf.uz\/wp-content\/uploads\/2023\/09\/odob-axloq-kodeksi-pdf_page-0011-724x1024.jpg 724w, https:\/\/uzdjtsunf.uz\/wp-content\/uploads\/2023\/09\/odob-axloq-kodeksi-pdf_page-0011-768x1087.jpg 768w, https:\/\/uzdjtsunf.uz\/wp-content\/uploads\/2023\/09\/odob-axloq-kodeksi-pdf_page-0011-1085x1536.jpg 1085w\" sizes=\"auto, (max-width: 1240px) 100vw, 1240px\" \/><\/a>\n\t\t\t<\/dt><\/dl><br style=\"clear: both\" \/><dl class='gallery-item'>\n\t\t\t<dt class='gallery-icon portrait'>\n\t\t\t\t<a href='https:\/\/uzdjtsunf.uz\/qq\/filial-ishki-tartip\/odob-axloq-kodeksi-pdf_page-0012\/'><img loading=\"lazy\" decoding=\"async\" width=\"1240\" height=\"1755\" src=\"https:\/\/uzdjtsunf.uz\/wp-content\/uploads\/2023\/09\/odob-axloq-kodeksi-pdf_page-0012.jpg\" class=\"attachment-full size-full\" alt=\"\" srcset=\"https:\/\/uzdjtsunf.uz\/wp-content\/uploads\/2023\/09\/odob-axloq-kodeksi-pdf_page-0012.jpg 1240w, https:\/\/uzdjtsunf.uz\/wp-content\/uploads\/2023\/09\/odob-axloq-kodeksi-pdf_page-0012-212x300.jpg 212w, https:\/\/uzdjtsunf.uz\/wp-content\/uploads\/2023\/09\/odob-axloq-kodeksi-pdf_page-0012-724x1024.jpg 724w, https:\/\/uzdjtsunf.uz\/wp-content\/uploads\/2023\/09\/odob-axloq-kodeksi-pdf_page-0012-768x1087.jpg 768w, https:\/\/uzdjtsunf.uz\/wp-content\/uploads\/2023\/09\/odob-axloq-kodeksi-pdf_page-0012-1085x1536.jpg 1085w\" sizes=\"auto, (max-width: 1240px) 100vw, 1240px\" \/><\/a>\n\t\t\t<\/dt><\/dl><br style=\"clear: both\" \/><dl class='gallery-item'>\n\t\t\t<dt class='gallery-icon portrait'>\n\t\t\t\t<a href='https:\/\/uzdjtsunf.uz\/qq\/filial-ishki-tartip\/odob-axloq-kodeksi-pdf_page-0013\/'><img loading=\"lazy\" decoding=\"async\" width=\"1240\" height=\"1755\" src=\"https:\/\/uzdjtsunf.uz\/wp-content\/uploads\/2023\/09\/odob-axloq-kodeksi-pdf_page-0013.jpg\" class=\"attachment-full size-full\" alt=\"\" srcset=\"https:\/\/uzdjtsunf.uz\/wp-content\/uploads\/2023\/09\/odob-axloq-kodeksi-pdf_page-0013.jpg 1240w, https:\/\/uzdjtsunf.uz\/wp-content\/uploads\/2023\/09\/odob-axloq-kodeksi-pdf_page-0013-212x300.jpg 212w, https:\/\/uzdjtsunf.uz\/wp-content\/uploads\/2023\/09\/odob-axloq-kodeksi-pdf_page-0013-724x1024.jpg 724w, https:\/\/uzdjtsunf.uz\/wp-content\/uploads\/2023\/09\/odob-axloq-kodeksi-pdf_page-0013-768x1087.jpg 768w, https:\/\/uzdjtsunf.uz\/wp-content\/uploads\/2023\/09\/odob-axloq-kodeksi-pdf_page-0013-1085x1536.jpg 1085w\" sizes=\"auto, (max-width: 1240px) 100vw, 1240px\" \/><\/a>\n\t\t\t<\/dt><\/dl><br style=\"clear: both\" \/><dl class='gallery-item'>\n\t\t\t<dt class='gallery-icon portrait'>\n\t\t\t\t<a href='https:\/\/uzdjtsunf.uz\/qq\/filial-ishki-tartip\/odob-axloq-kodeksi-pdf_page-0014\/'><img loading=\"lazy\" decoding=\"async\" width=\"1240\" height=\"1755\" src=\"https:\/\/uzdjtsunf.uz\/wp-content\/uploads\/2023\/09\/odob-axloq-kodeksi-pdf_page-0014.jpg\" class=\"attachment-full size-full\" alt=\"\" srcset=\"https:\/\/uzdjtsunf.uz\/wp-content\/uploads\/2023\/09\/odob-axloq-kodeksi-pdf_page-0014.jpg 1240w, https:\/\/uzdjtsunf.uz\/wp-content\/uploads\/2023\/09\/odob-axloq-kodeksi-pdf_page-0014-212x300.jpg 212w, https:\/\/uzdjtsunf.uz\/wp-content\/uploads\/2023\/09\/odob-axloq-kodeksi-pdf_page-0014-724x1024.jpg 724w, https:\/\/uzdjtsunf.uz\/wp-content\/uploads\/2023\/09\/odob-axloq-kodeksi-pdf_page-0014-768x1087.jpg 768w, https:\/\/uzdjtsunf.uz\/wp-content\/uploads\/2023\/09\/odob-axloq-kodeksi-pdf_page-0014-1085x1536.jpg 1085w\" sizes=\"auto, (max-width: 1240px) 100vw, 1240px\" \/><\/a>\n\t\t\t<\/dt><\/dl><br style=\"clear: both\" \/><dl class='gallery-item'>\n\t\t\t<dt class='gallery-icon portrait'>\n\t\t\t\t<a href='https:\/\/uzdjtsunf.uz\/qq\/filial-ishki-tartip\/odob-axloq-kodeksi-pdf_page-0015\/'><img loading=\"lazy\" decoding=\"async\" width=\"1240\" height=\"1755\" src=\"https:\/\/uzdjtsunf.uz\/wp-content\/uploads\/2023\/09\/odob-axloq-kodeksi-pdf_page-0015.jpg\" class=\"attachment-full size-full\" alt=\"\" srcset=\"https:\/\/uzdjtsunf.uz\/wp-content\/uploads\/2023\/09\/odob-axloq-kodeksi-pdf_page-0015.jpg 1240w, https:\/\/uzdjtsunf.uz\/wp-content\/uploads\/2023\/09\/odob-axloq-kodeksi-pdf_page-0015-212x300.jpg 212w, https:\/\/uzdjtsunf.uz\/wp-content\/uploads\/2023\/09\/odob-axloq-kodeksi-pdf_page-0015-724x1024.jpg 724w, https:\/\/uzdjtsunf.uz\/wp-content\/uploads\/2023\/09\/odob-axloq-kodeksi-pdf_page-0015-768x1087.jpg 768w, https:\/\/uzdjtsunf.uz\/wp-content\/uploads\/2023\/09\/odob-axloq-kodeksi-pdf_page-0015-1085x1536.jpg 1085w\" sizes=\"auto, (max-width: 1240px) 100vw, 1240px\" \/><\/a>\n\t\t\t<\/dt><\/dl><br style=\"clear: both\" \/><dl class='gallery-item'>\n\t\t\t<dt class='gallery-icon portrait'>\n\t\t\t\t<a href='https:\/\/uzdjtsunf.uz\/qq\/filial-ishki-tartip\/odob-axloq-kodeksi-pdf_page-0016\/'><img loading=\"lazy\" decoding=\"async\" width=\"1240\" height=\"1755\" src=\"https:\/\/uzdjtsunf.uz\/wp-content\/uploads\/2023\/09\/odob-axloq-kodeksi-pdf_page-0016.jpg\" class=\"attachment-full size-full\" alt=\"\" srcset=\"https:\/\/uzdjtsunf.uz\/wp-content\/uploads\/2023\/09\/odob-axloq-kodeksi-pdf_page-0016.jpg 1240w, https:\/\/uzdjtsunf.uz\/wp-content\/uploads\/2023\/09\/odob-axloq-kodeksi-pdf_page-0016-212x300.jpg 212w, https:\/\/uzdjtsunf.uz\/wp-content\/uploads\/2023\/09\/odob-axloq-kodeksi-pdf_page-0016-724x1024.jpg 724w, https:\/\/uzdjtsunf.uz\/wp-content\/uploads\/2023\/09\/odob-axloq-kodeksi-pdf_page-0016-768x1087.jpg 768w, https:\/\/uzdjtsunf.uz\/wp-content\/uploads\/2023\/09\/odob-axloq-kodeksi-pdf_page-0016-1085x1536.jpg 1085w\" sizes=\"auto, (max-width: 1240px) 100vw, 1240px\" \/><\/a>\n\t\t\t<\/dt><\/dl><br style=\"clear: both\" \/>\n\t\t<\/div>\n\n","protected":false},"excerpt":{"rendered":"","protected":false},"author":4,"featured_media":0,"parent":0,"menu_order":0,"comment_status":"closed","ping_status":"closed","template":"","meta":{"footnotes":""},"class_list":["post-6972","page","type-page","status-publish","hentry"],"_links":{"self":[{"href":"https:\/\/uzdjtsunf.uz\/qq\/wp-json\/wp\/v2\/pages\/6972","targetHints":{"allow":["GET"]}}],"collection":[{"href":"https:\/\/uzdjtsunf.uz\/qq\/wp-json\/wp\/v2\/pages"}],"about":[{"href":"https:\/\/uzdjtsunf.uz\/qq\/wp-json\/wp\/v2\/types\/page"}],"author":[{"embeddable":true,"href":"https:\/\/uzdjtsunf.uz\/qq\/wp-json\/wp\/v2\/users\/4"}],"replies":[{"embeddable":true,"href":"https:\/\/uzdjtsunf.uz\/qq\/wp-json\/wp\/v2\/comments?post=6972"}],"version-history":[{"count":8,"href":"https:\/\/uzdjtsunf.uz\/qq\/wp-json\/wp\/v2\/pages\/6972\/revisions"}],"predecessor-version":[{"id":10419,"href":"https:\/\/uzdjtsunf.uz\/qq\/wp-json\/wp\/v2\/pages\/6972\/revisions\/10419"}],"wp:attachment":[{"href":"https:\/\/uzdjtsunf.uz\/qq\/wp-json\/wp\/v2\/media?parent=6972"}],"curies":[{"name":"wp","href":"https:\/\/api.w.org\/{rel}","templated":true}]}}