{"id":7038,"date":"2022-06-13T15:32:57","date_gmt":"2022-06-13T10:32:57","guid":{"rendered":"https:\/\/uzdjtsunf.uz\/?page_id=7038"},"modified":"2026-01-24T10:47:48","modified_gmt":"2026-01-24T05:47:48","slug":"davlat-imtihoni","status":"publish","type":"page","link":"https:\/\/uzdjtsunf.uz\/qq\/davlat-imtihoni\/","title":{"rendered":"Davlat imtihoni"},"content":{"rendered":"<p><\/p>\n<p style=\"text-align: center;\"><strong><span style=\"font-family: 'times new roman', times, serif; font-size: 14pt;\">2025-2026-oq\u0131w j\u0131l\u0131 ush\u0131n g\u00fazgi juwmaqlawsh\u0131 bahalaw imtixanlar\u0131<br \/>\n<\/span><\/strong><\/p>\n<p><iframe loading=\"lazy\" title=\"Kompyuter xanas\u0131\" width=\"500\" height=\"375\" src=\"https:\/\/www.youtube.com\/embed\/1-T8zY6y0q4?feature=oembed\" frameborder=\"0\" allow=\"accelerometer; autoplay; clipboard-write; encrypted-media; gyroscope; picture-in-picture; web-share\" referrerpolicy=\"strict-origin-when-cross-origin\" allowfullscreen><\/iframe><\/p>\n<p><iframe loading=\"lazy\" title=\"209-auditoriya\" width=\"500\" height=\"375\" src=\"https:\/\/www.youtube.com\/embed\/WVfXYgGfHCA?feature=oembed\" frameborder=\"0\" allow=\"accelerometer; autoplay; clipboard-write; encrypted-media; gyroscope; picture-in-picture; web-share\" referrerpolicy=\"strict-origin-when-cross-origin\" allowfullscreen><\/iframe><\/p>\n<p><iframe loading=\"lazy\" title=\"209-auditoriya\" width=\"500\" height=\"281\" src=\"https:\/\/www.youtube.com\/embed\/emcVa_x0jLM?feature=oembed\" frameborder=\"0\" allow=\"accelerometer; autoplay; clipboard-write; encrypted-media; gyroscope; picture-in-picture; web-share\" referrerpolicy=\"strict-origin-when-cross-origin\" allowfullscreen><\/iframe><\/p>\n<p><iframe loading=\"lazy\" title=\"Kompyuter xanas\u0131\" width=\"500\" height=\"281\" src=\"https:\/\/www.youtube.com\/embed\/8KEOyY_SpV8?feature=oembed\" frameborder=\"0\" allow=\"accelerometer; autoplay; clipboard-write; encrypted-media; gyroscope; picture-in-picture; web-share\" referrerpolicy=\"strict-origin-when-cross-origin\" allowfullscreen><\/iframe><\/p>\n<p><iframe loading=\"lazy\" title=\"Kompyuter xanas\u0131\" width=\"500\" height=\"281\" src=\"https:\/\/www.youtube.com\/embed\/hSsviQv7wdo?feature=oembed\" frameborder=\"0\" allow=\"accelerometer; autoplay; clipboard-write; encrypted-media; gyroscope; picture-in-picture; web-share\" referrerpolicy=\"strict-origin-when-cross-origin\" allowfullscreen><\/iframe><\/p>\n<p><iframe loading=\"lazy\" title=\"209-auditoriya\" width=\"500\" height=\"281\" src=\"https:\/\/www.youtube.com\/embed\/u-Pwi0_EpRQ?feature=oembed\" frameborder=\"0\" allow=\"accelerometer; autoplay; clipboard-write; encrypted-media; gyroscope; picture-in-picture; web-share\" referrerpolicy=\"strict-origin-when-cross-origin\" allowfullscreen><\/iframe><\/p>\n<p><iframe loading=\"lazy\" title=\"Kompyuter xanas\u0131\" width=\"500\" height=\"281\" src=\"https:\/\/www.youtube.com\/embed\/LL9J8GqXNcE?feature=oembed\" frameborder=\"0\" allow=\"accelerometer; autoplay; clipboard-write; encrypted-media; gyroscope; picture-in-picture; web-share\" referrerpolicy=\"strict-origin-when-cross-origin\" allowfullscreen><\/iframe><\/p>\n<p><iframe loading=\"lazy\" title=\"Kompyuter xanas\u0131\" width=\"500\" height=\"281\" src=\"https:\/\/www.youtube.com\/embed\/o-GoeIo5SzY?feature=oembed\" frameborder=\"0\" allow=\"accelerometer; autoplay; clipboard-write; encrypted-media; gyroscope; picture-in-picture; web-share\" referrerpolicy=\"strict-origin-when-cross-origin\" allowfullscreen><\/iframe><\/p>\n<p><iframe loading=\"lazy\" title=\"209-auditoriya\" width=\"500\" height=\"281\" src=\"https:\/\/www.youtube.com\/embed\/E_cfD2lhwgA?feature=oembed\" frameborder=\"0\" allow=\"accelerometer; autoplay; clipboard-write; encrypted-media; gyroscope; picture-in-picture; web-share\" referrerpolicy=\"strict-origin-when-cross-origin\" allowfullscreen><\/iframe><\/p>\n<p>youtube.com\/live\/N4SMH53rnV8?feature=share<\/p>\n<p><iframe loading=\"lazy\" title=\"Kompyuter xanas\u0131\" width=\"500\" height=\"281\" src=\"https:\/\/www.youtube.com\/embed\/Mxfk2xcwBac?feature=oembed\" frameborder=\"0\" allow=\"accelerometer; autoplay; clipboard-write; encrypted-media; gyroscope; picture-in-picture; web-share\" referrerpolicy=\"strict-origin-when-cross-origin\" allowfullscreen><\/iframe><\/p>\n<p><iframe loading=\"lazy\" title=\"209-auditoriya\" width=\"500\" height=\"281\" src=\"https:\/\/www.youtube.com\/embed\/eJSrgqmBfrY?feature=oembed\" frameborder=\"0\" allow=\"accelerometer; autoplay; clipboard-write; encrypted-media; gyroscope; picture-in-picture; web-share\" referrerpolicy=\"strict-origin-when-cross-origin\" allowfullscreen><\/iframe><\/p>\n<p><iframe loading=\"lazy\" title=\"Kompyuter xanas\u0131\" width=\"500\" height=\"281\" src=\"https:\/\/www.youtube.com\/embed\/ZhZG71twZfk?feature=oembed\" frameborder=\"0\" allow=\"accelerometer; autoplay; clipboard-write; encrypted-media; gyroscope; picture-in-picture; web-share\" referrerpolicy=\"strict-origin-when-cross-origin\" allowfullscreen><\/iframe><\/p>\n<p><iframe loading=\"lazy\" title=\"209-auditoriya\" width=\"500\" height=\"281\" src=\"https:\/\/www.youtube.com\/embed\/42ixi9G1xaw?feature=oembed\" frameborder=\"0\" allow=\"accelerometer; autoplay; clipboard-write; encrypted-media; gyroscope; picture-in-picture; web-share\" referrerpolicy=\"strict-origin-when-cross-origin\" allowfullscreen><\/iframe><\/p>\n<p><iframe loading=\"lazy\" title=\"Kompyuter xanas\u0131\" width=\"500\" height=\"281\" src=\"https:\/\/www.youtube.com\/embed\/vdx4ZOm3thk?feature=oembed\" frameborder=\"0\" allow=\"accelerometer; autoplay; clipboard-write; encrypted-media; gyroscope; picture-in-picture; web-share\" referrerpolicy=\"strict-origin-when-cross-origin\" allowfullscreen><\/iframe><\/p>\n<p><iframe loading=\"lazy\" title=\"209-auditoriya\" width=\"500\" height=\"281\" src=\"https:\/\/www.youtube.com\/embed\/67lzpWECXcs?feature=oembed\" frameborder=\"0\" allow=\"accelerometer; autoplay; clipboard-write; encrypted-media; gyroscope; picture-in-picture; web-share\" referrerpolicy=\"strict-origin-when-cross-origin\" allowfullscreen><\/iframe><\/p>\n<p><iframe loading=\"lazy\" title=\"Kompyuter xanas\u0131\" width=\"500\" height=\"281\" src=\"https:\/\/www.youtube.com\/embed\/rNN1HCYmVgA?feature=oembed\" frameborder=\"0\" allow=\"accelerometer; autoplay; clipboard-write; encrypted-media; gyroscope; picture-in-picture; web-share\" referrerpolicy=\"strict-origin-when-cross-origin\" allowfullscreen><\/iframe><\/p>\n<p><iframe loading=\"lazy\" title=\"209-auditoriya\" width=\"500\" height=\"281\" src=\"https:\/\/www.youtube.com\/embed\/JBGsmBsdZFk?feature=oembed\" frameborder=\"0\" allow=\"accelerometer; autoplay; clipboard-write; encrypted-media; gyroscope; picture-in-picture; web-share\" referrerpolicy=\"strict-origin-when-cross-origin\" allowfullscreen><\/iframe><\/p>\n<p><iframe loading=\"lazy\" title=\"Kompyuter xanas\u0131\" width=\"500\" height=\"281\" src=\"https:\/\/www.youtube.com\/embed\/9ZVWPieTH8c?feature=oembed\" frameborder=\"0\" allow=\"accelerometer; autoplay; clipboard-write; encrypted-media; gyroscope; picture-in-picture; web-share\" referrerpolicy=\"strict-origin-when-cross-origin\" allowfullscreen><\/iframe><\/p>\n<p><iframe loading=\"lazy\" title=\"209-auditoriya\" width=\"500\" height=\"281\" src=\"https:\/\/www.youtube.com\/embed\/ePTzXNH6tUc?feature=oembed\" frameborder=\"0\" allow=\"accelerometer; autoplay; clipboard-write; encrypted-media; gyroscope; picture-in-picture; web-share\" referrerpolicy=\"strict-origin-when-cross-origin\" allowfullscreen><\/iframe><\/p>\n<p><iframe loading=\"lazy\" title=\"Kompyuter xanas\u0131\" width=\"500\" height=\"281\" src=\"https:\/\/www.youtube.com\/embed\/dVgIwS4nNJg?feature=oembed\" frameborder=\"0\" allow=\"accelerometer; autoplay; clipboard-write; encrypted-media; gyroscope; picture-in-picture; web-share\" referrerpolicy=\"strict-origin-when-cross-origin\" allowfullscreen><\/iframe><\/p>\n<p>&nbsp;<\/p>\n<p style=\"text-align: center;\"><strong><span style=\"font-size: 14pt; font-family: 'times new roman', times, serif;\">2025<\/span><\/strong><\/p>\n<p><iframe loading=\"lazy\" title=\"09,06,2025 sirtqi gos\" width=\"500\" height=\"281\" src=\"https:\/\/www.youtube.com\/embed\/pmWcdelCFto?feature=oembed\" frameborder=\"0\" allow=\"accelerometer; autoplay; clipboard-write; encrypted-media; gyroscope; picture-in-picture; web-share\" referrerpolicy=\"strict-origin-when-cross-origin\" allowfullscreen><\/iframe><\/p>\n<p>&nbsp;<\/p>\n<p><iframe loading=\"lazy\" title=\"sirtqi 2\" width=\"500\" height=\"281\" src=\"https:\/\/www.youtube.com\/embed\/-J3_e9-fnjw?feature=oembed\" frameborder=\"0\" allow=\"accelerometer; autoplay; clipboard-write; encrypted-media; gyroscope; picture-in-picture; web-share\" referrerpolicy=\"strict-origin-when-cross-origin\" allowfullscreen><\/iframe><\/p>\n<p><iframe loading=\"lazy\" title=\"Sirtqi3\" width=\"500\" height=\"281\" src=\"https:\/\/www.youtube.com\/embed\/5aLbJUBSdfg?feature=oembed\" frameborder=\"0\" allow=\"accelerometer; autoplay; clipboard-write; encrypted-media; gyroscope; picture-in-picture; web-share\" referrerpolicy=\"strict-origin-when-cross-origin\" allowfullscreen><\/iframe><\/p>\n<p style=\"text-align: center;\"><strong><span style=\"font-size: 14pt; font-family: 'times new roman', times, serif;\">2024<\/span><\/strong><\/p>\n<p><iframe loading=\"lazy\" title=\"Mamleketlik imtihan(Sirtqi) 14.06.2024\" width=\"500\" height=\"281\" src=\"https:\/\/www.youtube.com\/embed\/0qzjYe2qyvg?feature=oembed\" frameborder=\"0\" allow=\"accelerometer; autoplay; clipboard-write; encrypted-media; gyroscope; picture-in-picture; web-share\" referrerpolicy=\"strict-origin-when-cross-origin\" allowfullscreen><\/iframe><\/p>\n<p><iframe loading=\"lazy\" title=\"Mamleketlik imtihan (Sirtqi) 14.06.2024\" width=\"500\" height=\"281\" src=\"https:\/\/www.youtube.com\/embed\/nd8b7yKI1FQ?feature=oembed\" frameborder=\"0\" allow=\"accelerometer; autoplay; clipboard-write; encrypted-media; gyroscope; picture-in-picture; web-share\" referrerpolicy=\"strict-origin-when-cross-origin\" allowfullscreen><\/iframe><\/p>\n<p><\/p>","protected":false},"excerpt":{"rendered":"<p>2025-2026-oq\u0131w j\u0131l\u0131 ush\u0131n g\u00fazgi juwmaqlawsh\u0131 bahalaw imtixanlar\u0131 youtube.com\/live\/N4SMH53rnV8?feature=share &nbsp; 2025 &nbsp; 2024<\/p>\n","protected":false},"author":4,"featured_media":0,"parent":0,"menu_order":0,"comment_status":"closed","ping_status":"closed","template":"","meta":{"footnotes":""},"class_list":["post-7038","page","type-page","status-publish","hentry"],"_links":{"self":[{"href":"https:\/\/uzdjtsunf.uz\/qq\/wp-json\/wp\/v2\/pages\/7038","targetHints":{"allow":["GET"]}}],"collection":[{"href":"https:\/\/uzdjtsunf.uz\/qq\/wp-json\/wp\/v2\/pages"}],"about":[{"href":"https:\/\/uzdjtsunf.uz\/qq\/wp-json\/wp\/v2\/types\/page"}],"author":[{"embeddable":true,"href":"https:\/\/uzdjtsunf.uz\/qq\/wp-json\/wp\/v2\/users\/4"}],"replies":[{"embeddable":true,"href":"https:\/\/uzdjtsunf.uz\/qq\/wp-json\/wp\/v2\/comments?post=7038"}],"version-history":[{"count":18,"href":"https:\/\/uzdjtsunf.uz\/qq\/wp-json\/wp\/v2\/pages\/7038\/revisions"}],"predecessor-version":[{"id":21059,"href":"https:\/\/uzdjtsunf.uz\/qq\/wp-json\/wp\/v2\/pages\/7038\/revisions\/21059"}],"wp:attachment":[{"href":"https:\/\/uzdjtsunf.uz\/qq\/wp-json\/wp\/v2\/media?parent=7038"}],"curies":[{"name":"wp","href":"https:\/\/api.w.org\/{rel}","templated":true}]}}