{"id":7206,"date":"2022-06-28T15:58:30","date_gmt":"2022-06-28T10:58:30","guid":{"rendered":"https:\/\/uzdjtsunf.uz\/?page_id=7206"},"modified":"2025-10-02T12:39:54","modified_gmt":"2025-10-02T07:39:54","slug":"korrupciya%c7%b5a-qarsi-guresiw-ham-komplaens-qada%c7%b5alaw-sistemasin-basqariw","status":"publish","type":"page","link":"https:\/\/uzdjtsunf.uz\/qq\/korrupciya%c7%b5a-qarsi-guresiw-ham-komplaens-qada%c7%b5alaw-sistemasin-basqariw\/","title":{"rendered":"Korrupc\u0131ya\u01f5a qars\u0131 g\u00faresiw h\u00e1m \u201cKomplaens qada\u01f5alaw\u201d sistemas\u0131n basqar\u0131w b\u00f3limi"},"content":{"rendered":"<p><\/p>\n<table style=\"border-collapse: collapse; width: 100%;\">\n<tbody>\n<tr>\n<td style=\"width: 29.4534%;\"><img loading=\"lazy\" decoding=\"async\" class=\"wp-image-19404 aligncenter\" src=\"https:\/\/uzdjtsunf.uz\/wp-content\/uploads\/2025\/10\/13.jpg\" alt=\"\" width=\"150\" height=\"200\" srcset=\"https:\/\/uzdjtsunf.uz\/wp-content\/uploads\/2025\/10\/13.jpg 900w, https:\/\/uzdjtsunf.uz\/wp-content\/uploads\/2025\/10\/13-225x300.jpg 225w, https:\/\/uzdjtsunf.uz\/wp-content\/uploads\/2025\/10\/13-768x1024.jpg 768w\" sizes=\"auto, (max-width: 150px) 100vw, 150px\" \/><\/td>\n<td style=\"width: 70.5466%;\">\n<p style=\"text-align: center;\"><span style=\"font-family: 'times new roman', times, serif; font-size: 14pt;\"><strong>Korrupc\u0131ya\u01f5a qars\u0131 g\u00faresiw h\u00e1m \u201cKomplaens qada\u01f5alaw\u201d sistemas\u0131n basqar\u0131w b\u00f3limi<\/strong><\/span><span style=\"font-family: 'times new roman', times, serif; font-size: 14pt;\"><strong>\u00a0bas q\u00e1nigesi<\/strong><\/span><\/p>\n<p style=\"text-align: center;\"><span style=\"font-family: 'times new roman', times, serif; font-size: 14pt;\">Maxammatdinova Manzura Marat q\u0131z\u0131<\/span><\/p>\n<p style=\"text-align: center;\"><span style=\"font-family: 'times new roman', times, serif; font-size: 14pt;\"><strong>Telefon: <\/strong><\/span><span style=\"font-family: 'times new roman', times, serif; font-size: 14pt;\">+998 99 032 17 80<\/span><\/p>\n<p style=\"text-align: center;\"><span style=\"font-family: 'times new roman', times, serif; font-size: 14pt;\"><strong>E-mail: <\/strong><\/span><a href=\"mailto:manzuramaxamatdinovaa@gmail.com\"><span style=\"font-family: 'times new roman', times, serif; font-size: 14pt;\">manzuramaxamatdinovaa@gmail.com<\/span><\/a><\/p>\n<\/td>\n<\/tr>\n<\/tbody>\n<\/table>\n<p style=\"text-align: center;\"><strong><span style=\"font-family: 'times new roman', times, serif; font-size: 14pt;\">Korrupc\u0131ya\u01f5a qars\u0131 g\u00faresiw h\u00e1m \u201cKomplaens qada\u01f5alaw\u201d sistemas\u0131n basqar\u0131w b\u00f3limi<\/span><\/strong><\/p>\n<p style=\"text-align: justify;\"><span style=\"font-family: 'times new roman', times, serif; font-size: 14pt;\">\u00a0B\u00f3lim \u00f3z iskerliginde \u00d3zbekstan Respublikas\u0131 Konstituc\u0131yas\u0131na h\u00e1m n\u0131zamlar\u0131na, \u00d3zbekstan Respublikas\u0131 Oliy Majlisi qararlar\u0131na, \u00d3zbekstan Respublikas\u0131 Prezidentini\u0144 p\u00e1rman, qarar h\u00e1m buyr\u0131qlar\u0131na, \u00d3zbekstan Respublikas\u0131 Ministrler\u00a0 Ke\u0144esini\u0144 qarar h\u00e1m buyr\u0131qlar\u0131na, ministrlik buyr\u0131qlar\u0131na h\u00e1m komissiyas\u0131 qararlar\u0131na,\u00a0 filiald\u0131\u0144 ishki buyr\u0131qlar\u0131, son\u0131\u0144 menen birge, basqa n\u0131zam h\u00fajjetlerine \u00e1mel etedi.<\/span><\/p>\n<p style=\"text-align: justify;\"><span style=\"font-family: 'times new roman', times, serif; font-size: 14pt;\">\u00a0 B\u00f3lim korrupciyal\u0131q huq\u0131qbuzarl\u0131qlard\u0131 waqt\u0131nan bur\u0131n an\u0131qlaw h\u00e1m ald\u0131n al\u0131w. Olard\u0131\u0144 sebep h\u00e1m sh\u00e1rt-sharayatlar\u0131n saplast\u0131r\u0131w, m\u00e1pler toqnas\u0131w\u0131na jol qoymaw h\u00e1m korrupciya\u01f5a qars\u0131 ayaws\u0131z m\u00fan\u00e1sebetti q\u00e1liplestiriw ilajlar\u0131n k\u00f3riwge juwapker bol\u0131p tab\u0131lad\u0131.<\/span><\/p>\n<p style=\"text-align: center;\"><span style=\"font-family: 'times new roman', times, serif; font-size: 14pt;\"><strong>\u00a0B\u00f3limni\u0144 tiykar\u01f5\u0131 maqseti, waz\u0131ypalar\u0131 h\u00e1m funkciyalar\u0131:<\/strong><\/span><\/p>\n<p style=\"text-align: justify;\"><span style=\"font-family: 'times new roman', times, serif; font-size: 14pt;\">B\u00f3limni\u0144 tiykar\u01f5\u0131 maqseti filialda korrupciyal\u0131q ja\u01f5daylard\u0131 waqt\u0131nan bur\u0131n an\u0131qlaw h\u00e1m olard\u0131\u0144 sebep h\u00e1m sh\u00e1rt-sharayatlar\u0131n saplast\u0131r\u0131w, korrupciyal\u0131q h\u00e1reketler j\u00faz beriwini\u0144 ald\u0131n al\u0131w. Filial x\u0131zmetkerlerinde korrupciya\u01f5a qars\u0131 ayaws\u0131z m\u00fan\u00e1sebetti q\u00e1liplestiriw maqsetinde olard\u0131\u0144 huq\u0131q\u0131y sana-sezimin h\u00e1m m\u00e1deniyat\u0131n as\u0131r\u0131w. Filialda korrupciya\u01f5a qars\u0131 profilaktikal\u0131q ilajlard\u0131 sh\u00f3lkemlestiriw. Korrupciya\u01f5a qars\u0131 g\u00faresiw boy\u0131nsha normativ h\u00fajjetler or\u0131nlan\u0131w\u0131n t\u00e1miyinlewden ibrat.<\/span><\/p>\n<p style=\"text-align: center;\"><strong><span style=\"font-family: 'times new roman', times, serif; font-size: 14pt;\">\u00a0B\u00f3lim \u00f3zine j\u00faklengen waz\u0131ypalard\u0131 or\u0131nlaw ush\u0131n t\u00f3mendegi funksiyalard\u0131 \u00e1melge as\u0131rad\u0131:<\/span><\/strong><\/p>\n<p style=\"text-align: justify;\"><span style=\"font-family: 'times new roman', times, serif; font-size: 14pt;\">\u00a0a) filiald\u0131\u0144 korrupciya\u01f5a qars\u0131 g\u00faresiw boy\u0131nsha iskerligin jetilistiriw salas\u0131nda:<\/span><\/p>\n<p style=\"text-align: justify;\"><span style=\"font-family: 'times new roman', times, serif; font-size: 14pt;\">b) filialda korrupciya\u01f5a tiyisli huq\u0131qbuzarl\u0131qlard\u0131 profilaktika q\u0131l\u0131w h\u00e1m olar\u01f5a qars\u0131 g\u00faresiw salas\u0131nda:<\/span><\/p>\n<p style=\"text-align: justify;\"><span style=\"font-family: 'times new roman', times, serif; font-size: 14pt;\">v) filialda korrupciya\u01f5a qars\u0131 g\u00faresiw sistemas\u0131n n\u00e1tiyjeli islewin t\u00e1miyinlew h\u00e1m baqlaw salas\u0131nda:<\/span><\/p>\n<p style=\"text-align: justify;\"><span style=\"font-family: 'times new roman', times, serif; font-size: 14pt;\">g) korrupciya\u01f5a qars\u0131 g\u00faresiw boy\u0131nsha basqa m\u00e1mleket sh\u00f3lkemleri menen sheriklikti t\u00e1minlew salas\u0131nda:<\/span><\/p>\n<p style=\"text-align: center;\"><strong><span style=\"font-family: 'times new roman', times, serif; font-size: 14pt;\">\u00a0B\u00f3limni\u0144 huq\u0131q h\u00e1m minnetlemeleri:<\/span><\/strong><\/p>\n<p style=\"text-align: justify;\"><span style=\"font-family: 'times new roman', times, serif; font-size: 14pt;\">\u00a0B\u00f3lim \u00f3zine j\u00faklengen waz\u0131ypalar h\u00e1m funksiyalard\u0131 or\u0131nlaw ush\u0131n t\u00f3mendegi huq\u0131qlar\u01f5a iye:<\/span><\/p>\n<p style=\"text-align: justify;\"><span style=\"font-family: 'times new roman', times, serif; font-size: 14pt;\">B\u00f3lim filialda \u00f3zine j\u00faklengen waz\u0131ypalar h\u00e1m funksiyalard\u0131 or\u0131nlaw ush\u0131n wakilligi she\u0144berinde analiz materiallard\u0131, juwmaqlard\u0131, statistikal\u0131q h\u00e1m basqa ma\u01f5l\u0131wmatlard\u0131 belgilengen t\u00e1rtipte soraw h\u00e1m al\u0131w, x\u0131zmet minnetlemelerin or\u0131nlaw she\u0144berinde filial x\u0131zmetkerlerinen z\u00e1r\u00far j\u00e1rdem soraw h\u00e1m al\u0131w, z\u00e1r\u00far ja\u01f5daylarda issh\u0131 toparlar sh\u00f3lkemlestiriw;<\/span><\/p>\n<p style=\"text-align: justify;\"><span style=\"font-family: 'times new roman', times, serif; font-size: 14pt;\">Filial ke\u0144esi\u00a0 j\u0131ynal\u0131slar\u0131 h\u00e1m komissiya j\u0131ynal\u0131slar\u0131nda qatnas\u0131w;<\/span><\/p>\n<p style=\"text-align: justify;\"><span style=\"font-family: 'times new roman', times, serif; font-size: 14pt;\">Filial x\u0131zmetkerleri iskerliginde an\u0131qlan\u01f5an korrupciyal\u0131q huq\u0131qbuzarliklar boy\u0131nsha x\u0131zmet tekseriwlerin \u00f3tkeriw;<\/span><\/p>\n<p style=\"text-align: justify;\"><span style=\"font-family: 'times new roman', times, serif; font-size: 14pt;\">Filial bassh\u0131lar\u0131na korrupciya\u01f5a qars\u0131 g\u00faresiw sistemas\u0131n jetilistiriw boy\u0131nsha us\u0131n\u0131slar kirgiziw;<\/span><\/p>\n<p style=\"text-align: justify;\"><span style=\"font-family: 'times new roman', times, serif; font-size: 14pt;\">\u00d3z iskerligi she\u0144berinde filial sistemas\u0131na jazba k\u00f3rsetpeler, taps\u0131rma xatlar\u0131 h\u00e1m us\u0131n\u0131slar beriw;<\/span><\/p>\n<p style=\"text-align: justify;\"><span style=\"font-family: 'times new roman', times, serif; font-size: 14pt;\">Tekseriw \u00f3tkeriw, h\u00fajjetlerdi talap q\u0131l\u0131w, x\u0131zmetkerlerden jazba t\u00fasinik xatlar al\u0131w;<\/span><\/p>\n<p style=\"text-align: justify;\"><span style=\"font-family: 'times new roman', times, serif; font-size: 14pt;\">B\u00f3lim n\u0131zamsh\u0131l\u0131q h\u00fajjetlerine muwap\u0131q basqa huq\u0131qlar\u01f5ada iye bol\u0131w\u0131 m\u00famkin;<\/span><\/p>\n<p style=\"text-align: justify;\"><span style=\"font-family: 'times new roman', times, serif; font-size: 14pt;\">B\u00f3lim \u00f3zine j\u00fakletilgen waz\u0131ypalar h\u00e1m funksiyalard\u0131 or\u0131nlaw ush\u0131n t\u00f3mendegi minnetlemelerge iye:<\/span><\/p>\n<p style=\"text-align: justify;\"><span style=\"font-family: 'times new roman', times, serif; font-size: 14pt;\">N\u0131zamsh\u0131l\u0131q h\u00fajjetleri talaplar\u0131na qata\u0144 \u00e1mel q\u0131l\u0131w h\u00e1m \u00f3z wakilligi\u00a0 she\u0144berinen shetke sh\u0131qpaw;<\/span><\/p>\n<p style=\"text-align: justify;\"><span style=\"font-family: 'times new roman', times, serif; font-size: 14pt;\">Filialda j\u0131nayat belgileri, atap aytqanda korrupciya ja\u01f5daylar\u0131 an\u0131qlan\u01f5anl\u0131\u01f5\u0131 boy\u0131nsha as\u0131\u01f5\u0131sl\u0131q penen tuwr\u0131dan-tuwr\u0131 filial direktor\u0131na\u00a0 h\u00e1m basqa huq\u0131q qor\u01f5aw\u00a0 organlar\u0131na xabar beriw;<\/span><\/p>\n<p style=\"text-align: justify;\"><span style=\"font-family: 'times new roman', times, serif; font-size: 14pt;\">Filiald\u0131\u0144 korrupciya\u01f5a qars\u0131 g\u00faresiw siyasat\u0131, \u00e1dep-ikraml\u0131q qa\u01f5\u0131ydalar\u0131n\u0131\u0144 korrupciya\u01f5a tiyisli b\u00e1ntleri buz\u0131l\u01f5anl\u0131\u01f5\u0131 fakti boy\u0131nsha filial direktor\u0131na m\u00e1limlemeler kirgiziw;<\/span><\/p>\n<p style=\"text-align: justify;\"><span style=\"font-family: 'times new roman', times, serif; font-size: 14pt;\">B\u00f3lim n\u0131zamsh\u0131l\u0131q h\u00fajjetlerine muwap\u0131q basqa minnetlemelerge de iye bol\u0131w\u0131 m\u00famkin.<\/span><\/p>\n<p><\/p>","protected":false},"excerpt":{"rendered":"<p>Korrupc\u0131ya\u01f5a qars\u0131 g\u00faresiw h\u00e1m \u201cKomplaens qada\u01f5alaw\u201d sistemas\u0131n basqar\u0131w b\u00f3limi\u00a0bas q\u00e1nigesi Maxammatdinova Manzura Marat q\u0131z\u0131 Telefon: +998 99 032 17 80 E-mail: manzuramaxamatdinovaa@gmail.com Korrupc\u0131ya\u01f5a qars\u0131 g\u00faresiw h\u00e1m \u201cKomplaens qada\u01f5alaw\u201d sistemas\u0131n basqar\u0131w b\u00f3limi \u00a0B\u00f3lim \u00f3z iskerliginde \u00d3zbekstan Respublikas\u0131 Konstituc\u0131yas\u0131na h\u00e1m n\u0131zamlar\u0131na, \u00d3zbekstan Respublikas\u0131 Oliy Majlisi qararlar\u0131na, \u00d3zbekstan Respublikas\u0131 Prezidentini\u0144 p\u00e1rman, qarar h\u00e1m buyr\u0131qlar\u0131na, \u00d3zbekstan Respublikas\u0131 Ministrler\u00a0 Ke\u0144esini\u0144 [&hellip;]<\/p>\n","protected":false},"author":82,"featured_media":0,"parent":0,"menu_order":0,"comment_status":"closed","ping_status":"closed","template":"","meta":{"footnotes":""},"class_list":["post-7206","page","type-page","status-publish","hentry"],"_links":{"self":[{"href":"https:\/\/uzdjtsunf.uz\/qq\/wp-json\/wp\/v2\/pages\/7206","targetHints":{"allow":["GET"]}}],"collection":[{"href":"https:\/\/uzdjtsunf.uz\/qq\/wp-json\/wp\/v2\/pages"}],"about":[{"href":"https:\/\/uzdjtsunf.uz\/qq\/wp-json\/wp\/v2\/types\/page"}],"author":[{"embeddable":true,"href":"https:\/\/uzdjtsunf.uz\/qq\/wp-json\/wp\/v2\/users\/82"}],"replies":[{"embeddable":true,"href":"https:\/\/uzdjtsunf.uz\/qq\/wp-json\/wp\/v2\/comments?post=7206"}],"version-history":[{"count":11,"href":"https:\/\/uzdjtsunf.uz\/qq\/wp-json\/wp\/v2\/pages\/7206\/revisions"}],"predecessor-version":[{"id":19408,"href":"https:\/\/uzdjtsunf.uz\/qq\/wp-json\/wp\/v2\/pages\/7206\/revisions\/19408"}],"wp:attachment":[{"href":"https:\/\/uzdjtsunf.uz\/qq\/wp-json\/wp\/v2\/media?parent=7206"}],"curies":[{"name":"wp","href":"https:\/\/api.w.org\/{rel}","templated":true}]}}