{"id":7325,"date":"2022-07-26T15:43:44","date_gmt":"2022-07-26T10:43:44","guid":{"rendered":"https:\/\/uzdjtsunf.uz\/?page_id=7325"},"modified":"2025-06-20T10:22:25","modified_gmt":"2025-06-20T05:22:25","slug":"normativler","status":"publish","type":"page","link":"https:\/\/uzdjtsunf.uz\/qq\/normativler\/","title":{"rendered":"Normativler 2025\/2026"},"content":{"rendered":"<p><\/p>\n<p style=\"text-align: center;\"><a href=\"https:\/\/drive.google.com\/file\/d\/1qPPEBaesleP4ewC5xtMsVJhcpBWBWcGx\/view?usp=sharing\">\ud83d\udd37 <\/a><a href=\"https:\/\/drive.google.com\/file\/d\/1qPPEBaesleP4ewC5xtMsVJhcpBWBWcGx\/view?usp=sharing\">\ufe0fD\u00f3retiwshilik (k\u00e1siplik) imtixanlar ba\u01f5darlamas\u0131 h\u00e1m bahalaw kriteriyalar\u0131n\u0131\u0144 PDF formas\u0131n j\u00faklew<\/a><\/p>\n<p><\/p>","protected":false},"excerpt":{"rendered":"<p>\ud83d\udd37 \ufe0fD\u00f3retiwshilik (k\u00e1siplik) imtixanlar ba\u01f5darlamas\u0131 h\u00e1m bahalaw kriteriyalar\u0131n\u0131\u0144 PDF formas\u0131n j\u00faklew<\/p>\n","protected":false},"author":4,"featured_media":0,"parent":0,"menu_order":0,"comment_status":"closed","ping_status":"closed","template":"","meta":{"footnotes":""},"class_list":["post-7325","page","type-page","status-publish","hentry"],"_links":{"self":[{"href":"https:\/\/uzdjtsunf.uz\/qq\/wp-json\/wp\/v2\/pages\/7325","targetHints":{"allow":["GET"]}}],"collection":[{"href":"https:\/\/uzdjtsunf.uz\/qq\/wp-json\/wp\/v2\/pages"}],"about":[{"href":"https:\/\/uzdjtsunf.uz\/qq\/wp-json\/wp\/v2\/types\/page"}],"author":[{"embeddable":true,"href":"https:\/\/uzdjtsunf.uz\/qq\/wp-json\/wp\/v2\/users\/4"}],"replies":[{"embeddable":true,"href":"https:\/\/uzdjtsunf.uz\/qq\/wp-json\/wp\/v2\/comments?post=7325"}],"version-history":[{"count":9,"href":"https:\/\/uzdjtsunf.uz\/qq\/wp-json\/wp\/v2\/pages\/7325\/revisions"}],"predecessor-version":[{"id":17930,"href":"https:\/\/uzdjtsunf.uz\/qq\/wp-json\/wp\/v2\/pages\/7325\/revisions\/17930"}],"wp:attachment":[{"href":"https:\/\/uzdjtsunf.uz\/qq\/wp-json\/wp\/v2\/media?parent=7325"}],"curies":[{"name":"wp","href":"https:\/\/api.w.org\/{rel}","templated":true}]}}