{"id":7397,"date":"2022-07-31T15:42:11","date_gmt":"2022-07-31T10:42:11","guid":{"rendered":"https:\/\/uzdjtsunf.uz\/?page_id=7397"},"modified":"2025-10-09T15:47:44","modified_gmt":"2025-10-09T10:47:44","slug":"imtixan-natiyjeleri","status":"publish","type":"page","link":"https:\/\/uzdjtsunf.uz\/qq\/imtixan-natiyjeleri\/","title":{"rendered":"Imtixan n\u00e1tiyjeleri"},"content":{"rendered":"<p><\/p>\n<p style=\"text-align: justify;\"><span style=\"font-family: 'times new roman', times, serif; font-size: 14pt;\"><strong>2025-2026-OQ\u00cdW J\u00cdL\u00cd TEST S\u00cdNAQLAR\u00cdN\u00cd\u0143 JUWMAQLAR\u00cd VEDOMOSTI<\/strong><\/span><\/p>\n<p style=\"text-align: justify;\"><a href=\"https:\/\/uzdjtsunf.uz\/wp-content\/uploads\/2025\/08\/dene-madeniyati.pdf\">Dene m\u00e1deniyat\u0131<\/a><\/p>\n<p style=\"text-align: justify;\"><a href=\"https:\/\/uzdjtsunf.uz\/wp-content\/uploads\/2025\/08\/akademik-eskek-esiw.pdf\">Akademik eskek esiw<\/a><\/p>\n<p style=\"text-align: justify;\"><a href=\"https:\/\/uzdjtsunf.uz\/wp-content\/uploads\/2025\/08\/korkem-gimnastika.pdf\">K\u00f3rkem gimnastika<\/a><\/p>\n<p style=\"text-align: justify;\"><a href=\"https:\/\/uzdjtsunf.uz\/wp-content\/uploads\/2025\/08\/badminton-1.pdf\">Badminton<\/a><\/p>\n<p style=\"text-align: justify;\"><a href=\"https:\/\/uzdjtsunf.uz\/wp-content\/uploads\/2025\/08\/basketbol-1.pdf\">Basketbol<\/a><\/p>\n<p style=\"text-align: justify;\"><a href=\"https:\/\/uzdjtsunf.uz\/wp-content\/uploads\/2025\/08\/baydarka-ham-kanoeda-eskek-esiw.pdf\">Baydarka h\u00e1m kanoeda eskek esiw<\/a><\/p>\n<p style=\"text-align: justify;\"><a href=\"https:\/\/uzdjtsunf.uz\/wp-content\/uploads\/2025\/08\/boks-1.pdf\">Boks<\/a><\/p>\n<p style=\"text-align: justify;\"><a href=\"https:\/\/uzdjtsunf.uz\/wp-content\/uploads\/2025\/08\/dzyudo-1.pdf\">Dzyudo<\/a><\/p>\n<p style=\"text-align: justify;\"><a href=\"https:\/\/uzdjtsunf.uz\/wp-content\/uploads\/2025\/08\/erkin-kurash-1.pdf\">Erkin kurash<\/a><\/p>\n<p style=\"text-align: justify;\"><a href=\"https:\/\/uzdjtsunf.uz\/wp-content\/uploads\/2025\/08\/futbol-1.pdf\">Futbol<\/a><\/p>\n<p style=\"text-align: justify;\"><a href=\"https:\/\/uzdjtsunf.uz\/wp-content\/uploads\/2025\/08\/oqjaydan-oq-atiw.pdf\">Oqjaydan oq at\u0131w<\/a><\/p>\n<p style=\"text-align: justify;\"><a href=\"https:\/\/uzdjtsunf.uz\/wp-content\/uploads\/2025\/08\/karate-wkf-1.pdf\">Karate WKF<\/a><\/p>\n<p style=\"text-align: justify;\"><a href=\"https:\/\/uzdjtsunf.uz\/wp-content\/uploads\/2025\/08\/kurash-1.pdf\">Kurash<\/a><\/p>\n<p style=\"text-align: justify;\"><a href=\"https:\/\/uzdjtsunf.uz\/wp-content\/uploads\/2025\/08\/minni-futbol.pdf\">Minni futbol<\/a><\/p>\n<p style=\"text-align: justify;\"><a href=\"https:\/\/uzdjtsunf.uz\/wp-content\/uploads\/2025\/08\/awir-atletika.pdf\">Aw\u0131r atletika<\/a><\/p>\n<p style=\"text-align: justify;\"><a href=\"https:\/\/uzdjtsunf.uz\/wp-content\/uploads\/2025\/08\/qilishpazliq.pdf\">Q\u0131l\u0131shpazl\u0131q<\/a><\/p>\n<p style=\"text-align: justify;\"><a href=\"https:\/\/uzdjtsunf.uz\/wp-content\/uploads\/2025\/08\/qol-tobi.pdf\">Qol tob\u0131<\/a><\/p>\n<p style=\"text-align: justify;\"><a href=\"https:\/\/uzdjtsunf.uz\/wp-content\/uploads\/2025\/08\/regbi-1.pdf\">Regbi<\/a><\/p>\n<p style=\"text-align: justify;\"><a href=\"https:\/\/uzdjtsunf.uz\/wp-content\/uploads\/2025\/08\/taekvondo-wtf.pdf\">Taekvondo WTF<\/a><\/p>\n<p style=\"text-align: justify;\"><a href=\"https:\/\/uzdjtsunf.uz\/wp-content\/uploads\/2025\/08\/tennis-1.pdf\">Tennis<\/a><\/p>\n<p style=\"text-align: justify;\"><a href=\"https:\/\/uzdjtsunf.uz\/wp-content\/uploads\/2025\/08\/velosport-1.pdf\">Velosport<\/a><\/p>\n<p style=\"text-align: justify;\"><a href=\"https:\/\/uzdjtsunf.uz\/wp-content\/uploads\/2025\/08\/jenil-atletika.pdf\">Je\u0144il atletika<\/a><\/p>\n<p style=\"text-align: justify;\"><a href=\"https:\/\/uzdjtsunf.uz\/wp-content\/uploads\/2025\/08\/grek-rim-guresi.pdf\">Grek Rim g\u00faresi<\/a><\/p>\n<p style=\"text-align: justify;\"><a href=\"https:\/\/uzdjtsunf.uz\/wp-content\/uploads\/2025\/08\/juziw.pdf\">J\u00faziw<\/a><\/p>\n<p style=\"text-align: justify;\"><a href=\"https:\/\/uzdjtsunf.uz\/wp-content\/uploads\/2025\/08\/stol-nennis.pdf\">Stol nennis<\/a><\/p>\n<p style=\"text-align: justify;\"><a href=\"https:\/\/uzdjtsunf.uz\/wp-content\/uploads\/2025\/08\/shaxmat-1.pdf\">Shaxmat<\/a><\/p>\n<p style=\"text-align: justify;\"><a href=\"https:\/\/uzdjtsunf.uz\/wp-content\/uploads\/2025\/08\/adaptiv-dene-tarbiya-ham-sport.pdf\">Adaptiv dene t\u00e1rbiya h\u00e1m sport<\/a><\/p>\n<p style=\"text-align: justify;\"><a href=\"https:\/\/uzdjtsunf.uz\/wp-content\/uploads\/2025\/10\/kvota-2025-2026.pdf\"><span style=\"font-family: 'times new roman', times, serif; font-size: 14pt;\">\u00d3ZBEKSTAN RESPUBLIKASI PREZIDENTINI\u0143 2022-JIL 31-AVGUSTTA\u01f4I PF\u2013213-SANLI P\u00c1RMANI TIYKARINDA STUDENTLIKKE USINIS ETILGENLER <\/span><\/a><\/p>\n<p><\/p>","protected":false},"excerpt":{"rendered":"<p>2025-2026-OQ\u00cdW J\u00cdL\u00cd TEST S\u00cdNAQLAR\u00cdN\u00cd\u0143 JUWMAQLAR\u00cd VEDOMOSTI Dene m\u00e1deniyat\u0131 Akademik eskek esiw K\u00f3rkem gimnastika Badminton Basketbol Baydarka h\u00e1m kanoeda eskek esiw Boks Dzyudo Erkin kurash Futbol Oqjaydan oq at\u0131w Karate WKF Kurash Minni futbol Aw\u0131r atletika Q\u0131l\u0131shpazl\u0131q Qol tob\u0131 Regbi Taekvondo WTF Tennis Velosport Je\u0144il atletika Grek Rim g\u00faresi J\u00faziw Stol nennis Shaxmat Adaptiv dene t\u00e1rbiya [&hellip;]<\/p>\n","protected":false},"author":4,"featured_media":0,"parent":0,"menu_order":0,"comment_status":"closed","ping_status":"closed","template":"","meta":{"footnotes":""},"class_list":["post-7397","page","type-page","status-publish","hentry"],"_links":{"self":[{"href":"https:\/\/uzdjtsunf.uz\/qq\/wp-json\/wp\/v2\/pages\/7397","targetHints":{"allow":["GET"]}}],"collection":[{"href":"https:\/\/uzdjtsunf.uz\/qq\/wp-json\/wp\/v2\/pages"}],"about":[{"href":"https:\/\/uzdjtsunf.uz\/qq\/wp-json\/wp\/v2\/types\/page"}],"author":[{"embeddable":true,"href":"https:\/\/uzdjtsunf.uz\/qq\/wp-json\/wp\/v2\/users\/4"}],"replies":[{"embeddable":true,"href":"https:\/\/uzdjtsunf.uz\/qq\/wp-json\/wp\/v2\/comments?post=7397"}],"version-history":[{"count":90,"href":"https:\/\/uzdjtsunf.uz\/qq\/wp-json\/wp\/v2\/pages\/7397\/revisions"}],"predecessor-version":[{"id":19403,"href":"https:\/\/uzdjtsunf.uz\/qq\/wp-json\/wp\/v2\/pages\/7397\/revisions\/19403"}],"wp:attachment":[{"href":"https:\/\/uzdjtsunf.uz\/qq\/wp-json\/wp\/v2\/media?parent=7397"}],"curies":[{"name":"wp","href":"https:\/\/api.w.org\/{rel}","templated":true}]}}