{"id":7651,"date":"2022-09-08T16:37:15","date_gmt":"2022-09-08T11:37:15","guid":{"rendered":"https:\/\/uzdjtsunf.uz\/?page_id=7651"},"modified":"2025-07-23T21:36:52","modified_gmt":"2025-07-23T16:36:52","slug":"ekinshi-qanigelik-natiyjeleri","status":"publish","type":"page","link":"https:\/\/uzdjtsunf.uz\/qq\/ekinshi-qanigelik-natiyjeleri\/","title":{"rendered":"Ekinshi q\u00e1nigelik"},"content":{"rendered":"<p><\/p>\n<p><span style=\"font-family: 'times new roman', times, serif; font-size: 14pt;\"><a href=\"https:\/\/uzdjtsunf.uz\/wp-content\/uploads\/2025\/07\/ekinshi-qanigelik-boyinsha-bahalaw-kreteriyalari.pdf\">Ekinshi q\u00e1nigelik boy\u0131nsha bahalaw kreteriyalar\u0131<\/a><\/span><\/p>\n<p><\/p>","protected":false},"excerpt":{"rendered":"<p>Ekinshi q\u00e1nigelik boy\u0131nsha bahalaw kreteriyalar\u0131<\/p>\n","protected":false},"author":82,"featured_media":0,"parent":0,"menu_order":0,"comment_status":"closed","ping_status":"closed","template":"","meta":{"footnotes":""},"class_list":["post-7651","page","type-page","status-publish","hentry"],"_links":{"self":[{"href":"https:\/\/uzdjtsunf.uz\/qq\/wp-json\/wp\/v2\/pages\/7651","targetHints":{"allow":["GET"]}}],"collection":[{"href":"https:\/\/uzdjtsunf.uz\/qq\/wp-json\/wp\/v2\/pages"}],"about":[{"href":"https:\/\/uzdjtsunf.uz\/qq\/wp-json\/wp\/v2\/types\/page"}],"author":[{"embeddable":true,"href":"https:\/\/uzdjtsunf.uz\/qq\/wp-json\/wp\/v2\/users\/82"}],"replies":[{"embeddable":true,"href":"https:\/\/uzdjtsunf.uz\/qq\/wp-json\/wp\/v2\/comments?post=7651"}],"version-history":[{"count":8,"href":"https:\/\/uzdjtsunf.uz\/qq\/wp-json\/wp\/v2\/pages\/7651\/revisions"}],"predecessor-version":[{"id":18340,"href":"https:\/\/uzdjtsunf.uz\/qq\/wp-json\/wp\/v2\/pages\/7651\/revisions\/18340"}],"wp:attachment":[{"href":"https:\/\/uzdjtsunf.uz\/qq\/wp-json\/wp\/v2\/media?parent=7651"}],"curies":[{"name":"wp","href":"https:\/\/api.w.org\/{rel}","templated":true}]}}