{"id":7704,"date":"2022-08-20T12:47:11","date_gmt":"2022-08-20T07:47:11","guid":{"rendered":"https:\/\/uzdjtsunf.uz\/?page_id=7704"},"modified":"2024-04-29T17:03:23","modified_gmt":"2024-04-29T12:03:23","slug":"filial-talim-dasturi-katalogi","status":"publish","type":"page","link":"https:\/\/uzdjtsunf.uz\/qq\/filial-talim-dasturi-katalogi\/","title":{"rendered":"Filial bilimlendiriw ba\u01f5darlama katalogi"},"content":{"rendered":"<p><\/p>\n<p><span style=\"font-family: 'times new roman', times, serif; font-size: 14pt;\"><a href=\"https:\/\/uzdjtsunf.uz\/wp-content\/uploads\/2022\/09\/O\u2019zbekiston-davlat-jismoniy-tarbiya-va-sport-universiteti-Nukus-filiali-haqida-umumiy-ma\u2019lumot.pdf\">\u00d3zbekstan m\u00e1mleketlik dene t\u00e1rbiyas\u0131 h\u00e1m sport universiteti N\u00f3kis filial\u0131 haqq\u0131nda ul\u0131wma ma\u01f5l\u0131wmat<\/a><\/span><\/p>\n<p><span style=\"font-family: 'times new roman', times, serif; font-size: 14pt;\"><a href=\"https:\/\/uzdjtsunf.uz\/wp-content\/uploads\/2022\/09\/O\u2019zbekiston-davlat-jismoniy-tarbiya-va-sport-universiteti-Nukus-filiali-talabalarining-attestatsiyadan-o\u2019tkaziladigan-ta\u2019lim-yo\u2019nalishlari-ro\u2019yxati.pdf\">\u00d3zbekstan m\u00e1mleketlik dene t\u00e1rbiyas\u0131 h\u00e1m sport universiteti N\u00f3kis filial\u0131 studentlerdi\u0144 attestatsiyadan \u00f3tkeriletu\u01f5\u0131n ta\u2019lim ba\u01f5darlar\u0131 dizimi<\/a><\/span><\/p>\n<p><span style=\"font-family: 'times new roman', times, serif; font-size: 14pt;\"><a href=\"https:\/\/uzdjtsunf.uz\/wp-content\/uploads\/2024\/04\/kredit-sistemasi_25.12.23.pptx\">\u00d3zMDTSU N\u00f3kis filial\u0131 ta&#8217;lim kredit modul sistemas\u0131<\/a><\/span><\/p>\n<p><span style=\"font-family: 'times new roman', times, serif; font-size: 14pt;\"><a href=\"https:\/\/uzdjtsunf.uz\/wp-content\/uploads\/2022\/09\/\u0412\u0410\u0417\u0418\u0420\u041b\u0410\u0420-\u041c\u0410\u04b2\u041a\u0410\u041c\u0410\u0421\u0418\u041d\u0418\u041d\u0413-824-\u043a\u0430\u0440\u043e\u0440\u0438.doc\">Ministrler Kabinetinin 824-sanl\u0131 qarar\u0131<\/a><\/span><\/p>\n<p><span style=\"font-family: 'times new roman', times, serif; font-size: 14pt;\"><a href=\"https:\/\/uzdjtsunf.uz\/wp-content\/uploads\/2024\/04\/2023-2024-sport-faoliyati-o\u02bbquv-reja-11.08.2023.xlsx\">2023-2024 Sport faoliyati o\u02bbquv reja (11.08.2023)<\/a><\/span><\/p>\n<p><span style=\"font-family: 'times new roman', times, serif; font-size: 14pt;\"><a href=\"https:\/\/uzdjtsunf.uz\/wp-content\/uploads\/2024\/04\/yo\u02bbnalishlar-va-mutaxassisliklar-2019-2020.xlsx\">YO\u02bbNALISHLAR va MUTAXASSISLIKLAR 2019-2020<\/a><\/span><\/p>\n<p><span style=\"font-family: 'times new roman', times, serif; font-size: 14pt;\"><a href=\"https:\/\/uzdjtsunf.uz\/wp-content\/uploads\/2024\/04\/yo\u02bbnalishlar-va-mutaxassisliklar-2020-2021.xlsx\">YO\u02bbNALISHLAR va MUTAXASSISLIKLAR 2020-2021<\/a><\/span><\/p>\n<p><span style=\"font-family: 'times new roman', times, serif; font-size: 14pt;\"><a href=\"https:\/\/uzdjtsunf.uz\/wp-content\/uploads\/2024\/04\/yo\u02bbnalishlar-va-mutaxassisliklar-2021-2022.xlsx\">YO\u02bbNALISHLAR va MUTAXASSISLIKLAR 2021-2022<\/a><\/span><\/p>\n<p><span style=\"font-family: 'times new roman', times, serif; font-size: 14pt;\"><a href=\"https:\/\/uzdjtsunf.uz\/wp-content\/uploads\/2024\/04\/yo\u02bbnalishlar-va-mutaxassisliklar-2022-2023.xlsx\">YO\u02bbNALISHLAR va MUTAXASSISLIKLAR 2022-2023<\/a><\/span><\/p>\n<p><span style=\"font-family: 'times new roman', times, serif; font-size: 14pt;\"><a href=\"https:\/\/uzdjtsunf.uz\/wp-content\/uploads\/2024\/04\/yo\u02bbnalishlar-va-mutaxassisliklar-2023-2024-3.xlsx\">YO\u02bbNALISHLAR va MUTAXASSISLIKLAR 2023-2024<\/a><\/span><\/p>\n<p><span style=\"font-family: 'times new roman', times, serif; font-size: 14pt;\"><!--more--><\/span><\/p>\n<p><span style=\"font-family: 'times new roman', times, serif; font-size: 14pt;\"><a href=\"https:\/\/uzdjtsunf.uz\/wp-content\/uploads\/2024\/04\/maktabgacha-va-boshlangich-talimda-jismoniy-tarbiya-va-sport.pdf\">MSHBT<\/a><\/span><\/p>\n<p><span style=\"font-family: 'times new roman', times, serif; font-size: 14pt;\"><a href=\"https:\/\/uzdjtsunf.uz\/wp-content\/uploads\/2024\/04\/sport-faoliyati-badiiy-gimnastika.pdf\">K\u00d3RKEM GIMNASTIKA<\/a><\/span><\/p>\n<p><span style=\"font-family: 'times new roman', times, serif; font-size: 14pt;\"><a href=\"https:\/\/uzdjtsunf.uz\/wp-content\/uploads\/2024\/04\/sport-faoliyati-suzish.pdf\">J\u00daZIW<\/a><\/span><\/p>\n<p><span style=\"font-family: 'times new roman', times, serif; font-size: 14pt;\"><a href=\"https:\/\/uzdjtsunf.uz\/wp-content\/uploads\/2024\/04\/sport-faoliyati-yengil-atletika.pdf\">JE\u0143IL ATLETIKA<\/a><\/span><\/p>\n<p><span style=\"font-family: 'times new roman', times, serif; font-size: 14pt;\"><a href=\"https:\/\/uzdjtsunf.uz\/wp-content\/uploads\/2024\/04\/sport-faoliyati-eshkak-eshish.pdf\">ESKEK ESIW<\/a><\/span><\/p>\n<p><span style=\"font-family: 'times new roman', times, serif; font-size: 14pt;\"><a href=\"https:\/\/uzdjtsunf.uz\/wp-content\/uploads\/2024\/04\/sport-faoliyati-erkin-kurash.pdf\">\u0415RKIN G\u00daRES<\/a><\/span><\/p>\n<p><span style=\"font-family: 'times new roman', times, serif; font-size: 14pt;\"><a href=\"https:\/\/uzdjtsunf.uz\/wp-content\/uploads\/2024\/04\/sport-faoliyati-dzyudo.pdf\">DZYO DO<\/a><\/span><\/p>\n<p><a href=\"https:\/\/uzdjtsunf.uz\/wp-content\/uploads\/2024\/04\/sport-faoliyati-kurash.pdf\"><span style=\"font-family: 'times new roman', times, serif; font-size: 14pt;\">G\u00daRES<\/span><\/a><\/p>\n<p><span style=\"font-family: 'times new roman', times, serif; font-size: 14pt;\"><a href=\"https:\/\/uzdjtsunf.uz\/wp-content\/uploads\/2024\/04\/sport-faoliyati-yunon-rum-kurash.pdf\">GREK-RIM<\/a><\/span><\/p>\n<p><span style=\"font-family: 'times new roman', times, serif; font-size: 14pt;\"><a href=\"https:\/\/uzdjtsunf.uz\/wp-content\/uploads\/2024\/04\/sport-faoliyati-voleybol.pdf\">VOLEWBOL<\/a><\/span><\/p>\n<p><span style=\"font-family: 'times new roman', times, serif; font-size: 14pt;\"><a href=\"https:\/\/uzdjtsunf.uz\/wp-content\/uploads\/2024\/04\/sport-faoliyati-velosport.pdf\">VELOSPORT<\/a><\/span><\/p>\n<p><span style=\"font-family: 'times new roman', times, serif; font-size: 14pt;\"><a href=\"https:\/\/uzdjtsunf.uz\/wp-content\/uploads\/2024\/04\/sport-faoliyati-boks.pdf\">BOKS<\/a><\/span><\/p>\n<p><span style=\"font-family: 'times new roman', times, serif; font-size: 14pt;\"><a href=\"https:\/\/uzdjtsunf.uz\/wp-content\/uploads\/2024\/04\/sport-faoliyati-basketbol.pdf\">BASKETBOL<\/a><\/span><\/p>\n<p><span style=\"font-family: 'times new roman', times, serif; font-size: 14pt;\"><a href=\"https:\/\/uzdjtsunf.uz\/wp-content\/uploads\/2024\/04\/sport-faoliyati-badminton.pdf\">BADMINTON<\/a><\/span><\/p>\n<p><span style=\"font-family: 'times new roman', times, serif; font-size: 14pt;\"><a href=\"https:\/\/uzdjtsunf.uz\/wp-content\/uploads\/2024\/04\/sport-faoliyati-ogir-atletika.pdf\">AW\u00cdR ATLETIKA<\/a><\/span><\/p>\n<p><\/p>","protected":false},"excerpt":{"rendered":"<p>Keshiresiz, bul tekst tek English tilinde bar.<\/p>\n","protected":false},"author":4,"featured_media":0,"parent":0,"menu_order":0,"comment_status":"closed","ping_status":"closed","template":"","meta":{"footnotes":""},"class_list":["post-7704","page","type-page","status-publish","hentry"],"_links":{"self":[{"href":"https:\/\/uzdjtsunf.uz\/qq\/wp-json\/wp\/v2\/pages\/7704","targetHints":{"allow":["GET"]}}],"collection":[{"href":"https:\/\/uzdjtsunf.uz\/qq\/wp-json\/wp\/v2\/pages"}],"about":[{"href":"https:\/\/uzdjtsunf.uz\/qq\/wp-json\/wp\/v2\/types\/page"}],"author":[{"embeddable":true,"href":"https:\/\/uzdjtsunf.uz\/qq\/wp-json\/wp\/v2\/users\/4"}],"replies":[{"embeddable":true,"href":"https:\/\/uzdjtsunf.uz\/qq\/wp-json\/wp\/v2\/comments?post=7704"}],"version-history":[{"count":24,"href":"https:\/\/uzdjtsunf.uz\/qq\/wp-json\/wp\/v2\/pages\/7704\/revisions"}],"predecessor-version":[{"id":13478,"href":"https:\/\/uzdjtsunf.uz\/qq\/wp-json\/wp\/v2\/pages\/7704\/revisions\/13478"}],"wp:attachment":[{"href":"https:\/\/uzdjtsunf.uz\/qq\/wp-json\/wp\/v2\/media?parent=7704"}],"curies":[{"name":"wp","href":"https:\/\/api.w.org\/{rel}","templated":true}]}}