{"id":8168,"date":"2022-12-05T14:04:55","date_gmt":"2022-12-05T09:04:55","guid":{"rendered":"https:\/\/uzdjtsunf.uz\/?page_id=8168"},"modified":"2023-12-11T10:55:12","modified_gmt":"2023-12-11T05:55:12","slug":"reyting","status":"publish","type":"page","link":"https:\/\/uzdjtsunf.uz\/qq\/reyting\/","title":{"rendered":"Reyting"},"content":{"rendered":"<p><\/p>\n<p><span style=\"font-size: 14pt; font-family: 'times new roman', times, serif;\">Filial reytingi <a href=\"https:\/\/uzdjtsunf.uz\/wp-content\/uploads\/2022\/12\/Filial.pdf\">j\u00faklep al\u0131w<\/a><\/span><\/p>\n<p><span style=\"font-size: 14pt; font-family: 'times new roman', times, serif;\">Fakultet reytingi <a href=\"https:\/\/uzdjtsunf.uz\/wp-content\/uploads\/2022\/12\/fak.pdf\">j\u00faklep al\u0131w<\/a><\/span><\/p>\n<p><span style=\"font-size: 14pt; font-family: 'times new roman', times, serif;\">Kafedra reytingi <a href=\"https:\/\/uzdjtsunf.uz\/wp-content\/uploads\/2022\/12\/kaf.pdf\">j\u00faklep al\u0131w<\/a><\/span><\/p>\n<p><\/p>","protected":false},"excerpt":{"rendered":"<p>Filial reytingi j\u00faklep al\u0131w Fakultet reytingi j\u00faklep al\u0131w Kafedra reytingi j\u00faklep al\u0131w<\/p>\n","protected":false},"author":4,"featured_media":0,"parent":0,"menu_order":0,"comment_status":"closed","ping_status":"closed","template":"","meta":{"footnotes":""},"class_list":["post-8168","page","type-page","status-publish","hentry"],"_links":{"self":[{"href":"https:\/\/uzdjtsunf.uz\/qq\/wp-json\/wp\/v2\/pages\/8168","targetHints":{"allow":["GET"]}}],"collection":[{"href":"https:\/\/uzdjtsunf.uz\/qq\/wp-json\/wp\/v2\/pages"}],"about":[{"href":"https:\/\/uzdjtsunf.uz\/qq\/wp-json\/wp\/v2\/types\/page"}],"author":[{"embeddable":true,"href":"https:\/\/uzdjtsunf.uz\/qq\/wp-json\/wp\/v2\/users\/4"}],"replies":[{"embeddable":true,"href":"https:\/\/uzdjtsunf.uz\/qq\/wp-json\/wp\/v2\/comments?post=8168"}],"version-history":[{"count":1,"href":"https:\/\/uzdjtsunf.uz\/qq\/wp-json\/wp\/v2\/pages\/8168\/revisions"}],"predecessor-version":[{"id":11522,"href":"https:\/\/uzdjtsunf.uz\/qq\/wp-json\/wp\/v2\/pages\/8168\/revisions\/11522"}],"wp:attachment":[{"href":"https:\/\/uzdjtsunf.uz\/qq\/wp-json\/wp\/v2\/media?parent=8168"}],"curies":[{"name":"wp","href":"https:\/\/api.w.org\/{rel}","templated":true}]}}