{"id":9423,"date":"2023-07-13T11:49:44","date_gmt":"2023-07-13T06:49:44","guid":{"rendered":"https:\/\/uzdjtsunf.uz\/?page_id=9423"},"modified":"2025-06-30T16:08:37","modified_gmt":"2025-06-30T11:08:37","slug":"kasbiy-ijodiy-imtihonlarni-otkazish-joyi","status":"publish","type":"page","link":"https:\/\/uzdjtsunf.uz\/qq\/kasbiy-ijodiy-imtihonlarni-otkazish-joyi\/","title":{"rendered":"K\u00e1siplik (d\u00f3retiwshilik) imtixanlard\u0131 o\u2018tkeriw orn\u0131 h\u00e1m waq\u0131tlar\u0131"},"content":{"rendered":"<p><img loading=\"lazy\" decoding=\"async\" class=\"alignnone size-full wp-image-18005\" src=\"https:\/\/uzdjtsunf.uz\/wp-content\/uploads\/2025\/06\/slajd1.jpg\" alt=\"\" width=\"1344\" height=\"1008\" srcset=\"https:\/\/uzdjtsunf.uz\/wp-content\/uploads\/2025\/06\/slajd1.jpg 1344w, https:\/\/uzdjtsunf.uz\/wp-content\/uploads\/2025\/06\/slajd1-300x225.jpg 300w, https:\/\/uzdjtsunf.uz\/wp-content\/uploads\/2025\/06\/slajd1-1024x768.jpg 1024w, https:\/\/uzdjtsunf.uz\/wp-content\/uploads\/2025\/06\/slajd1-768x576.jpg 768w\" sizes=\"auto, (max-width: 1344px) 100vw, 1344px\" \/><\/p>\n","protected":false},"excerpt":{"rendered":"","protected":false},"author":4,"featured_media":0,"parent":0,"menu_order":0,"comment_status":"closed","ping_status":"closed","template":"","meta":{"footnotes":""},"class_list":["post-9423","page","type-page","status-publish","hentry"],"_links":{"self":[{"href":"https:\/\/uzdjtsunf.uz\/qq\/wp-json\/wp\/v2\/pages\/9423","targetHints":{"allow":["GET"]}}],"collection":[{"href":"https:\/\/uzdjtsunf.uz\/qq\/wp-json\/wp\/v2\/pages"}],"about":[{"href":"https:\/\/uzdjtsunf.uz\/qq\/wp-json\/wp\/v2\/types\/page"}],"author":[{"embeddable":true,"href":"https:\/\/uzdjtsunf.uz\/qq\/wp-json\/wp\/v2\/users\/4"}],"replies":[{"embeddable":true,"href":"https:\/\/uzdjtsunf.uz\/qq\/wp-json\/wp\/v2\/comments?post=9423"}],"version-history":[{"count":9,"href":"https:\/\/uzdjtsunf.uz\/qq\/wp-json\/wp\/v2\/pages\/9423\/revisions"}],"predecessor-version":[{"id":18006,"href":"https:\/\/uzdjtsunf.uz\/qq\/wp-json\/wp\/v2\/pages\/9423\/revisions\/18006"}],"wp:attachment":[{"href":"https:\/\/uzdjtsunf.uz\/qq\/wp-json\/wp\/v2\/media?parent=9423"}],"curies":[{"name":"wp","href":"https:\/\/api.w.org\/{rel}","templated":true}]}}