{"id":16028,"date":"2025-01-06T11:32:05","date_gmt":"2025-01-06T06:32:05","guid":{"rendered":"https:\/\/uzdjtsunf.uz\/?page_id=16028"},"modified":"2025-06-16T09:43:06","modified_gmt":"2025-06-16T04:43:06","slug":"talabalar-imtihoni-jonli-efir","status":"publish","type":"page","link":"https:\/\/uzdjtsunf.uz\/ru\/talabalar-imtihoni-jonli-efir\/","title":{"rendered":"\u0418\u0442\u043e\u0433\u043e\u0432\u0430\u044f \u043e\u0446\u0435\u043d\u043a\u0430 (\u0432 \u043f\u0440\u044f\u043c\u043e\u043c \u044d\u0444\u0438\u0440\u0435)"},"content":{"rendered":"<p><\/p>\n<p style=\"text-align: center;\"><span style=\"font-family: 'times new roman', times, serif; font-size: 14pt;\"><strong>2025<\/strong> <strong>&#8212; j\u0131l b\u00e1hargi juwmaqlawsh\u0131 bahalaw (tikkeley efir)<\/strong><\/span><\/p>\n<p><iframe loading=\"lazy\" title=\"26,05,2025\" width=\"500\" height=\"281\" src=\"https:\/\/www.youtube.com\/embed\/cB7NNwslmb0?feature=oembed\" frameborder=\"0\" allow=\"accelerometer; autoplay; clipboard-write; encrypted-media; gyroscope; picture-in-picture; web-share\" referrerpolicy=\"strict-origin-when-cross-origin\" allowfullscreen><\/iframe><\/p>\n<p><iframe loading=\"lazy\" title=\"26,05,2025\" width=\"500\" height=\"281\" src=\"https:\/\/www.youtube.com\/embed\/RSiOfvMX5KU?feature=oembed\" frameborder=\"0\" allow=\"accelerometer; autoplay; clipboard-write; encrypted-media; gyroscope; picture-in-picture; web-share\" referrerpolicy=\"strict-origin-when-cross-origin\" allowfullscreen><\/iframe><\/p>\n<p><iframe loading=\"lazy\" title=\"24,05,2025\" width=\"500\" height=\"281\" src=\"https:\/\/www.youtube.com\/embed\/_QXqlY4bmUA?feature=oembed\" frameborder=\"0\" allow=\"accelerometer; autoplay; clipboard-write; encrypted-media; gyroscope; picture-in-picture; web-share\" referrerpolicy=\"strict-origin-when-cross-origin\" allowfullscreen><\/iframe><\/p>\n<p><iframe loading=\"lazy\" title=\"24,05,2025\" width=\"500\" height=\"281\" src=\"https:\/\/www.youtube.com\/embed\/Uvq1w0R8zwg?feature=oembed\" frameborder=\"0\" allow=\"accelerometer; autoplay; clipboard-write; encrypted-media; gyroscope; picture-in-picture; web-share\" referrerpolicy=\"strict-origin-when-cross-origin\" allowfullscreen><\/iframe><\/p>\n<p><iframe loading=\"lazy\" title=\"24,05,2025\" width=\"500\" height=\"281\" src=\"https:\/\/www.youtube.com\/embed\/_GXwX_zGxDU?feature=oembed\" frameborder=\"0\" allow=\"accelerometer; autoplay; clipboard-write; encrypted-media; gyroscope; picture-in-picture; web-share\" referrerpolicy=\"strict-origin-when-cross-origin\" allowfullscreen><\/iframe><\/p>\n<p><iframe loading=\"lazy\" title=\"24,05,2025\" width=\"500\" height=\"281\" src=\"https:\/\/www.youtube.com\/embed\/4hXG_4TUxdM?feature=oembed\" frameborder=\"0\" allow=\"accelerometer; autoplay; clipboard-write; encrypted-media; gyroscope; picture-in-picture; web-share\" referrerpolicy=\"strict-origin-when-cross-origin\" allowfullscreen><\/iframe><\/p>\n<p><iframe loading=\"lazy\" title=\"23,05,2025\" width=\"500\" height=\"281\" src=\"https:\/\/www.youtube.com\/embed\/Z6lHhdkVUDE?feature=oembed\" frameborder=\"0\" allow=\"accelerometer; autoplay; clipboard-write; encrypted-media; gyroscope; picture-in-picture; web-share\" referrerpolicy=\"strict-origin-when-cross-origin\" allowfullscreen><\/iframe><\/p>\n<p><iframe loading=\"lazy\" title=\"23,05,2025\" width=\"500\" height=\"281\" src=\"https:\/\/www.youtube.com\/embed\/DEia6Dc6rT4?feature=oembed\" frameborder=\"0\" allow=\"accelerometer; autoplay; clipboard-write; encrypted-media; gyroscope; picture-in-picture; web-share\" referrerpolicy=\"strict-origin-when-cross-origin\" allowfullscreen><\/iframe><\/p>\n<p><iframe loading=\"lazy\" title=\"23,05,2025\" width=\"500\" height=\"281\" src=\"https:\/\/www.youtube.com\/embed\/UIX4u4woqWw?feature=oembed\" frameborder=\"0\" allow=\"accelerometer; autoplay; clipboard-write; encrypted-media; gyroscope; picture-in-picture; web-share\" referrerpolicy=\"strict-origin-when-cross-origin\" allowfullscreen><\/iframe><\/p>\n<p><iframe loading=\"lazy\" title=\"22,05,2025\" width=\"500\" height=\"281\" src=\"https:\/\/www.youtube.com\/embed\/ZmEp9pejx-Y?feature=oembed\" frameborder=\"0\" allow=\"accelerometer; autoplay; clipboard-write; encrypted-media; gyroscope; picture-in-picture; web-share\" referrerpolicy=\"strict-origin-when-cross-origin\" allowfullscreen><\/iframe><\/p>\n<p><iframe loading=\"lazy\" title=\"22,05,2025\" width=\"500\" height=\"281\" src=\"https:\/\/www.youtube.com\/embed\/HbjkoOBGTUM?feature=oembed\" frameborder=\"0\" allow=\"accelerometer; autoplay; clipboard-write; encrypted-media; gyroscope; picture-in-picture; web-share\" referrerpolicy=\"strict-origin-when-cross-origin\" allowfullscreen><\/iframe><\/p>\n<p><iframe loading=\"lazy\" title=\"22,05,2025\" width=\"500\" height=\"281\" src=\"https:\/\/www.youtube.com\/embed\/hCHWWokPZLk?feature=oembed\" frameborder=\"0\" allow=\"accelerometer; autoplay; clipboard-write; encrypted-media; gyroscope; picture-in-picture; web-share\" referrerpolicy=\"strict-origin-when-cross-origin\" allowfullscreen><\/iframe><\/p>\n<p><iframe loading=\"lazy\" title=\"22,05,2025\" width=\"500\" height=\"281\" src=\"https:\/\/www.youtube.com\/embed\/tRgUzaLxh88?feature=oembed\" frameborder=\"0\" allow=\"accelerometer; autoplay; clipboard-write; encrypted-media; gyroscope; picture-in-picture; web-share\" referrerpolicy=\"strict-origin-when-cross-origin\" allowfullscreen><\/iframe><\/p>\n<p><iframe loading=\"lazy\" title=\"21,05,2025\" width=\"500\" height=\"281\" src=\"https:\/\/www.youtube.com\/embed\/Ii3He-HixKo?feature=oembed\" frameborder=\"0\" allow=\"accelerometer; autoplay; clipboard-write; encrypted-media; gyroscope; picture-in-picture; web-share\" referrerpolicy=\"strict-origin-when-cross-origin\" allowfullscreen><\/iframe><\/p>\n<p><iframe loading=\"lazy\" title=\"21,05,2025\" width=\"500\" height=\"281\" src=\"https:\/\/www.youtube.com\/embed\/Hi166i9gK1E?feature=oembed\" frameborder=\"0\" allow=\"accelerometer; autoplay; clipboard-write; encrypted-media; gyroscope; picture-in-picture; web-share\" referrerpolicy=\"strict-origin-when-cross-origin\" allowfullscreen><\/iframe><\/p>\n<p><iframe loading=\"lazy\" title=\"21,05,2025\" width=\"500\" height=\"281\" src=\"https:\/\/www.youtube.com\/embed\/PrjjnRY7iPM?feature=oembed\" frameborder=\"0\" allow=\"accelerometer; autoplay; clipboard-write; encrypted-media; gyroscope; picture-in-picture; web-share\" referrerpolicy=\"strict-origin-when-cross-origin\" allowfullscreen><\/iframe><\/p>\n<p><iframe loading=\"lazy\" title=\"21,05,2025\" width=\"500\" height=\"281\" src=\"https:\/\/www.youtube.com\/embed\/JEzsCiuMFhA?feature=oembed\" frameborder=\"0\" allow=\"accelerometer; autoplay; clipboard-write; encrypted-media; gyroscope; picture-in-picture; web-share\" referrerpolicy=\"strict-origin-when-cross-origin\" allowfullscreen><\/iframe><\/p>\n<p><iframe loading=\"lazy\" title=\"21,05,2025\" width=\"500\" height=\"281\" src=\"https:\/\/www.youtube.com\/embed\/rH3YwR8DcDk?feature=oembed\" frameborder=\"0\" allow=\"accelerometer; autoplay; clipboard-write; encrypted-media; gyroscope; picture-in-picture; web-share\" referrerpolicy=\"strict-origin-when-cross-origin\" allowfullscreen><\/iframe><\/p>\n<p><iframe loading=\"lazy\" title=\"20.05.2025 obedten songi imtihan\" width=\"500\" height=\"281\" src=\"https:\/\/www.youtube.com\/embed\/jT6t7zQSkd0?feature=oembed\" frameborder=\"0\" allow=\"accelerometer; autoplay; clipboard-write; encrypted-media; gyroscope; picture-in-picture; web-share\" referrerpolicy=\"strict-origin-when-cross-origin\" allowfullscreen><\/iframe><\/p>\n<p><iframe loading=\"lazy\" title=\"20,05,2025 obedten son\" width=\"500\" height=\"281\" src=\"https:\/\/www.youtube.com\/embed\/P1wqdpYgYd4?feature=oembed\" frameborder=\"0\" allow=\"accelerometer; autoplay; clipboard-write; encrypted-media; gyroscope; picture-in-picture; web-share\" referrerpolicy=\"strict-origin-when-cross-origin\" allowfullscreen><\/iframe><\/p>\n<p><iframe loading=\"lazy\" title=\"20,05,2025\" width=\"500\" height=\"281\" src=\"https:\/\/www.youtube.com\/embed\/t2e2GWlChRI?feature=oembed\" frameborder=\"0\" allow=\"accelerometer; autoplay; clipboard-write; encrypted-media; gyroscope; picture-in-picture; web-share\" referrerpolicy=\"strict-origin-when-cross-origin\" allowfullscreen><\/iframe><\/p>\n<p><iframe loading=\"lazy\" title=\"20,05,2025\" width=\"500\" height=\"281\" src=\"https:\/\/www.youtube.com\/embed\/lFSJ28v1G14?feature=oembed\" frameborder=\"0\" allow=\"accelerometer; autoplay; clipboard-write; encrypted-media; gyroscope; picture-in-picture; web-share\" referrerpolicy=\"strict-origin-when-cross-origin\" allowfullscreen><\/iframe><\/p>\n<p><iframe loading=\"lazy\" title=\"19,05,2025\" width=\"500\" height=\"281\" src=\"https:\/\/www.youtube.com\/embed\/hQAG3Y5z3uU?feature=oembed\" frameborder=\"0\" allow=\"accelerometer; autoplay; clipboard-write; encrypted-media; gyroscope; picture-in-picture; web-share\" referrerpolicy=\"strict-origin-when-cross-origin\" allowfullscreen><\/iframe><\/p>\n<p><iframe loading=\"lazy\" title=\"19,05,2025\" width=\"500\" height=\"281\" src=\"https:\/\/www.youtube.com\/embed\/3L1Bn3CTO10?feature=oembed\" frameborder=\"0\" allow=\"accelerometer; autoplay; clipboard-write; encrypted-media; gyroscope; picture-in-picture; web-share\" referrerpolicy=\"strict-origin-when-cross-origin\" allowfullscreen><\/iframe><\/p>\n<p><iframe loading=\"lazy\" title=\"17,05,2025\" width=\"500\" height=\"281\" src=\"https:\/\/www.youtube.com\/embed\/JgD1uzLHzXY?feature=oembed\" frameborder=\"0\" allow=\"accelerometer; autoplay; clipboard-write; encrypted-media; gyroscope; picture-in-picture; web-share\" referrerpolicy=\"strict-origin-when-cross-origin\" allowfullscreen><\/iframe><\/p>\n<p><iframe loading=\"lazy\" title=\"17,05,2025\" width=\"500\" height=\"281\" src=\"https:\/\/www.youtube.com\/embed\/o1gktM0z2FM?feature=oembed\" frameborder=\"0\" allow=\"accelerometer; autoplay; clipboard-write; encrypted-media; gyroscope; picture-in-picture; web-share\" referrerpolicy=\"strict-origin-when-cross-origin\" allowfullscreen><\/iframe><\/p>\n<p><iframe loading=\"lazy\" title=\"16,05,2025\" width=\"500\" height=\"281\" src=\"https:\/\/www.youtube.com\/embed\/lqAV0FtVEG4?feature=oembed\" frameborder=\"0\" allow=\"accelerometer; autoplay; clipboard-write; encrypted-media; gyroscope; picture-in-picture; web-share\" referrerpolicy=\"strict-origin-when-cross-origin\" allowfullscreen><\/iframe><\/p>\n<p><iframe loading=\"lazy\" title=\"16,05,2025\" width=\"500\" height=\"281\" src=\"https:\/\/www.youtube.com\/embed\/lqAV0FtVEG4?feature=oembed\" frameborder=\"0\" allow=\"accelerometer; autoplay; clipboard-write; encrypted-media; gyroscope; picture-in-picture; web-share\" referrerpolicy=\"strict-origin-when-cross-origin\" allowfullscreen><\/iframe><\/p>\n<p><iframe loading=\"lazy\" title=\"15,05,2025\" width=\"500\" height=\"281\" src=\"https:\/\/www.youtube.com\/embed\/4scpAKtCwPs?feature=oembed\" frameborder=\"0\" allow=\"accelerometer; autoplay; clipboard-write; encrypted-media; gyroscope; picture-in-picture; web-share\" referrerpolicy=\"strict-origin-when-cross-origin\" allowfullscreen><\/iframe><\/p>\n<p><iframe loading=\"lazy\" title=\"14.05.2025\" width=\"500\" height=\"281\" src=\"https:\/\/www.youtube.com\/embed\/2l0B76TkGeI?feature=oembed\" frameborder=\"0\" allow=\"accelerometer; autoplay; clipboard-write; encrypted-media; gyroscope; picture-in-picture; web-share\" referrerpolicy=\"strict-origin-when-cross-origin\" allowfullscreen><\/iframe><\/p>\n<p><iframe loading=\"lazy\" title=\"13,05,2025\" width=\"500\" height=\"281\" src=\"https:\/\/www.youtube.com\/embed\/S6Vzvs_lnBA?feature=oembed\" frameborder=\"0\" allow=\"accelerometer; autoplay; clipboard-write; encrypted-media; gyroscope; picture-in-picture; web-share\" referrerpolicy=\"strict-origin-when-cross-origin\" allowfullscreen><\/iframe><\/p>\n<p><iframe loading=\"lazy\" title=\"Kundizgi 12.05.2025\" width=\"500\" height=\"281\" src=\"https:\/\/www.youtube.com\/embed\/u3_MBgxRErM?feature=oembed\" frameborder=\"0\" allow=\"accelerometer; autoplay; clipboard-write; encrypted-media; gyroscope; picture-in-picture; web-share\" referrerpolicy=\"strict-origin-when-cross-origin\" allowfullscreen><\/iframe><\/p>\n<p>&nbsp;<\/p>\n<p style=\"text-align: center;\"><strong><span style=\"font-family: 'times new roman', times, serif; font-size: 14pt;\">2024- j\u0131l G\u00fazgi juwmaqlawsh\u0131 bahalaw (tikkeley efir)<\/span><\/strong><\/p>\n<p><iframe loading=\"lazy\" title=\"23.01.2025 1-\u0441\u043c\u0435\u043d\u0430 \u043a\/\u043a\" width=\"500\" height=\"281\" src=\"https:\/\/www.youtube.com\/embed\/-HlKobfQiJA?feature=oembed\" frameborder=\"0\" allow=\"accelerometer; autoplay; clipboard-write; encrypted-media; gyroscope; picture-in-picture; web-share\" referrerpolicy=\"strict-origin-when-cross-origin\" allowfullscreen><\/iframe><\/p>\n<p><iframe loading=\"lazy\" title=\"22,01,2025 Qayta tapsiriw\" width=\"500\" height=\"281\" src=\"https:\/\/www.youtube.com\/embed\/hyQJ3L92v5s?feature=oembed\" frameborder=\"0\" allow=\"accelerometer; autoplay; clipboard-write; encrypted-media; gyroscope; picture-in-picture; web-share\" referrerpolicy=\"strict-origin-when-cross-origin\" allowfullscreen><\/iframe><\/p>\n<p><iframe loading=\"lazy\" title=\"22,01,2025 Qayta tapsiriw\" width=\"500\" height=\"281\" src=\"https:\/\/www.youtube.com\/embed\/hyQJ3L92v5s?feature=oembed\" frameborder=\"0\" allow=\"accelerometer; autoplay; clipboard-write; encrypted-media; gyroscope; picture-in-picture; web-share\" referrerpolicy=\"strict-origin-when-cross-origin\" allowfullscreen><\/iframe><\/p>\n<p><iframe loading=\"lazy\" title=\"21,01,2025  2-\u0441\u043c\u0435\u043d\u0430\" width=\"500\" height=\"281\" src=\"https:\/\/www.youtube.com\/embed\/k8t1hnuv44A?feature=oembed\" frameborder=\"0\" allow=\"accelerometer; autoplay; clipboard-write; encrypted-media; gyroscope; picture-in-picture; web-share\" referrerpolicy=\"strict-origin-when-cross-origin\" allowfullscreen><\/iframe><\/p>\n<p><iframe loading=\"lazy\" title=\"20,01,2025 1- \u0441\u043c\u0435\u043d\u0430\" width=\"500\" height=\"281\" src=\"https:\/\/www.youtube.com\/embed\/-4T87BlFbvM?feature=oembed\" frameborder=\"0\" allow=\"accelerometer; autoplay; clipboard-write; encrypted-media; gyroscope; picture-in-picture; web-share\" referrerpolicy=\"strict-origin-when-cross-origin\" allowfullscreen><\/iframe><\/p>\n<p><iframe loading=\"lazy\" title=\"20,,01,2025 1-\u0441\u043c\u0435\u043d\u0430 \u0440\/\u043e\" width=\"500\" height=\"281\" src=\"https:\/\/www.youtube.com\/embed\/FfYBnRMeFqA?feature=oembed\" frameborder=\"0\" allow=\"accelerometer; autoplay; clipboard-write; encrypted-media; gyroscope; picture-in-picture; web-share\" referrerpolicy=\"strict-origin-when-cross-origin\" allowfullscreen><\/iframe><\/p>\n<p><iframe loading=\"lazy\" title=\"08,01,2025\" width=\"500\" height=\"281\" src=\"https:\/\/www.youtube.com\/embed\/ttcjKL1Q_XY?feature=oembed\" frameborder=\"0\" allow=\"accelerometer; autoplay; clipboard-write; encrypted-media; gyroscope; picture-in-picture; web-share\" referrerpolicy=\"strict-origin-when-cross-origin\" allowfullscreen><\/iframe><\/p>\n<p><iframe loading=\"lazy\" title=\"08,01,2025 IMTIXAN\" width=\"500\" height=\"281\" src=\"https:\/\/www.youtube.com\/embed\/4Dk-Up72_7U?feature=oembed\" frameborder=\"0\" allow=\"accelerometer; autoplay; clipboard-write; encrypted-media; gyroscope; picture-in-picture; web-share\" referrerpolicy=\"strict-origin-when-cross-origin\" allowfullscreen><\/iframe><\/p>\n<p><iframe loading=\"lazy\" title=\"09,01,2025 1-\u0441\u043c\u0435\u043d\u0430\" width=\"500\" height=\"281\" src=\"https:\/\/www.youtube.com\/embed\/YKyBsglGMNM?feature=oembed\" frameborder=\"0\" allow=\"accelerometer; autoplay; clipboard-write; encrypted-media; gyroscope; picture-in-picture; web-share\" referrerpolicy=\"strict-origin-when-cross-origin\" allowfullscreen><\/iframe><\/p>\n<p><iframe loading=\"lazy\" title=\"09.01.2025 1-smena\" width=\"500\" height=\"281\" src=\"https:\/\/www.youtube.com\/embed\/tYfhyTjO0f8?feature=oembed\" frameborder=\"0\" allow=\"accelerometer; autoplay; clipboard-write; encrypted-media; gyroscope; picture-in-picture; web-share\" referrerpolicy=\"strict-origin-when-cross-origin\" allowfullscreen><\/iframe><\/p>\n<p><iframe loading=\"lazy\" title=\"09,01,2025 1-\u0441\u043c\u0435\u043d\u0430\" width=\"500\" height=\"281\" src=\"https:\/\/www.youtube.com\/embed\/Y6TMIcmbKBM?feature=oembed\" frameborder=\"0\" allow=\"accelerometer; autoplay; clipboard-write; encrypted-media; gyroscope; picture-in-picture; web-share\" referrerpolicy=\"strict-origin-when-cross-origin\" allowfullscreen><\/iframe><\/p>\n<p><iframe loading=\"lazy\" title=\"1-\u0441\u043c\u0435\u043d\u0430\" width=\"500\" height=\"281\" src=\"https:\/\/www.youtube.com\/embed\/hdIVrXchsyI?feature=oembed\" frameborder=\"0\" allow=\"accelerometer; autoplay; clipboard-write; encrypted-media; gyroscope; picture-in-picture; web-share\" referrerpolicy=\"strict-origin-when-cross-origin\" allowfullscreen><\/iframe><\/p>\n<p><iframe loading=\"lazy\" title=\"10,01,2025 1-\u0441\u043c\u0435\u043d\u0430\" width=\"500\" height=\"281\" src=\"https:\/\/www.youtube.com\/embed\/vz6daxFowuY?feature=oembed\" frameborder=\"0\" allow=\"accelerometer; autoplay; clipboard-write; encrypted-media; gyroscope; picture-in-picture; web-share\" referrerpolicy=\"strict-origin-when-cross-origin\" allowfullscreen><\/iframe><\/p>\n<p><iframe loading=\"lazy\" title=\"10,01,2025 1-\u0441\u043c\u0435\u043d\u0430\" width=\"500\" height=\"281\" src=\"https:\/\/www.youtube.com\/embed\/f7VuZrxgI00?feature=oembed\" frameborder=\"0\" allow=\"accelerometer; autoplay; clipboard-write; encrypted-media; gyroscope; picture-in-picture; web-share\" referrerpolicy=\"strict-origin-when-cross-origin\" allowfullscreen><\/iframe><\/p>\n<p><iframe loading=\"lazy\" title=\"11,01,2025 1-\u0441\u043c\u0435\u043d\u0430 209\" width=\"500\" height=\"281\" src=\"https:\/\/www.youtube.com\/embed\/_m_0Oxt1LPc?feature=oembed\" frameborder=\"0\" allow=\"accelerometer; autoplay; clipboard-write; encrypted-media; gyroscope; picture-in-picture; web-share\" referrerpolicy=\"strict-origin-when-cross-origin\" allowfullscreen><\/iframe><\/p>\n<p><iframe loading=\"lazy\" title=\"11,01,2025 1-\u0441\u043c\u0435\u043d\u0430 \u041a\u043e\u043c\u043f\u044c\u044e\u0442\u0435\u0440 \u043a\u043b\u0430\u0441\u0441\" width=\"500\" height=\"281\" src=\"https:\/\/www.youtube.com\/embed\/xMm7h6hAZME?feature=oembed\" frameborder=\"0\" allow=\"accelerometer; autoplay; clipboard-write; encrypted-media; gyroscope; picture-in-picture; web-share\" referrerpolicy=\"strict-origin-when-cross-origin\" allowfullscreen><\/iframe><\/p>\n<p><iframe loading=\"lazy\" title=\"11,01,2025 1-\u0441\u043c\u0435\u043d\u0430 \u0420\u0435\u0433\/\u043e\u0444\u0438\u0441\" width=\"500\" height=\"281\" src=\"https:\/\/www.youtube.com\/embed\/oer5JwusfDk?feature=oembed\" frameborder=\"0\" allow=\"accelerometer; autoplay; clipboard-write; encrypted-media; gyroscope; picture-in-picture; web-share\" referrerpolicy=\"strict-origin-when-cross-origin\" allowfullscreen><\/iframe><\/p>\n<p><iframe loading=\"lazy\" title=\"15,01,2025 1-\u0441\u043c\u0435\u043d\u0430 \u043a\/\u043a\" width=\"500\" height=\"281\" src=\"https:\/\/www.youtube.com\/embed\/70uHhOrT0dY?feature=oembed\" frameborder=\"0\" allow=\"accelerometer; autoplay; clipboard-write; encrypted-media; gyroscope; picture-in-picture; web-share\" referrerpolicy=\"strict-origin-when-cross-origin\" allowfullscreen><\/iframe><\/p>\n<p><iframe loading=\"lazy\" title=\"14,01,2025 1-\u0441\u043c\u0435\u043d\u0430\" width=\"500\" height=\"281\" src=\"https:\/\/www.youtube.com\/embed\/bouuJYBhFls?feature=oembed\" frameborder=\"0\" allow=\"accelerometer; autoplay; clipboard-write; encrypted-media; gyroscope; picture-in-picture; web-share\" referrerpolicy=\"strict-origin-when-cross-origin\" allowfullscreen><\/iframe><\/p>\n<p><iframe loading=\"lazy\" title=\"14,01,2025\" width=\"500\" height=\"281\" src=\"https:\/\/www.youtube.com\/embed\/YgwWbiIHLeY?feature=oembed\" frameborder=\"0\" allow=\"accelerometer; autoplay; clipboard-write; encrypted-media; gyroscope; picture-in-picture; web-share\" referrerpolicy=\"strict-origin-when-cross-origin\" allowfullscreen><\/iframe><\/p>\n<p><iframe loading=\"lazy\" title=\"14,01,20251-\u0441\u043c\u0435\u043d\u0430 209\" width=\"500\" height=\"281\" src=\"https:\/\/www.youtube.com\/embed\/Y2OZT4-joq4?feature=oembed\" frameborder=\"0\" allow=\"accelerometer; autoplay; clipboard-write; encrypted-media; gyroscope; picture-in-picture; web-share\" referrerpolicy=\"strict-origin-when-cross-origin\" allowfullscreen><\/iframe><\/p>\n<p><iframe loading=\"lazy\" title=\"14,01,2025\" width=\"500\" height=\"281\" src=\"https:\/\/www.youtube.com\/embed\/l8cZPZttqkM?feature=oembed\" frameborder=\"0\" allow=\"accelerometer; autoplay; clipboard-write; encrypted-media; gyroscope; picture-in-picture; web-share\" referrerpolicy=\"strict-origin-when-cross-origin\" allowfullscreen><\/iframe><\/p>\n<p><iframe loading=\"lazy\" title=\"15,01,2025 1-\u0441\u043c\u0435\u043d\u0430 \u043a\u043e\u043f\u043c\/\u043a\u043b\u0430\u0441\u0441\" width=\"500\" height=\"281\" src=\"https:\/\/www.youtube.com\/embed\/OXTl3p-24l8?feature=oembed\" frameborder=\"0\" allow=\"accelerometer; autoplay; clipboard-write; encrypted-media; gyroscope; picture-in-picture; web-share\" referrerpolicy=\"strict-origin-when-cross-origin\" allowfullscreen><\/iframe><\/p>\n<p><iframe loading=\"lazy\" title=\"13.01.2025\" width=\"500\" height=\"281\" src=\"https:\/\/www.youtube.com\/embed\/sutsXhBDejU?feature=oembed\" frameborder=\"0\" allow=\"accelerometer; autoplay; clipboard-write; encrypted-media; gyroscope; picture-in-picture; web-share\" referrerpolicy=\"strict-origin-when-cross-origin\" allowfullscreen><\/iframe><\/p>\n<p><iframe loading=\"lazy\" title=\"13,01,2025  1-smena\" width=\"500\" height=\"281\" src=\"https:\/\/www.youtube.com\/embed\/lgEylUPchyg?feature=oembed\" frameborder=\"0\" allow=\"accelerometer; autoplay; clipboard-write; encrypted-media; gyroscope; picture-in-picture; web-share\" referrerpolicy=\"strict-origin-when-cross-origin\" allowfullscreen><\/iframe><\/p>\n<p><iframe loading=\"lazy\" title=\"13,01,2025 1-\u0441\u043c\u0435\u043d\u0430\" width=\"500\" height=\"281\" src=\"https:\/\/www.youtube.com\/embed\/1-8iebQQwoc?feature=oembed\" frameborder=\"0\" allow=\"accelerometer; autoplay; clipboard-write; encrypted-media; gyroscope; picture-in-picture; web-share\" referrerpolicy=\"strict-origin-when-cross-origin\" allowfullscreen><\/iframe><\/p>\n<p><iframe loading=\"lazy\" title=\"16,01,2025 1-\u0441\u043c\u0435\u043d\u0430 209\" width=\"500\" height=\"281\" src=\"https:\/\/www.youtube.com\/embed\/Zt6KsdqIU08?feature=oembed\" frameborder=\"0\" allow=\"accelerometer; autoplay; clipboard-write; encrypted-media; gyroscope; picture-in-picture; web-share\" referrerpolicy=\"strict-origin-when-cross-origin\" allowfullscreen><\/iframe><\/p>\n<p><iframe loading=\"lazy\" title=\"17,01,2025 1-smena k\/k\" width=\"500\" height=\"281\" src=\"https:\/\/www.youtube.com\/embed\/rkakjVMovhA?feature=oembed\" frameborder=\"0\" allow=\"accelerometer; autoplay; clipboard-write; encrypted-media; gyroscope; picture-in-picture; web-share\" referrerpolicy=\"strict-origin-when-cross-origin\" allowfullscreen><\/iframe><\/p>\n<p><iframe loading=\"lazy\" title=\"17,01,2025 2-\u0441\u043c\u0435\u043d\u0430\" width=\"500\" height=\"281\" src=\"https:\/\/www.youtube.com\/embed\/94WZ2t35b9E?feature=oembed\" frameborder=\"0\" allow=\"accelerometer; autoplay; clipboard-write; encrypted-media; gyroscope; picture-in-picture; web-share\" referrerpolicy=\"strict-origin-when-cross-origin\" allowfullscreen><\/iframe><\/p>\n<p><iframe loading=\"lazy\" title=\"18.01.2025 1-smena k\/k\" width=\"500\" height=\"281\" src=\"https:\/\/www.youtube.com\/embed\/q19eLu4Jz2E?feature=oembed\" frameborder=\"0\" allow=\"accelerometer; autoplay; clipboard-write; encrypted-media; gyroscope; picture-in-picture; web-share\" referrerpolicy=\"strict-origin-when-cross-origin\" allowfullscreen><\/iframe><\/p>\n<p>&nbsp;<\/p>\n<p><\/p>","protected":false},"excerpt":{"rendered":"<p>2025 &#8212; j\u0131l b\u00e1hargi juwmaqlawsh\u0131 bahalaw (tikkeley efir) &nbsp; 2024- j\u0131l G\u00fazgi juwmaqlawsh\u0131 bahalaw (tikkeley efir) &nbsp;<\/p>\n","protected":false},"author":82,"featured_media":0,"parent":0,"menu_order":0,"comment_status":"closed","ping_status":"closed","template":"","meta":{"footnotes":""},"class_list":["post-16028","page","type-page","status-publish","hentry"],"_links":{"self":[{"href":"https:\/\/uzdjtsunf.uz\/ru\/wp-json\/wp\/v2\/pages\/16028","targetHints":{"allow":["GET"]}}],"collection":[{"href":"https:\/\/uzdjtsunf.uz\/ru\/wp-json\/wp\/v2\/pages"}],"about":[{"href":"https:\/\/uzdjtsunf.uz\/ru\/wp-json\/wp\/v2\/types\/page"}],"author":[{"embeddable":true,"href":"https:\/\/uzdjtsunf.uz\/ru\/wp-json\/wp\/v2\/users\/82"}],"replies":[{"embeddable":true,"href":"https:\/\/uzdjtsunf.uz\/ru\/wp-json\/wp\/v2\/comments?post=16028"}],"version-history":[{"count":6,"href":"https:\/\/uzdjtsunf.uz\/ru\/wp-json\/wp\/v2\/pages\/16028\/revisions"}],"predecessor-version":[{"id":17852,"href":"https:\/\/uzdjtsunf.uz\/ru\/wp-json\/wp\/v2\/pages\/16028\/revisions\/17852"}],"wp:attachment":[{"href":"https:\/\/uzdjtsunf.uz\/ru\/wp-json\/wp\/v2\/media?parent=16028"}],"curies":[{"name":"wp","href":"https:\/\/api.w.org\/{rel}","templated":true}]}}