{"id":20950,"date":"2025-12-25T17:42:15","date_gmt":"2025-12-25T12:42:15","guid":{"rendered":"https:\/\/uzdjtsunf.uz\/?page_id=20950"},"modified":"2025-12-25T17:44:37","modified_gmt":"2025-12-25T12:44:37","slug":"2025-2026-oquv-yili-davlat-grantlarini-qayta-taqsimlash","status":"publish","type":"page","link":"https:\/\/uzdjtsunf.uz\/ru\/2025-2026-oqiw-jili-mamleketlik-grantlardi-qayta-bolistiriw\/","title":{"rendered":"2025-2026-oq\u0131w j\u0131l\u0131 m\u00e1mleketlik grantlard\u0131 qayta b\u00f3listiriw"},"content":{"rendered":"<p class=\"qtranxs-available-languages-message qtranxs-available-languages-message-ru\">\u0418\u0437\u0432\u0438\u043d\u0438\u0442\u0435, \u044d\u0442\u043e\u0442 \u0442\u0435\u043a\u0441\u0442 \u0434\u043e\u0441\u0442\u0443\u043f\u0435\u043d \u0442\u043e\u043b\u044c\u043a\u043e \u043d\u0430 &ldquo;<a href=\"https:\/\/uzdjtsunf.uz\/qq\/wp-json\/wp\/v2\/pages\/20950\" class=\"qtranxs-available-language-link qtranxs-available-language-link-qq\" title=\"Qaraqalpaqsha\">Qaraqalpaqsha<\/a>&rdquo; \u0438 &ldquo;<a href=\"https:\/\/uzdjtsunf.uz\/uz\/wp-json\/wp\/v2\/pages\/20950\" class=\"qtranxs-available-language-link qtranxs-available-language-link-uz\" title=\"O'zbekcha\">O'zbekcha<\/a>&rdquo;.<\/p>","protected":false},"excerpt":{"rendered":"<p>\u0418\u0437\u0432\u0438\u043d\u0438\u0442\u0435, \u044d\u0442\u043e\u0442 \u0442\u0435\u043a\u0441\u0442 \u0434\u043e\u0441\u0442\u0443\u043f\u0435\u043d \u0442\u043e\u043b\u044c\u043a\u043e \u043d\u0430 &ldquo;Qaraqalpaqsha&rdquo; \u0438 &ldquo;O&#8217;zbekcha&rdquo;.<\/p>\n","protected":false},"author":87,"featured_media":0,"parent":0,"menu_order":0,"comment_status":"closed","ping_status":"closed","template":"","meta":{"footnotes":""},"class_list":["post-20950","page","type-page","status-publish","hentry"],"_links":{"self":[{"href":"https:\/\/uzdjtsunf.uz\/ru\/wp-json\/wp\/v2\/pages\/20950","targetHints":{"allow":["GET"]}}],"collection":[{"href":"https:\/\/uzdjtsunf.uz\/ru\/wp-json\/wp\/v2\/pages"}],"about":[{"href":"https:\/\/uzdjtsunf.uz\/ru\/wp-json\/wp\/v2\/types\/page"}],"author":[{"embeddable":true,"href":"https:\/\/uzdjtsunf.uz\/ru\/wp-json\/wp\/v2\/users\/87"}],"replies":[{"embeddable":true,"href":"https:\/\/uzdjtsunf.uz\/ru\/wp-json\/wp\/v2\/comments?post=20950"}],"version-history":[{"count":0,"href":"https:\/\/uzdjtsunf.uz\/ru\/wp-json\/wp\/v2\/pages\/20950\/revisions"}],"wp:attachment":[{"href":"https:\/\/uzdjtsunf.uz\/ru\/wp-json\/wp\/v2\/media?parent=20950"}],"curies":[{"name":"wp","href":"https:\/\/api.w.org\/{rel}","templated":true}]}}