{"id":3591,"date":"2020-03-12T11:47:57","date_gmt":"2020-03-12T06:47:57","guid":{"rendered":"https:\/\/uzdjtsunf.uz\/?page_id=3591"},"modified":"2023-09-12T08:57:29","modified_gmt":"2023-09-12T03:57:29","slug":"yoshlar-bilan-ishlash-manaviyat-va-marifat-yonalishidagi-ishlar","status":"publish","type":"page","link":"https:\/\/uzdjtsunf.uz\/ru\/yoshlar-bilan-ishlash-manaviyat-va-marifat-yonalishidagi-ishlar\/","title":{"rendered":"Jaslar menen islesiw, ruwx\u0131yl\u0131q h\u00e1m a\u01f5art\u0131wsh\u0131l\u0131q ba\u01f5dar\u0131nda\u01f5\u0131 jum\u0131slar"},"content":{"rendered":"","protected":false},"excerpt":{"rendered":"","protected":false},"author":4,"featured_media":0,"parent":0,"menu_order":0,"comment_status":"closed","ping_status":"closed","template":"","meta":{"footnotes":""},"class_list":["post-3591","page","type-page","status-publish","hentry"],"_links":{"self":[{"href":"https:\/\/uzdjtsunf.uz\/ru\/wp-json\/wp\/v2\/pages\/3591","targetHints":{"allow":["GET"]}}],"collection":[{"href":"https:\/\/uzdjtsunf.uz\/ru\/wp-json\/wp\/v2\/pages"}],"about":[{"href":"https:\/\/uzdjtsunf.uz\/ru\/wp-json\/wp\/v2\/types\/page"}],"author":[{"embeddable":true,"href":"https:\/\/uzdjtsunf.uz\/ru\/wp-json\/wp\/v2\/users\/4"}],"replies":[{"embeddable":true,"href":"https:\/\/uzdjtsunf.uz\/ru\/wp-json\/wp\/v2\/comments?post=3591"}],"version-history":[{"count":2,"href":"https:\/\/uzdjtsunf.uz\/ru\/wp-json\/wp\/v2\/pages\/3591\/revisions"}],"predecessor-version":[{"id":10118,"href":"https:\/\/uzdjtsunf.uz\/ru\/wp-json\/wp\/v2\/pages\/3591\/revisions\/10118"}],"wp:attachment":[{"href":"https:\/\/uzdjtsunf.uz\/ru\/wp-json\/wp\/v2\/media?parent=3591"}],"curies":[{"name":"wp","href":"https:\/\/api.w.org\/{rel}","templated":true}]}}